{"id":86,"date":"2023-02-07T08:23:18","date_gmt":"2023-02-07T08:23:18","guid":{"rendered":"https:\/\/drdeenz.com\/?p=86"},"modified":"2025-11-04T14:50:57","modified_gmt":"2025-11-04T14:50:57","slug":"teste-de-ciclotimia","status":"publish","type":"page","link":"https:\/\/drdeenz.com\/pt\/teste-de-ciclotimia\/","title":{"rendered":"Teste de Ciclotimia"},"content":{"rendered":"<div id=\"description\">\r\n<p style=\" border-style: solid; border-width: 1px; border-color: #000; box-shadow: 2px 2px 0px 0px #fe025b; padding: 5px; \">Este teste \u00e9 apenas para fins educacionais e n\u00e3o fornece orienta\u00e7\u00e3o m\u00e9dica. O teste de ciclotimia \u00e9 a ado\u00e7\u00e3o digital da Escala de ciclotimia Deenz (DSC-32).<sup id=\"ref-link-1\"><a href=\"#ref-1\">[1]<\/a><\/sup> Esta autoavalia\u00e7\u00e3o-assessment <strong>O question\u00e1rio N\u00c3O foi desenvolvido para<\/strong> fazer diagn\u00f3sticos cl\u00ednicos de <strong>transtorno de ciclotimia<\/strong>. N\u00e3o coletamos informa\u00e7\u00f5es pessoais nem armazenamos seus resultados para fins de pesquisa.<\/p><p>A cocolomatia \u00e9 um transtorno de humor complexo, mas raro, e \u00e9 dif\u00edcil de diagnosticar. Um profissional de sa\u00fade mental precisa reunir muitas informa\u00e7\u00f5es sobre os sintomas e o hist\u00f3rico de altera\u00e7\u00f5es de humor do paciente para fazer um diagn\u00f3stico adequado e preciso.<\/p>\r\n\r\n<p>De acordo com os crit\u00e9rios delineados pela <strong>Associa\u00e7\u00e3o Americana de Psiquiatria<\/strong> No DSM-5, uma pessoa deve ter experimentado ambos os per\u00edodos de <strong>humor elevado ou irrit\u00e1vel e per\u00edodos de depress\u00e3o<\/strong> ou tristeza por pelo menos dois anos, e essas mudan\u00e7as de humor devem ter constitu\u00eddo <strong>pelo menos metade do tempo durante esse per\u00edodo<\/strong> para ser diagnosticado com ciclotimia. <sup id=\"ref-link-2\"><a href=\"#ref-2\">[2]<\/a><\/sup><\/p>\r\n\r\n<p>Uma pessoa com problemas persistentes <strong>altera\u00e7\u00f5es de humor<\/strong> juntamente com outros sintomas <strong>n\u00e3o deve atender aos crit\u00e9rios<\/strong> para outros transtornos de sa\u00fade mental, como <strong>depress\u00e3o, bipolar 1 ou bipolar 2<\/strong>. Esses epis\u00f3dios de mudan\u00e7a de humor devem ter um comprometimento significativo e interferir na vida cotidiana. <sup id=\"ref-link-3\"><a href=\"#ref-3\">[3]<\/a><\/sup><\/p>\r\n<h2>Escala de ciclotimia Deenz - Dimens\u00f5es e significados<\/h2>\r\n<table class=\"cbs-table\" aria-describedby=\"cbs-desc\">\r\n  <thead>\r\n    <tr>\r\n      <th scope=\"col\">Dimens\u00e3o<\/th>\r\n      <th scope=\"col\">Significado<\/th>\r\n    <\/tr>\r\n  <\/thead>\r\n\r\n  <tbody>\r\n    <tr>\r\n      <td class=\"cbs-dimension\" data-label=\"Dimension\">Hipoman\u00edaco<\/td>\r\n      <td class=\"cbs-meaning\" data-label=\"Meaning\">Energia elevada, aumento da atividade, capacidade de falar e comportamento impulsivo.<\/td>\r\n    <\/tr>\r\n\r\n    <tr>\r\n      <td class=\"cbs-dimension\" data-label=\"Dimension\">Inst\u00e1vel<\/td>\r\n      <td class=\"cbs-meaning\" data-label=\"Meaning\">Mudan\u00e7as de humor frequentes ou r\u00e1pidas e forte reatividade emocional.<\/td>\r\n    <\/tr>\r\n\r\n    <tr>\r\n      <td class=\"cbs-dimension\" data-label=\"Dimension\">Depressivo<\/td>\r\n      <td class=\"cbs-meaning\" data-label=\"Meaning\">Humor baixo persistente, fadiga, retraimento e motiva\u00e7\u00e3o reduzida.<\/td>\r\n    <\/tr>\r\n\r\n    <tr>\r\n      <td class=\"cbs-dimension\" data-label=\"Dimension\">Cognitivo<\/td>\r\n      <td class=\"cbs-meaning\" data-label=\"Meaning\">Varia\u00e7\u00f5es na concentra\u00e7\u00e3o, no planejamento, no controle de impulsos e na rotina di\u00e1ria.<\/td>\r\n    <\/tr>\r\n  <\/tbody>\r\n<\/table>\r\n<h2>Uma pontua\u00e7\u00e3o alta significa que tenho dist\u00farbio de ciclotimia?<\/h2>\r\n<p>N\u00e3o, este teste avalia suas respostas e fornece uma probabilidade de ter essa condi\u00e7\u00e3o, portanto voc\u00ea n\u00e3o deve depender apenas dos resultados. <\/p>\r\n\r\n<p>Esse teste de triagem pode ser \u00fatil para aqueles que est\u00e3o preocupados com os sintomas e desejam obter um diagn\u00f3stico profissional. As autoavalia\u00e7\u00f5es doTP7 podem ser um valioso <strong>primeiro passo para obter ajuda profissional<\/strong> mas n\u00e3o deve ser considerado como orienta\u00e7\u00e3o m\u00e9dica definitiva.<\/p>\r\n<h2>Como voc\u00ea testa a ciclotimia?<\/h2>\r\n<p>A ciclotimia \u00e9 um transtorno de humor no qual <strong>uma pessoa apresenta sintomas hipoman\u00edacos e sintomas depressivos<\/strong>. Para receber um diagn\u00f3stico, os sintomas do indiv\u00edduo devem atender aos seguintes crit\u00e9rios <strong>crit\u00e9rios descritos no DSM-IV<\/strong>que especifica os dist\u00farbios de humor que persistem por pelo menos dois anos. <\/p>\r\n\r\n<p>O profissional de sa\u00fade mental pode utilizar diversos processos de diagn\u00f3stico.<\/p>\r\n\r\n<p><strong>Avalia\u00e7\u00e3o cl\u00ednica:<\/strong> em que o profissional pode realizar entrevistas sobre os sintomas.<\/p>  \r\n\r\n<p><strong>Rastreamento de sintomas:<\/strong> Outro m\u00e9todo que um profissional pode usar \u00e9 o rastreamento de sintomas, no qual \u00e9 solicitado ao indiv\u00edduo que acompanhe as altera\u00e7\u00f5es de humor e a dura\u00e7\u00e3o das altera\u00e7\u00f5es de humor. <\/p>\r\n\r\n<p>N\u00e3o existe um autoavalia\u00e7\u00e3o oficial que possa ser usado para fazer o autodiagn\u00f3stico da ciclotimia. Testes e question\u00e1rios on-line, inclusive este \"Teste de Ciclotimia\", n\u00e3o s\u00e3o considerados precisos. As informa\u00e7\u00f5es fornecidas por essa ferramenta de triagem self- t\u00eam finalidade exclusivamente educacional. <\/p><\/div>\r\n\r\n<style>.langs a img {\r\n    height: 48px;\r\n    width: 48px;\r\n}.langs {\r\n    background: #e7f5f7;\r\n    border-radius: 10px;\r\n    padding: 0 13px;\r\n}.langs a {\r\n    text-decoration: none;\r\n    display: inline-block;\r\n    margin-right: 10px;\r\n}.watupro-progress-bar {\r\n    border-radius: 0!important;}.entry-content form.quiz-form{padding:0px;justify-content: normal;}.question-content div {\r\n    margin: 0 auto 25px;font-size: 22px;\r\n}input#action-button {\r\n    font-size: 17px!important;\r\n}.watupro_buttons input[type=button], .watupro_buttons input[type=submit], .watupro-exam-description button{margin-left: 0px!important;}.watupro_buttons.flex div {\r\n    margin: 0.5rem 0px!important;\r\n}.watupro-question-choice input[type=radio] + label, .watupro-question-choice input[type=checkbox] + label {\r\n    margin: 0px!important;\r\n}.watupro_buttons input[type=button] {\r\n    color: #fff!important;\r\n    font-weight: 600;\r\n}<\/style>\r\n\r\n<style>.custom-featured-image img {\r\n    width: 700px;\r\n}.watupro-progress-bar {\r\n    border-radius: 0!important;}.entry-content form.quiz-form{padding:0px;justify-content: normal;}.question-content div {\r\n    margin: 0 auto 25px;font-size: 22px;\r\n}.watupro_buttons input[type=button], .watupro_buttons input[type=submit], .watupro-exam-description button{margin-left: 0px!important;}.watupro_buttons.flex div {\r\n    margin: 0.5rem 0px!important;\r\n}.watupro-question-choice input[type=radio] + label, .watupro-question-choice input[type=checkbox] + label {\r\n    margin: 0px!important;\r\n}.watupro_buttons input[type=button] {\r\n    color: #fff!important;\r\n    font-weight: 600;\r\n}<\/style>\r\n<style>div#startOutput {\r\n    display: none;\r\n}input[type=\"button\"] {\r\n    display: inline-block;\r\n    cursor: pointer;\r\n    min-height: 1em;\r\n    font-size: 17px!important;\r\n    font-family: 'Open Sans',Helvetica,Arial,sans-serif;\r\n    outline: 0;\r\n    border: none!important;\r\n    background-color: #6262f6!important;\r\n    margin: 0 1em 0 0;\r\n    padding: 0.8em 1.5em;\r\n    text-transform: uppercase;\r\n    line-height: 1;\r\n    text-decoration: none;\r\n    background-image: linear-gradient(rgba(0,0,0,0),rgba(0,0,0,.05));\r\n    border-radius: 0.25em;\r\n    box-shadow: 0 0 0 1px rgba(0,0,0,.08) inset;\r\n    user-select: none;\r\n    box-sizing: border-box;\r\n    position: relative;\r\n    tap-highlight-color: transparent;\r\n    -webkit-tap-highlight-color: transparent;\r\n    color: #fff!important;\r\n    font-weight: 700;\r\n}ul.watupro-question-paginator li, ul.watupro-answers-paginator li {\r\n    width: auto!important;\r\n}.question-content {\r\n    text-align: center;\r\n}.watu-question .question-content p {\r\n    margin-top: 12px;\r\n}.question-choices.watupro-choices-columns {\r\n    display: inline-flex;\r\n    flex-wrap: wrap;\r\n    justify-content: center;\r\n}.question-choices.watupro-choices-columns .watupro-question-choice {\r\n    line-height: 1;\r\n}.question-choices.watupro-choices-columns div:nth-child(4) .answer {\r\n    width: 30px;\r\n    height: 30px;\r\n    border-color: #346aa3;\r\n        position: relative;padding: 0px;\r\n    border-radius: 50%;\r\n    border: 4px solid;\r\n}.question-choices.watupro-choices-columns div:nth-child(5) .answer span {\r\n   display: block!important;\r\n    position: relative;\r\n    color: #316d72;\r\n    margin-left: 26px;\r\n    float: left;    font-weight: bold;\r\n}.question-choices.watupro-choices-columns div:nth-child(1) .answer span {\r\n        display: block!important;\r\n    color: #316d72;\r\n    float: right;text-align:left;\r\n    margin-right: 26px;\r\n}.question-choices.watupro-choices-columns div:nth-child(3) .answer {\r\n    width: 27px;\r\n    height: 27px;\r\n    border-top-color: #f1c40f!important;\r\n    border-left-color: #f1c40f!important;\r\n    border-right-color: #346aa3!important;\r\n    border-bottom-color: #346aa3!important;\r\npadding: 0px;\r\nposition: relative;\r\n    border-radius: 50%;\r\n    border: 4px solid;\r\n}.question-choices.watupro-choices-columns div:nth-child(2) .answer {\r\n    width: 30px;\r\n    height: 30px;\r\n    border-color: #f1c40f!important;\r\n    position: relative;\r\n    border-radius: 50%;\r\n    border: 4px solid;padding: 0px;\r\n}.question-choices.watupro-choices-columns div:nth-child(5) .answer {\r\n    width: 30px;\r\n    height: 33px;\r\n    border-color: #346aa3;\r\n    position: relative;\r\n    border-radius: 50%;\r\n    border: 4px solid;\r\npadding: 0px;\r\n}.question-choices.watupro-choices-columns div:nth-child(1) .answer {\r\n       width: 30px;\r\n    position: relative;\r\n    border-radius: 50%;\r\n    border: 4px solid;\r\n    height: 33px;text-align: right;\r\n    border-color: #f1c40f;\r\npadding: 0px;\r\n}.watupro-question-choice {\r\n    height: 47px!important;\r\n    width: 47px!important;\r\n    display: inline-block!important;\r\n    position: relative!important;\r\n    border-radius: 0.325em;\r\n    transition: background .1s linear;\r\n    border: 0px!important;\r\n}.question-choices.watupro-choices-columns .watupro-question-choice span {\r\n    display: none!important;\r\n}.question-choices.watupro-choices-columns {\r\n    text-align: center;\r\n}.watupro-question-choice input[type=radio] + label, .watupro-question-choice input[type=checkbox] + label {\r\n   height: 47px;\r\n    width: 47px;\r\n}.watupro-question-choice input[type=radio]:checked + label, .watupro-question-choice input[type=checkbox]:checked + label {\r\n    background-image: none;\r\n    outline: 0;\r\n    background-color: #005E7C!important;\r\n    color: #fff;\r\n}.question-choices.watupro-choices-columns .watupro-question-choice {\r\n    margin: 2px!important;\r\n}@media screen and (max-width: 290px) {.watupro_buttons.flex {\r\n    display: flex;\r\n    flex-flow: nowrap!important;\r\n}}\r\n@media screen and (min-width: 450px) {.question-choices.watupro-choices-columns div:nth-child(1) .answer span {\r\n        margin-right: 43px;font-weight: bold;\r\n}.question-choices.watupro-choices-columns div:nth-child(5) .answer span {\r\n    margin-left: 46px;\r\n}}\r\n@media screen and (max-width: 450px) {.question-choices.watupro-choices-columns{padding: 20px 0px;}.question-choices.watupro-choices-columns div:nth-child(1) .answer span{  padding-top: 10px; font-size: 16px;    position: absolute;\r\n    top: 28px;\r\n    font-weight: bold;width:100px;}.question-choices.watupro-choices-columns div:nth-child(5) .answer span{padding-top: 10px;font-size: 16px;position: absolute;\r\n    top: 28px;\r\n    right: -9px;width: 100px;\r\n    text-align: right;}}<\/style><div class=\"reference-list\"><h3>Refer\u00eancias<\/h3><ol><li id=\"ref-1\">Dar, D. M. (2024). Desenvolvimento e valida\u00e7\u00e3o da escala de ciclotimia Deenz (DSC-32): A Tool for Assessing Subclinical Cyclothymic Tendencies in Non-clinical Population [Uma ferramenta para avaliar tend\u00eancias ciclot\u00edmicas subcl\u00ednicas em popula\u00e7\u00f5es n\u00e3o cl\u00ednicas]. PsychArchives. <a href=\"https:\/\/doi.org\/10.23668\/psycharchives.14226\">https:\/\/doi.org\/10.23668\/psycharchives.14226<\/a> <a href=\"#ref-link-1\" class=\"back-link\" aria-label=\"Voltar ao conte\u00fado\">\u21a9<\/a><\/li><li id=\"ref-2\">Associa\u00e7\u00e3o Americana de Psiquiatria. (2013). Manual Diagn\u00f3stico e Estat\u00edstico de Transtornos Mentais. (5\u00aa edi\u00e7\u00e3o). Washington, DC. <a href=\"#ref-link-2\" class=\"back-link\" aria-label=\"Voltar ao conte\u00fado\">\u21a9<\/a><\/li><li id=\"ref-3\">Perugi, G., Hantouche, E., &amp; Vannucchi, G. (2017). Diagn\u00f3stico e tratamento da ciclotimia: The \"Primacy\" of Temperament (A \"primazia\" do temperamento). Current Neuropharmacology, 15(3), 372-379. <a href=\"https:\/\/doi.org\/10.2174\/1570159X14666160616120157\">https:\/\/doi.org\/10.2174\/1570159X14666160616120157<\/a> <a href=\"#ref-link-3\" class=\"back-link\" aria-label=\"Voltar ao conte\u00fado\">\u21a9<\/a><\/li><\/ol><\/div>","protected":false},"excerpt":{"rendered":"O teste de ciclotimia \u00e9 um question\u00e1rio de 16 itens, elaborado para medir a probabilidade de manifesta\u00e7\u00e3o de tra\u00e7os associados \u00e0 ciclotimia.","protected":false},"author":1,"featured_media":4472,"parent":0,"menu_order":0,"comment_status":"closed","ping_status":"closed","template":"","meta":{"inline_featured_image":false,"footnotes":""},"categories":[3],"class_list":["post-86","page","type-page","status-publish","has-post-thumbnail","hentry","category-depression"],"lang":"en","translations":{"en":86},"_links":{"self":[{"href":"https:\/\/drdeenz.com\/pt\/wp-json\/wp\/v2\/pages\/86","targetHints":{"allow":["GET"]}}],"collection":[{"href":"https:\/\/drdeenz.com\/pt\/wp-json\/wp\/v2\/pages"}],"about":[{"href":"https:\/\/drdeenz.com\/pt\/wp-json\/wp\/v2\/types\/page"}],"author":[{"embeddable":true,"href":"https:\/\/drdeenz.com\/pt\/wp-json\/wp\/v2\/users\/1"}],"replies":[{"embeddable":true,"href":"https:\/\/drdeenz.com\/pt\/wp-json\/wp\/v2\/comments?post=86"}],"version-history":[{"count":4,"href":"https:\/\/drdeenz.com\/pt\/wp-json\/wp\/v2\/pages\/86\/revisions"}],"predecessor-version":[{"id":5891,"href":"https:\/\/drdeenz.com\/pt\/wp-json\/wp\/v2\/pages\/86\/revisions\/5891"}],"wp:featuredmedia":[{"embeddable":true,"href":"https:\/\/drdeenz.com\/pt\/wp-json\/wp\/v2\/media\/4472"}],"wp:attachment":[{"href":"https:\/\/drdeenz.com\/pt\/wp-json\/wp\/v2\/media?parent=86"}],"wp:term":[{"taxonomy":"category","embeddable":true,"href":"https:\/\/drdeenz.com\/pt\/wp-json\/wp\/v2\/categories?post=86"}],"curies":[{"name":"wp","href":"https:\/\/api.w.org\/{rel}","templated":true}]}}