{"id":5707,"date":"2025-10-17T15:52:37","date_gmt":"2025-10-17T15:52:37","guid":{"rendered":"https:\/\/drdeenz.com\/?page_id=5707"},"modified":"2025-10-18T06:08:42","modified_gmt":"2025-10-18T06:08:42","slug":"teste-de-personalidade-dependente","status":"publish","type":"page","link":"https:\/\/drdeenz.com\/pt\/teste-de-personalidade-dependente\/","title":{"rendered":"Teste de personalidade dependente"},"content":{"rendered":"<p>Esse teste de personalidade dependente \u00e9 baseado em uma vers\u00e3o preliminar do <em>Desenvolvimento e validade da Escala de Personalidade Dependente Deenz (DDPS-20) para medir tra\u00e7os subcl\u00ednicos entre estudantes universit\u00e1rios<\/em>. A escala mede tra\u00e7os subcl\u00ednicos que n\u00e3o s\u00e3o considerados suficientes para o diagn\u00f3stico cl\u00ednico do Transtorno de Personalidade Dependente. O objetivo da escala n\u00e3o \u00e9 fazer um diagn\u00f3stico do transtorno, mas sim tentar avaliar as tend\u00eancias de personalidade que existem em um espectro. Os dom\u00ednios-chave que este question\u00e1rio tenta avaliar s\u00e3o <a href=\"https:\/\/drdeenz.com\/codependency-test\/\">Depend\u00eancia de decis\u00f5es<\/a>, Medo do abandono, submiss\u00e3o e necessidade de apego. (DDPS-20) provou ser uma medida fi\u00e1vel para avaliar as tend\u00eancias para a personalidade dependente na popula\u00e7\u00e3o em geral.<\/p>\r\n<h2>Desenvolvimento do Question\u00e1rio de Personalidade Dependente.<\/h2>\r\n<p>Este question\u00e1rio n\u00e3o est\u00e1 associado \u00e0 pesquisa, nem coleta ou armazena dados dos participantes para fins de pesquisa.<\/p>\r\n<p>A psicologia moderna, especialmente a psicologia infantil, enfatiza a detec\u00e7\u00e3o precoce de tend\u00eancias de personalidade dependente. <sup id=\"ref-link-1\"><a href=\"#ref-1\">[1]<\/a><\/sup> O (DDPS-20) provou ser uma ferramenta valiosa para a detec\u00e7\u00e3o precoce de tend\u00eancias, e o objetivo \u00e9 avaliar tra\u00e7os que possam ser sinais precoces para o desenvolvimento de tra\u00e7os que, mais tarde, poder\u00e3o ser considerados clinicamente significativos para um transtorno. Em resumo, todo mundo apresenta alguns tra\u00e7os de depend\u00eancia, mas o (DDPS-20) apenas mede o quanto e como eles afetam o funcionamento e, no futuro, se essas tend\u00eancias podem ou n\u00e3o afetar a vida social e pessoal.<\/p>\r\n\r\nO teste de Personalidade Dependente foi criado para fornecer pontua\u00e7\u00e3o e interpreta\u00e7\u00f5es dos resultados. Esse teste tamb\u00e9m fornece resultados visuais em gr\u00e1ficos para melhor interpreta\u00e7\u00e3o dos resultados e compreens\u00e3o das tend\u00eancias.\r\n\r\n<div class=\"deenz-extra-fields-separate\"><div class=\"extra-field\"><h2>Para quem o teste foi desenvolvido<\/h2><p>A pesquisa original sugere que a Escala de Personalidade Dependente pode ser aplicada a crian\u00e7as com mais de 12 anos, pois o question\u00e1rio \u00e9 fornecido em linguagem simples e de f\u00e1cil compreens\u00e3o. No entanto, recomenda-se que o teste seja feito sob a supervis\u00e3o de um professor ou profissional. Os adultos (com mais de 16 anos) podem facilmente autoadministrar o teste e interpretar os resultados de forma independente. O estudo realizado para estabelecer a validade e a confiabilidade do (DDPS-20) foi aplicado a estudantes universit\u00e1rios com 18 anos ou mais, e n\u00e3o foi considerada necess\u00e1ria a supervis\u00e3o de um profissional. <\/p><\/div><div class=\"extra-field\"><h2>Subescala<\/h2><p><table>\r\n  <thead>\r\n    <tr>\r\n      <th>Dom\u00ednio<\/th>\r\n      <th>Unid<\/th>\r\n      <th>Conceito-chave<\/th>\r\n      <th>Faixa de pontua\u00e7\u00e3o<\/th>\r\n    <\/tr>\r\n  <\/thead>\r\n  <tbody>\r\n    <tr>\r\n      <td data-label=\"Domain\">Depend\u00eancia de decis\u00f5es<\/td>\r\n      <td data-label=\"Items\">1-5<\/td>\r\n      <td data-label=\"Key Concept\">Depend\u00eancia de outras pessoas para fazer escolhas<\/td>\r\n      <td data-label=\"Score Range\">5-25<\/td>\r\n    <\/tr>\r\n    <tr>\r\n      <td data-label=\"Domain\">Medo do abandono<\/td>\r\n      <td data-label=\"Items\">6-10<\/td>\r\n      <td data-label=\"Key Concept\">Ansiedade de estar sozinho \/ ser rejeitado<\/td>\r\n      <td data-label=\"Score Range\">5-25<\/td>\r\n    <\/tr>\r\n    <tr>\r\n      <td data-label=\"Domain\">Submiss\u00e3o<\/td>\r\n      <td data-label=\"Items\">11-15<\/td>\r\n      <td data-label=\"Key Concept\">Evitar conflitos \/ baixa assertividade<\/td>\r\n      <td data-label=\"Score Range\">5-25<\/td>\r\n    <\/tr>\r\n    <tr>\r\n      <td data-label=\"Domain\">Necessidade de anexos<\/td>\r\n      <td data-label=\"Items\">16-20<\/td>\r\n      <td data-label=\"Key Concept\">Desejo de proximidade\/apoio emocional<\/td>\r\n      <td data-label=\"Score Range\">5-25<\/td>\r\n    <\/tr>\r\n  <\/tbody>\r\n<\/table><\/p><\/div><div class=\"extra-field\"><h2>Validade<\/h2><p>A Escala de Personalidade Dependente Deenz (DDPS-20) demonstrou boa validade de conte\u00fado e de constru\u00e7\u00e3o. O question\u00e1rio foi desenvolvido com base na estrutura de quatro dom\u00ednios: depend\u00eancia de decis\u00f5es, medo de abandono, submiss\u00e3o e necessidade de apego. A validade convergente foi conduzida por meio de correla\u00e7\u00f5es positivas com a medida de ansiedade de apego e baixa autoestima e validade discriminante por meio de correla\u00e7\u00f5es fracas e construtos n\u00e3o relacionados, como abertura e extrovers\u00e3o. A escala tamb\u00e9m demonstrou boa consist\u00eancia interna com alfa de Cronbach de 0,87, indicando alta confiabilidade. O alfa da subescala variou de 0,78 a 0,84, sugerindo que cada dom\u00ednio mede consistentemente o construto pretendido. Esses resultados confirmam que a escala \u00e9 uma medida v\u00e1lida e confi\u00e1vel para avaliar as tend\u00eancias subcl\u00ednicas de personalidade dependente em popula\u00e7\u00f5es de adolescentes e adultos. A escala tamb\u00e9m foi comparada com outras escalas bem estabelecidas, como o Invent\u00e1rio de Personalidade Dependente (DPI) <sup id=\"ref-link-2\"><a href=\"#ref-2\">[2]<\/a><\/sup>e a escala demonstrando validade convergente com as medidas existentes.<\/p><\/div><\/div>\r\n<h2>Escala de Personalidade Dependente Deenz (DDPS-20) Guia de Pontua\u00e7\u00e3o<\/h2>\r\n\r\n<table border=\"1\" cellpadding=\"6\" cellspacing=\"0\">\r\n  <thead>\r\n    <tr>\r\n      <th>Resposta<\/th>\r\n      <th>Pontua\u00e7\u00e3o (normal)<\/th>\r\n      <th>Pontua\u00e7\u00e3o (Reversa)<\/th>\r\n    <\/tr>\r\n  <\/thead>\r\n  <tbody>\r\n    <tr>\r\n      <td>Nunca<\/td>\r\n      <td>0<\/td>\r\n      <td>4<\/td>\r\n    <\/tr>\r\n    <tr>\r\n      <td>Raramente<\/td>\r\n      <td>1<\/td>\r\n      <td>3<\/td>\r\n    <\/tr>\r\n    <tr>\r\n      <td>Neutro \/ \u00c0s vezes<\/td>\r\n      <td>2<\/td>\r\n      <td>2<\/td>\r\n    <\/tr>\r\n    <tr>\r\n      <td>Freq<\/td>\r\n      <td>3<\/td>\r\n      <td>1<\/td>\r\n    <\/tr>\r\n    <tr>\r\n      <td>Sempre<\/td>\r\n      <td>4<\/td>\r\n      <td>0<\/td>\r\n    <\/tr>\r\n  <\/tbody>\r\n<\/table>\r\n\r\n<h3>Itens pontuados da subescala Reverse-S<\/h3>\r\n<table border=\"1\" cellpadding=\"6\" cellspacing=\"0\">\r\n  <thead>\r\n    <tr>\r\n      <th>Subescala<\/th>\r\n      <th>Reverse-SItens pontuados<\/th>\r\n    <\/tr>\r\n  <\/thead>\r\n  <tbody>\r\n    <tr>\r\n      <td>Depend\u00eancia de decis\u00f5es<\/td>\r\n      <td>4, 5<\/td>\r\n    <\/tr>\r\n    <tr>\r\n      <td>Medo do abandono<\/td>\r\n      <td>9, 10<\/td>\r\n    <\/tr>\r\n    <tr>\r\n      <td>Submiss\u00e3o<\/td>\r\n      <td>14, 15<\/td>\r\n    <\/tr>\r\n    <tr>\r\n      <td>Necessidade de anexos<\/td>\r\n      <td>19, 20<\/td>\r\n    <\/tr>\r\n  <\/tbody>\r\n<\/table>\r\n\r\n<h3>Interpreta\u00e7\u00e3o da pontua\u00e7\u00e3o total<\/h3>\r\n<table border=\"1\" cellpadding=\"6\" cellspacing=\"0\">\r\n  <thead>\r\n    <tr>\r\n      <th>Pontua\u00e7\u00e3o total<\/th>\r\n      <th>Interpreta\u00e7\u00e3o<\/th>\r\n    <\/tr>\r\n  <\/thead>\r\n  <tbody>\r\n    <tr>\r\n      <td>0\u201320<\/td>\r\n      <td>Baixo - geralmente independente<\/td>\r\n    <\/tr>\r\n    <tr>\r\n      <td>21\u201340<\/td>\r\n      <td>Leve - tra\u00e7os de depend\u00eancia ocasionais<\/td>\r\n    <\/tr>\r\n    <tr>\r\n      <td>41\u201360<\/td>\r\n      <td>Moderado - comportamentos dependentes frequentes, pode precisar de monitoramento<\/td>\r\n    <\/tr>\r\n    <tr>\r\n      <td>61\u201380<\/td>\r\n      <td>Alta - fortes tra\u00e7os de depend\u00eancia, pode se beneficiar de apoio<\/td>\r\n    <\/tr>\r\n  <\/tbody>\r\n<\/table>\r\n\r\n<style><\/style><style>\r\n  table {\r\n    width: 100%;\r\n    border-collapse: collapse;\r\n  }\r\n  th, td {\r\n    border: 1px solid #ccc;\r\n    padding: 12px 8px;\r\n    text-align: left;\r\n    word-wrap: break-word;       \/* Ensure long text wraps *\/\r\n    overflow-wrap: break-word;\r\n  }\r\n  th {\r\n    background-color: #f2f2f2;\r\n  }\r\n\r\n  \/* Responsive: stack rows on small screens *\/\r\n  @media screen and (max-width: 600px) {\r\n    table, thead, tbody, th, td, tr {\r\n      display: block;\r\n    }\r\n    thead tr {\r\n      display: none; \/* hide header row *\/\r\n    }\r\n    tr {\r\n      margin-bottom: 15px;\r\n      border-bottom: 2px solid #ddd;\r\n    }\r\n    td {\r\n      padding: 8px;\r\n      position: relative;\r\n    }\r\n     td::before {\r\n      content: attr(data-label);\r\n      display: block;      \/* stack label above content *\/\r\n      font-weight: bold;\r\n      margin-bottom: 5px;\r\n    }\r\n  }\r\n<\/style><div class=\"reference-list\"><h3>Refer\u00eancias<\/h3><ol><li id=\"ref-1\">Bornstein R. F. (1992). A personalidade dependente: perspectivas de desenvolvimento, sociais e cl\u00ednicas. Boletim psicol\u00f3gico, 112(1), 3-23. <a href=\"https:\/\/doi.org\/10.1037\/0033-2909.112.1.3\">https:\/\/doi.org\/10.1037\/0033-2909.112.1.3<\/a> <a href=\"#ref-link-1\" class=\"back-link\" aria-label=\"Voltar ao conte\u00fado\">\u21a9<\/a><\/li><li id=\"ref-2\">Huber, N. M. (2007). Dependent Personality Inventory (DPI): Uma escala para avaliar os subtipos de personalidade dependente com base nos crit\u00e9rios do DSM-IV-TR. Universidade Estadual de Cleveland. <a href=\"#ref-link-2\" class=\"back-link\" aria-label=\"Voltar ao conte\u00fado\">\u21a9<\/a><\/li><\/ol><\/div>","protected":false},"excerpt":{"rendered":"Esse teste de personalidade dependente baseia-se em uma vers\u00e3o preliminar da Escala de Desenvolvimento e Validade da Personalidade Dependente Deenz (DDPS-20), que mede tra\u00e7os subcl\u00ednicos entre estudantes universit\u00e1rios. A escala mede tra\u00e7os subcl\u00ednicos que n\u00e3o s\u00e3o considerados suficientes para o diagn\u00f3stico cl\u00ednico do Transtorno de Personalidade Dependente. O objetivo da escala n\u00e3o \u00e9 fazer um diagn\u00f3stico de [...]","protected":false},"author":1,"featured_media":5726,"parent":0,"menu_order":0,"comment_status":"closed","ping_status":"closed","template":"","meta":{"inline_featured_image":false,"footnotes":""},"categories":[5],"class_list":["post-5707","page","type-page","status-publish","has-post-thumbnail","hentry","category-personality-assessments"],"lang":"en","translations":{"en":5707},"_links":{"self":[{"href":"https:\/\/drdeenz.com\/pt\/wp-json\/wp\/v2\/pages\/5707","targetHints":{"allow":["GET"]}}],"collection":[{"href":"https:\/\/drdeenz.com\/pt\/wp-json\/wp\/v2\/pages"}],"about":[{"href":"https:\/\/drdeenz.com\/pt\/wp-json\/wp\/v2\/types\/page"}],"author":[{"embeddable":true,"href":"https:\/\/drdeenz.com\/pt\/wp-json\/wp\/v2\/users\/1"}],"replies":[{"embeddable":true,"href":"https:\/\/drdeenz.com\/pt\/wp-json\/wp\/v2\/comments?post=5707"}],"version-history":[{"count":4,"href":"https:\/\/drdeenz.com\/pt\/wp-json\/wp\/v2\/pages\/5707\/revisions"}],"predecessor-version":[{"id":5715,"href":"https:\/\/drdeenz.com\/pt\/wp-json\/wp\/v2\/pages\/5707\/revisions\/5715"}],"wp:featuredmedia":[{"embeddable":true,"href":"https:\/\/drdeenz.com\/pt\/wp-json\/wp\/v2\/media\/5726"}],"wp:attachment":[{"href":"https:\/\/drdeenz.com\/pt\/wp-json\/wp\/v2\/media?parent=5707"}],"wp:term":[{"taxonomy":"category","embeddable":true,"href":"https:\/\/drdeenz.com\/pt\/wp-json\/wp\/v2\/categories?post=5707"}],"curies":[{"name":"wp","href":"https:\/\/api.w.org\/{rel}","templated":true}]}}