{"id":550,"date":"2023-08-22T02:16:10","date_gmt":"2023-08-22T02:16:10","guid":{"rendered":"https:\/\/drdeenz.com\/?p=550"},"modified":"2025-11-05T12:47:40","modified_gmt":"2025-11-05T12:47:40","slug":"teste-de-talassofobia","status":"publish","type":"page","link":"https:\/\/drdeenz.com\/pt\/teste-de-talassofobia\/","title":{"rendered":"Teste de Talassofobia \u2013 Eu tenho Talassofobia"},"content":{"rendered":"<p><strong>O teste\/question\u00e1rio de talassofobia foi desenvolvido para descobrir se voc\u00ea pode ou n\u00e3o apresentar tend\u00eancias a tra\u00e7os cl\u00ednicos de talassofobia. Esta autoavalia\u00e7\u00e3o n\u00e3o se destina a fornecer um diagn\u00f3stico definitivo de talassofobia e n\u00e3o pode substituir uma avalia\u00e7\u00e3o profissional, que s\u00f3 \u00e9 poss\u00edvel por meio de uma entrevista cl\u00ednica conduzida por um profissional de sa\u00fade mental qualificado.<\/strong><\/p>\r\n<p>A talassofobia \u00e9 uma doen\u00e7a irracional <strong>medo do mar ou de grandes massas de \u00e1gua<\/strong> e \u00e9 considerado um subtipo de fobia espec\u00edfica. Embora alguns indiv\u00edduos sintam medo e ansiedade em rela\u00e7\u00e3o a corpos d'\u00e1gua profundos sem prejudicar seu funcionamento di\u00e1rio, outros podem ter rea\u00e7\u00f5es mais intensas em que os gatilhos causam ang\u00fastia ou preju\u00edzo. O objetivo do question\u00e1rio \u00e9 <strong>determinar se voc\u00ea pode apresentar sintomas<\/strong> que poderiam ser considerados significativos para o diagn\u00f3stico cl\u00ednico.<\/p>\r\n<h2>O que \u00e9 talassofobia?<\/h2>\r\n<p>Se uma pessoa tem um medo intenso ou irracional de oceanos, lagos e profundezas, os psiquiatras descrevem isso como transtorno de talassofobia, que \u00e9 um tipo de fobia. H\u00e1 v\u00e1rios tipos de fobias, como acrofobia, claustrofobia e enoclofobia, que s\u00e3o categorizadas como transtornos de ansiedade, e a talassofobia \u00e9 uma delas, que tem crit\u00e9rios para diagn\u00f3stico no manual de diagn\u00f3stico e estat\u00edstica DSM. Uma pessoa que tem talassofobia <strong>frequentemente sente uma sensa\u00e7\u00e3o de ansiedade e p\u00e2nico quando confrontado com pensamentos ou experi\u00eancias relacionadas a qualquer corpo d'\u00e1gua<\/strong>incluindo as criaturas que est\u00e3o nele.<\/p>\r\n<h2>E se eu tiver medo prolongado de \u00e1gua?<\/h2>\r\n<p>\u00c0s vezes, o medo da \u00e1gua pode ser normal e racional porque voc\u00ea pode estar pensando em evitar qualquer perigo nela, mas <strong>Se voc\u00ea tiver um medo prolongado e intenso de \u00e1gua e isso estiver causando ang\u00fastia, interferindo na sua vida pessoal e social ou limitando suas atividades relacionadas \u00e0 \u00e1gua, ent\u00e3o pode ser talassofobia.<\/strong> Por exemplo, se voc\u00ea se recusa a ir \u00e0 praia com seus amigos porque tem medo de mares, ent\u00e3o sua vida social est\u00e1 sendo afetada e voc\u00ea est\u00e1 se impedindo de aproveitar a qualidade de vida.<\/p>\r\n\r\n<p>Voc\u00ea sabe que seu medo \u00e9 irracional, mas sente p\u00e2nico e ansiedade <strong>quando voc\u00ea pensa em ir a grandes massas de \u00e1gua<\/strong>e voc\u00ea tem pensamentos ansiosos sobre as grandes criaturas que est\u00e3o nelas. Nesse caso, \u00e9 aconselh\u00e1vel consultar um profissional de sa\u00fade mental para diagn\u00f3stico e tratamento. <\/p>\r\n<style>.baseline {\r\n    bottom: 87px;\r\n}.bar {\r\n    max-width: 55%;\r\n}.bar-label {\r\n    flex-direction: column;\r\n}.chart-container::before {\r\n    background-image: linear-gradient(to top, #ddd 1px, transparent 1px);\r\n    background-size: 100% 20%;\r\n    height: 154px;\r\n}.bar-container {\r\n    height: 218px;\r\n}<\/style>","protected":false},"excerpt":{"rendered":"O teste de talassofobia pode ajudar a medir o impacto e a gravidade dos sintomas considerados significativos no diagn\u00f3stico cl\u00ednico.","protected":false},"author":1,"featured_media":4627,"parent":0,"menu_order":0,"comment_status":"closed","ping_status":"closed","template":"","meta":{"inline_featured_image":false,"footnotes":""},"categories":[7],"class_list":["post-550","page","type-page","status-publish","has-post-thumbnail","hentry","category-anxiety-disorder"],"lang":"en","translations":{"en":550},"_links":{"self":[{"href":"https:\/\/drdeenz.com\/pt\/wp-json\/wp\/v2\/pages\/550","targetHints":{"allow":["GET"]}}],"collection":[{"href":"https:\/\/drdeenz.com\/pt\/wp-json\/wp\/v2\/pages"}],"about":[{"href":"https:\/\/drdeenz.com\/pt\/wp-json\/wp\/v2\/types\/page"}],"author":[{"embeddable":true,"href":"https:\/\/drdeenz.com\/pt\/wp-json\/wp\/v2\/users\/1"}],"replies":[{"embeddable":true,"href":"https:\/\/drdeenz.com\/pt\/wp-json\/wp\/v2\/comments?post=550"}],"version-history":[{"count":4,"href":"https:\/\/drdeenz.com\/pt\/wp-json\/wp\/v2\/pages\/550\/revisions"}],"predecessor-version":[{"id":5901,"href":"https:\/\/drdeenz.com\/pt\/wp-json\/wp\/v2\/pages\/550\/revisions\/5901"}],"wp:featuredmedia":[{"embeddable":true,"href":"https:\/\/drdeenz.com\/pt\/wp-json\/wp\/v2\/media\/4627"}],"wp:attachment":[{"href":"https:\/\/drdeenz.com\/pt\/wp-json\/wp\/v2\/media?parent=550"}],"wp:term":[{"taxonomy":"category","embeddable":true,"href":"https:\/\/drdeenz.com\/pt\/wp-json\/wp\/v2\/categories?post=550"}],"curies":[{"name":"wp","href":"https:\/\/api.w.org\/{rel}","templated":true}]}}