{"id":4954,"date":"2025-08-22T10:57:39","date_gmt":"2025-08-22T10:57:39","guid":{"rendered":"https:\/\/drdeenz.com\/?p=4954"},"modified":"2025-10-21T09:38:01","modified_gmt":"2025-10-21T09:38:01","slug":"teste-introvertido-extrovertido","status":"publish","type":"page","link":"https:\/\/drdeenz.com\/pt\/teste-introvertido-extrovertido\/","title":{"rendered":"Introvertido, Extrovertido ou Ambivertido Test"},"content":{"rendered":"<p>Carl Jung foi um psic\u00f3logo que introduziu o conceito de introvers\u00e3o e extrovers\u00e3o em seu livro \"Psychological Types\". De acordo com Carl Jung, as pessoas gastam sua energia e aten\u00e7\u00e3o de diferentes maneiras e em diferentes dire\u00e7\u00f5es. N\u00e3o se trata apenas de ser \"t\u00edmido\" ou \"soci\u00e1vel\", mas de onde a pessoa extrai sua energia. Uma pessoa pode preferir ficar sozinha e se sentir recarregada, enquanto outra pode obter energia do mundo externo sendo soci\u00e1vel.<\/p>\r\n<p>Esse teste de autoavalia\u00e7\u00e3o- concentra-se na medi\u00e7\u00e3o de tra\u00e7os de personalidade, especificamente introvers\u00e3o, extrovers\u00e3o e ambivers\u00e3o. <\/p>\r\n<h2>Introvertido<\/h2>\r\n<p>\u00c0s vezes, usamos a introvers\u00e3o como sin\u00f4nimo de timidez, mas \u00e9 um tra\u00e7o de personalidade em que a pessoa prefere se concentrar em seus pr\u00f3prios pensamentos e sentimentos em vez de buscar est\u00edmulos externos. Carl Jung explicou que a introvers\u00e3o tem a ver com a fonte de energia da pessoa, e n\u00e3o com o fato de ela ser t\u00edmida. As pessoas introvertidas podem se sentir revigoradas quando passam algum tempo sozinhas; por outro lado, estar em situa\u00e7\u00f5es sociais barulhentas pode faz\u00ea-las se sentir cansadas. Elas se concentram em seus sentimentos internos e tendem a pensar profundamente. Muitas vezes preferem ler livros e precisam de um tempo de sil\u00eancio para recarregar as baterias.<\/p>\r\n<h2>Extrovertido<\/h2>\r\n<p>A extrovers\u00e3o \u00e9 outro tra\u00e7o de personalidade em que as pessoas tendem a se concentrar em obter energia de pessoas, atividades e experi\u00eancias externas. Os introvertidos se sentem energizados pela solid\u00e3o; por outro lado, os extrovertidos obt\u00eam energia das atividades sociais. Os indiv\u00edduos extrovertidos preferem conhecer pessoas novas e se concentram em relacionamentos sociais. Eles se sentem \u00e0 vontade para compartilhar pensamentos e sentimentos abertamente com outras pessoas porque obt\u00eam energia de est\u00edmulos externos. A psicologia moderna identifica a extrovers\u00e3o como um dos principais tra\u00e7os de personalidade. Estudos demonstraram que os extrovertidos geralmente t\u00eam uma excita\u00e7\u00e3o cortical de base mais baixa, o que significa que seus c\u00e9rebros buscam mais est\u00edmulos externos para se sentirem alertas e engajados.<\/p>\r\n<h2>Ambivert<\/h2>\r\n<p>A ambivers\u00e3o pode ser entendida como um continuum entre introvers\u00e3o e extrovers\u00e3o, em vez de uma categoria fixa. As pessoas podem se inclinar para um lado \u00e0s vezes, dependendo do humor e da situa\u00e7\u00e3o. Em suma, a ambivers\u00e3o \u00e9 o meio-termo entre introvers\u00e3o e extrovers\u00e3o. Pessoas com personalidade ambivertida obt\u00eam energia tanto de intera\u00e7\u00f5es sociais quanto de atividades solit\u00e1rias. Os ambivertidos podem se adaptar dependendo da situa\u00e7\u00e3o e do humor, por isso gostam de intera\u00e7\u00e3o social e tamb\u00e9m passam tempo sozinhos para recarregar as energias. Uma pessoa com personalidade ambivertida pode gostar de festas, mas tamb\u00e9m se sente confort\u00e1vel dedicando tempo aos seus pr\u00f3prios pensamentos e sentimentos. Considere o exemplo separado. <a href=\"https:\/\/drdeenz.com\/ambivert-test\/\">teste para ambivertido<\/a> , ele mede seus tra\u00e7os ambivertidos em um espectro.<\/p>\r\n<style>[role~=listitem] {\r\n    border-top: 0.063rem solid #ccc;\r\n    margin: 20px 0px;\r\n    padding-top: 10px;\r\n}.single_post header{\r\n    margin-bottom: -12px;\r\n    z-index: 4;}\r\nsup {\r\n  cursor: pointer;\r\n}\r\nsup span {\r\n  cursor: default;\r\n  background: #ecf0f1;\r\n  border: 0.125rem solid #3498db;\r\n  position: absolute;\r\n  left: -120px;\r\n  right: 0;\r\n  bottom: 100%;\r\n  margin: 0 0 0.7em -1em;\r\n  width: 300px;\r\n  padding: 1em;\r\n  line-height: 1.618em;\r\n  opacity: 0;\r\n  visibility: hidden;\r\n  transition: all 0.35s;\r\n}\r\nsup span::before {\r\n  content: '';\r\n  border-style: solid;\r\n  border-width: 0.7em 0.7em 0 0.7em;\r\n  border-color: #3498db transparent transparent transparent;\r\n  position: absolute;\r\n  bottom: -0.7em;\r\n  width: 0;\r\n  height: 0;\r\n}\r\nsup:hover span {\r\n  opacity: 1;\r\n  visibility: visible;\r\n  transition: all 0.35s;\r\n} .langs a img {\r\n    height: 48px;\r\n    width: 48px;\r\n}.langs {\r\n    padding-top: 10px;\r\n    font-size: 20px;\r\n    background: #e7f5f7;\r\n    position: relative;\r\n    width: 100vw;\r\n    left: calc(-50vw + 50%);\r\n    text-align: center;\r\n    margin-bottom: 10px;\r\n}.langs a {\r\n    text-decoration: none;\r\n    display: inline-block;\r\n    margin-right: 10px;\r\n}<\/style>\r\n<style>[role~=listitem] {\r\n    border-top: 0.063rem solid #ccc;\r\n    margin: 20px 0px;\r\n    padding-top: 10px;\r\n}.question-content {\r\n    font-size: 24px;\r\n}.question-choices.watupro-choices-columns {\r\n    list-style: none;\r\n    width: 100%;\r\n    max-width: 600px;\r\n    margin: auto;\r\n    display: block;\r\nfloat: none;\r\n}\r\n.question-choices.watupro-choices-columns:before {\r\n    content: '';\r\n    position: relative;\r\n    top: 40px;\r\n    left: 12.5%;\r\n    display: block;\r\n    background-color: #fff;\r\n    height: 4px;\r\n    width: 78%;\r\n}\r\n.watupro-question-choice {\r\n    display: inline-block!important;\r\n    width: 19%;\r\n    text-align: center;\r\n    vertical-align: top;\r\n}\r\n.watupro-question-choice input[type=radio] {\r\n    display: block;\r\n    position: relative;\r\n    top: 0;\r\n    left: 50%;\r\n    margin-left: -6px!important;\r\n    width: 25px;\r\n    height: 25px;\r\n}\r\n.quiz-form label {\r\n    display: inline-block;\r\n    max-width: 66px!important;\r\n    text-transform: uppercase;\r\n    font-size: 14px!important;\r\n    font-weight: bold;\r\n    margin-top: 12px;\r\n    margin-left: 10px;\r\n}\r\n.quiz-form label {width:100%;}\r\n@media only screen and (max-width: 484px) {.quiz-form label {width:100%;font-size: 10px!important;}.quiz-form label {text-transform: capitalize;}<\/style>","protected":false},"excerpt":{"rendered":"Carl Jung foi um psic\u00f3logo que introduziu o conceito de introvers\u00e3o e extrovers\u00e3o em seu livro \"Psychological Types\". De acordo com Carl Jung, as pessoas gastam sua energia e aten\u00e7\u00e3o de diferentes maneiras e em diferentes dire\u00e7\u00f5es. N\u00e3o se trata apenas de ser \"t\u00edmido\" ou \"soci\u00e1vel\", mas de onde a pessoa extrai sua energia. Uma pessoa [...]","protected":false},"author":1,"featured_media":4959,"parent":0,"menu_order":0,"comment_status":"closed","ping_status":"closed","template":"","meta":{"inline_featured_image":false,"footnotes":""},"categories":[5],"class_list":["post-4954","page","type-page","status-publish","has-post-thumbnail","hentry","category-personality-assessments"],"lang":"en","translations":{"en":4954},"_links":{"self":[{"href":"https:\/\/drdeenz.com\/pt\/wp-json\/wp\/v2\/pages\/4954","targetHints":{"allow":["GET"]}}],"collection":[{"href":"https:\/\/drdeenz.com\/pt\/wp-json\/wp\/v2\/pages"}],"about":[{"href":"https:\/\/drdeenz.com\/pt\/wp-json\/wp\/v2\/types\/page"}],"author":[{"embeddable":true,"href":"https:\/\/drdeenz.com\/pt\/wp-json\/wp\/v2\/users\/1"}],"replies":[{"embeddable":true,"href":"https:\/\/drdeenz.com\/pt\/wp-json\/wp\/v2\/comments?post=4954"}],"version-history":[{"count":4,"href":"https:\/\/drdeenz.com\/pt\/wp-json\/wp\/v2\/pages\/4954\/revisions"}],"predecessor-version":[{"id":5763,"href":"https:\/\/drdeenz.com\/pt\/wp-json\/wp\/v2\/pages\/4954\/revisions\/5763"}],"wp:featuredmedia":[{"embeddable":true,"href":"https:\/\/drdeenz.com\/pt\/wp-json\/wp\/v2\/media\/4959"}],"wp:attachment":[{"href":"https:\/\/drdeenz.com\/pt\/wp-json\/wp\/v2\/media?parent=4954"}],"wp:term":[{"taxonomy":"category","embeddable":true,"href":"https:\/\/drdeenz.com\/pt\/wp-json\/wp\/v2\/categories?post=4954"}],"curies":[{"name":"wp","href":"https:\/\/api.w.org\/{rel}","templated":true}]}}