{"id":4276,"date":"2024-02-16T06:55:54","date_gmt":"2024-02-16T06:55:54","guid":{"rendered":"https:\/\/drdeenz.com\/block-content-examples\/"},"modified":"2025-10-21T07:32:23","modified_gmt":"2025-10-21T07:32:23","slug":"questionario-manipulativo","status":"publish","type":"page","link":"https:\/\/drdeenz.com\/pt\/questionario-manipulativo\/","title":{"rendered":"Teste Manipulativo"},"content":{"rendered":"<p>Este question\u00e1rio foi projetado apenas para fornecer pontua\u00e7\u00e3o autom\u00e1tica e fornecer resultados em gr\u00e1ficos de f\u00e1cil leitura para melhor interpreta\u00e7\u00e3o dos resultados. As informa\u00e7\u00f5es fornecidas destinam-se apenas a fins educacionais e de autorreflex\u00e3o<\/p>\r\n<h2>Desenvolvimento da Escala de Personalidade Manipuladora<\/h2>\r\n<p>Na psicologia moderna, o conceito de comportamento manipulador \u00e9 frequentemente usado de forma intercambi\u00e1vel com <a href=\"https:\/\/drdeenz.com\/machiavellianism-test\/\">Maquiavelismo<\/a> e outros tra\u00e7os sombrios tentados. A manipula\u00e7\u00e3o tamb\u00e9m \u00e9 uma caracter\u00edstica importante do <a href=\"https:\/\/drdeenz.com\/pt\/teste-de-espectro-de-psicopatia\/\">psicopatia<\/a>, <a href=\"https:\/\/drdeenz.com\/pt\/teste-de-sociopatia\/\">personalidade antissocial<\/a> e  <a href=\"https:\/\/drdeenz.com\/pt\/teste-de-personalidade-narcisista\/\">narcisismo<\/a>. Entretanto, em pesquisas psicol\u00f3gicas recentes, a manipula\u00e7\u00e3o \u00e9 estudada como uma tend\u00eancia distinta de personalidade e o termo maquiavelismo ganhou for\u00e7a.<sup id=\"ref-link-1\"><a href=\"#ref-1\">[1]<\/a><\/sup> O termo maquiavelismo foi derivado do livro de Niccol\u00f2 Machiavelli (O Pr\u00edncipe), no qual ele enfatiza o uso do engano, da manipula\u00e7\u00e3o e de outros comportamentos estrat\u00e9gicos para manter o poder e a influ\u00eancia.<\/p>\r\n<p>O Manipulative Personality Self-Assessment (MPSA) foi desenvolvido para avaliar as tend\u00eancias comportamentais frequentemente associadas a tra\u00e7os de maquiavelismo. Na revis\u00e3o da palestra, foi observado que para medir <a href=\"https:\/\/drdeenz.com\/pt\/teste-de-mutismo-seletivo\/\">comportamento manipulador<\/a> \u00e9 necess\u00e1rio estudar as principais caracter\u00edsticas da manipula\u00e7\u00e3o no espectro. O modelo de cinco-dimensional foi constru\u00eddo para capturar os principais dom\u00ednios: Calculista, Explorador, Enganador, Amoral, <a href=\"https:\/\/drdeenz.com\/pt\/teste-de-psicose\/\">Self-Justificando<\/a>. Essas cinco dimens\u00f5es fornecem uma estrutura confi\u00e1vel para a avalia\u00e7\u00e3o de comportamentos individuais que geralmente est\u00e3o associados a tend\u00eancias enganosas, estrat\u00e9gicas e manipuladoras. <sup id=\"ref-link-2\"><a href=\"#ref-2\">[2]<\/a><\/sup><\/p>\r\n<p>O MPSA \u00e9 baseado em um estudo preliminar e foi testado como um question\u00e1rio piloto1TP7. Ele n\u00e3o foi projetado para oferecer orienta\u00e7\u00e3o profissional. O teste de manipula\u00e7\u00e3o \u00e9 fornecido na forma de um question\u00e1rio que permite que voc\u00ea fa\u00e7a uma triagem das caracter\u00edsticas de manipula\u00e7\u00e3o. No entanto, os question\u00e1rios e testes on-line n\u00e3o s\u00e3o considerados precisos e as informa\u00e7\u00f5es fornecidas n\u00e3o devem ser vistas como conselhos e recomenda\u00e7\u00f5es.<\/p><div class=\"reference-list\"><h3>Refer\u00eancias<\/h3><ol><li id=\"ref-1\">Desenvolvimento e valida\u00e7\u00e3o de A\nNova Escala de Maquiavelismo - Jason J. Dahling, Brian G. Whitaker, Paul E. Levy <a href=\"https:\/\/libres.uncg.edu\/ir\/asu\/f\/Whitaker_Brian_2008_Devolopment_validation_machiavellianism.scale.pdf\">https:\/\/libres.uncg.edu\/ir\/asu\/f\/Whitaker_Brian_2008_Devolopment_validation_machiavellianism.scale.pdf <\/a><a href=\"https:\/\/www.jcsdcb.com\/index.php\/JCSDCB\/article\/view\/908\/639\">https:\/\/www.jcsdcb.com\/index.php\/JCSDCB\/article\/view\/908\/639<\/a> <a href=\"#ref-link-1\" class=\"back-link\" aria-label=\"Voltar ao conte\u00fado\">\u21a9<\/a><\/li><li id=\"ref-2\">PERCEP\u00c7\u00c3O MULTIDIMENSIONAL DE\nESCALA DE MANIPULA\u00c7\u00c3O - Bilitis Berthiaume, Institut Sup\u00e9rieur du Tourisme, Fran\u00e7a | Revista de Satisfa\u00e7\u00e3o do Consumidor, Insatisfa\u00e7\u00e3o e Comportamento de Reclama\u00e7\u00e3o, Vol. 37 (1), 2024 <a href=\"https:\/\/www.jcsdcb.com\/index.php\/JCSDCB\/article\/view\/908\/639\">https:\/\/www.jcsdcb.com\/index.php\/JCSDCB\/article\/view\/908\/639<\/a> <a href=\"#ref-link-2\" class=\"back-link\" aria-label=\"Voltar ao conte\u00fado\">\u21a9<\/a><\/li><\/ol><\/div>","protected":false},"excerpt":{"rendered":"Este question\u00e1rio foi projetado apenas para fornecer pontua\u00e7\u00e3o autom\u00e1tica e resultados em gr\u00e1ficos f\u00e1ceis de ler para melhor interpreta\u00e7\u00e3o dos resultados. As informa\u00e7\u00f5es fornecidas destinam-se apenas a fins educacionais e auto-reflexivos. Desenvolvimento da Escala de Personalidade Manipuladora Na psicologia moderna, o conceito de comportamento manipulador \u00e9 frequentemente usado como sin\u00f4nimo de maquiavelismo e outras [...]","protected":false},"author":1,"featured_media":5754,"parent":0,"menu_order":0,"comment_status":"closed","ping_status":"closed","template":"","meta":{"inline_featured_image":false,"footnotes":""},"categories":[14],"class_list":["post-4276","page","type-page","status-publish","has-post-thumbnail","hentry","category-anger-management"],"lang":"en","translations":{"en":4276},"_links":{"self":[{"href":"https:\/\/drdeenz.com\/pt\/wp-json\/wp\/v2\/pages\/4276","targetHints":{"allow":["GET"]}}],"collection":[{"href":"https:\/\/drdeenz.com\/pt\/wp-json\/wp\/v2\/pages"}],"about":[{"href":"https:\/\/drdeenz.com\/pt\/wp-json\/wp\/v2\/types\/page"}],"author":[{"embeddable":true,"href":"https:\/\/drdeenz.com\/pt\/wp-json\/wp\/v2\/users\/1"}],"replies":[{"embeddable":true,"href":"https:\/\/drdeenz.com\/pt\/wp-json\/wp\/v2\/comments?post=4276"}],"version-history":[{"count":4,"href":"https:\/\/drdeenz.com\/pt\/wp-json\/wp\/v2\/pages\/4276\/revisions"}],"predecessor-version":[{"id":5761,"href":"https:\/\/drdeenz.com\/pt\/wp-json\/wp\/v2\/pages\/4276\/revisions\/5761"}],"wp:featuredmedia":[{"embeddable":true,"href":"https:\/\/drdeenz.com\/pt\/wp-json\/wp\/v2\/media\/5754"}],"wp:attachment":[{"href":"https:\/\/drdeenz.com\/pt\/wp-json\/wp\/v2\/media?parent=4276"}],"wp:term":[{"taxonomy":"category","embeddable":true,"href":"https:\/\/drdeenz.com\/pt\/wp-json\/wp\/v2\/categories?post=4276"}],"curies":[{"name":"wp","href":"https:\/\/api.w.org\/{rel}","templated":true}]}}