{"id":4177,"date":"2024-02-09T16:34:50","date_gmt":"2024-02-09T16:34:50","guid":{"rendered":"https:\/\/drdeenz.com\/?p=4177"},"modified":"2025-10-28T17:02:53","modified_gmt":"2025-10-28T17:02:53","slug":"teste-de-personalidade-narcisista","status":"publish","type":"page","link":"https:\/\/drdeenz.com\/pt\/teste-de-personalidade-narcisista\/","title":{"rendered":"Teste de personalidade narcisista"},"content":{"rendered":"<p style=\" border-style: solid; border-width: 1px; border-color: #000; box-shadow: 2px 2px 0px 0px #fe025b; padding: 5px; \">O teste de narcisismo \u00e9 a vers\u00e3o interativa do (DNPS-32), que se baseia na vers\u00e3o preliminar da pesquisa sobre Desenvolvimento e valida\u00e7\u00e3o da Escala de Personalidade Narcisista Deenz <sup id=\"ref-link-1\"><a href=\"#ref-1\">[1]<\/a><\/sup>. A participa\u00e7\u00e3o nesta escala \u00e9 totalmente an\u00f4nima e nenhum dado \u00e9 coletado ou armazenado para fins de pesquisa. Os resultados e gr\u00e1ficos fornecidos por este question\u00e1rio destinam-se apenas a fins educacionais. Para obter mais informa\u00e7\u00f5es, leia nosso <a href=\"https:\/\/drdeenz.com\/privacy\/\">Privacidade e termos<\/a>.  <\/p>\r\n<h2>Question\u00e1rio sobre o desenvolvimento do narcisismo<\/h2>\r\n<p>O narcisismo descreve uma pessoa que pode apresentar um conjunto de tend\u00eancias de personalidade associadas ao amor pr\u00f3prio excessivo, \u00e0 necessidade de admira\u00e7\u00e3o e \u00e0 falta de empatia. De uma perspectiva subcl\u00ednica, o narcisismo pode ser considerado um aspecto normal e saud\u00e1vel da personalidade quando os tra\u00e7os s\u00e3o exibidos em um n\u00edvel moderado e n\u00e3o causam preju\u00edzo significativo na <a href=\"https:\/\/drdeenz.com\/codependency-test\/\">rela\u00e7\u00f5es interpessoais<\/a>. <sup id=\"ref-link-2\"><a href=\"#ref-2\">[2]<\/a><\/sup><\/p>\r\n<p>Com o passar do tempo, a compreens\u00e3o do narcisismo evoluiu. Os pesquisadores enfatizam a compreens\u00e3o do narcisismo em um <strong>modelo de espectro<\/strong>. <sup id=\"ref-link-3\"><a href=\"#ref-3\">[3]<\/a><\/sup> Ao avaliar os tra\u00e7os em n\u00edveis dimensionais, fica muito f\u00e1cil descobrir se um indiv\u00edduo pode apresentar inclina\u00e7\u00e3o para o narcisismo. O desenvolvimento do <strong>Deenz Escala de Personalidade Narcisista<\/strong>A pesquisa, iniciada com o foco no acesso a oito caracter\u00edsticas subcl\u00ednicas distintas, mas correlacionadas- <strong>Grandiosidade, Fantasia, Especialidade, Direito, Explora\u00e7\u00e3o, Falta de empatia, Inveja e Arrog\u00e2ncia.<\/strong><\/p>\r\n<p>Os tra\u00e7os subcl\u00ednicos da personalidade narcisista ficam abaixo do limiar de ser <strong>clinicamente significativo<\/strong> ou indicativo de uma personalidade narcisista. Ao acessar os tra\u00e7os subcl\u00ednicos, a escala pode medir as tend\u00eancias ou a probabilidade de desenvolver <strong>tra\u00e7os de personalidade narcisista<\/strong> que podem ser considerados clinicamente significativos para o diagn\u00f3stico de <strong>transtorno de personalidade narcisista<\/strong> .<\/p>\r\n<h2>Facetas da personalidade narcisista<\/h2>\r\n<p><strong>Grandiosidade:<\/strong> A grandiosidade refere-se a um senso exagerado das habilidades, do talento, da import\u00e2ncia e do poder de uma pessoa. As pessoas com grandiosidade t\u00eam uma cren\u00e7a irrealista de superioridade em rela\u00e7\u00e3o aos outros e t\u00eam um senso inflado de <a href=\"https:\/\/drdeenz.com\/pt\/teste-de-empatia\/\">auto-estima<\/a>e buscam a aten\u00e7\u00e3o dos outros. Eles geralmente esperam que os outros os tratem com tratamento especial e privil\u00e9gios sem nenhum motivo forte. A grandiosidade \u00e9 considerada uma das principais caracter\u00edsticas do transtorno de personalidade narcisista. <sup id=\"ref-link-4\"><a href=\"#ref-4\">[4]<\/a><\/sup> A grandiosidade pode levar a conflitos interpessoais e prejudicar a vida pessoal e profissional.<\/p>\r\n<p><strong>Fantasia<\/strong>: Desfrutar ou se envolver com fantasia ou <a href=\"https:\/\/drdeenz.com\/pt\/teste-de-devaneio-desadaptativo\/\">sonhar acordado<\/a> \u00e9 um aspecto normal e saud\u00e1vel da imagina\u00e7\u00e3o e criatividade humanas. Ela pode ajudar a explorar novas ideias, emo\u00e7\u00f5es e experi\u00eancias, mas as pessoas com personalidade narcisista geralmente se envolvem em fantasias grandiosas sobre seu poder, relacionamentos e habilidades. <sup id=\"ref-link-5\"><a href=\"#ref-5\">[5]<\/a><\/sup> As pessoas com personalidade narcisista geralmente criam cen\u00e1rios em suas mentes em que se imaginam bem-sucedidas, poderosas e atraentes. Essas fantasias lhes proporcionam al\u00edvio tempor\u00e1rio das inseguran\u00e7as subjacentes.\r\n<\/p>\r\n<p><strong>Especialidade:<\/strong> Sentir-se especial em rela\u00e7\u00e3o a si mesmo e ter um senso de singularidade \u00e9 uma caracter\u00edstica positiva. As pessoas com personalidades narcisistas t\u00eam um senso exagerado de especialidade. Elas acreditam que s\u00e3o inerentemente superiores aos outros em v\u00e1rios aspectos e t\u00eam um desejo elevado de reconhecimento e valida\u00e7\u00e3o.  Elas se envolvem em comportamentos que visam a manter essa percep\u00e7\u00e3o de especialidade, como ter um forte desejo de ser o <a href=\"https:\/\/drdeenz.com\/opr-test\/\">centro das aten\u00e7\u00f5es<\/a>. As pessoas diagnosticadas com transtorno de personalidade narcisista t\u00eam uma sensa\u00e7\u00e3o de inseguran\u00e7a e uma necessidade de valida\u00e7\u00e3o por parte dos outros em rela\u00e7\u00e3o \u00e0s suas cren\u00e7as irrealistas. Esses comportamentos e atitudes resultam em <strong>dificuldades nos relacionamentos e conflitos interpessoais<\/strong>.<\/p>\r\n<p><strong>Direito:<\/strong> <a href=\"https:\/\/drdeenz.com\/pt\/teste-de-sociopatia\/\">Direito<\/a> refere-se a um sentimento de merecimento de tratamento especial. \u00c9 como acreditar que voc\u00ea deve ser sempre o primeiro da fila porque se acha melhor do que os outros. Todos merecem respeito e oportunidades, mas precisamos merec\u00ea-los. As pessoas com personalidades narcisistas acreditam que devem conseguir tudo o que querem e esperam que as coisas sejam entregues a elas sem fazer nenhum esfor\u00e7o. Elas acreditam firmemente que merecem receber admira\u00e7\u00e3o, aten\u00e7\u00e3o e respeito dos outros, mesmo que n\u00e3o mere\u00e7am.\r\n<\/p>\r\n<p><strong>Explora\u00e7\u00e3o:<\/strong> As pessoas com personalidades narcisistas se aproveitam dos outros para seu pr\u00f3prio benef\u00edcio, sem se importar ou considerar o dano. \u00c9 como usar os recursos, talentos ou vulnerabilidades de outra pessoa para obter uma vantagem, mesmo que isso cause <a href=\"https:\/\/drdeenz.com\/pt\/teste-de-abuso-emocional\/\">sofrimento para os outros<\/a>. \r\n<\/p>\r\n<p><strong>Falta de empatia:<\/strong> Pessoas com transtorno de personalidade narcisista apresentam sinais de <a href=\"https:\/\/drdeenz.com\/pt\/questionario-manipulativo\/\">falta de empatia<\/a> e demonstram emo\u00e7\u00f5es superficiais e n\u00e3o conseguem sentir o sofrimento das outras pessoas ao seu redor.\r\n<\/p>\r\n<p>Inveja: Sentir um pouco de inveja quando algu\u00e9m obt\u00e9m sucesso \u00e9 uma rea\u00e7\u00e3o natural e normal. <sup id=\"ref-link-6\"><a href=\"#ref-6\">[6]<\/a><\/sup> Entretanto, as pessoas com tra\u00e7os narcisistas sentem inveja quando acham que os outros amea\u00e7am seu direito ao sucesso e ao poder.\r\n<\/p>\r\n<p><strong>Arrog\u00e2ncia:<\/strong> Arrog\u00e2ncia \u00e9 o senso de dar import\u00e2ncia a si mesmo e menosprezar os outros. Uma pessoa arrogante \u00e9 aquela que se acha melhor do que todos os outros sem nenhum motivo aparente.  Ela rejeita opini\u00f5es e menospreza os outros para se sentir superior.\r\n<\/p>\r\n<style>.langs a img {\r\n    height: 48px;\r\n    width: 48px;\r\n}.langs {\r\n    background: #e7f5f7;\r\n    border-radius: 10px;\r\n    padding: 0 13px;\r\n}.langs a {\r\n    text-decoration: none;\r\n    display: inline-block;\r\n    margin-right: 10px;\r\n}td {\r\n    padding: 0.3rem;\r\n}.dimension {\r\n    background: #f3f4f5;\r\n    padding: 0.7rem 1.2rem 0.7rem;\r\n    margin-bottom: 14px;\r\n    font-family: 'Open Sans',sans-serif;\r\n    font-size: 17px;\r\n}.dimension h2 {\r\n    font-size: 21px;\r\n    font-family: 'Open Sans',sans-serif;\r\n}.dimension p {\r\n    margin: 0px;\r\n}table.watupro-barchart p {\r\n    font-size: 12px;\r\n}.tooltip {\r\n  position: relative;\r\n}\r\n.tooltip:hover .tip {\r\n  opacity: 1;\r\n  visibility: visible;\r\n  margin-left: 0.5rem;\r\n  transition: all 0.35s;\r\n}\r\n.tip {\r\n  opacity: 0;\r\n  visibility: hidden;\r\n  display: block;\r\n  white-space: nowrap;\r\n  position: absolute;\r\n  z-index: 1;\r\n  left: 100%;\r\n  bottom: 50%;\r\n  padding: 1em;\r\n  margin-left: 0;\r\n  margin-top: 0.5rem;\r\n  font-size: 0.8em;\r\n  font-weight: normal;\r\n  background: #34495e;\r\n  border-radius: 1em;\r\n  color: #fff;\r\n  transition: all 0.35s;\r\n}\r\n.tip::before {\r\n  content: '';\r\n  border-style: solid;\r\n  border-width: 0.5rem 0.625rem 0.5rem 0;\r\n  border-color: transparent #34495e transparent transparent;\r\n  position: absolute;\r\n  right: 100%;\r\n  bottom: calc(50% - 0.5rem);\r\n  width: 0;\r\n  height: 0;\r\n}\r\nsup {\r\n  position: relative;\r\n  cursor: pointer;\r\n}\r\nsup span {\r\n  cursor: default;\r\n  background: #ecf0f1;\r\n  border: 0.125rem solid #3498db;\r\n  position: absolute;\r\n  left: -120px;\r\n  right: 0;\r\n  bottom: 100%;\r\n  margin: 0 0 0.7em -1em;\r\n  width: 300px;\r\n  padding: 1em;\r\n  line-height: 1.618em;\r\n  opacity: 0;\r\n  visibility: hidden;\r\n  transition: all 0.35s;\r\n}\r\nsup span::before {\r\n  content: '';\r\n  border-style: solid;\r\n  border-width: 0.7em 0.7em 0 0.7em;\r\n  border-color: #3498db transparent transparent transparent;\r\n  position: absolute;\r\n  left: 129px;\r\n  bottom: -0.7em;\r\n  width: 0;\r\n  height: 0;\r\n}\r\nsup:hover span {\r\n  opacity: 1;\r\n  visibility: visible;\r\n  transition: all 0.35s;\r\n}\r\n.footnotes {\r\n  margin: auto;\r\n}\r\n#footnote:target {\r\n  background: #ecf0f1;\r\n}[role~=listitem] {\r\n    border-top: 0.063rem solid #ccc;\r\n    margin: 20px 0px;\r\n    padding-top: 10px;\r\n}footer ol {\r\n  padding-left: 20px;\r\n}\r\narticle {\r\n  counter-reset: footnotes;\r\n}\r\n[aria-describedby=\"footnote-label\"] {\r\n  counter-increment: footnotes; \/* 1 *\/\r\n  text-decoration: none; \/* 2 *\/\r\n  color: inherit; \/* 2 *\/\r\n  cursor: default; \/* 2 *\/\r\n  outline: none; \/* 2 *\/\r\n}\r\n[aria-describedby=\"footnote-label\"]::after {\r\n  content: '[' counter(footnotes) ']'; \/* 1 *\/\r\n  vertical-align: super; \/* 2 *\/\r\n  font-size: 0.5em; \/* 3 *\/\r\n  margin-left: 2px; \/* 4 *\/\r\n  color: blue; \/* 5 *\/\r\n  text-decoration: underline; \/* 5 *\/\r\n  cursor: pointer; \/* 5 *\/\r\n}\r\n[aria-describedby=\"footnote-label\"]:focus::after {\r\n  outline: thin dotted;\r\n  outline-offset: 2px;\r\n}\r\n[aria-label=\"Back to content\"] {\r\n  font-size: 0.8em;\r\n}\r\nfooter :target {\r\n  background: yellow;\r\n}\r\n.visually-hidden {\r\n  position: absolute;\r\n  clip: rect(0 0 0 0);\r\n  visibility: hidden;\r\n  opacity: 0;\r\n}\r\n<\/style><div class=\"reference-list\"><h3>Refer\u00eancias<\/h3><ol><li id=\"ref-1\">(DNPS-32)- Measuring Subclinical Traits of Narcissistic Personality (Medindo tra\u00e7os subcl\u00ednicos de personalidade narcisista): <a href=\"https:\/\/doi.org\/10.31234\/osf.io\/mfcvp\">https:\/\/doi.org\/10.31234\/osf.io\/mfcvp<\/a> <a href=\"#ref-link-1\" class=\"back-link\" aria-label=\"Voltar ao conte\u00fado\">\u21a9<\/a><\/li><li id=\"ref-2\">Womick, J., Atherton, B., &amp; King, L. A. (2020). Lives of significance (and purpose and coherence): Subclinical narcissism, meaning in life, and subjective well-being (Narcisismo subcl\u00ednico, significado na vida e bem-estar subjetivo). Heliyon, 6(5), e03982. <a href=\"https:\/\/doi.org\/10.1016\/j.heliyon.2020.e03982\">https:\/\/doi.org\/10.1016\/j.heliyon.2020.e03982<\/a> <a href=\"#ref-link-2\" class=\"back-link\" aria-label=\"Voltar ao conte\u00fado\">\u21a9<\/a><\/li><li id=\"ref-3\">Krizan, Z., &amp; Herlache, A. D. (2017). The Narcissism Spectrum Model (O modelo do espectro do narcisismo): A Synthetic View of Narcissistic Personality [Uma vis\u00e3o sint\u00e9tica da personalidade narcisista]. Personality and Social Psychology Review (Revis\u00e3o de Psicologia Social e da Personalidade). <a href=\"https:\/\/doi.org\/10.1177\/1088868316685018\">https:\/\/doi.org\/10.1177\/1088868316685018<\/a> <a href=\"#ref-link-3\" class=\"back-link\" aria-label=\"Voltar ao conte\u00fado\">\u21a9<\/a><\/li><li id=\"ref-4\">Brown, R. P., Budzek, K., &amp; Tamborski, M. (2009). On the Meaning and Measure of Narcissism [Sobre o significado e a medida do narcisismo]. Personality and Social Psychology Bulletin [Boletim de Psicologia Social e da Personalidade]. <a href=\"https:\/\/doi.org\/10.1177\/0146167209335461\">https:\/\/doi.org\/10.1177\/0146167209335461 <\/a> <a href=\"#ref-link-4\" class=\"back-link\" aria-label=\"Voltar ao conte\u00fado\">\u21a9<\/a><\/li><li id=\"ref-5\">Raskin, R., &amp; Novacek, J. (1991). Narcissism and the use of fantasy (Narcisismo e o uso da fantasia). Journal of Clinical Psychology, 47(4), 490-499. <a href=\"https:\/\/psycnet.apa.org\/record\/1991-33202-001\" target=\"_blank\" rel=\"noopener\">https:\/\/psycnet.apa.org\/record\/1991-33202-001<\/a> <a href=\"#ref-link-5\" class=\"back-link\" aria-label=\"Voltar ao conte\u00fado\">\u21a9<\/a><\/li><li id=\"ref-6\">Krizan, Z., &amp; Johar, O. (2012). Envy Divides the Two Faces of Narcissism (A inveja divide as duas faces do narcisismo). Journal of Personality, 80(5), 1415-1451. <a href=\"https:\/\/doi.org\/10.1111\/j.1467-6494.2012.00767.x\" target=\"_blank\" rel=\"noopener\">https:\/\/doi.org\/10.1111\/j.1467-6494.2012.00767.x<\/a> <a href=\"#ref-link-6\" class=\"back-link\" aria-label=\"Voltar ao conte\u00fado\">\u21a9<\/a><\/li><\/ol><\/div>","protected":false},"excerpt":{"rendered":"O Teste de Personalidade Narcisista \u00e9 uma adapta\u00e7\u00e3o digital da Escala de Personalidade Narcisista Deenz (DNPS-32) usada para medir 8 tra\u00e7os subcl\u00ednicos da Personalidade Narcisista - Grandiosidade, Fantasia, Especialidade, Direito, Explora\u00e7\u00e3o, Falta de empatia, Inveja e Arrog\u00e2ncia. Ao avaliar esses tra\u00e7os subcl\u00ednicos, a escala tamb\u00e9m tenta determinar se uma pessoa pode se inclinar para o Transtorno de Personalidade Narcisista.","protected":false},"author":1,"featured_media":5835,"parent":0,"menu_order":0,"comment_status":"closed","ping_status":"closed","template":"","meta":{"inline_featured_image":false,"footnotes":""},"categories":[5],"class_list":["post-4177","page","type-page","status-publish","has-post-thumbnail","hentry","category-personality-assessments"],"lang":"en","translations":{"en":4177},"_links":{"self":[{"href":"https:\/\/drdeenz.com\/pt\/wp-json\/wp\/v2\/pages\/4177","targetHints":{"allow":["GET"]}}],"collection":[{"href":"https:\/\/drdeenz.com\/pt\/wp-json\/wp\/v2\/pages"}],"about":[{"href":"https:\/\/drdeenz.com\/pt\/wp-json\/wp\/v2\/types\/page"}],"author":[{"embeddable":true,"href":"https:\/\/drdeenz.com\/pt\/wp-json\/wp\/v2\/users\/1"}],"replies":[{"embeddable":true,"href":"https:\/\/drdeenz.com\/pt\/wp-json\/wp\/v2\/comments?post=4177"}],"version-history":[{"count":4,"href":"https:\/\/drdeenz.com\/pt\/wp-json\/wp\/v2\/pages\/4177\/revisions"}],"predecessor-version":[{"id":5840,"href":"https:\/\/drdeenz.com\/pt\/wp-json\/wp\/v2\/pages\/4177\/revisions\/5840"}],"wp:featuredmedia":[{"embeddable":true,"href":"https:\/\/drdeenz.com\/pt\/wp-json\/wp\/v2\/media\/5835"}],"wp:attachment":[{"href":"https:\/\/drdeenz.com\/pt\/wp-json\/wp\/v2\/media?parent=4177"}],"wp:term":[{"taxonomy":"category","embeddable":true,"href":"https:\/\/drdeenz.com\/pt\/wp-json\/wp\/v2\/categories?post=4177"}],"curies":[{"name":"wp","href":"https:\/\/api.w.org\/{rel}","templated":true}]}}