{"id":4147,"date":"2024-02-08T03:45:33","date_gmt":"2024-02-08T03:45:33","guid":{"rendered":"https:\/\/drdeenz.com\/?p=4147"},"modified":"2025-10-25T12:37:10","modified_gmt":"2025-10-25T12:37:10","slug":"teste-de-raiva","status":"publish","type":"page","link":"https:\/\/drdeenz.com\/pt\/teste-de-raiva\/","title":{"rendered":"Teste de Raiva"},"content":{"rendered":"<p>Este question\u00e1rio \u00e9 uma vers\u00e3o interativa da Escala de Resposta \u00e0 Raiva de Deenz (DARS-24) usada para avaliar v\u00e1rias dimens\u00f5es da raiva, avaliando comportamentos e atitudes. O question\u00e1rio \u00e9 desenvolvido com refer\u00eancia a (DAR-5), <sup id=\"ref-link-1\"><a href=\"#ref-1\">[1]<\/a><\/sup> que \u00e9 uma breve medida para a raiva multidimensional e \u00e9 o trabalho de Alessandra C. Goulart e outros. (DARS-24) \u00c9 desenvolvido por Drdeenz e n\u00e3o est\u00e1 associado a nenhuma pesquisa ou (DAR-5).  A raiva \u00e9 uma resposta natural a uma amea\u00e7a, dor ou provoca\u00e7\u00e3o e desempenha um papel importante em nossas vidas. Ao longo dos anos, nossa compreens\u00e3o de como os indiv\u00edduos normalmente respondem e gerenciam sua raiva evoluiu. Todo mundo \u00e9 diferente; as pessoas se expressam e reagem em uma situa\u00e7\u00e3o que desencadeia a raiva de forma diferente. Algu\u00e9m pode expressar comportamento passivo-agressivo para expressar raiva indiretamente ou internalizar, enquanto outros podem se tornar agressivos e perder o controle durante as discuss\u00f5es. <sup id=\"ref-link-2\"><a href=\"#ref-2\">[2]<\/a><\/sup> Medir esses padr\u00f5es nos ajuda a entender como um indiv\u00edduo reage a situa\u00e7\u00f5es que podem desencadear raiva.<\/p>\r\n\r\n<p>O principal objetivo da Escala de Resposta \u00e0 Raiva de Deenz (DARS-24) \u00e9 medir a inclina\u00e7\u00e3o para quest\u00f5es de raiva, avaliando os comportamentos e atitudes. Abaixo est\u00e3o os principais tra\u00e7os ou facetas de quest\u00f5es de raiva que este question\u00e1rio tenta avaliar. Depois de completar o question\u00e1rio, voc\u00ea ser\u00e1 apresentado com as pontua\u00e7\u00f5es relacionadas a esses dom\u00ednios em um gr\u00e1fico.<\/p>\r\n<p style=\"background: #ffc6ba;padding: 5px;\"><strong>Culpa:<\/strong> Culpar os outros \u00e9 a principal caracter\u00edstica dos problemas de raiva, e tamb\u00e9m \u00e9 a principal causa da raiva do tigre. Uma pessoa com problemas de raiva sempre culpa os outros por seus erros. Se voc\u00ea pontuou alto nesse tra\u00e7o, ent\u00e3o isso significa que voc\u00ea culpa os outros por evitar a responsabilidade, e \u00e9 uma resposta natural quando voc\u00ea se sente amea\u00e7ado em uma situa\u00e7\u00e3o onde voc\u00ea se sente inseguro e vulner\u00e1vel. <\/p>\r\n<p style=\"background: #00bcd4;padding: 5px;\"><strong>Impaci\u00eancia:<\/strong> \u00c9 normal sentir-se frustrado quando as coisas n\u00e3o funcionam. Uma pessoa que carece de paci\u00eancia vai sentir frustra\u00e7\u00e3o como \u00e9 natural, e depende se ele ir\u00e1 internaliz\u00e1-lo ou externaliz\u00e1-lo. Uma pessoa que se sente frustrada quando as coisas n\u00e3o est\u00e3o funcionando como esperado pode tomar decis\u00f5es impulsivas como um mecanismo de enfrentamento.  <\/p>\r\n<p style=\"background: #a3b0d7;padding: 5px;\"><strong>Defensividade:<\/strong> Nos sentimos defensivos em situa\u00e7\u00f5es onde nos sentimos amea\u00e7ados, e isso \u00e9 normal. Uma pessoa com problemas de gest\u00e3o da raiva tende a se tornar agressiva e defensiva em conflitos ou quando ele n\u00e3o concorda com as coisas que n\u00e3o s\u00e3o favor\u00e1veis. Ele pode reagir agressivamente e rapidamente sem pensar em consequ\u00eancias para se proteger de amea\u00e7as ou cr\u00edticas percebidas.<sup id=\"ref-link-3\"><a href=\"#ref-3\">[3]<\/a><\/sup> <\/p>\r\n<p style=\"background: #80cac7;padding: 5px;\"><strong>Agress\u00e3o passiva:<\/strong> Algumas pessoas internalizam a frustra\u00e7\u00e3o e expressam-na mais tarde de formas sutis. Uma pessoa que evita o conflito imediato tende a internalizar e usar t\u00e1ticas passivo-agressivas, como o sil\u00eancio e o sarcasmo. Estes comportamentos passivo-agressivos est\u00e3o muitas vezes ligados a problemas de gest\u00e3o da raiva. <\/p>\r\n<p style=\"background: #FF9900;padding: 5px;\"><strong>Escalonamento:<\/strong> Algumas pessoas evitam a a\u00e7\u00e3o imediata ou rea\u00e7\u00e3o \u00e0 raiva quando os conflitos ocorrem, mas se a mesma situa\u00e7\u00e3o ocorre outra vez, ela pode se tornar muito intensa e quente. Uma pessoa que luta para regular a raiva tende a escalar rapidamente. Para algumas pessoas, um pequeno argumento pode se transformar em uma grande briga, o que indica que pode haver problemas com o gerenciamento da raiva. <\/p>\r\n<p style=\"background: #bce889;padding: 5px;\"><strong>Vingan\u00e7a:<\/strong> Pensar em vingan\u00e7a \u00e9 uma coisa natural que geralmente ocorre quando algu\u00e9m faz algo ruim. O desejo de vingan\u00e7a pode ser prejudicial, mas uma pessoa normal pode esquec\u00ea-lo com o tempo. As pessoas com problemas de raiva n\u00e3o podem perdoar e n\u00e3o podem esquecer eventos passados. <\/p>\r\n<p style=\"background: #00ff10;padding: 5px;\"><strong>Intimida\u00e7\u00e3o:<\/strong> As pessoas com problemas de controle da raiva geralmente os utilizam para controlar ou manipular os outros.  Elas podem usar comportamentos agressivos para afirmar seu poder sobre os outros. Do ponto de vista psicol\u00f3gico, \u00e9 um mecanismo de enfrentamento mal-adaptativo. <\/p>\r\n<style>[role~=listitem] {\r\n    border-top: 0.063rem solid #ccc;\r\n    margin: 20px 0px;\r\n    padding-top: 10px;\r\n}\r\n.scale-label {\r\n    margin: 0px 10px;\r\n    font-weight: bold;\r\n}.slider-container {\r\n    display: inline-flex;\r\n}\r\n    .watupro-slider {\r\n      position: relative;\r\n      width: 80%;\r\n      margin: 20px auto;\r\n    }\r\n.question-content p {\r\n    margin-bottom: 30px!important;\r\nfont-size: 22px;\r\n}\r\n .watupro-slider::before,\r\n    .watupro-slider::after {\r\n      content: '';\r\n      position: absolute;\r\n      top: 0;\r\n      bottom: 0;\r\n      width: 1px;\r\n      background-color: black;\r\n    }\r\n    .watupro-slider::before {\r\n      left: 25%;\r\n    }\r\n\r\n    .watupro-slider::after {\r\n      left: 75%;\r\n    }\r\n    .watupro-slider::after {\r\n      right: 0;\r\n    }\r\n    .watupro-slider {\r\n      width: 100%;\r\n      height: 10px;\r\n      background: linear-gradient(to right, #ff7675 50%, #55efc4 50%)!important; \r\n      border-radius: 5px!important;\r\n      position: relative;\r\nwidth: 300px;\r\n    margin: auto;\r\n    }\r\n    .ui-slider-handle {\r\n      position: absolute;\r\n      width: 20px;\r\n      height: 20px;\r\n      background-color: white;\r\n      border: 2px solid #3498db; \/* Set the color of the handle border *\/\r\n      border-radius: 50%;\r\n      top: 50%!important;\r\n      transform: translateY(-50%);\r\n      cursor: grab;\r\nheight: 1em!important;\r\n    }\r\n    .ui-slider-handle:hover {\r\n      cursor: grabbing;\r\n    }\r\nfooter {\r\n  margin-top: 50px;\r\n  border-top: 1px solid silver;\r\n  font-size: 0.8em;\r\n}\r\nfooter ol {\r\n  padding-left: 20px;\r\n}\r\narticle {\r\n  counter-reset: footnotes;\r\n}\r\n[aria-describedby=\"footnote-label\"] {\r\n  counter-increment: footnotes; \/* 1 *\/\r\n  text-decoration: none; \/* 2 *\/\r\n  color: inherit; \/* 2 *\/\r\n  cursor: default; \/* 2 *\/\r\n  outline: none; \/* 2 *\/\r\n}\r\n[aria-describedby=\"footnote-label\"]::after {\r\n  content: '[' counter(footnotes) ']'; \/* 1 *\/\r\n  vertical-align: super; \/* 2 *\/\r\n  font-size: 0.5em; \/* 3 *\/\r\n  margin-left: 2px; \/* 4 *\/\r\n  color: blue; \/* 5 *\/\r\n  text-decoration: underline; \/* 5 *\/\r\n  cursor: pointer; \/* 5 *\/\r\n}\r\n[aria-describedby=\"footnote-label\"]:focus::after {\r\n  outline: thin dotted;\r\n  outline-offset: 2px;\r\n}\r\n[aria-label=\"Back to content\"] {\r\n  font-size: 0.8em;\r\n}\r\nfooter :target {\r\n  background: yellow;\r\n}\r\n.visually-hidden {\r\n  position: absolute;\r\n  clip: rect(0 0 0 0);\r\n  visibility: hidden;\r\n  opacity: 0;\r\n}\r\n @media (max-width: 500px) {\r\n.watu-question .question-content {\r\n    margin: 0 auto 1.75em 0;\r\n}.slider-container {\r\n    position: relative;\r\n}.scale-label {\r\nmargin: 0px;\r\n    font-weight: 700;\r\n    font-family: 'Open Sans',Helvetica,Arial,sans-serif;\r\n    position: absolute;\r\n    bottom: -36px;\r\n}.scale-label.disagree {\r\n    left: 0;\r\n}.scale-label.agree {\r\n    right: 0;\r\n}}\r\n  .langs a img {\r\n    height: 48px;\r\n    width: 48px;\r\n}.langs {\r\n    background: #e7f5f7;\r\n    border-radius: 10px;\r\n    padding: 0 13px;\r\n}.langs a {\r\n    text-decoration: none;\r\n    display: inline-block;\r\n    margin-right: 10px;\r\n}td {\r\n    padding: 0.3rem;\r\n}<\/style><div class=\"reference-list\"><h3>Refer\u00eancias<\/h3><ol><li id=\"ref-1\">Goulart, A. C., Bismarchi, D., Rienzo, M., Syllos, D. H., &amp; Wang, Y. P. (2020). Dimens\u00f5es das rea\u00e7\u00f5es de raiva (DAR-5): uma ferramenta \u00fatil para o rastreamento da raiva na popula\u00e7\u00e3o em geral. International Journal of Psychiatry in Clinical Practice, 25(4), 421-429. <a href=\"https:\/\/doi.org\/10.1080\/13651501.2020.1821893\">https:\/\/doi.org\/10.1080\/13651501.2020.1821893<\/a> <a href=\"#ref-link-1\" class=\"back-link\" aria-label=\"Voltar ao conte\u00fado\">\u21a9<\/a><\/li><li id=\"ref-2\">Fettich, K. C., McCloskey, M. S., Look, A. E., &amp; Coccaro, E. F. (2014). Deficits de regula\u00e7\u00e3o da emo\u00e7\u00e3o em desordem explosiva intermitente. Comportamento agressivo, 41(1), 25-33. <a href=\"https:\/\/doi.org\/10.1002\/ab.21566\">https:\/\/doi.org\/10.1002\/ab.21566<\/a> <a href=\"#ref-link-2\" class=\"back-link\" aria-label=\"Voltar ao conte\u00fado\">\u21a9<\/a><\/li><li id=\"ref-3\">Deffenbacher, J. L., Oetting, E. R., Lynch, R. S., &amp; Morris, C. D. (1996). A express\u00e3o da raiva e suas consequ\u00eancias. Comportamento, Pesquisa e Terapia, 34(7), 575-590. <a href=\"https:\/\/doi.org\/10.1016\/0005-7967(96)00018-6\">https:\/\/doi.org\/10.1016\/0005-7967(96)00018-6<\/a> <a href=\"#ref-link-3\" class=\"back-link\" aria-label=\"Voltar ao conte\u00fado\">\u21a9<\/a><\/li><\/ol><\/div>","protected":false},"excerpt":{"rendered":"O teste de raiva, adaptado da Escala de Resposta \u00e0 Raiva Deenz (DARI-24), ajuda a entender as atitudes e os comportamentos relacionados \u00e0 raiva. Ele se concentra em oito \u00e1reas-chave frequentemente associadas a problemas de controle da raiva - Culpa, Impaci\u00eancia, Defensividade, Comportamentos passivo-agressivos, Escalada, Vingan\u00e7a e Intimida\u00e7\u00e3o.","protected":false},"author":1,"featured_media":5799,"parent":0,"menu_order":0,"comment_status":"closed","ping_status":"closed","template":"","meta":{"inline_featured_image":false,"footnotes":""},"categories":[14],"class_list":["post-4147","page","type-page","status-publish","has-post-thumbnail","hentry","category-anger-management"],"lang":"en","translations":{"en":4147},"_links":{"self":[{"href":"https:\/\/drdeenz.com\/pt\/wp-json\/wp\/v2\/pages\/4147","targetHints":{"allow":["GET"]}}],"collection":[{"href":"https:\/\/drdeenz.com\/pt\/wp-json\/wp\/v2\/pages"}],"about":[{"href":"https:\/\/drdeenz.com\/pt\/wp-json\/wp\/v2\/types\/page"}],"author":[{"embeddable":true,"href":"https:\/\/drdeenz.com\/pt\/wp-json\/wp\/v2\/users\/1"}],"replies":[{"embeddable":true,"href":"https:\/\/drdeenz.com\/pt\/wp-json\/wp\/v2\/comments?post=4147"}],"version-history":[{"count":4,"href":"https:\/\/drdeenz.com\/pt\/wp-json\/wp\/v2\/pages\/4147\/revisions"}],"predecessor-version":[{"id":5790,"href":"https:\/\/drdeenz.com\/pt\/wp-json\/wp\/v2\/pages\/4147\/revisions\/5790"}],"wp:featuredmedia":[{"embeddable":true,"href":"https:\/\/drdeenz.com\/pt\/wp-json\/wp\/v2\/media\/5799"}],"wp:attachment":[{"href":"https:\/\/drdeenz.com\/pt\/wp-json\/wp\/v2\/media?parent=4147"}],"wp:term":[{"taxonomy":"category","embeddable":true,"href":"https:\/\/drdeenz.com\/pt\/wp-json\/wp\/v2\/categories?post=4147"}],"curies":[{"name":"wp","href":"https:\/\/api.w.org\/{rel}","templated":true}]}}