{"id":41,"date":"2023-02-05T04:03:49","date_gmt":"2023-02-05T04:03:49","guid":{"rendered":"https:\/\/drdeenz.com\/?p=41"},"modified":"2025-11-03T14:46:21","modified_gmt":"2025-11-03T14:46:21","slug":"teste-suicida-eu-sou-suicida","status":"publish","type":"page","link":"https:\/\/drdeenz.com\/pt\/teste-suicida-eu-sou-suicida\/","title":{"rendered":"Teste de Suic\u00eddio - Estou Suicida?"},"content":{"rendered":"<p><strong>Este teste\/question\u00e1rio \u00e9 uma vers\u00e3o interativa de <\/strong><strong>Escala de Tend\u00eancia Suicida Deenz (DSTS-25)<\/strong> <sup id=\"ref-link-1\"><a href=\"#ref-1\">[1]<\/a><\/sup> projetada para medir as tend\u00eancias suicidas. A escala tenta avaliar cinco dimens\u00f5es principais das tend\u00eancias suicidas: <strong>Desesperan\u00e7a, desamparo, inutilidade, percep\u00e7\u00e3o de fardo e desejo de escapar da dor<\/strong>. Este teste\/question\u00e1rio sobre suic\u00eddio n\u00e3o se destina ao autodiagn\u00f3stico e n\u00e3o substitui o diagn\u00f3stico profissional. Se voc\u00ea ou algu\u00e9m que voc\u00ea conhece estiver tendo pensamentos suicidas, procure ajuda imediatamente.\r\n<\/p>\r\n<p>Ao longo dos anos, nossa compreens\u00e3o das tend\u00eancias suicidas evoluiu. A psicologia moderna enfatiza o estudo das caracter\u00edsticas suicidas por meio da avalia\u00e7\u00e3o de fatores multidimensionais. <strong>Os psic\u00f3logos acreditam que os pensamentos suicidas geralmente surgem em resposta \u00e0 dor emocional e a um forte sentimento de desesperan\u00e7a.<\/strong> <sup id=\"ref-link-2\"><a href=\"#ref-2\">[2]<\/a><\/sup> N\u00e3o \u00e9 necess\u00e1rio que os indiv\u00edduos com pensamentos suicidas s\u00f3 possam manifestar sinais cl\u00ednicos de <a href=\"https:\/\/drdeenz.com\/pt\/teste-de-depressao-agitada\/\">depress\u00e3o<\/a>. Algumas pessoas tentam esconder suas <a href=\"https:\/\/drdeenz.com\/pt\/teste-de-abuso-emocional\/\">lutas emocionais<\/a>. <strong>As tend\u00eancias suicidas podem resultar de v\u00e1rios fatores, incluindo quest\u00f5es sociais, econ\u00f4micas e interpessoais.<\/strong> <sup id=\"ref-link-3\"><a href=\"#ref-3\">[3]<\/a><\/sup><\/p>\r\n<p>Escala de Tend\u00eancia Suicida Deenz (DSTS-25), o principal objetivo da escala \u00e9 medir tend\u00eancias suicidas e verificar se um indiv\u00edduo pode ou n\u00e3o ter tra\u00e7os de depress\u00e3o. Em um estudo de caso, a escala demonstrou precis\u00e3o na medi\u00e7\u00e3o da gravidade e dos fatores de risco associados a experi\u00eancias e comportamentos emocionais intensos.<\/p>\r\n<p>Ter pensamentos suicidas n\u00e3o \u00e9 uma condi\u00e7\u00e3o de sa\u00fade mental em si, mas pode ser um sintoma grave de qualquer condi\u00e7\u00e3o de sa\u00fade mental trat\u00e1vel, como <strong>depress\u00e3o, esquizofrenia e <a href=\"https:\/\/drdeenz.com\/pt\/categoria\/transtorno-de-ansiedade\/\">transtornos de ansiedade<\/a><\/strong>etc. <sup id=\"ref-link-4\"><a href=\"#ref-4\">[4]<\/a><\/sup><\/p>\r\n\r\n<p><strong>Os question\u00e1rios e testes on-line n\u00e3o s\u00e3o considerados precisos.<\/strong> Este teste self-assessment n\u00e3o foi elaborado para fornecer qualquer tipo de orienta\u00e7\u00e3o m\u00e9dica, <strong>as informa\u00e7\u00f5es fornecidas destinam-se apenas a fins educacionais<\/strong>. Em 2019, o suic\u00eddio foi a 10\u00aa principal causa de morte e estima-se que 800.000 pessoas em todo o mundo cometam suic\u00eddio todos os anos. A ajuda e o apoio profissional precoce podem impedir que as pessoas tirem suas vidas. <sup id=\"ref-link-5\"><a href=\"#ref-5\">[5]<\/a><\/sup> Este teste de autoavalia\u00e7\u00e3o suicida- pode ser \u00fatil e ser o primeiro passo para obter ajuda profissional. Uma pontua\u00e7\u00e3o alta n\u00e3o significa necessariamente que voc\u00ea possa ter sintomas depressivos.<\/p>\r\n<style>.baseline {\r\n    bottom: 87px;\r\n}.bar {\r\n    max-width: 55%;\r\n}.bar-label {\r\n    flex-direction: column;\r\n}.chart-container::before {\r\n    background-image: linear-gradient(to top, #ddd 1px, transparent 1px);\r\n    background-size: 100% 20%;\r\n    height: 154px;\r\n}.bar-container {\r\n    height: 218px;\r\n}<\/style>\r\n<style>\r\n.watupro-question-choice label {\r\n    display: block!important;;\r\n    width: 100%;\r\n    white-space: normal;        \/* allow text to wrap *\/\r\n    word-wrap: break-word;      \/* break long words if needed *\/\r\n    overflow-wrap: break-word;\r\n}.quiz-form label {\r\n    max-width: none!important;\r\n}\r\nsup {\r\n  cursor: pointer;\r\n}\r\nsup span {\r\n  cursor: default;\r\n  background: #ecf0f1;\r\n  border: 0.125rem solid #3498db;\r\n  position: absolute;\r\n  left: -120px;\r\n  right: 0;\r\n  bottom: 100%;\r\n  margin: 0 0 0.7em -1em;\r\n  width: 300px;\r\n  padding: 1em;\r\n  line-height: 1.618em;\r\n  opacity: 0;\r\n  visibility: hidden;\r\n  transition: all 0.35s;\r\n}\r\nsup span::before {\r\n  content: '';\r\n  border-style: solid;\r\n  border-width: 0.7em 0.7em 0 0.7em;\r\n  border-color: #3498db transparent transparent transparent;\r\n  position: absolute;\r\n  bottom: -0.7em;\r\n  width: 0;\r\n  height: 0;\r\n}\r\nsup:hover span {\r\n  opacity: 1;\r\n  visibility: visible;\r\n  transition: all 0.35s;\r\n} .langs a img {\r\n    height: 48px;\r\n    width: 48px;\r\n}.langs {\r\n    background: #e7f5f7;\r\n    border-radius: 10px;\r\n    padding: 0 13px;\r\n}.langs a {\r\n    text-decoration: none;\r\n    display: inline-block;\r\n    margin-right: 10px;\r\n}<\/style><style>[role~=listitem] {\r\n    border-top: 0.063rem solid #ccc;\r\n    margin: 20px 0px;\r\n    padding-top: 10px;\r\n}.question-content {\r\n    font-size: 24px;\r\n}.question-choices.watupro-choices-columns {\r\n    list-style: none;\r\n    width: 100%;\r\n    max-width: 600px;\r\n    margin: auto;\r\n    display: block;\r\nfloat: none;\r\n}\r\n.question-choices.watupro-choices-columns:before {\r\n    content: '';\r\n    position: relative;\r\n    top: 40px;\r\n    left: 12.5%;\r\n    display: block;\r\n    background-color: #fff;\r\n    height: 4px;\r\n    width: 78%;\r\n}\r\n.watupro-question-choice {\r\n    display: inline-block!important;\r\n    width: 19%;\r\n    text-align: center;\r\n    vertical-align: top;\r\n}\r\n.watupro-question-choice input[type=radio] {\r\n    display: block;\r\n    position: relative;\r\n    top: 0;\r\n    left: 50%;\r\n    margin-left: -6px!important;\r\n    width: 25px;\r\n    height: 25px;\r\n}\r\n.quiz-form label {width:100%;}\r\n@media only screen and (max-width: 484px) {.quiz-form label {width:100%;font-size: 9px!important;})<\/style><div class=\"reference-list\"><h3>Refer\u00eancias<\/h3><ol><li id=\"ref-1\">Deen Mohd Dar. Development and Validation of the Deenz Suicidal Tendency Scale (DSTS-24) in a College Student Population (Desenvolvimento e valida\u00e7\u00e3o da escala de tend\u00eancia suicida Deenz (DSTS-24) em uma popula\u00e7\u00e3o de estudantes universit\u00e1rios): A Comprehensive Psychometric Evaluation. ScienceOpen Preprints. 2024. <a href=\"https:\/\/doi.org\/10.14293\/pr2199.000816.v1\">DOI: 10.14293\/PR2199.000816.v1<\/a> <a href=\"#ref-link-1\" class=\"back-link\" aria-label=\"Voltar ao conte\u00fado\">\u21a9<\/a><\/li><li id=\"ref-2\">Kleiman, E. M., &amp; Nock, M. K. (2018). Real-time assessment of suicidal thoughts and behaviors (Avalia\u00e7\u00e3o em tempo real de pensamentos e comportamentos suicidas). Opini\u00e3o atual em psicologia, 22, 33-37. <a href=\"https:\/\/doi.org\/10.1016\/j.copsyc.2017.07.026\">https:\/\/doi.org\/10.1016\/j.copsyc.2017.07.026<\/a> <a href=\"#ref-link-2\" class=\"back-link\" aria-label=\"Voltar ao conte\u00fado\">\u21a9<\/a><\/li><li id=\"ref-3\">Hom MA, Stanley IH \"Voc\u00ea est\u00e1 pensando em suic\u00eddio?\" Examinando experi\u00eancias com a revela\u00e7\u00e3o e nega\u00e7\u00e3o de idea\u00e7\u00e3o suicida. <a href=\"https:\/\/doi.org\/10.1002\/jclp.22440\">https:\/\/doi.org\/10.1002\/jclp.22440<\/a> <a href=\"#ref-link-3\" class=\"back-link\" aria-label=\"Voltar ao conte\u00fado\">\u21a9<\/a><\/li><li id=\"ref-4\">Nyer e outros \"Factors that distinguish college students with depressive symptoms with and without suicidal thoughts\" (Fatores que diferenciam estudantes universit\u00e1rios com sintomas depressivos com e sem pensamentos suicidas). <a href=\"https:\/\/www.ncbi.nlm.nih.gov\/pmc\/articles\/PMC3791316\/\">https:\/\/www.ncbi.nlm.nih.gov\/pmc\/articles\/PMC3791316\/<\/a> <a href=\"#ref-link-4\" class=\"back-link\" aria-label=\"Voltar ao conte\u00fado\">\u21a9<\/a><\/li><li id=\"ref-5\">Suic\u00eddio - Uma vis\u00e3o geral das estat\u00edsticas de suic\u00eddio. <a href=\"https:\/\/www.nimh.nih.gov\/health\/statistics\/suicide\">https:\/\/www.nimh.nih.gov\/health\/statistics\/suicide<\/a> <a href=\"#ref-link-5\" class=\"back-link\" aria-label=\"Voltar ao conte\u00fado\">\u21a9<\/a><\/li><\/ol><\/div>","protected":false},"excerpt":{"rendered":"O teste Suicidal \u00e9 a adapta\u00e7\u00e3o digital da Escala de Tend\u00eancia Suicida Deenz (DSTS-24), projetada para medir a probabilidade de manifesta\u00e7\u00e3o de tend\u00eancias ao suic\u00eddio.","protected":false},"author":1,"featured_media":1266,"parent":0,"menu_order":0,"comment_status":"closed","ping_status":"closed","template":"","meta":{"inline_featured_image":false,"footnotes":""},"categories":[3],"class_list":["post-41","page","type-page","status-publish","has-post-thumbnail","hentry","category-depression"],"lang":"en","translations":{"en":41},"_links":{"self":[{"href":"https:\/\/drdeenz.com\/pt\/wp-json\/wp\/v2\/pages\/41","targetHints":{"allow":["GET"]}}],"collection":[{"href":"https:\/\/drdeenz.com\/pt\/wp-json\/wp\/v2\/pages"}],"about":[{"href":"https:\/\/drdeenz.com\/pt\/wp-json\/wp\/v2\/types\/page"}],"author":[{"embeddable":true,"href":"https:\/\/drdeenz.com\/pt\/wp-json\/wp\/v2\/users\/1"}],"replies":[{"embeddable":true,"href":"https:\/\/drdeenz.com\/pt\/wp-json\/wp\/v2\/comments?post=41"}],"version-history":[{"count":4,"href":"https:\/\/drdeenz.com\/pt\/wp-json\/wp\/v2\/pages\/41\/revisions"}],"predecessor-version":[{"id":5873,"href":"https:\/\/drdeenz.com\/pt\/wp-json\/wp\/v2\/pages\/41\/revisions\/5873"}],"wp:featuredmedia":[{"embeddable":true,"href":"https:\/\/drdeenz.com\/pt\/wp-json\/wp\/v2\/media\/1266"}],"wp:attachment":[{"href":"https:\/\/drdeenz.com\/pt\/wp-json\/wp\/v2\/media?parent=41"}],"wp:term":[{"taxonomy":"category","embeddable":true,"href":"https:\/\/drdeenz.com\/pt\/wp-json\/wp\/v2\/categories?post=41"}],"curies":[{"name":"wp","href":"https:\/\/api.w.org\/{rel}","templated":true}]}}