{"id":400,"date":"2023-07-04T02:50:29","date_gmt":"2023-07-04T02:50:29","guid":{"rendered":"https:\/\/drdeenz.com\/?p=400"},"modified":"2025-11-05T15:56:20","modified_gmt":"2025-11-05T15:56:20","slug":"teste-de-disforia-de-genero","status":"publish","type":"page","link":"https:\/\/drdeenz.com\/pt\/teste-de-disforia-de-genero\/","title":{"rendered":"Teste de disforia de g\u00eanero"},"content":{"rendered":"<p><em>Escala de disforia de g\u00eanero Deenz (DGDS-25) <sup id=\"ref-link-1\"><a href=\"#ref-1\">[1]<\/a><\/sup> foi criado para medir as tend\u00eancias de tra\u00e7os subcl\u00ednicos de disforia de g\u00eanero. Essa ferramenta n\u00e3o foi criada para fazer o autodiagn\u00f3stico de disforia de g\u00eanero. A participa\u00e7\u00e3o neste question\u00e1rio \u00e9 totalmente an\u00f4nima, e os resultados fornecidos destinam-se exclusivamente a fins educacionais. N\u00e3o os armazenamos nem os usamos para fins de pesquisa. <\/em><\/p>\r\n<p>O termo <strong>transtorno de identidade de g\u00eanero<\/strong> \u00e9 agora substitu\u00eddo por <strong>disforia de g\u00eanero<\/strong> na quinta edi\u00e7\u00e3o (DSM-5) publicada pela Associa\u00e7\u00e3o Americana de Psiquiatria. A disforia de g\u00eanero \u00e9 a experi\u00eancia de <strong>sofrimento causado por identidade de g\u00eanero emocional ou psicol\u00f3gica<\/strong> que n\u00e3o se alinha com o sexo atribu\u00eddo no nascimento. A disforia de g\u00eanero pode afetar significativamente v\u00e1rios aspectos da vida. <sup id=\"ref-link-2\"><a href=\"#ref-2\">[2]<\/a><\/sup> Uma pessoa com disforia de g\u00eanero pode enfrentar desafios emocionais, sociais e de relacionamento interpessoal, afetando profundamente seu bem-estar mental e geral.<\/p>\r\n\r\n<p>A Escala de Disforia de G\u00eanero Deenz (DGDS-25) \u00e9 usada para acessar <strong>insatisfa\u00e7\u00e3o com a identidade de g\u00eanero, express\u00f5es e ang\u00fastia<\/strong>. Ele tamb\u00e9m avalia seu comportamento para medir o impacto da ang\u00fastia e do desconforto em v\u00e1rios dom\u00ednios da vida.<\/p>\r\n\r\n<h2>Deenz Escala de disforia de g\u00eanero (DGDS-26)<\/h2>\r\n\r\n<p>Ao longo dos anos, houve muito debate e cr\u00edticas, o que levou a uma mudan\u00e7a nas classifica\u00e7\u00f5es, perspectivas e compreens\u00e3o das ang\u00fastias e desconfortos relacionados ao g\u00eanero. <strong>Devido \u00e0 falta de conscientiza\u00e7\u00e3o, as pessoas que sentem ang\u00fastia e desconforto devido a identidades de g\u00eanero alinhadas n\u00e3o procuram ajuda profissional.<\/strong> <sup id=\"ref-link-3\"><a href=\"#ref-3\">[3]<\/a><\/sup><\/p>\r\n\r\n<p>O desenvolvimento inicial do question\u00e1rio de 25 itens foi influenciado por pesquisas em andamento e mudou o foco do transtorno de identidade de g\u00eanero para entender a ang\u00fastia e o bem-estar relacionados ao g\u00eanero. <sup id=\"ref-link-4\"><a href=\"#ref-4\">[4]<\/a><\/sup> <\/p>\r\n\r\n<p>Os itens da escala foram gerados utilizando-se as revis\u00f5es de palestras e consultando os crit\u00e9rios do DSM-IV para fazer o diagn\u00f3stico. <strong>O desenvolvimento inicial foi baseado em 54 itens e, na fase de teste piloto, os itens da escala foram reduzidos para 25.<\/strong> A realiza\u00e7\u00e3o de um estudo de caso sobre a valida\u00e7\u00e3o da escala n\u00e3o foi poss\u00edvel no momento porque a realiza\u00e7\u00e3o do estudo na popula\u00e7\u00e3o geral n\u00e3o atende ao objetivo da escala. O estudo de caso eficaz exigir\u00e1 um grande grupo de pessoas que talvez j\u00e1 tenham experimentado os sintomas relacionados \u00e0 ang\u00fastia de g\u00eanero nos relacionamentos sociais e interpessoais. <strong>Os resultados do teste piloto sugerem resultados promissores de consist\u00eancia interna e confiabilidade da escala.<\/strong> Outras pesquisas devem se concentrar na valida\u00e7\u00e3o da escala em um grande grupo de pessoas de v\u00e1rias identidades de g\u00eanero e origens culturais. <\/p>\r\n<style>.baseline {\r\n    bottom: 87px;\r\n}.bar {\r\n    max-width: 55%;\r\n}.bar-label {\r\n    flex-direction: column;\r\n}.chart-container::before {\r\n    background-image: linear-gradient(to top, #ddd 1px, transparent 1px);\r\n    background-size: 100% 20%;\r\n    height: 154px;\r\n}.bar-container {\r\n    height: 218px;\r\n}<\/style><div class=\"reference-list\"><h3>Refer\u00eancias<\/h3><ol><li id=\"ref-1\">Deen Mohd Dar. Valida\u00e7\u00e3o e propriedades psicom\u00e9tricas da escala de disforia de g\u00eanero Deenz (DGDS-25): A Comprehensive Assessment Tool for Gender Dysphoria Tendencies (Uma ferramenta de avalia\u00e7\u00e3o abrangente para tend\u00eancias de disforia de g\u00eanero). Preprint: <a href=\"https:\/\/doi.org\/10.22541\/au.170870547.77564839\/v1\">https:\/\/doi.org\/10.22541\/au.170870547.77564839\/v1<\/a> <a href=\"#ref-link-1\" class=\"back-link\" aria-label=\"Voltar ao conte\u00fado\">\u21a9<\/a><\/li><li id=\"ref-2\">Atkinson, Sean R. e Darren Russell. \"Disforia de g\u00eanero\". Australian family physician 44.11 (2015): 792-796. <a href=\"https:\/\/www.researchgate.net\/profile\/Sean-Atkinson-5\/publication\/284435354_Gender_dysphoria\/links\/5e0d3aeda6fdcc28374feb9b\/Gender-dysphoria.pdf\">Portal de pesquisa<\/a> <a href=\"#ref-link-2\" class=\"back-link\" aria-label=\"Voltar ao conte\u00fado\">\u21a9<\/a><\/li><li id=\"ref-3\">Steensma, T. D., Biemond, R., &amp; Cohen-Kettenis, P. T. (2011). Disforia de g\u00eanero persistente e persistente ap\u00f3s a inf\u00e2ncia: Um estudo qualitativo de acompanhamento. Clinical Child Psychology and Psychiatry. <a href=\"https:\/\/doi.org\/10.1177\/1359104510378303\">https:\/\/doi.org\/10.1177\/1359104510378303<\/a> <a href=\"#ref-link-3\" class=\"back-link\" aria-label=\"Voltar ao conte\u00fado\">\u21a9<\/a><\/li><li id=\"ref-4\">Cohen-Kettenis, P.T., Pf\u00e4fflin, F. The DSM Diagnostic Criteria for Gender Identity Disorder in Adolescents and Adults (Crit\u00e9rios de diagn\u00f3stico do DSM para transtorno de identidade de g\u00eanero em adolescentes e adultos). Arch Sex Behav 39, 499-513 (2010). <a href=\"https:\/\/doi.org\/10.1007\/s10508-009-9562-y\">https:\/\/doi.org\/10.1007\/s10508-009-9562-y<\/a> <a href=\"#ref-link-4\" class=\"back-link\" aria-label=\"Voltar ao conte\u00fado\">\u21a9<\/a><\/li><\/ol><\/div>","protected":false},"excerpt":{"rendered":"O Teste de Disforia de G\u00eanero \u00e9 a ado\u00e7\u00e3o digital da Escala de Disforia de G\u00eanero Deenz (DGDS-25), projetada para medir a probabilidade ou a inclina\u00e7\u00e3o para a disforia de g\u00eanero.","protected":false},"author":1,"featured_media":4370,"parent":0,"menu_order":0,"comment_status":"closed","ping_status":"closed","template":"","meta":{"inline_featured_image":false,"footnotes":""},"categories":[9],"class_list":["post-400","page","type-page","status-publish","has-post-thumbnail","hentry","category-gender"],"lang":"en","translations":{"en":400},"_links":{"self":[{"href":"https:\/\/drdeenz.com\/pt\/wp-json\/wp\/v2\/pages\/400","targetHints":{"allow":["GET"]}}],"collection":[{"href":"https:\/\/drdeenz.com\/pt\/wp-json\/wp\/v2\/pages"}],"about":[{"href":"https:\/\/drdeenz.com\/pt\/wp-json\/wp\/v2\/types\/page"}],"author":[{"embeddable":true,"href":"https:\/\/drdeenz.com\/pt\/wp-json\/wp\/v2\/users\/1"}],"replies":[{"embeddable":true,"href":"https:\/\/drdeenz.com\/pt\/wp-json\/wp\/v2\/comments?post=400"}],"version-history":[{"count":4,"href":"https:\/\/drdeenz.com\/pt\/wp-json\/wp\/v2\/pages\/400\/revisions"}],"predecessor-version":[{"id":5905,"href":"https:\/\/drdeenz.com\/pt\/wp-json\/wp\/v2\/pages\/400\/revisions\/5905"}],"wp:featuredmedia":[{"embeddable":true,"href":"https:\/\/drdeenz.com\/pt\/wp-json\/wp\/v2\/media\/4370"}],"wp:attachment":[{"href":"https:\/\/drdeenz.com\/pt\/wp-json\/wp\/v2\/media?parent=400"}],"wp:term":[{"taxonomy":"category","embeddable":true,"href":"https:\/\/drdeenz.com\/pt\/wp-json\/wp\/v2\/categories?post=400"}],"curies":[{"name":"wp","href":"https:\/\/api.w.org\/{rel}","templated":true}]}}