{"id":3960,"date":"2024-01-18T15:22:40","date_gmt":"2024-01-18T15:22:40","guid":{"rendered":"https:\/\/drdeenz.com\/?p=3960"},"modified":"2025-10-20T11:07:57","modified_gmt":"2025-10-20T11:07:57","slug":"teste-de-abuso-emocional","status":"publish","type":"page","link":"https:\/\/drdeenz.com\/pt\/teste-de-abuso-emocional\/","title":{"rendered":"Teste de Abuso Emocional"},"content":{"rendered":"<table class=\"quiz-information\">\r\n<tbody>\r\n<tr>\r\n<th colspan=\"2\">\r\n<h3 style=\"text-align: center; margin-bottom: 10px;\">Informa\u00e7\u00f5es b\u00e1sicas<\/h3>\r\n<\/th>\r\n<\/tr>\r\n<tr>\r\n<td class=\"column1\" style=\"text-align: right;\">Declara\u00e7\u00f5es:<\/td>\r\n<td><strong>48<\/strong><\/td>\r\n<\/tr>\r\n<tr>\r\n<td style=\"text-align: right;\">Dura\u00e7\u00e3o:<\/td>\r\n<td><strong>3-4 minutos<\/strong><\/td>\r\n<\/tr>\r\n<tr>\r\n<td style=\"text-align: right;\">Tipo:<\/td>\r\n<td><strong>Autoavalia\u00e7\u00e3o<\/strong><\/td>\r\n<\/tr>\r\n<tr><td style=\"text-align: right;\">Trabalho seminal:<\/td><td>Deenz Escala de abuso emocional (DEAS-18)<\/td><\/tr>\r\n<td style=\"text-align: right;\">Ano de publica\u00e7\u00e3o:<\/td>\r\n<td><strong>2024<\/strong><\/td>\r\n\r\n<\/tbody>\r\n<\/table>\r\n<p style=\" border-style: solid; border-width: 1px; border-color: #000; box-shadow: 2px 2px 0px 0px #fe025b; padding: 5px; \">O teste de abuso emocional \u00e9 a adapta\u00e7\u00e3o digital da vers\u00e3o preliminar da Escala de abuso emocional Deenz (DEAS-18) <sup><a href=\"#footnote\" id=\"self-report-ref-0\">[1]<\/a> <span><cite>Deen Mohd. Desenvolvimento e validade da escala de abuso emocional Deenz (DEAS-18). 2025. \u27e8hal-04908873\u27e9<\/cite><\/span><\/sup>. Os resultados s\u00e3o fornecidos apenas para fins educacionais e n\u00e3o devem ser considerados como aconselhamento profissional. A participa\u00e7\u00e3o neste question\u00e1rio \u00e9 totalmente an\u00f4nima; nenhum dado pessoal \u00e9 coletado e os resultados n\u00e3o s\u00e3o armazenados para fins de pesquisa. A Drdeenz segue as considera\u00e7\u00f5es \u00e9ticas propostas pelo Conselho de Revis\u00e3o Institucional (IRB).<\/p>O abuso emocional deixa cicatrizes na alma que n\u00e3o s\u00e3o vis\u00edveis, mas s\u00e3o profundamente sentidas. <a href=\"https:\/\/drdeenz.com\/pt\/teste-de-sociopatia\/\">Abusadores<\/a> intencionalmente ferir profundamente para que possam manipular, embara\u00e7ar, isolar e humilhar . <sup><a href=\"#footnote\" id=\"self-report-ref-1\">[2]<\/a> <span><cite>Goldsmith, ... \"Awareness for emotional abuse\" (Conscientiza\u00e7\u00e3o sobre abuso emocional).<\/cite><\/span><\/sup> A psicologia moderna enfatiza a compreens\u00e3o, identifica\u00e7\u00e3o e abordagem do abuso emocional como uma preocupa\u00e7\u00e3o psicol\u00f3gica s\u00e9ria que pode afetar o bem-estar interpessoal, social e psicol\u00f3gico de um indiv\u00edduo.  <sup><a href=\"#footnote-2\" id=\"self-report-ref-2\">[3]<\/a> <span><cite>Thompson, ... \"Childhood emotional abuse\" (Abuso emocional na inf\u00e2ncia).<\/cite><\/span><\/sup> \r\n<p>O abuso emocional n\u00e3o se limita a relacionamentos rom\u00e2nticos ou interpessoais, <a href=\"https:\/\/drdeenz.com\/lost-inner-child-test\/\">abuso emocional<\/a> pode ocorrer em v\u00e1rias formas, como rela\u00e7\u00f5es familiares, locais de trabalho, ambientes educacionais e comunit\u00e1rios.  <\/p>\r\n<h2>Principais aspectos ou indicadores de abuso emocional.<\/h2>\r\n<p>Durante a revis\u00e3o da palestra e compreens\u00e3o das principais dimens\u00f5es do abuso psicol\u00f3gico, verificou-se que o abuso emocional \u00e9 um tema multidimensional e complexo.  A pesquisa sobre o desenvolvimento e valida\u00e7\u00e3o da escala de abuso emocional, centra-se na compreens\u00e3o e identifica\u00e7\u00e3o das tend\u00eancias emocionais dos indiv\u00edduos atrav\u00e9s da medi\u00e7\u00e3o de 6 facetas chave que est\u00e3o interligadas e se sobrep\u00f5em umas \u00e0s outras. <\/p>\r\n<p><strong>Sentimento de inadequa\u00e7\u00e3o:<\/strong> A inadequa\u00e7\u00e3o \u00e9 o principal tra\u00e7o do abuso psicol\u00f3gico. Os abusadores empregam t\u00e1ticas que fazem com que uma pessoa se sinta insuficiente, incapaz e indigna. Na inf\u00e2ncia ou em s\u00e1bios posteriores da vida uma pessoa tem recebido torcher emocional que por sua vez faz com que a pessoa se sinta inadequada.<\/p>\r\n<p><strong>Depend\u00eancia:<\/strong> Em um relacionamento, o respeito m\u00fatuo \u00e9 a chave para um v\u00ednculo emocional saud\u00e1vel. Em alguns casos, um amor ou carinho unilateral desempenha um papel fundamental onde uma pessoa pode se sentir irritada, criando uma sensa\u00e7\u00e3o de depend\u00eancia. Pessoas que pontuam alto neste tra\u00e7o n\u00e3o significam necessariamente que s\u00e3o emocionalmente abusadas, mas sentimentos de estar preso e depend\u00eancia excessiva em um relacionamento podem ser um sinal de abuso emocional.<\/p>\r\n<p><strong>Desconfiar:<\/strong> Desconfian\u00e7a significa falta de f\u00e9, ou cren\u00e7a em algu\u00e9m.  Sentir suspeita das inten\u00e7\u00f5es de uma pessoa, e veracidade de outros sem qualquer raz\u00e3o aparente pode indicar que pode haver experi\u00eancias passadas que podem ter impactado o estado emocional dos indiv\u00edduos.  <\/p>\r\n<p><strong>Confinado:<\/strong> Restri\u00e7\u00e3o refere-se a uma situa\u00e7\u00e3o em que uma pessoa pode se sentir limitada, controlada ou contida.  A sensa\u00e7\u00e3o de restri\u00e7\u00e3o pode ser um sinal de outras condi\u00e7\u00f5es psicol\u00f3gicas, mas a restri\u00e7\u00e3o pode ter um impacto profundo nos relacionamentos interpessoais. <\/p>\r\n<p><strong>Submissa:<\/strong> O comportamento submisso pode ser uma estrat\u00e9gia de sobreviv\u00eancia adotada por indiv\u00edduos que podem estar sendo v\u00edtimas de abuso emocional.  A submiss\u00e3o de desejos, demandas ou express\u00f5es pela v\u00edtima corr\u00f3i o senso de autonomia. As pessoas com esse tipo de comportamento podem se desculpar com frequ\u00eancia, mesmo que suas a\u00e7\u00f5es sejam leg\u00edtimas. <\/p>\r\n<p><strong>Vulner\u00e1vel:<\/strong> As pessoas que est\u00e3o sofrendo abuso emocional podem se sentir expostas, indefesas e suscet\u00edveis a mais danos emocionais. Elas tamb\u00e9m se sentem inseguras, desconfort\u00e1veis ou amea\u00e7adas ao expressar suas verdadeiras emo\u00e7\u00f5es, sejam elas de alegria ou tristeza. O medo de consequ\u00eancias negativas, julgamento ou rejei\u00e7\u00e3o \u00e9 um forte sinal de abuso emocional. <\/p>\r\n<h2 class=\"visually\" id=\"footnote-label\">Refer\u00eancias<\/h2>\r\n<ol>\r\n<li id=\"self-report-0\"><div role=\"listitem\"><div class=\"footnotes\">\r\n    <p id=\"footnote\">Deen Mohd. Desenvolvimento e Validade da Escala de Abuso Emocional de Deenz (DEAS-18). 2025. <a href=\"https:\/\/hal.science\/hal-04908873v1\/document\" target=\"_blank\" rel=\"noopener\">\u27e8hal-04908873\u27e9<\/a> <a href=\"#self-report-ref-0\" aria-label=\"Voltar ao conte\u00fado\" style=\"float: right;\">\u21a9<\/a><\/p>\r\n  <\/div> <\/div><\/li>\r\n<li id=\"self-report-1\"><div role=\"listitem\"><div class=\"footnotes\">\r\n    <p id=\"footnote\">Goldsmith, Rachel E. e Jennifer J. Freyd. \"Conscientiza\u00e7\u00e3o sobre abuso emocional\". Journal of Emotional Abuse 5.1 (2005): 95-123. <a href=\"https:\/\/doi.org\/10.1300\/J135v05n01_04\" target=\"_blank\" rel=\"noopener\">https:\/\/doi.org\/10.1300\/J135v05n01_04<\/a> <a href=\"#self-report-ref-1\" aria-label=\"Voltar ao conte\u00fado\" style=\"float: right;\">\u21a9<\/a><\/p>\r\n  <\/div> <\/div><\/li>\r\n<li id=\"self-report-2\"><div role=\"listitem\"><div class=\"footnotes\">\r\n    <p id=\"footnote-2\">Thompson, Anne E. e Carole A. Kaplan. \"Childhood emotional abuse\" (Abuso emocional na inf\u00e2ncia). The British Journal of Psychiatry 168.2 (1996): 143-148. <a href=\"https:\/\/doi.org\/10.1192\/bjp.168.2.143\" target=\"_blank\" rel=\"noopener\">https:\/\/doi.org\/10.1192\/bjp.168.2.143<\/a> <a href=\"#self-report-ref-2\" aria-label=\"Voltar ao conte\u00fado\" style=\"float: right;\">\u21a9<\/a><\/p>\r\n  <\/div> <\/div><\/li>\r\n<li id=\"self-report-33\"><div role=\"listitem\"><div class=\"footnotes\">\r\n    <p id=\"footnote-33\">Dar, Deen Mohd, 2025, \"Compreendendo o abuso emocional: insights da escala de abuso emocional de Deenz (DEAS-18)\", <a href=\"https:\/\/doi.org\/10.60863\/SF\/CCJQPM\" target=\"_blank\" rel=\"noopener\">https:\/\/doi.org\/10.60863\/SF\/CCJQPM<\/a><\/p>\r\n  <\/div> <\/div><\/li>\r\n<\/ol>\r\n<style>[role~=listitem] {\r\n    border-top: 0.063rem solid #ccc;\r\n    margin: 20px 0px;\r\n    padding-top: 10px;\r\n}\r\nsup {\r\n  cursor: pointer;\r\n}\r\nsup span {\r\n  cursor: default;\r\n  background: #ecf0f1;\r\n  border: 0.125rem solid #3498db;\r\n  position: absolute;\r\n  left: -120px;\r\n  right: 0;\r\n  bottom: 100%;\r\n  margin: 0 0 0.7em -1em;\r\n  width: 300px;\r\n  padding: 1em;\r\n  line-height: 1.618em;\r\n  opacity: 0;\r\n  visibility: hidden;\r\n  transition: all 0.35s;\r\n}\r\nsup span::before {\r\n  content: '';\r\n  border-style: solid;\r\n  border-width: 0.7em 0.7em 0 0.7em;\r\n  border-color: #3498db transparent transparent transparent;\r\n  position: absolute;\r\n  bottom: -0.7em;\r\n  width: 0;\r\n  height: 0;\r\n}\r\nsup:hover span {\r\n  opacity: 1;\r\n  visibility: visible;\r\n  transition: all 0.35s;\r\n} .langs a img {\r\n    height: 48px;\r\n    width: 48px;\r\n}.langs {\r\n    background: #e7f5f7;\r\n    border-radius: 10px;\r\n    padding: 0 13px;\r\n}.langs a {\r\n    text-decoration: none;\r\n    display: inline-block;\r\n    margin-right: 10px;\r\n}<\/style>\r\n<style>\r\n.scale-label {\r\n    margin: 0px 10px;\r\n    font-weight: bold;\r\n}.slider-container {\r\n    display: inline-flex;\r\n}\r\n    .watupro-slider {\r\n      position: relative;\r\n      width: 80%;\r\n      margin: 20px auto;\r\n    }\r\n.question-content p {\r\n    margin-bottom: 30px!important;\r\nfont-size: 22px;\r\n}\r\n .watupro-slider::before,\r\n    .watupro-slider::after {\r\n      content: '';\r\n      position: absolute;\r\n      top: 0;\r\n      bottom: 0;\r\n      width: 1px;\r\n      background-color: black;\r\n    }\r\n    .watupro-slider::before {\r\n      left: 25%;\r\n    }\r\n\r\n    .watupro-slider::after {\r\n      left: 75%;\r\n    }\r\n    .watupro-slider::after {\r\n      right: 0;\r\n    }\r\n    .watupro-slider {\r\n      width: 100%;\r\n      height: 10px;\r\n      background: linear-gradient(to right, #ff7675 50%, #55efc4 50%)!important; \r\n      border-radius: 5px!important;\r\n      position: relative;\r\nwidth: 300px;\r\n    margin: auto;\r\n    }\r\n    .ui-slider-handle {\r\n      position: absolute;\r\n      width: 20px;\r\n      height: 20px;\r\n      background-color: white;\r\n      border: 2px solid #3498db; \/* Set the color of the handle border *\/\r\n      border-radius: 50%;\r\n      top: 50%!important;\r\n      transform: translateY(-50%);\r\n      cursor: grab;\r\nheight: 1em!important;\r\n    }\r\n    .ui-slider-handle:hover {\r\n      cursor: grabbing;\r\n    }\r\n @media (max-width: 500px) {\r\n.watu-question .question-content {\r\n    margin: 0 auto 1.75em 0;\r\n}.slider-container {\r\n    position: relative;\r\n}.scale-label {\r\nmargin: 0px;\r\n    font-weight: 700;\r\n    font-family: 'Open Sans',Helvetica,Arial,sans-serif;\r\n    position: absolute;\r\n    bottom: -36px;\r\n}.scale-label.disagree {\r\n    left: 0;\r\n}.scale-label.agree {\r\n    right: 0;\r\n}}\r\n  <\/style>","protected":false},"excerpt":{"rendered":"O teste de abuso emocional \u00e9 a adapta\u00e7\u00e3o digital da Escala de abuso emocional Deenz projetada para medir o abuso emocional por meio da avalia\u00e7\u00e3o de aspectos multidimensionais e ajuda a determinar seu impacto no bem-estar geral.","protected":false},"author":1,"featured_media":5746,"parent":0,"menu_order":0,"comment_status":"closed","ping_status":"closed","template":"","meta":{"inline_featured_image":false,"footnotes":""},"categories":[4],"class_list":["post-3960","page","type-page","status-publish","has-post-thumbnail","hentry","category-stress"],"lang":"en","translations":{"en":3960},"_links":{"self":[{"href":"https:\/\/drdeenz.com\/pt\/wp-json\/wp\/v2\/pages\/3960","targetHints":{"allow":["GET"]}}],"collection":[{"href":"https:\/\/drdeenz.com\/pt\/wp-json\/wp\/v2\/pages"}],"about":[{"href":"https:\/\/drdeenz.com\/pt\/wp-json\/wp\/v2\/types\/page"}],"author":[{"embeddable":true,"href":"https:\/\/drdeenz.com\/pt\/wp-json\/wp\/v2\/users\/1"}],"replies":[{"embeddable":true,"href":"https:\/\/drdeenz.com\/pt\/wp-json\/wp\/v2\/comments?post=3960"}],"version-history":[{"count":4,"href":"https:\/\/drdeenz.com\/pt\/wp-json\/wp\/v2\/pages\/3960\/revisions"}],"predecessor-version":[{"id":5733,"href":"https:\/\/drdeenz.com\/pt\/wp-json\/wp\/v2\/pages\/3960\/revisions\/5733"}],"wp:featuredmedia":[{"embeddable":true,"href":"https:\/\/drdeenz.com\/pt\/wp-json\/wp\/v2\/media\/5746"}],"wp:attachment":[{"href":"https:\/\/drdeenz.com\/pt\/wp-json\/wp\/v2\/media?parent=3960"}],"wp:term":[{"taxonomy":"category","embeddable":true,"href":"https:\/\/drdeenz.com\/pt\/wp-json\/wp\/v2\/categories?post=3960"}],"curies":[{"name":"wp","href":"https:\/\/api.w.org\/{rel}","templated":true}]}}