{"id":35,"date":"2023-02-04T15:04:29","date_gmt":"2023-02-04T15:04:29","guid":{"rendered":"https:\/\/drdeenz.com\/?p=35"},"modified":"2025-10-20T17:35:47","modified_gmt":"2025-10-20T17:35:47","slug":"teste-de-sociopatia","status":"publish","type":"page","link":"https:\/\/drdeenz.com\/pt\/teste-de-sociopatia\/","title":{"rendered":"Teste de Sociopatia"},"content":{"rendered":"<p style=\" border-style: solid; border-width: 1px; border-color: #000; box-shadow: 2px 2px 0px 0px #fe025b; padding: 5px; \">O teste Sociopath \u00e9 uma vers\u00e3o adotada digitalmente do DMAPS-24, que \u00e9 uma medida confi\u00e1vel para avaliar tra\u00e7os subcl\u00ednicos associados \u00e0 personalidade antissocial. <sup id=\"ref-link-1\"><a href=\"#ref-1\">[1]<\/a><\/sup> A escala foi desenvolvida com a influ\u00eancia de <a href=\"https:\/\/drdeenz.com\/pt\/teste-da-triade-negra\/\">Deenz Escala de Personalidade da Tr\u00edade Negra<\/a>. O teste Sociopath self-screening mede as principais dimens\u00f5es da sociopatia no espectro e fornece insights valiosos ao apresentar gr\u00e1ficos visuais e relat\u00f3rios detalhados sobre cada fato. Esta vers\u00e3o on-line, que \u00e9 fornecida em formato de question\u00e1rio, n\u00e3o est\u00e1 associada \u00e0 pesquisa ou ao estudo original. Os resultados desse question\u00e1rio destinam-se apenas a fins educacionais. A participa\u00e7\u00e3o neste self-assessment \u00e9 totalmente an\u00f4nima, NENHUMA informa\u00e7\u00e3o pessoal \u00e9 coletada ou armazenada.<\/p>\r\n<p>O termo sociopata \u00e9 usado na linguagem cotidiana para descrever uma pessoa que exibe comportamentos prejudiciais aos outros. Ao longo dos anos, a compreens\u00e3o dos transtornos de personalidade evoluiu. Na terceira edi\u00e7\u00e3o do DSM, revisada em 1980, o termo sociopata foi substitu\u00eddo por transtorno de personalidade antissocial. A mudan\u00e7a na terminologia leva pesquisadores e psic\u00f3logos a compreender as complexidades e os tra\u00e7os associados \u00e0 Personalidade Antissocial. <sup id=\"ref-link-2\"><a href=\"#ref-2\">[2]<\/a><\/sup>  <\/p>\r\n<p>Pessoas com tra\u00e7os sociop\u00e1ticos podem estar cientes de suas pr\u00f3prias atitudes ou comportamentos, o que pode levar ao comprometimento do bem-estar social e psicol\u00f3gico; ainda assim, sua percep\u00e7\u00e3o desses tra\u00e7os pode diferir das normas sociais. Nos \u00faltimos anos, tem havido uma \u00eanfase crescente no reconhecimento precoce de tra\u00e7os subcl\u00ednicos do TPAS para compreender e identificar tend\u00eancias \u00e0 personalidade antissocial. <sup id=\"ref-link-3\"><a href=\"#ref-3\">[3]<\/a><\/sup> Tra\u00e7os subcl\u00ednicos s\u00e3o padr\u00f5es de comportamentos ou tend\u00eancias antissociais que ficam abaixo do limite para o diagn\u00f3stico formal ou cl\u00ednico. A identifica\u00e7\u00e3o de tra\u00e7os subcl\u00ednicos associados \u00e0 personalidade antissocial auxilia em uma compreens\u00e3o mais abrangente do espectro de comportamentos. <\/p>\r\n<h2>Facetas da personalidade antissocial <\/h2>\r\n<p><strong>Apatia:<\/strong> A apatia refere-se \u00e0 falta de preocupa\u00e7\u00e3o, motiva\u00e7\u00e3o ou resposta emocional reduzida. Tamb\u00e9m \u00e9 uma caracter\u00edstica importante da <a href=\"https:\/\/drdeenz.com\/pt\/teste-de-espectro-de-psicopatia\/\">psicopatia<\/a>. As pessoas com apatia demonstram pouca ou nenhuma preocupa\u00e7\u00e3o com as emo\u00e7\u00f5es dos outros. Na perspectiva subcl\u00ednica, o termo apatia \u00e9 usado de forma intercambi\u00e1vel com falta de empatia. A apatia e a falta de empatia s\u00e3o conceitos relacionados, mas se referem a experi\u00eancias ou express\u00f5es emocionais diferentes. A falta de empatia \u00e9 a incapacidade ou dificuldade de entender os sentimentos dos outros e a apatia \u00e9 o estado de sentir falta de interesse em coisas que evocam respostas emocionais.<\/p>\r\n<p><strong>Engano:<\/strong> Usamos o termo engana\u00e7\u00e3o na linguagem cotidiana para descrever uma pessoa que \u00e9 desonesta ou enganosa. \u00c9 normal sermos enganosos em ocasi\u00f5es em que precisamos evitar conflitos ou nos proteger. As pessoas que se envolvem em comportamentos enganosos est\u00e3o intencionalmente enganando as esta\u00e7\u00f5es para atingir objetivos espec\u00edficos, como contar mentiras ou manipular outras pessoas para obter ganhos pessoais.<\/p>\r\n<p><strong>Impulsividade:<\/strong> A impulsividade refere-se a a\u00e7\u00f5es repentinas ou r\u00e1pidas sem pensar nas consequ\u00eancias. As pessoas com comportamentos impulsivos tendem a tomar decis\u00f5es rapidamente sem considerar os riscos ou os resultados. <sup id=\"ref-link-4\"><a href=\"#ref-4\">[4]<\/a><\/sup> O melhor exemplo pode ser uma pessoa que diz as palavras sem pensar nos resultados ou que gasta dinheiro sem considerar o impacto.  <\/p>\r\n<p><strong>Irresponsabilidade:<\/strong> Irresponsabilidade refere-se \u00e0 falta de interesse em cumprir seus deveres. Pessoas com personalidades antissociais ou sociopatia tendem a ser irrespons\u00e1veis, especialmente em situa\u00e7\u00f5es sociais e relacionamentos interpessoais. Elas apresentam comportamentos que desconsideram as consequ\u00eancias de suas a\u00e7\u00f5es para os outros. <\/p>\r\n<p><strong>Insensibilidade:<\/strong> A insensibilidade refere-se \u00e0 desconsidera\u00e7\u00e3o pelas emo\u00e7\u00f5es, necessidades ou bem-estar dos outros. Tamb\u00e9m \u00e9 uma caracter\u00edstica importante da <a href=\"https:\/\/drdeenz.com\/pt\/teste-de-personalidade-narcisista\/\">transtorno de personalidade narcisista<\/a>. As pessoas com insensibilidade agem de uma forma que parece fria ou sem calor.  Elas demonstram pouca ou nenhuma preocupa\u00e7\u00e3o com o bem-estar dos outros.<\/p>\r\n<p><strong>Agressividade:<\/strong> A agressividade refere-se a comportamentos que envolvem rea\u00e7\u00f5es vigorosas ou fortes a situa\u00e7\u00f5es. Pessoas com <a href=\"https:\/\/drdeenz.com\/pt\/teste-de-raiva-multidimensional\/\">comportamento agressivo<\/a> tendem a estar prontos para confrontar ou atacar, quer expressem suas opini\u00f5es ou se afirmem, eles precisam ser agressivos. <\/p>\r\n<p><strong>Glibness:<\/strong> Glibness refere-se \u00e0 qualidade de ser falante ou charmoso em situa\u00e7\u00f5es sociais.  \u00c0s vezes, as pessoas usam essas habilidades para ganho pessoal e desconsideram as emo\u00e7\u00f5es ou os direitos dos outros. Algumas pessoas s\u00e3o enganosas, mas n\u00e3o s\u00e3o pegas por causa de suas habilidades, como o super charme facial ou a flu\u00eancia ao falar com os outros para manipul\u00e1-los ou engan\u00e1-los.  <\/p>\r\n<p><strong>Obtusidade:<\/strong> Obtusidade refere-se a ser insens\u00edvel, lento para entender ou n\u00e3o aprender com experi\u00eancias passadas. As pessoas com sociopatia tendem a n\u00e3o aprender com os erros do passado e podem n\u00e3o estar dispostas a olhar para tr\u00e1s e repetir os mesmos erros. <sup id=\"ref-link-5\"><a href=\"#ref-5\">[5]<\/a><\/sup><\/p>\r\n<h2>Desenvolvimento da Escala de Personalidade Antissocial Deenz<\/h2>\r\n<p>Nos \u00faltimos anos, nossa compreens\u00e3o da personalidade evoluiu e isso levou \u00e0 necessidade de desenvolver autoavalia\u00e7\u00f5es abrangentes que podem ser usadas para identificar padr\u00f5es de comportamento e tend\u00eancias em rela\u00e7\u00e3o a caracter\u00edsticas que impactam o bem-estar geral dos indiv\u00edduos. <\/p>\r\n<p>A identifica\u00e7\u00e3o precoce de tra\u00e7os pode auxiliar na compreens\u00e3o e no enfrentamento de problemas que podem levar ao comprometimento do funcionamento di\u00e1rio. O desenvolvimento da Escala de Personalidade Antissocial Deenz foi influenciado pelo reconhecimento da necessidade de identificar tra\u00e7os subcl\u00ednicos associados \u00e0 personalidade antissocial na popula\u00e7\u00e3o em geral. O desenvolvimento da escala come\u00e7ou com revis\u00f5es de palestras e uma revis\u00e3o abrangente de escalas psicom\u00e9tricas existentes, como a Lista de Verifica\u00e7\u00e3o de Psicopatia -Revisada. <sup id=\"ref-link-6\"><a href=\"#ref-6\">[6]<\/a><\/sup> e Dispositivo de Triagem de Processos Antissociais. Ap\u00f3s a revis\u00e3o de palestras e autoavalia\u00e7\u00f5es existentes, reconheceu-se a necessidade de abordar informa\u00e7\u00f5es desatualizadas. <\/p>\r\n<p>O objetivo principal do desenvolvimento da escala foi mensurar tend\u00eancias e identificar estudantes universit\u00e1rios que pudessem apresentar inclina\u00e7\u00e3o para tra\u00e7os associados \u00e0 sociopatia. A escala demonstrou alta consist\u00eancia interna (\u03b1 de Cronbach = 0,87) e forte validade na identifica\u00e7\u00e3o de tra\u00e7os associados \u00e0 sociabilidade. Para mais informa\u00e7\u00f5es, leia o texto completo. <a href=\"https:\/\/openreview.net\/revisions?id=7lhxPkRmLsu\" target=\"_blank\" rel=\"noopener\">artigo de pesquisa<\/a><\/p><div class=\"reference-list\"><h3>Refer\u00eancias<\/h3><ol><li id=\"ref-1\">Dar, Deen Mohd. \u201cEscala de Personalidade Antissocial Deenz: Medindo Tra\u00e7os Subcl\u00ednicos\u201d. <a href=\"https:\/\/scholar.google.com\/scholar?hl=en&#038;as_sdt=0%2C5&#038;q=Deenz+Antisocial+Personality+Scale&#038;btnG=\">Google Acad\u00eamico<\/a> <a href=\"#ref-link-1\" class=\"back-link\" aria-label=\"Voltar ao conte\u00fado\">\u21a9<\/a><\/li><li id=\"ref-2\">MacKenzie, Paula M. \u201cPsicopatia, personalidade antissocial e sociopatia: o b\u00e1sico: uma revis\u00e3o hist\u00f3rica\u201d. The Forensic Examiner (2014). <a href=\"https:\/\/scholar.google.com\/scholar?cluster=12657816019528916213&#038;hl=en&#038;as_sdt=0,5\">Google Scholar<\/a> <a href=\"#ref-link-2\" class=\"back-link\" aria-label=\"Voltar ao conte\u00fado\">\u21a9<\/a><\/li><li id=\"ref-3\">Smith, Cary Stacy e Li-Ching Hung. Psicopatas subcl\u00ednicos: Como eles se adaptam, suas intera\u00e7\u00f5es interpessoais e seus efeitos sobre os outros, e como detect\u00e1-los. Editora Charles C Thomas, 2013. <a href=\"https:\/\/books.google.co.in\/books?id=EujCCAAAQBAJ&#038;lpg=PR1&#038;ots=tQzEcII1f1&#038;dq=sociopath%20subclinical&#038;lr&#038;pg=PR1#v=onepage&#038;q=sociopath%20subclinical&#038;f=false\">Livros do Google<\/a> <a href=\"#ref-link-3\" class=\"back-link\" aria-label=\"Voltar ao conte\u00fado\">\u21a9<\/a><\/li><li id=\"ref-4\">Lykken, David T. \u201cPsicopatia, sociopatia e transtorno de personalidade antissocial\u201d. Manual de psicopatia 23 (2018): 22. <a href=\"https:\/\/books.google.co.in\/books?id=QOZTDwAAQBAJ&#038;lpg=PA22&#038;ots=4ckiK5Usb3&#038;dq=sociopath%20Impulsivity&#038;lr&#038;pg=PA22#v=onepage&#038;q&#038;f=false\">Livros do Google<\/a> <a href=\"#ref-link-4\" class=\"back-link\" aria-label=\"Voltar ao conte\u00fado\">\u21a9<\/a><\/li><li id=\"ref-5\">Thorne, Frederick C. \u201cA etiologia das rea\u00e7\u00f5es sociop\u00e1ticas.\u201d American Journal of Psychotherapy 13.2 (1959): 319-330. <a href=\"https:\/\/doi.org\/10.1176\/appi.psychotherapy.1959.13.2.319\">https:\/\/doi.org\/10.1176\/appi.psychotherapy.1959.13.2.319<\/a> <a href=\"#ref-link-5\" class=\"back-link\" aria-label=\"Voltar ao conte\u00fado\">\u21a9<\/a><\/li><li id=\"ref-6\">Hare, Robert D. \u201cLista de verifica\u00e7\u00e3o de psicopatia \u2014 revisada.\u201d Avalia\u00e7\u00e3o psicol\u00f3gica (2003). <a href=\"https:\/\/psycnet.apa.org\/doi\/10.1037\/t01167-000\">https:\/\/psycnet.apa.org\/doi\/10.1037\/t01167-000<\/a> <a href=\"#ref-link-6\" class=\"back-link\" aria-label=\"Voltar ao conte\u00fado\">\u21a9<\/a><\/li><\/ol><\/div>","protected":false},"excerpt":{"rendered":"O teste Sociopath \u00e9 a adapta\u00e7\u00e3o digital da Escala de Personalidade Antissocial Deenz (DAPS-24), projetada para medir tra\u00e7os subcl\u00ednicos associados \u00e0 personalidade antissocial. Os tra\u00e7os subcl\u00ednicos de sociopatia s\u00e3o padr\u00f5es de comportamentos ou tend\u00eancias que ficam abaixo do limite para o diagn\u00f3stico formal ou cl\u00ednico.","protected":false},"author":1,"featured_media":5749,"parent":0,"menu_order":0,"comment_status":"closed","ping_status":"closed","template":"","meta":{"inline_featured_image":false,"footnotes":""},"categories":[5],"class_list":["post-35","page","type-page","status-publish","has-post-thumbnail","hentry","category-personality-traits"],"lang":"en","translations":{"en":35},"_links":{"self":[{"href":"https:\/\/drdeenz.com\/pt\/wp-json\/wp\/v2\/pages\/35","targetHints":{"allow":["GET"]}}],"collection":[{"href":"https:\/\/drdeenz.com\/pt\/wp-json\/wp\/v2\/pages"}],"about":[{"href":"https:\/\/drdeenz.com\/pt\/wp-json\/wp\/v2\/types\/page"}],"author":[{"embeddable":true,"href":"https:\/\/drdeenz.com\/pt\/wp-json\/wp\/v2\/users\/1"}],"replies":[{"embeddable":true,"href":"https:\/\/drdeenz.com\/pt\/wp-json\/wp\/v2\/comments?post=35"}],"version-history":[{"count":4,"href":"https:\/\/drdeenz.com\/pt\/wp-json\/wp\/v2\/pages\/35\/revisions"}],"predecessor-version":[{"id":5686,"href":"https:\/\/drdeenz.com\/pt\/wp-json\/wp\/v2\/pages\/35\/revisions\/5686"}],"wp:featuredmedia":[{"embeddable":true,"href":"https:\/\/drdeenz.com\/pt\/wp-json\/wp\/v2\/media\/5749"}],"wp:attachment":[{"href":"https:\/\/drdeenz.com\/pt\/wp-json\/wp\/v2\/media?parent=35"}],"wp:term":[{"taxonomy":"category","embeddable":true,"href":"https:\/\/drdeenz.com\/pt\/wp-json\/wp\/v2\/categories?post=35"}],"curies":[{"name":"wp","href":"https:\/\/api.w.org\/{rel}","templated":true}]}}