{"id":346,"date":"2023-04-28T04:27:19","date_gmt":"2023-04-28T04:27:19","guid":{"rendered":"https:\/\/drdeenz.com\/?p=346"},"modified":"2025-11-04T08:06:25","modified_gmt":"2025-11-04T08:06:25","slug":"teste-de-agorafobia","status":"publish","type":"page","link":"https:\/\/drdeenz.com\/pt\/teste-de-agorafobia\/","title":{"rendered":"Teste de agorafobia - Ser\u00e1 que tenho agorafobia?"},"content":{"rendered":"<p><strong> Este teste de agorafobia \u00e9 baseado em um instrumento v\u00e1lido e confi\u00e1vel, <\/strong><strong>\"Escala de agorafobia Deenz (DAS-15)\" <sup id=\"ref-link-1\"><a href=\"#ref-1\">[1]<\/a><\/sup>. No entanto, ele N\u00c3O foi projetado para fornecer um diagn\u00f3stico cl\u00ednico de agorafobia. As informa\u00e7\u00f5es fornecidas destinam-se apenas a fins educacionais.<\/strong><\/p>\r\n<p>A agorafobia \u00e9 um tipo de ansiedade em que a pessoa sente medo de situa\u00e7\u00f5es ou lugares em que acha que pode ser dif\u00edcil escapar ou que a ajuda pode n\u00e3o estar dispon\u00edvel. As pessoas com agorafobia se sentem seguras em casa e n\u00e3o est\u00e3o dispostas a deixar lugares onde se sentem seguras e protegidas. <\/p><p>Ao longo dos anos, a compreens\u00e3o e o acesso ao impacto da agorafobia evolu\u00edram. Os pesquisadores desenvolveram ferramentas de avalia\u00e7\u00e3o que ajudam a entender os sintomas e orientam o rastreamento dos fatores desencadeantes. A escala de agorafobia Deenz foi desenvolvida para medir o impacto, rastrear gatilhos espec\u00edficos e identificar as tend\u00eancias \u00e0 agorafobia. A escala baseia-se em 15 afirma\u00e7\u00f5es relacionadas a suas experi\u00eancias e comportamentos. Para cada afirma\u00e7\u00e3o, voc\u00ea precisa fornecer a resposta apropriada. <\/p>\r\n<p>Os profissionais de sa\u00fade mental geralmente usam <strong>Escalas de avalia\u00e7\u00e3o de agorafobia<\/strong> para avaliar os sintomas e medir o impacto no bem-estar geral-.  Existem v\u00e1rias escalas de avalia\u00e7\u00e3o, como a Agoraphobia Scale (AS) e a <strong>Invent\u00e1rio de Mobilidade para Agorafobia (MIA)<\/strong> e o objetivo dessas escalas \u00e9 descobrir os fatores desencadeantes e medir o impacto. A compreens\u00e3o, as classifica\u00e7\u00f5es e a medi\u00e7\u00e3o dos sintomas da agorafobia est\u00e3o mudando, portanto, a necessidade de uma ferramenta de avalia\u00e7\u00e3o padr\u00e3o foi reconhecida. <strong>Escala de agorafobia Deenz<\/strong> foi desenvolvido para excluir alguns conceitos desatualizados relacionados \u00e0 agorafobia e seu foco principal \u00e9 medir as tend\u00eancias \u00e0 agorafobia na popula\u00e7\u00e3o em geral. <\/p> \r\n<p>Lembre-se de que essa escala n\u00e3o foi projetada para fazer um diagn\u00f3stico de agorafobia, mas pode ajudar a medir as tend\u00eancias e a gravidade dos sintomas. Os crit\u00e9rios para fazer um diagn\u00f3stico definitivo foram delineados pela <strong>Associa\u00e7\u00e3o Americana de Psiquiatria e Psicologia<\/strong> no DSM-5.  Pessoas com agorafobia podem ter medo de usar transporte p\u00fablico, como \u00f4nibus, espa\u00e7os abertos, lugares fechados e trens. Esses sintomas devem ter um impacto significativo no bem-estar geral do indiv\u00edduo-. Elas podem ter um medo irracional de estar correndo perigo e achar que n\u00e3o h\u00e1 como escapar. <\/p>\r\n<style>.baseline {\r\n    bottom: 87px;\r\n}.bar-label {\r\n    flex-direction: column;\r\n}.chart-container::before {\r\n    background-image: linear-gradient(to top, #ddd 1px, transparent 1px);\r\n    background-size: 100% 20%;\r\n    height: 154px;\r\n}.bar-container {\r\n    height: 218px;\r\n}.inner-test {\r\n    max-width: 1100px;\r\n}.deenz-instructions {\r\n    font-size: 25px;\r\n}@media screen and (max-width: 700px){.deenz-instructions {\r\n    font-size: 20px;\r\n}}<\/style><div class=\"reference-list\"><h3>Refer\u00eancias<\/h3><ol><li id=\"ref-1\">Deen Mohd Dar. Understanding Agoraphobic Tendencies (Entendendo as tend\u00eancias agoraf\u00f3bicas): Development and Validation of the Deenz Agoraphobia Scale (DAS-15) in Non-Clinical Populations (Desenvolvimento e valida\u00e7\u00e3o da escala de agorafobia Deenz (DAS-15) em popula\u00e7\u00f5es n\u00e3o cl\u00ednicas), 07 de mar\u00e7o de 2024, PREPRINT (Vers\u00e3o 1) <a href=\"https:\/\/doi.org\/10.21203\/rs.3.rs-4012174\/v1\">https:\/\/doi.org\/10.21203\/rs.3.rs-4012174\/v1<\/a> <a href=\"#ref-link-1\" class=\"back-link\" aria-label=\"Voltar ao conte\u00fado\">\u21a9<\/a><\/li><\/ol><\/div>","protected":false},"excerpt":{"rendered":"O teste de agorafobia \u00e9 a adapta\u00e7\u00e3o digital da Escala de Agorafobia Deenz, projetada para medir as tend\u00eancias de tra\u00e7os de agorafobia e o impacto no bem-estar geral.","protected":false},"author":1,"featured_media":4624,"parent":0,"menu_order":0,"comment_status":"closed","ping_status":"closed","template":"","meta":{"inline_featured_image":false,"footnotes":""},"categories":[7],"class_list":["post-346","page","type-page","status-publish","has-post-thumbnail","hentry","category-anxiety-disorder"],"lang":"en","translations":{"en":346},"_links":{"self":[{"href":"https:\/\/drdeenz.com\/pt\/wp-json\/wp\/v2\/pages\/346","targetHints":{"allow":["GET"]}}],"collection":[{"href":"https:\/\/drdeenz.com\/pt\/wp-json\/wp\/v2\/pages"}],"about":[{"href":"https:\/\/drdeenz.com\/pt\/wp-json\/wp\/v2\/types\/page"}],"author":[{"embeddable":true,"href":"https:\/\/drdeenz.com\/pt\/wp-json\/wp\/v2\/users\/1"}],"replies":[{"embeddable":true,"href":"https:\/\/drdeenz.com\/pt\/wp-json\/wp\/v2\/comments?post=346"}],"version-history":[{"count":4,"href":"https:\/\/drdeenz.com\/pt\/wp-json\/wp\/v2\/pages\/346\/revisions"}],"predecessor-version":[{"id":5886,"href":"https:\/\/drdeenz.com\/pt\/wp-json\/wp\/v2\/pages\/346\/revisions\/5886"}],"wp:featuredmedia":[{"embeddable":true,"href":"https:\/\/drdeenz.com\/pt\/wp-json\/wp\/v2\/media\/4624"}],"wp:attachment":[{"href":"https:\/\/drdeenz.com\/pt\/wp-json\/wp\/v2\/media?parent=346"}],"wp:term":[{"taxonomy":"category","embeddable":true,"href":"https:\/\/drdeenz.com\/pt\/wp-json\/wp\/v2\/categories?post=346"}],"curies":[{"name":"wp","href":"https:\/\/api.w.org\/{rel}","templated":true}]}}