{"id":336,"date":"2023-04-27T03:39:27","date_gmt":"2023-04-27T03:39:27","guid":{"rendered":"https:\/\/drdeenz.com\/?p=336"},"modified":"2025-11-07T14:56:07","modified_gmt":"2025-11-07T14:56:07","slug":"teste-de-anedonia","status":"publish","type":"page","link":"https:\/\/drdeenz.com\/pt\/teste-de-anedonia\/","title":{"rendered":"Anedonia Teste"},"content":{"rendered":"<p><strong>As informa\u00e7\u00f5es fornecidas por este teste s\u00e3o apenas para fins educacionais. A participa\u00e7\u00e3o neste question\u00e1rio self-assessment \u00e9 totalmente an\u00f4nima e NENHUM dado, como suas informa\u00e7\u00f5es pessoais e seus resultados, \u00e9 coletado ou armazenado. Os resultados fornecidos por este self-assessment destinam-se exclusivamente a fins educacionais e n\u00e3o devem ser considerados como orienta\u00e7\u00e3o m\u00e9dica.<\/strong><\/p>\r\n<p>Anedonia refere-se \u00e0 incapacidade de sentir prazer ou \u00e0 dificuldade de sentir alegria ou excita\u00e7\u00e3o em atividades que normalmente s\u00e3o consideradas agrad\u00e1veis. A anedonia em si n\u00e3o \u00e9 um dist\u00farbio de sa\u00fade mental, mas pode ser um sintoma chave de muitos problemas de sa\u00fade mental, especialmente transtornos de humor. Ao longo dos anos, a nossa compreens\u00e3o da anedonia, especialmente nas ci\u00eancias sociais, evoluiu. <sup id=\"ref-link-1\"><a href=\"#ref-1\">[1]<\/a><\/sup> <\/p>\r\nPsic\u00f3logos e pesquisadores descobriram uma forte liga\u00e7\u00e3o entre anedonia e transtornos depressivos, especialmente com transtorno depressivo maior e transtorno depressivo persistente (anteriormente conhecido como distimia). <sup id=\"ref-link-2\"><a href=\"#ref-2\">[2]<\/a><\/sup> Com o lan\u00e7amento do Manual Diagn\u00f3stico e Estat\u00edstico de Transtornos Mentais (DSM-5) em 2013, a anedonia passou a ser considerada um dos principais sintomas do transtorno depressivo maior (TDM) e do transtorno depressivo persistente. \r\n<p>Para medir as tend\u00eancias e a gravidade dos sintomas, precisamos entender e acessar as dimens\u00f5es ou facetas da anedonia. <sup id=\"ref-link-3\"><a href=\"#ref-3\">[3]<\/a><\/sup> O objetivo da Escala de Anedonia Multidimensional Deenz \u00e9 acessar as tend\u00eancias de anedonia e medir o impacto da anedonia nos n\u00edveis social, emocional e ps\u00edquico.<\/p>\r\n<p><strong>Anedonia social<\/strong> refere-se \u00e0 dificuldade de encontrar prazer em atividades sociais. Quando \u00e0s vezes nos sentimos um pouco tristes e deprimidos, sentimos a necessidade de ficar sozinhos, mas uma sensa\u00e7\u00e3o constante de tristeza e a luta para sentir prazer nas intera\u00e7\u00f5es e relacionamentos sociais podem ser consideradas anedonia social.<sup id=\"ref-link-4\"><a href=\"#ref-4\">[4]<\/a><\/sup> Isso pode afetar nossos relacionamentos de longo prazo e podemos ter dificuldades para estabelecer conex\u00f5es com outras pessoas.<\/p>\r\n\r\n<p><strong>Anedonia F\u00edsica<\/strong> refere-se \u00e0 dificuldade de sentir prazer ps\u00edquico, como a redu\u00e7\u00e3o do interesse em <a href=\"https:\/\/drdeenz.com\/pt\/teste-de-orientacao-sexual\/\">interesses sexuais<\/a> e capacidade reduzida de est\u00edmulos sensoriais. \u00c0s vezes, quando nos sentimos um pouco tristes, podemos n\u00e3o sentir o sabor ou nos recusar a comer, mesmo quando o prato preferido est\u00e1 na mesa. Se essas experi\u00eancias ocorrerem de forma persistente, isso pode ser uma indica\u00e7\u00e3o de um problema de sa\u00fade mental.<\/p>\r\n\r\n<p><strong>Anedonia Emocional<\/strong> refere-se \u00e0 dificuldade de sentir alegria ou entusiasmo quando pode haver emo\u00e7\u00f5es positivas e fortes compartilhadas por outras pessoas. <sup id=\"ref-link-5\"><a href=\"#ref-5\">[5]<\/a><\/sup> Quando enfrentamos momentos dif\u00edceis, se nossos entes queridos tentam nos fazer rir, podemos nos exibir, mas talvez n\u00e3o compartilhemos uma risada genu\u00edna ou sincera. A anedonia emocional pode se manifestar de v\u00e1rias maneiras, como <a href=\"https:\/\/drdeenz.com\/pt\/teste-suicida-eu-sou-suicida\/\">desesperan\u00e7a<\/a> e incapacidade de expressar amor e afeto. <\/p>\r\n\r\n<p>Se voc\u00ea recebeu uma pontua\u00e7\u00e3o mais alta nas v\u00e1rias dimens\u00f5es da anedonia e sente falta de prazer e perda de interesse nas atividades que antes eram agrad\u00e1veis, lembre-se de que a anedonia n\u00e3o \u00e9 um problema de sa\u00fade mental, mas pode ser o sintoma de outros problemas de sa\u00fade mental, como transtornos depressivos de personalidade e transtornos de humor. Em <a href=\"https:\/\/drdeenz.com\/pt\/teste-de-depressao-agitada\/\">transtorno depressivo maior<\/a>Na maioria dos casos, a anedonia \u00e9 um dos principais sintomas, juntamente com a desesperan\u00e7a e o desamparo. Este teste de autoavalia\u00e7\u00e3o n\u00e3o pode substituir o diagn\u00f3stico formal. Se os seus sintomas estiverem interferindo na sua vida di\u00e1ria, considere a possibilidade de consultar um profissional de sa\u00fade mental para obter um diagn\u00f3stico adequado.<\/p>\r\n\r\n<h2>Como voc\u00ea testa a anedonia?<\/h2>\r\n<p>A anedonia n\u00e3o \u00e9 um tipo espec\u00edfico de transtorno de sa\u00fade mental. No DSM-5, ela \u00e9 descrita como uma falta de prazer e um sintoma de muitas condi\u00e7\u00f5es de sa\u00fade mental. \u00c9 uma <a href=\"https:\/\/drdeenz.com\/pt\/teste-de-abuso-emocional\/\">emocional<\/a> que pode afetar a qualidade de vida geral do indiv\u00edduo. <\/p>\r\n\r\n<p><strong>Entrevistas cl\u00ednicas:<\/strong> Os psiquiatras utilizam entrevistas cl\u00ednicas com os indiv\u00edduos e tentam fazer perguntas relacionadas \u00e0s experi\u00eancias de vida e comportamento. Os psiquiatras tentam compreender e avaliar o impacto da anedonia e de outros sintomas relacionados \u00e0s condi\u00e7\u00f5es de sa\u00fade mental.<\/p>\r\n\r\n<p><strong>Question\u00e1rios de auto-relato:<\/strong> Os profissionais de sa\u00fade mental usam autoavalia\u00e7\u00f5es nas quais o paciente recebe uma s\u00e9rie de perguntas relacionadas a experi\u00eancias e sentimentos individuais passados.  O question\u00e1rio de autoavalia\u00e7\u00e3o mais popular usado por profissionais \u00e9 a Escala de Prazer de Snaith-Hamilton, que se concentra principalmente na determina\u00e7\u00e3o dos sintomas de anedonia. <sup id=\"ref-link-6\"><a href=\"#ref-6\">[6]<\/a><\/sup> A Escala Multidimensional de Anedonia Deenz enfatiza a compreens\u00e3o da anedonia em um espectro e mede o impacto.<\/p><div class=\"reference-list\"><h3>Refer\u00eancias<\/h3><ol><li id=\"ref-1\">Treadway, M. T., &amp; Zald, D. H. (2010). Reconsidering anhedonia in depression (Reconsiderando a anedonia na depress\u00e3o): Lessons from translational neuroscience (Li\u00e7\u00f5es da neuroci\u00eancia translacional). Neuroscience &amp; Biobehavioral Reviews, 35(3), 537-555. <a href=\"https:\/\/doi.org\/10.1016\/j.neubiorev.2010.06.006\">https:\/\/doi.org\/10.1016\/j.neubiorev.2010.06.006<\/a> <a href=\"#ref-link-1\" class=\"back-link\" aria-label=\"Voltar ao conte\u00fado\">\u21a9<\/a><\/li><li id=\"ref-2\">Serretti, A. (2023). Anhedonia and Depressive Disorders (Anedonia e transtornos depressivos). Clinical Psychopharmacology and Neuroscience, 21(3), 401-409. <a href=\"https:\/\/doi.org\/10.9758\/cpn.23.1086\">https:\/\/doi.org\/10.9758\/cpn.23.1086<\/a> <a href=\"#ref-link-2\" class=\"back-link\" aria-label=\"Voltar ao conte\u00fado\">\u21a9<\/a><\/li><li id=\"ref-3\">Shankman, Stewart A., et al. \u201cAs diferentes facetas da anedonia e suas associa\u00e7\u00f5es com diferentes psicopatologias.\u201d Anedonia: um manual abrangente volume I: quest\u00f5es conceituais e avan\u00e7os neurobiol\u00f3gicos (2014): 3-22. <a href=\"https:\/\/doi.org\/10.1007\/978-94-017-8591-4_1\">https:\/\/doi.org\/10.1007\/978-94-017-8591-4_1<\/a> <a href=\"#ref-link-3\" class=\"back-link\" aria-label=\"Voltar ao conte\u00fado\">\u21a9<\/a><\/li><li id=\"ref-4\">Barkus, Emma e Johanna C. Badcock. \u201cUma perspectiva transdiagn\u00f3stica sobre a anedonia social.\u201d Frontiers in psychiatry 10 (2019): 216. <a href=\"https:\/\/doi.org\/10.3389\/fpsyt.2019.00216\">https:\/\/doi.org\/10.3389\/fpsyt.2019.00216<\/a> <a href=\"#ref-link-4\" class=\"back-link\" aria-label=\"Voltar ao conte\u00fado\">\u21a9<\/a><\/li><li id=\"ref-5\">Berenbaum, H., Snowhite, R. e Oltmanns, T.F. (1987) 'Anhedonia and emotional responses to affect evoking stimuli', Psychological Medicine, 17(3), pp. 677-684. <a href=\"https:\/\/doi.org\/10.1017\/S0033291700025915\">doi:10.1017\/S0033291700025915.<\/a> <a href=\"#ref-link-5\" class=\"back-link\" aria-label=\"Voltar ao conte\u00fado\">\u21a9<\/a><\/li><li id=\"ref-6\">Harvard Snaith, RP et al. (1995) &#039;Uma escala para avalia\u00e7\u00e3o do tom hed\u00f4nico, a escala de prazer de Snaith-Hamilton&#039;, British Journal of Psychiatry, 167(1), pp. 99\u2013103. <a href=\"https:\/\/doi.org\/10.1017\/S0033291700025915\">doi:10.1192\/bjp.167.1.99.<\/a> <a href=\"#ref-link-6\" class=\"back-link\" aria-label=\"Voltar ao conte\u00fado\">\u21a9<\/a><\/li><\/ol><\/div>","protected":false},"excerpt":{"rendered":"O teste de anedonia \u00e9 a ado\u00e7\u00e3o digital da Escala de Anedonia Multidimensional Deenz, projetada para medir as tend\u00eancias, a gravidade e o impacto da anedonia no bem-estar geral.","protected":false},"author":1,"featured_media":3996,"parent":0,"menu_order":0,"comment_status":"closed","ping_status":"closed","template":"","meta":{"inline_featured_image":false,"footnotes":""},"categories":[3,4],"class_list":["post-336","page","type-page","status-publish","has-post-thumbnail","hentry","category-depression","category-stress"],"lang":"en","translations":{"en":336,"pl":5770},"_links":{"self":[{"href":"https:\/\/drdeenz.com\/pt\/wp-json\/wp\/v2\/pages\/336","targetHints":{"allow":["GET"]}}],"collection":[{"href":"https:\/\/drdeenz.com\/pt\/wp-json\/wp\/v2\/pages"}],"about":[{"href":"https:\/\/drdeenz.com\/pt\/wp-json\/wp\/v2\/types\/page"}],"author":[{"embeddable":true,"href":"https:\/\/drdeenz.com\/pt\/wp-json\/wp\/v2\/users\/1"}],"replies":[{"embeddable":true,"href":"https:\/\/drdeenz.com\/pt\/wp-json\/wp\/v2\/comments?post=336"}],"version-history":[{"count":4,"href":"https:\/\/drdeenz.com\/pt\/wp-json\/wp\/v2\/pages\/336\/revisions"}],"predecessor-version":[{"id":5906,"href":"https:\/\/drdeenz.com\/pt\/wp-json\/wp\/v2\/pages\/336\/revisions\/5906"}],"wp:featuredmedia":[{"embeddable":true,"href":"https:\/\/drdeenz.com\/pt\/wp-json\/wp\/v2\/media\/3996"}],"wp:attachment":[{"href":"https:\/\/drdeenz.com\/pt\/wp-json\/wp\/v2\/media?parent=336"}],"wp:term":[{"taxonomy":"category","embeddable":true,"href":"https:\/\/drdeenz.com\/pt\/wp-json\/wp\/v2\/categories?post=336"}],"curies":[{"name":"wp","href":"https:\/\/api.w.org\/{rel}","templated":true}]}}