{"id":232,"date":"2023-03-04T03:18:42","date_gmt":"2023-03-04T03:18:42","guid":{"rendered":"https:\/\/drdeenz.com\/?p=232"},"modified":"2025-10-30T08:39:08","modified_gmt":"2025-10-30T08:39:08","slug":"teste-de-personalidade-esquizotipica","status":"publish","type":"page","link":"https:\/\/drdeenz.com\/pt\/teste-de-personalidade-esquizotipica\/","title":{"rendered":"Teste de personalidade esquizot\u00edpica"},"content":{"rendered":"<div id=\"description\">\r\n<p><strong>Deenz A Escala de Personalidade Esquizot\u00edpica (DSPS-27) \u00e9 usada como uma medida preliminar para identificar tend\u00eancias ou avaliar os tra\u00e7os subcl\u00ednicos associados \u00e0 personalidade esquizot\u00edpica. Os tra\u00e7os subcl\u00ednicos est\u00e3o abaixo do limiar de um diagn\u00f3stico cl\u00ednico de transtorno de personalidade esquizot\u00edpica. Esta ferramenta de autoavalia\u00e7\u00e3o ou question\u00e1rio n\u00e3o foi concebida para fornecer um diagn\u00f3stico cl\u00ednico. Sua participa\u00e7\u00e3o \u00e9 totalmente an\u00f4nima e n\u00e3o armazenamos seus resultados para fins de pesquisa.<\/strong><\/p>\r\n\r\n<p><strong>Personalidade esquizot\u00edpica<\/strong> \u00e9 como ter um p\u00e9 na realidade e outro em um mundo de fantasia. A personalidade esquizot\u00edpica se enquadra na categoria de transtornos de personalidade. \u00c9 uma condi\u00e7\u00e3o complexa de sa\u00fade mental que envolve <strong>defeitos sociais e interpessoais, distor\u00e7\u00f5es cognitivas e comportamentos exc\u00eantricos<\/strong>. Acreditar em magia ou pensar de maneira incomum n\u00e3o torna algu\u00e9m esquizot\u00edpico <sup id=\"ref-link-1\"><a href=\"#ref-1\">[1]<\/a><\/sup>. Ainda assim, h\u00e1 uma ampla gama de tra\u00e7os associados a esse transtorno de personalidade, como cren\u00e7as estranhas, distor\u00e7\u00f5es perceptivas, problemas sociais e de sa\u00fade. <a href=\"https:\/\/drdeenz.com\/pt\/teste-de-anedonia\/\">anedonia<\/a>isolamento, comportamentos exc\u00eantricos, etc. Essas caracter\u00edsticas tamb\u00e9m devem ter um <strong>impacto na vida social, interpessoal e cotidiana<\/strong> para ser qualificado para o diagn\u00f3stico cl\u00ednico.<\/p>  \r\n\r\n<p><strong>Deenz Escala de personalidade esquizot\u00edpica<\/strong> \u00e9 projetado para medir tra\u00e7os subcl\u00ednicos na popula\u00e7\u00e3o em geral e ajuda os participantes a ter uma vis\u00e3o desses tra\u00e7os e a avaliar a probabilidade de apresentar caracter\u00edsticas associadas ao Transtorno da Personalidade Esquizot\u00edpica.<\/p>\r\n\r\n<h2>Facetas da personalidade esquizot\u00edpica<\/h2>\r\n<p><strong>Fant\u00e1stico (cren\u00e7as estranhas)<\/strong> As pessoas com personalidades esquizot\u00edpicas podem ter cren\u00e7as estranhas que talvez n\u00e3o estejam fundamentadas na realidade ou n\u00e3o sejam amplamente aceitas pelos outros. Por exemplo. Uma pessoa com cren\u00e7as estranhas pode ter uma forte cren\u00e7a na influ\u00eancia de <strong>astrologia e hor\u00f3scopos<\/strong>. Ele\/ela pode ter uma cren\u00e7a convencional em magia, supersti\u00e7\u00f5es ou paranoia. Apesar de n\u00e3o apresentar nenhuma evid\u00eancia, ele\/ela pode apoiar suas cren\u00e7as, o que pode levar ao isolamento social e a dificuldades de funcionamento na vida cotidiana.<\/p><p><strong>Disquietude (Desconforto social)<\/strong> Pessoas com personalidades esquizot\u00edpicas apresentam desconforto social significativo, mal-estar e ansiedade em situa\u00e7\u00f5es sociais. Ao interagir com outras pessoas, elas podem se sentir desajeitadas ou autoconscientes, e esse comportamento leva a <a href=\"https:\/\/drdeenz.com\/pt\/teste-de-transtorno-de-personalidade-esquiva\/\">evas\u00e3o<\/a> e manter relacionamentos interpessoais. Eles tamb\u00e9m podem ter dificuldades para entender os sinais sociais, o que contribui para a confus\u00e3o e o menor interesse em participar de eventos sociais. <sup id=\"ref-link-2\"><a href=\"#ref-2\">[2]<\/a><\/sup> <\/p><p><strong>Excentricidade (hobbies incomuns ou interesses incomuns)<\/strong> A excentricidade se refere a <strong>comportamentos incomuns ou um modo estranho de falar, apar\u00eancia ou ideias<\/strong>Em geral, esses comportamentos se desviam das normas ou expectativas da sociedade.  Pessoas com personalidades esquizot\u00edpicas geralmente apresentam <a href=\"https:\/\/drdeenz.com\/pt\/teste-neurodivergente\/\">padr\u00f5es de fala desorientados<\/a> e pode ter hobbies estranhos ou n\u00e3o convencionais ou interesses incomuns. <\/p>\r\n<p><strong>Supersticioso (pensamento m\u00e1gico)<\/strong> As pessoas com cren\u00e7as ou comportamentos supersticiosos t\u00eam origem em <strong>distor\u00e7\u00f5es cognitivas e anormalidades perceptivas<\/strong>.  Uma pessoa com personalidade esquizot\u00edpica pode acreditar em coisas que podem n\u00e3o ser l\u00f3gicas e perceber e se comportar de forma diferente. <strong>Por exemplo, uma pessoa que acredita que, se passar por baixo de uma escada, algo ruim pode acontecer.<\/strong> Ele\/ela pode evitar passar por baixo da escada a todo custo, mesmo que isso signifique escolher um caminho mais longo. <sup id=\"ref-link-3\"><a href=\"#ref-3\">[3]<\/a><\/sup><\/p>\r\n<p><strong>Aberra\u00e7\u00f5es (anomalias perceptuais)<\/strong> Aberra\u00e7\u00f5es referem-se a experi\u00eancias incomuns relacionadas \u00e0 percep\u00e7\u00e3o sensorial.  Essas experi\u00eancias podem incluir distor\u00e7\u00f5es na forma como a pessoa percebe as imagens, os sons ou as sensa\u00e7\u00f5es corporais. Uma pessoa com personalidade esquizot\u00edpica pode ouvir ou ver coisas que os outros n\u00e3o veem. <\/p><p><strong>Bizarro (pensamento incomum)<\/strong> Bizarro, no contexto da personalidade esquizot\u00edpica, refere-se ao padr\u00e3o idiossincr\u00e1tico de pensamentos ou a ter pensamentos diferentes do que a maioria das pessoas pensa. Esses pensamentos estranhos podem incluir fazer conex\u00f5es que podem parecer estranhas e raciocinar de uma forma que pode estar fora do t\u00f3pico. Uma pessoa com essa personalidade pode ver e falar sobre o mundo de forma diferente ou incomum e pode ser dif\u00edcil para os outros entenderem. <\/p><p><strong>Suspeita (suspeitar de motivos ocultos)<\/strong> A suspei\u00e7\u00e3o \u00e9 uma tend\u00eancia a desconfiar ou suspeitar das inten\u00e7\u00f5es ou motivos dos outros.   Uma pessoa com personalidade esquizot\u00edpica pode ser cautelosa ou estar sempre em d\u00favida sobre as inten\u00e7\u00f5es dos outros. Ela tende a estar sempre em guarda e acredita que <strong>outros podem ter inten\u00e7\u00f5es prejudiciais sem nenhuma evid\u00eancia forte<\/strong>. Esse comportamento pode levar \u00e0 paranoia ao interagir com outras pessoas. <sup id=\"ref-link-4\"><a href=\"#ref-4\">[4]<\/a><\/sup><\/p>\r\n<p><strong>Reservado (restri\u00e7\u00e3o na express\u00e3o de emo\u00e7\u00f5es e sentimentos)<\/strong> As pessoas com personalidades esquizot\u00edpicas demonstram pouco ou nenhum interesse no que est\u00e1 acontecendo ao seu redor. Elas podem parecer indiferentes ao interagir com os outros.  <strong>Eles tamb\u00e9m podem parecer emocionalmente distantes, indiferentes ou n\u00e3o demonstrar interesse em se envolver em intera\u00e7\u00f5es sociais.<\/strong> Esse comportamento faz com que elas se tornem reservadas e n\u00e3o expressem emo\u00e7\u00f5es, sentimentos e pensamentos. <\/p><p><strong>Peculiar (Comportamentos e h\u00e1bitos peculiares)<\/strong> Pessoas com personalidades esquizot\u00edpicas tendem a se comportar de uma maneira que pode parecer estranha para os outros.   Esses comportamentos podem incluir rituais estranhos ou incomuns ou h\u00e1bitos peculiares.<strong> Por exemplo, uma pessoa com esse transtorno de personalidade pode ter um fasc\u00ednio por colecionar objetos incomuns e passar horas organizando-os e colecionando-os.<\/strong> Ele\/ela tamb\u00e9m pode ter a tend\u00eancia de evitar o contato visual e falar de forma desconexa. Ele\/ela tamb\u00e9m pode apresentar gestos ou express\u00f5es faciais estranhos que os outros podem achar <a href=\"https:\/\/drdeenz.com\/pt\/teste-de-pessoa-dificil\/\">dif\u00edcil de entender<\/a> ou interpretar. <\/p>\r\n<h2>E se eu obtiver uma pontua\u00e7\u00e3o alta no teste de personalidade esquizot\u00edpica?<\/h2>\r\n<p>O DSPS-27 foi elaborado para medir tend\u00eancias a tra\u00e7os subcl\u00ednicos da personalidade esquizot\u00edpica. Os tra\u00e7os sub-cl\u00ednicos s\u00e3o formas de sintomas que n\u00e3o atendem aos crit\u00e9rios completos para um diagn\u00f3stico formal ou cl\u00ednico. <strong>Esta autoavalia\u00e7\u00e3o n\u00e3o se destina a ser usada para fazer um diagn\u00f3stico cl\u00ednico ou autodiagn\u00f3stico do Transtorno da Personalidade Esquizot\u00edpica.<\/strong> Portanto, uma pontua\u00e7\u00e3o alta no teste de triagem de personalidade esquizot\u00edpica n\u00e3o significa necessariamente que voc\u00ea tenha transtorno de personalidade esquizot\u00edpica.\r\n<\/p>\r\n<style> .reference-list {\r\n  background: #f9f9f9;\r\n  padding: 15px;\r\n  border-radius: 8px;\r\n  font-size: 14px;\r\n  box-shadow: 0 2px 6px rgba(0,0,0,0.1);\r\n}\r\n.reference-list h3 {\r\n  margin-top: 0;\r\n}\r\n.reference-list ol {\r\n  margin: 0;\r\n  list-style-type: decimal; \/* ensures 1, 2, 3 format *\/\r\n}\r\n.reference-list li {\r\n  margin-bottom: 8px;\r\n  line-height: 1.5;\r\n  position: relative;\r\n}\r\n.reference-list .back-link {\r\n  float: right;         \/* move link to right side *\/\r\n  font-size: 12px;\r\n  margin-left: 15px;    \/* extra spacing from text if text is long *\/\r\n}<\/style><\/div><div class=\"reference-list\"><h3>Refer\u00eancias<\/h3><ol><li id=\"ref-1\">Rosell, D.R. Schizotypal Personality Disorder (Transtorno de Personalidade Esquizot\u00edpica): Uma revis\u00e3o atual. <a href=\"https:\/\/doi.org\/10.1007\/s11920-014-0452-1\">https:\/\/doi.org\/10.1007\/s11920-014-0452-1<\/a> <a href=\"#ref-link-1\" class=\"back-link\" aria-label=\"Voltar ao conte\u00fado\">\u21a9<\/a><\/li><li id=\"ref-2\">Waldeck, &amp; Miller, L. (2000). Social skills deficits in schizotypal personality disorder (D\u00e9ficits de habilidades sociais no transtorno de personalidade esquizot\u00edpica). Psychiatry Research, 93(3), 237-246. <a href=\"https:\/\/doi.org\/10.1016\/S0165-1781(00)00122-0\">https:\/\/doi.org\/10.1016\/S0165-1781(00)00122-0<\/a> <a href=\"#ref-link-2\" class=\"back-link\" aria-label=\"Voltar ao conte\u00fado\">\u21a9<\/a><\/li><li id=\"ref-3\">Fenomenologia, determinantes. \"Confian\u00e7a e transtornos de personalidade\". The Neurobiology of Trust (2021): 430. <a href=\"https:\/\/books.google.co.in\/books?id=d7hIEAAAQBAJ&#038;lpg=PA430&#038;ots=Jc78WXfNNk&#038;dq=trust%20Schizotypal%20Personality%20Disorder&#038;lr&#038;pg=PA430#v=onepage&#038;q=trust%20Schizotypal%20Personality%20Disorder&#038;f=false\">Books.google.co.in<\/a> <a href=\"#ref-link-3\" class=\"back-link\" aria-label=\"Voltar ao conte\u00fado\">\u21a9<\/a><\/li><li id=\"ref-4\">Eckblad, M., &amp; Chapman, L. J. (1983). Magical ideation as an indicator of schizotypy (Idea\u00e7\u00e3o m\u00e1gica como indicador de esquizotipia). Journal of Consulting and Clinical Psychology, 51(2), 215-225. <a href=\"https:\/\/doi.org\/10.1037\/0022-006X.51.2.215\">https:\/\/doi.org\/10.1037\/0022-006X.51.2.215<\/a> <a href=\"#ref-link-4\" class=\"back-link\" aria-label=\"Voltar ao conte\u00fado\">\u21a9<\/a><\/li><\/ol><\/div>","protected":false},"excerpt":{"rendered":"O Teste de Personalidade Esquizot\u00edpica \u00e9 a adapta\u00e7\u00e3o digital da Escala de Personalidade Esquizot\u00edpica Deenz (DSPS-27) projetada para medir tra\u00e7os subcl\u00ednicos e acessar a inclina\u00e7\u00e3o para tra\u00e7os patol\u00f3gicos associados ao Transtorno de Personalidade Esquizot\u00edpica.","protected":false},"author":1,"featured_media":4361,"parent":0,"menu_order":0,"comment_status":"closed","ping_status":"closed","template":"","meta":{"inline_featured_image":false,"footnotes":""},"categories":[5],"class_list":["post-232","page","type-page","status-publish","has-post-thumbnail","hentry","category-personality-assessments"],"lang":"en","translations":{"en":232},"_links":{"self":[{"href":"https:\/\/drdeenz.com\/pt\/wp-json\/wp\/v2\/pages\/232","targetHints":{"allow":["GET"]}}],"collection":[{"href":"https:\/\/drdeenz.com\/pt\/wp-json\/wp\/v2\/pages"}],"about":[{"href":"https:\/\/drdeenz.com\/pt\/wp-json\/wp\/v2\/types\/page"}],"author":[{"embeddable":true,"href":"https:\/\/drdeenz.com\/pt\/wp-json\/wp\/v2\/users\/1"}],"replies":[{"embeddable":true,"href":"https:\/\/drdeenz.com\/pt\/wp-json\/wp\/v2\/comments?post=232"}],"version-history":[{"count":4,"href":"https:\/\/drdeenz.com\/pt\/wp-json\/wp\/v2\/pages\/232\/revisions"}],"predecessor-version":[{"id":5854,"href":"https:\/\/drdeenz.com\/pt\/wp-json\/wp\/v2\/pages\/232\/revisions\/5854"}],"wp:featuredmedia":[{"embeddable":true,"href":"https:\/\/drdeenz.com\/pt\/wp-json\/wp\/v2\/media\/4361"}],"wp:attachment":[{"href":"https:\/\/drdeenz.com\/pt\/wp-json\/wp\/v2\/media?parent=232"}],"wp:term":[{"taxonomy":"category","embeddable":true,"href":"https:\/\/drdeenz.com\/pt\/wp-json\/wp\/v2\/categories?post=232"}],"curies":[{"name":"wp","href":"https:\/\/api.w.org\/{rel}","templated":true}]}}