{"id":1601,"date":"2023-12-15T13:34:33","date_gmt":"2023-12-15T13:34:33","guid":{"rendered":"https:\/\/drdeenz.com\/?p=1601"},"modified":"2025-10-23T14:09:52","modified_gmt":"2025-10-23T14:09:52","slug":"teste-de-trauma-na-infancia","status":"publish","type":"page","link":"https:\/\/drdeenz.com\/pt\/teste-de-trauma-na-infancia\/","title":{"rendered":"Teste de Trauma Infantil"},"content":{"rendered":"<p style=\" border-style: solid; border-width: 1px; border-color: #000; box-shadow: 2px 2px 0px 0px #fe025b; padding: 5px; \">Este teste \u00e9 uma adapta\u00e7\u00e3o digital da Escala de Trauma Infantil Deenz (DCTS-28). <sup id=\"ref-link-1\"><a href=\"#ref-1\">[1]<\/a><\/sup> Sua participa\u00e7\u00e3o neste teste \u00e9 an\u00f4nima. N\u00e3o solicitamos nem coletamos suas informa\u00e7\u00f5es pessoais, nem armazenamos seus resultados. <\/p>\r\n<h2>Desenvolvimento da Escala de Trauma na Inf\u00e2ncia.<\/h2>\r\n<p class=\"translation-block\">A exposi\u00e7\u00e3o a traumas na inf\u00e2ncia est\u00e1 associada a um impacto psicol\u00f3gico no bem-estar geral dos indiv\u00edduos. <sup id=\"ref-link-2\"><a href=\"#ref-2\" target=\"_self\">[2]<\/a><\/sup> Nem todas as pessoas que passaram por eventos traum\u00e1ticos na inf\u00e2ncia podem desenvolver um problema de sa\u00fade mental. Nem todo mundo que pode ter passado por eventos traum\u00e1ticos na inf\u00e2ncia pode desenvolver um problema de sa\u00fade mental. Entretanto, isso pode ter afetado de alguma forma a vida cognitiva, social e <a href=\"https:\/\/drdeenz.com\/pt\/teste-de-anedonia\/\" target=\"_self\">pessoal do indiv\u00edduo<\/a> em algum grau.<\/p>\r\n<p>Ao longo dos anos, os psic\u00f3logos t\u00eam se esfor\u00e7ado para estudar a experi\u00eancia da inf\u00e2ncia e seu impacto no bem-estar geral. A necessidade de ferramentas avan\u00e7adas para medir experi\u00eancias passadas tamb\u00e9m foi reconhecida. <sup id=\"ref-link-3\"><a href=\"#ref-3\">[3]<\/a><\/sup> Uma das escalas tradicionais populares de autoavalia\u00e7\u00e3o1TP7 \u00e9 a <strong>Question\u00e1rio de Trauma Infantil (CTQ)<\/strong> e <strong>ACES (Escala de Experi\u00eancias Adversas na Inf\u00e2ncia)<\/strong>. O CTQ \u00e9 um question\u00e1rio de autoavalia\u00e7\u00e3o de 70-item desenvolvido por Bernstein em 1994, que tenta medir v\u00e1rias subescalas de trauma infantil.\r\n<\/p>\r\n<p><strong>Escala de traumas na inf\u00e2ncia Deenz (DCTS-28)<\/strong> \u00e9 um question\u00e1rio de autoavalia\u00e7\u00e3o moderno e breve, projetado para medir o espectro de traumas adversos na inf\u00e2ncia. A escala tenta avaliar o trauma infantil por meio de uma abordagem multidimensional; as principais facetas que essa escala mede s\u00e3o <a href=\"https:\/\/drdeenz.com\/pt\/teste-de-abuso-emocional\/\">Abuso emocional<\/a>O impacto da viol\u00eancia f\u00edsica, da neglig\u00eancia emocional e do comportamento.<\/p>\r\n\r\n<p class=\"translation-block\">O principal objetivo do desenvolvimento da escala DCTS-28 \u00e9 medir o trauma na inf\u00e2ncia e seu impacto no bem-estar psicol\u00f3gico e geral de um indiv\u00edduo. Em um estudo do qual participaram 240 estudantes universit\u00e1rios, 97 do sexo feminino e 143 do sexo masculino, constatou-se que a escala \u00e9 uma medida v\u00e1lida e confi\u00e1vel para medir experi\u00eancias traum\u00e1ticas e o impacto sobre o bem-estar geral. A validade foi apoiada por correla\u00e7\u00f5es significativas com medidas estabelecidas de trauma infantil, incluindo o <strong>Childhood Trauma Questionnaire (CTQ)<\/strong> e o question\u00e1rio <strong>Adverse Childhood Experiences (ACE)<\/strong>.<\/p>\r\n<img decoding=\"async\" src=\"https:\/\/drdeenz.com\/wp-content\/uploads\/2025\/10\/Childhood-Trauma-Scale.webp\" alt=\"Desenvolvimento detalhado para o Teste de Trauma Infantil-ACES Quiz\" \/>\r\n<p>N\u00f3s nos esfor\u00e7amos para tornar essa vers\u00e3o interativa (teste de traumas na inf\u00e2ncia) precisa e confi\u00e1vel para a autotriagem-. No entanto, question\u00e1rios e testes on-line, incluindo este <strong>teste de trauma na inf\u00e2ncia<\/strong> n\u00e3o s\u00e3o consideradas precisas. Esse teste provou ser ben\u00e9fico para a compreens\u00e3o do impacto e da exposi\u00e7\u00e3o a eventos traum\u00e1ticos na inf\u00e2ncia, mas voc\u00ea deve observar que esse teste computadorizado destina-se apenas a fins educacionais. Se voc\u00ea tiver algum coment\u00e1rio ou sugest\u00e3o, por favor <a href=\"https:\/\/drdeenz.com\/contact-us\/\">Entre em contato comigo<\/a> ou qualquer d\u00favida relacionada ao uso desta autoavalia\u00e7\u00e3o, consulte nosso <a href=\"https:\/\/drdeenz.com\/privacy\/\">termos de uso<\/a><\/p>\r\n\r\n<style>hr {\r\n    margin: 10px 0px;\r\n    border: none;\r\n}.question-choices.watupro-choices-columns {\r\n    padding-top: 15px;\r\n}ul.watupro-question-paginator li, ul.watupro-answers-paginator li {\r\n    width: auto!important;\r\n}.question-content {\r\n    text-align: center;\r\n}.watu-question .question-content p {\r\n    margin-top: 12px;\r\n}.question-choices.watupro-choices-columns {\r\n    display: inline-flex;\r\n    flex-wrap: wrap;\r\n    justify-content: center;\r\n}.question-choices.watupro-choices-columns .watupro-question-choice {\r\n    line-height: 1;\r\n}.question-choices.watupro-choices-columns div:nth-child(4) .answer {\r\n    width: 30px;\r\n    height: 30px;\r\n    border-color: #346aa3;\r\n        position: relative;padding: 0px;\r\n    border-radius: 50%;\r\n    border: 4px solid;\r\n}.question-choices.watupro-choices-columns div:nth-child(5) .answer span {\r\n   display: block!important;\r\n    position: relative;\r\n    color: #316d72;\r\n    margin-left: 26px;\r\n    float: left;\r\n}.question-choices.watupro-choices-columns div:nth-child(1) .answer span {\r\n        display: block!important;\r\n    color: #316d72;\r\n    float: right;text-align:left;\r\n    margin-right: 26px;\r\n}.question-choices.watupro-choices-columns div:nth-child(3) .answer {\r\n    width: 27px;\r\n    height: 27px;\r\n    border-top-color: #f1c40f!important;\r\n    border-left-color: #f1c40f!important;\r\n    border-right-color: #346aa3!important;\r\n    border-bottom-color: #346aa3!important;\r\npadding: 0px;\r\nposition: relative;\r\n    border-radius: 50%;\r\n    border: 4px solid;\r\n}.question-choices.watupro-choices-columns div:nth-child(2) .answer {\r\n    width: 30px;\r\n    height: 30px;\r\n    border-color: #f1c40f!important;\r\n    position: relative;\r\n    border-radius: 50%;\r\n    border: 4px solid;padding: 0px;\r\n}.question-choices.watupro-choices-columns div:nth-child(5) .answer {\r\n    width: 30px;\r\n    height: 33px;\r\n    border-color: #346aa3;\r\n    position: relative;\r\n    border-radius: 50%;\r\n    border: 4px solid;\r\npadding: 0px;\r\n}.question-choices.watupro-choices-columns div:nth-child(1) .answer {\r\n       width: 30px;\r\n    position: relative;\r\n    border-radius: 50%;\r\n    border: 4px solid;\r\n    height: 33px;text-align: right;\r\n    border-color: #f1c40f;\r\npadding: 0px;\r\n}.watupro-question-choice {\r\n    height: 47px!important;\r\n    width: 47px!important;\r\n    display: inline-block!important;\r\n    position: relative!important;\r\n    border-radius: 0.325em;\r\n    transition: background .1s linear;\r\n    border: 0px!important;\r\n}.question-choices.watupro-choices-columns .watupro-question-choice span {\r\n    display: none!important;\r\n}.question-choices.watupro-choices-columns {\r\n    text-align: center;\r\n}.watupro-question-choice input[type=radio] + label, .watupro-question-choice input[type=checkbox] + label {\r\n   height: 47px;\r\n    width: 47px;\r\n}.watupro-question-choice input[type=radio]:checked + label, .watupro-question-choice input[type=checkbox]:checked + label {\r\n    background-image: none;\r\n    outline: 0;\r\n    background-color: #005E7C!important;\r\n    color: #fff;\r\n}.question-choices.watupro-choices-columns .watupro-question-choice {\r\n    margin: 2px!important;\r\n}@media screen and (max-width: 290px) {.watupro_buttons.flex {\r\n    display: flex;\r\n    flex-flow: nowrap!important;\r\n}}\r\n@media screen and (min-width: 450px) {.question-choices.watupro-choices-columns div:nth-child(1) .answer span {\r\n        margin-right: 43px;\r\n}.question-choices.watupro-choices-columns div:nth-child(5) .answer span {\r\n    margin-left: 46px;\r\n}}\r\n@media screen and (max-width: 450px) {.question-choices.watupro-choices-columns{padding: 30px 0px;}.question-choices.watupro-choices-columns div:nth-child(1) .answer span{  padding-top: 10px; font-size: 16px;    position: absolute;\r\n    top: 28px;\r\n   right: -73px;width:100px;}.question-choices.watupro-choices-columns div:nth-child(5) .answer span{padding-top: 10px;font-size: 16px;position: absolute;\r\n    top: 28px;\r\n    right: -9px;}}<\/style>\r\n<div class=\"reference-list\"><h3>Refer\u00eancias<\/h3><ol><li id=\"ref-1\">Dar, D. M. (2024). Introduzindo o <strong>Escala de traumas na inf\u00e2ncia Deenz (DCTS-28)<\/strong>: Validating a Comprehensive Measure for Assessing Childhood Trauma Experiences (Valida\u00e7\u00e3o de uma medida abrangente para avaliar experi\u00eancias de trauma na inf\u00e2ncia). PsychArchives. <a href=\"https:\/\/doi.org\/10.23668\/psycharchives.14225\">https:\/\/doi.org\/10.23668\/psycharchives.14225<\/a> <a href=\"#ref-link-1\" class=\"back-link\" aria-label=\"Voltar ao conte\u00fado\">\u21a9<\/a><\/li><li id=\"ref-2\">Terr, Lenore C. \"Childhood traumas: An outline and overview\". Focus 1.3 (2003): 322-334. <a href=\"https:\/\/doi.org\/10.1176\/foc.1.3.322\">https:\/\/doi.org\/10.1176\/foc.1.3.322<\/a> <a href=\"#ref-link-2\" class=\"back-link\" aria-label=\"Voltar ao conte\u00fado\">\u21a9<\/a><\/li><li id=\"ref-3\">Danese, A. (2020). Revis\u00e3o anual de pesquisa: Rethinking childhood trauma-new research directions for measurement, study design and analytical strategies (Repensando o trauma infantil - novas dire\u00e7\u00f5es de pesquisa para medi\u00e7\u00e3o, desenho de estudo e estrat\u00e9gias anal\u00edticas). Journal of Child Psychology and Psychiatry, 61(3), 236-250. <a href=\"https:\/\/doi.org\/10.1111\/jcpp.13160\">https:\/\/doi.org\/10.1111\/jcpp.13160<\/a> <a href=\"#ref-link-3\" class=\"back-link\" aria-label=\"Voltar ao conte\u00fado\">\u21a9<\/a><\/li><\/ol><\/div>","protected":false},"excerpt":{"rendered":"O teste de trauma na inf\u00e2ncia \u00e9 a vers\u00e3o computadorizada da Escala de Trauma na Inf\u00e2ncia Deenz (DCTS-28), que \u00e9 uma medida v\u00e1lida e confi\u00e1vel para avaliar o impacto e a exposi\u00e7\u00e3o ao trauma na inf\u00e2ncia.","protected":false},"author":1,"featured_media":5784,"parent":0,"menu_order":0,"comment_status":"closed","ping_status":"closed","template":"","meta":{"inline_featured_image":false,"footnotes":""},"categories":[3],"class_list":["post-1601","page","type-page","status-publish","has-post-thumbnail","hentry","category-depression"],"lang":"en","translations":{"en":1601},"_links":{"self":[{"href":"https:\/\/drdeenz.com\/pt\/wp-json\/wp\/v2\/pages\/1601","targetHints":{"allow":["GET"]}}],"collection":[{"href":"https:\/\/drdeenz.com\/pt\/wp-json\/wp\/v2\/pages"}],"about":[{"href":"https:\/\/drdeenz.com\/pt\/wp-json\/wp\/v2\/types\/page"}],"author":[{"embeddable":true,"href":"https:\/\/drdeenz.com\/pt\/wp-json\/wp\/v2\/users\/1"}],"replies":[{"embeddable":true,"href":"https:\/\/drdeenz.com\/pt\/wp-json\/wp\/v2\/comments?post=1601"}],"version-history":[{"count":4,"href":"https:\/\/drdeenz.com\/pt\/wp-json\/wp\/v2\/pages\/1601\/revisions"}],"predecessor-version":[{"id":5517,"href":"https:\/\/drdeenz.com\/pt\/wp-json\/wp\/v2\/pages\/1601\/revisions\/5517"}],"wp:featuredmedia":[{"embeddable":true,"href":"https:\/\/drdeenz.com\/pt\/wp-json\/wp\/v2\/media\/5784"}],"wp:attachment":[{"href":"https:\/\/drdeenz.com\/pt\/wp-json\/wp\/v2\/media?parent=1601"}],"wp:term":[{"taxonomy":"category","embeddable":true,"href":"https:\/\/drdeenz.com\/pt\/wp-json\/wp\/v2\/categories?post=1601"}],"curies":[{"name":"wp","href":"https:\/\/api.w.org\/{rel}","templated":true}]}}