{"id":1562,"date":"2023-12-08T02:19:51","date_gmt":"2023-12-08T02:19:51","guid":{"rendered":"https:\/\/drdeenz.com\/?p=1562"},"modified":"2025-10-26T15:55:03","modified_gmt":"2025-10-26T15:55:03","slug":"teste-de-sadismo","status":"publish","type":"page","link":"https:\/\/drdeenz.com\/pt\/teste-de-sadismo\/","title":{"rendered":"Teste de sadismo"},"content":{"rendered":"<p style=\" border-style: solid; border-width: 1px; border-color: #000; box-shadow: 2px 2px 0px 0px #fe025b; padding: 5px; \">Teste de sadismo \u00e9 a vers\u00e3o computadorizada da Escala de Avalia\u00e7\u00e3o de Tend\u00eancia de Sadismo (DTAS-24). <sup id=\"ref-link-1\"><a href=\"#ref-1\">[1]<\/a><\/sup>\r\nEsta ferramenta de autoavalia\u00e7\u00e3o de sadismo \u00e9 fornecida apenas para fins educacionais. Os resultados fornecidos n\u00e3o constituem aconselhamento m\u00e9dico. A participa\u00e7\u00e3o nesta ferramenta \u00e9 totalmente an\u00f4nima. NENHUM dado \u00e9 coletado ou armazenado para fins de pesquisa. <\/p>\r\n<p>Sadismo refere-se \u00e0 tend\u00eancia de sentir prazer, gratifica\u00e7\u00e3o ou satisfa\u00e7\u00e3o com a dor, o sofrimento ou a humilha\u00e7\u00e3o dos outros. Indiv\u00edduos com tra\u00e7os s\u00e1dicos t\u00eam um desejo deliberado ou intencional de causar danos a outras pessoas, podem demonstrar crueldade com animais e usar a manipula\u00e7\u00e3o para fazer os outros sofrerem, especialmente obtendo prazer com o ass\u00e9dio sexual.  <sup id=\"ref-link-2\"><a href=\"#ref-2\">[2]<\/a><\/sup><\/p>\r\n<p>O termo sadismo foi derivado dos escritos er\u00f3ticos do escritor franc\u00eas do s\u00e9culo XVIII, Marqu\u00eas de Sade.<\/p> \r\n<p>No Manual Diagn\u00f3stico e Estat\u00edstico de Transtornos Mentais DSM-5, o sadismo \u00e9 considerado um transtorno paraf\u00edlico. <sup id=\"ref-link-3\"><a href=\"#ref-3\">[3]<\/a><\/sup><\/p>\r\n<p>De acordo com o DSM-5, o sadismo pode se manifestar de v\u00e1rias formas, mas a prioridade foi dada a comportamentos sexuais anormais associados a danos f\u00edsicos e psicol\u00f3gicos a outras pessoas.<\/p>\r\n<h2>Desenvolvimento da Escala de Personalidade S\u00e1dica Deenz<\/h2>\r\n<p>Tradicionalmente, o sadismo era considerado um forte desejo sexual e prazer em causar danos a outras pessoas, mas na psicologia moderna, ele \u00e9 classificado como uma tend\u00eancia a sentir prazer com a dor, o sofrimento e a humilha\u00e7\u00e3o de outras pessoas com um desejo intencional de causar danos por meio de manipula\u00e7\u00e3o, <a href=\"https:\/\/drdeenz.com\/pt\/teste-de-espectro-de-psicopatia\/\">psicopata<\/a> e comportamentos narcisistas. <sup id=\"ref-link-4\"><a href=\"#ref-4\">[4]<\/a><\/sup><\/p><p>Os tra\u00e7os de sadismo est\u00e3o relacionados a v\u00e1rios transtornos de personalidade, como psicopatia e <a href=\"https:\/\/drdeenz.com\/pt\/teste-de-personalidade-narcisista\/\">personalidade narcisista<\/a> transtorno. O sadismo \u00e9 considerado dimensional e s\u00f3 pode ser avaliado com uma ferramenta de avalia\u00e7\u00e3o separada. <\/p>\r\n\r\n<p>Quando iniciei o desenvolvimento do <a href=\"https:\/\/drdeenz.com\/pt\/teste-da-triade-negra\/\">Escala da Tr\u00edade Negra<\/a>Em um estudo de caso, encontrei uma forte rela\u00e7\u00e3o com psicopatia, maquiavelismo e tra\u00e7os narcisistas. <sup id=\"ref-link-5\"><a href=\"#ref-5\">[5]<\/a><\/sup> Na escala da Tr\u00edade Negra, os tra\u00e7os foram medidos com base em categorias, mas, no caso do sadismo, os tra\u00e7os s\u00e3o dimensionais, portanto, h\u00e1 mais chances de diagn\u00f3sticos incorretos ao medir com precis\u00e3o os tra\u00e7os associados \u00e0 personalidade s\u00e1dica. Logo ap\u00f3s a valida\u00e7\u00e3o da escala Dark Triad, comecei a trabalhar no desenvolvimento da escala Sadism. <\/p><p>Em 2015, quando iniciei a gera\u00e7\u00e3o de itens para a escala de sadismo, encontrei escalas v\u00e1lidas existentes, como Varieties of Sadistic Tendencies (Variedades de tend\u00eancias s\u00e1dicas), Sadistic Impulse Scale (Escala de impulsos s\u00e1dicos) e Assessment of Sadistic Personality (Avalia\u00e7\u00e3o da personalidade s\u00e1dica). Essas escalas s\u00e3o algumas avalia\u00e7\u00f5es v\u00e1lidas e confi\u00e1veis que podem ser usadas para medir os tra\u00e7os de sadismo. Pessoalmente, reconheci a necessidade de desenvolver um invent\u00e1rio que pudesse avaliar as caracter\u00edsticas subcl\u00ednicas associadas ao sadismo. Comecei com a gera\u00e7\u00e3o de itens e sou grato ao Dr. Aamir por providenciar recursos e me ajudar na valida\u00e7\u00e3o da escala.<\/p>\r\n<h2>Gera\u00e7\u00e3o de itens<\/h2>\r\n<p>O objetivo de qualquer invent\u00e1rio psicom\u00e9trico \u00e9 desenvolver um instrumento abrangente que possa medir as caracter\u00edsticas com o m\u00e1ximo de precis\u00e3o e, para isso, a gera\u00e7\u00e3o de itens desempenha um papel crucial. Para tornar os itens f\u00e1ceis de entender e capturar tra\u00e7os e tend\u00eancias subcl\u00ednicos relacionados ao sadismo, consultei muitos recursos e aperfei\u00e7oei a estrutura.<\/p>\r\n<p>Para garantir itens v\u00e1lidos e relevantes, entrei em contato com psic\u00f3logos e professores universit\u00e1rios, que forneceram informa\u00e7\u00f5es e feedback valiosos sobre os itens. A an\u00e1lise dos especialistas foi muito \u00fatil para refinar a reda\u00e7\u00e3o e a estrutura para garantir a clareza e a precis\u00e3o dos itens. Para obter dados dos participantes, implementei a escala do tipo Likert de cinco pontos, que \u00e9 um \u00f3timo m\u00e9todo para obter atitudes ou opini\u00f5es para um conjunto de declara\u00e7\u00f5es. <\/p>\r\n<h2>Teste piloto<\/h2>\r\n<p>O teste piloto ajuda na avalia\u00e7\u00e3o inicial da precis\u00e3o e da modifica\u00e7\u00e3o de qualquer tipo de dados, se necess\u00e1rio. Nessa fase, colaborei com o Dr. Amir e come\u00e7amos a distribuir o documento a v\u00e1rios alunos e especialistas em psicologia da faculdade, que foram solicitados a revisar e fornecer feedback sobre os itens e sua relev\u00e2ncia. Nessa fase, encontrei alguns problemas potenciais e refinei a estrutura. Ap\u00f3s o processo de revis\u00e3o com o Dr. Aamir, iniciamos o teste em um pequeno grupo de 34 alunos da faculdade <\/p>\r\n<p>O teste piloto ajudou a reduzir os itens, diminuindo-os de 34 para 24, e, com a redu\u00e7\u00e3o dos itens, os participantes consideraram a escala eficiente em termos de tempo. <\/p><p>Ao acessar a consist\u00eancia interna, foi registrado o Alfa de Cronbach de 0,87, indicando uma forte confiabilidade. A implementa\u00e7\u00e3o da an\u00e1lise fatorial revelou uma forte rela\u00e7\u00e3o entre as afirma\u00e7\u00f5es da escala e os tra\u00e7os associados ao sadismo. <\/p><p>Para garantir a coer\u00eancia geral, os itens foram organizados em uma estrutura com val\u00eancia negativa e positiva. Os itens positivos foram diretamente relacionados aos tra\u00e7os de sadismo e os itens negativos foram relacionados aos tra\u00e7os de empatia.<\/p>\r\n<p>Esta vers\u00e3o computadorizada da escala (Teste de Sadismo) n\u00e3o foi projetada para fornecer aconselhamento profissional ou diagn\u00f3stico definitivo de transtorno paraf\u00edlico. N\u00e3o coletamos nem armazenamos os dados dos participantes desta autoavalia\u00e7\u00e3o. <a href=\"https:\/\/drdeenz.com\/privacy\/\">Leia os termos de servi\u00e7o<\/a> Para mais informa\u00e7\u00f5es.<\/p><div class=\"reference-list\"><h3>Refer\u00eancias<\/h3><ol><li id=\"ref-1\">Dar, Deen Mohd, Escala de Avalia\u00e7\u00e3o da Tend\u00eancia do Sadismo: Desenvolvimento e Valida\u00e7\u00e3o. Verf\u00fcgbar bei SSRN: <a href=\"http:\/\/dx.doi.org\/10.2139\/ssrn.4659733\">http:\/\/dx.doi.org\/10.2139\/ssrn.4659733<\/a> <a href=\"#ref-link-1\" class=\"back-link\" aria-label=\"Voltar ao conte\u00fado\">\u21a9<\/a><\/li><li id=\"ref-2\">Paulhus, D.L. e Dutton, D.G., 2016. Sadismo cotidiano. <a href=\"https:\/\/psycnet.apa.org\/doi\/10.1037\/14854-006\">https:\/\/psycnet.apa.org\/doi\/10.1037\/14854-006<\/a> <a href=\"#ref-link-2\" class=\"back-link\" aria-label=\"Voltar ao conte\u00fado\">\u21a9<\/a><\/li><li id=\"ref-3\">Merrick, W. A. (2016). Mudan\u00e7as nos crit\u00e9rios de diagn\u00f3stico do DSM-5 para transtornos paraf\u00edlicos. Archives of sexual behavior, 45(8), 2173-2179. <a href=\"https:\/\/doi.org\/10.1007\/s10508-016-0845-9\">https:\/\/doi.org\/10.1007\/s10508-016-0845-9<\/a> <a href=\"#ref-link-3\" class=\"back-link\" aria-label=\"Voltar ao conte\u00fado\">\u21a9<\/a><\/li><li id=\"ref-4\">Chester, D. S., DeWall, C. N., &amp; Enjaian, B. (2018). Sadismo e comportamento agressivo: Schmerzen zuf\u00fcgen, um Vergn\u00fcgen zu empfinden (Infligir dor para sentir prazer). Boletim de Psicologia Social e da Personalidade. <a href=\"https:\/\/doi.org\/10.1177\/0146167218816327\">https:\/\/doi.org\/10.1177\/0146167218816327<\/a> <a href=\"#ref-link-4\" class=\"back-link\" aria-label=\"Voltar ao conte\u00fado\">\u21a9<\/a><\/li><li id=\"ref-5\">Dar, Deen Mohd. \u201cPers\u00f6nlichkeitsskala der Deenz Dark Triad: Entwicklung, Validierung und Zuverl\u00e4ssigkeit.\u201d (2023). <a href=\"https:\/\/doi.org\/10.21203\/rs.3.rs-3565477\/v2\">https:\/\/doi.org\/10.21203\/rs.3.rs-3565477\/v2<\/a> <a href=\"#ref-link-5\" class=\"back-link\" aria-label=\"Voltar ao conte\u00fado\">\u21a9<\/a><\/li><\/ol><\/div>","protected":false},"excerpt":{"rendered":"O teste de sadismo \u00e9 baseado na Escala de Personalidade Sadista Deenz (DSPS-24), que \u00e9 um instrumento breve e v\u00e1lido para medir os tra\u00e7os subcl\u00ednicos associados \u00e0 personalidade s\u00e1dica.","protected":false},"author":1,"featured_media":5816,"parent":0,"menu_order":0,"comment_status":"closed","ping_status":"closed","template":"","meta":{"inline_featured_image":false,"footnotes":""},"categories":[5],"class_list":["post-1562","page","type-page","status-publish","has-post-thumbnail","hentry","category-personality-assessments"],"lang":"en","translations":{"en":1562},"_links":{"self":[{"href":"https:\/\/drdeenz.com\/pt\/wp-json\/wp\/v2\/pages\/1562","targetHints":{"allow":["GET"]}}],"collection":[{"href":"https:\/\/drdeenz.com\/pt\/wp-json\/wp\/v2\/pages"}],"about":[{"href":"https:\/\/drdeenz.com\/pt\/wp-json\/wp\/v2\/types\/page"}],"author":[{"embeddable":true,"href":"https:\/\/drdeenz.com\/pt\/wp-json\/wp\/v2\/users\/1"}],"replies":[{"embeddable":true,"href":"https:\/\/drdeenz.com\/pt\/wp-json\/wp\/v2\/comments?post=1562"}],"version-history":[{"count":4,"href":"https:\/\/drdeenz.com\/pt\/wp-json\/wp\/v2\/pages\/1562\/revisions"}],"predecessor-version":[{"id":5602,"href":"https:\/\/drdeenz.com\/pt\/wp-json\/wp\/v2\/pages\/1562\/revisions\/5602"}],"wp:featuredmedia":[{"embeddable":true,"href":"https:\/\/drdeenz.com\/pt\/wp-json\/wp\/v2\/media\/5816"}],"wp:attachment":[{"href":"https:\/\/drdeenz.com\/pt\/wp-json\/wp\/v2\/media?parent=1562"}],"wp:term":[{"taxonomy":"category","embeddable":true,"href":"https:\/\/drdeenz.com\/pt\/wp-json\/wp\/v2\/categories?post=1562"}],"curies":[{"name":"wp","href":"https:\/\/api.w.org\/{rel}","templated":true}]}}