{"id":1438,"date":"2023-11-27T08:33:19","date_gmt":"2023-11-27T08:33:19","guid":{"rendered":"https:\/\/drdeenz.com\/?p=1438"},"modified":"2025-10-26T15:16:05","modified_gmt":"2025-10-26T15:16:05","slug":"teste-de-empatia","status":"publish","type":"page","link":"https:\/\/drdeenz.com\/pt\/teste-de-empatia\/","title":{"rendered":"Teste de empatia"},"content":{"rendered":"<p style=\" border-style: solid; border-width: 1px; border-color: #000; box-shadow: 2px 2px 0px 0px #fe025b; padding: 5px; \">O teste Empath \u00e9 a ado\u00e7\u00e3o digital da escala Deenz Empath (DES-28). A escala \u00e9 projetada para medir o quociente de empatia avaliando aspectos ou facetas multidimensionais. A participa\u00e7\u00e3o nesta ferramenta de autoavalia\u00e7\u00e3o \u00e9 completamente an\u00f3nima; n\u00e3o recolhemos nem armazenamos os seus resultados para fins de investiga\u00e7\u00e3o.<\/p>\r\n<h2>Desenvolvimento da Escala Deenz Empath<\/h2>\r\n<p>A empatia \u00e9 um processo psicol\u00f3gico e emocional complexo e \u00e9 definida como a capacidade de entender os sentimentos dos outros. A empatia vai al\u00e9m da capacidade de se colocar no lugar de outra pessoa. <sup id=\"ref-link-1\"><a href=\"#ref-1\">[1]<\/a><\/sup>  Ela est\u00e1 ligada \u00e0 conex\u00e3o profunda em que as emo\u00e7\u00f5es ressoam com as experi\u00eancias dos outros. A capacidade de ter empatia \u00e9 importante para o desenvolvimento de rela\u00e7\u00f5es significativas e crucial para promover um ambiente de apoio. <sup id=\"ref-link-2\"><a href=\"#ref-2\">[2]<\/a><\/sup><\/p>\r\n\r\n<p>Em 2016, a compara\u00e7\u00e3o de palestras de <a href=\"https:\/\/drdeenz.com\/pt\/teste-de-espectro-de-psicopatia\/\">psicopata<\/a> e caracter\u00edsticas emp\u00e1ticas me levaram a estudar o processo psicol\u00f3gico e emocional. <sup id=\"ref-link-3\"><a href=\"#ref-3\">[3]<\/a><\/sup> O principal objetivo desta pesquisa foi desenvolver o teste de empatia que pode medir o n\u00edvel de empatia entre os indiv\u00edduos e acessar as tend\u00eancias emp\u00e1ticas em quatro dimens\u00f5es distintas, mas correlacionadas: pena, simpatia, empatia e compaix\u00e3o. <\/p>\r\n\r\n<p>Obrigado a Dar Amir pela orienta\u00e7\u00e3o e ajuda no acesso a palestras exigentes que exploram a natureza humana e os processos emocionais. Durante a revis\u00e3o da palestra, coletei informa\u00e7\u00f5es abrangentes e aprofundadas de palestras existentes sobre psicopatia, empatia e processos emocionais. Tamb\u00e9m revisei o question\u00e1rio de empatia existente e encontrei informa\u00e7\u00f5es valiosas que eram necess\u00e1rias para o desenvolvimento da escala. O que achei estranho nessas escalas foi que elas medem a empatia em geral e carecem de granularidade. <\/p>\r\n<h3>Gera\u00e7\u00e3o de itens:<\/h3>\r\n<p>Na fase inicial, criei 60 itens que foram revisados por meus colegas acad\u00eamicos especialistas nas \u00e1reas de psicologia, sociologia e educa\u00e7\u00e3o. Ap\u00f3s receber feedback desses especialistas, 32 itens foram mesclados ou exclu\u00eddos da escala.<\/p> \r\n<h3>Teste de validade e confiabilidade:<\/h3>\r\n<p>Validade de conte\u00fado: A escala foi administrada a um pequeno grupo de estudantes de psicologia para fins de teste piloto e constatou-se que a escala media com precis\u00e3o o que se pretendia medir. O feedback recebido por estes participantes ajudou a revisar e refinar esses itens. Nas recomenda\u00e7\u00f5es para especialistas, os itens foram reduzidos para no m\u00e1ximo 6 palavras. Foi sugerido pelos especialistas que os participantes compreenderiam os itens facilmente e tornariam isso eficaz em termos de tempo.<\/p>\r\n\r\n<p>Utilizando o alfa de Cronbach acessamos a consist\u00eancia interna da escala. Com coeficiente de 0,85, a escala apresentou elevada consist\u00eancia interna. Para avaliar ainda mais a estabilidade e consist\u00eancia, foi realizada a confiabilidade teste-reteste. Um pequeno grupo de estudantes (n = 12) com idades entre 20 e 24 anos foi convidado a participar e a escala foi aplicada duas vezes com intervalo de duas semanas. Registramos um coeficiente de correla\u00e7\u00e3o de 0,87 no m\u00e9todo teste-reteste. <\/p>\r\n\r\n<p>Para o estudo de valida\u00e7\u00e3o, a contribui\u00e7\u00e3o de Dar Amir e Jalel Mirs ajudou a obter a aprova\u00e7\u00e3o \u00e9tica da institui\u00e7\u00e3o e auxiliou na coleta de dados dos participantes. Entramos em contato com os estudantes universit\u00e1rios para participar e 85 estudantes concordaram em participar, sendo 32 do sexo feminino e 53 do sexo masculino. Esses participantes eram todos estudantes universit\u00e1rios de diferentes disciplinas. Fornecemos as instru\u00e7\u00f5es e informa\u00e7\u00f5es sobre a pesquisa e tamb\u00e9m foi disponibilizada a vers\u00e3o traduzida para o urdu. Tamb\u00e9m garantimos aos participantes que os dados que tentamos coletar seriam mantidos confidenciais e que nenhuma informa\u00e7\u00e3o pessoal sens\u00edvel seria coletada.<\/p>\r\n<p>\r\nNeste estudo o n\u00famero de participantes foi baixo mas a amostra forneceu dados abrangentes que nos ajudaram na valida\u00e7\u00e3o da escala em diferentes g\u00e9neros. Do ponto de vista estat\u00edstico e de compress\u00e3o, a escala demonstrou um alto coeficiente de validade de <strong>0.91<\/strong>, o que sugere que a escala \u00e9 altamente v\u00e1lida para medir o quociente emp\u00e1tico. <\/p>\r\n<style>.watupro-progress-bar {\r\n    border-radius: 0!important;}.entry-content form.quiz-form{padding:0px;justify-content: normal;}.question-content div {\r\n    margin: 0 auto 25px;font-size: 22px;\r\n}.watupro_buttons input[type=button], .watupro_buttons input[type=submit], .watupro-exam-description button{margin-left: 0px!important;}.watupro_buttons.flex div {\r\n    margin: 0.5rem 0px!important;\r\n}.watupro-question-choice input[type=radio] + label, .watupro-question-choice input[type=checkbox] + label {\r\n    margin: 0px!important;\r\n}.watupro_buttons input[type=button] {\r\n    color: #fff!important;\r\n    font-weight: 600;\r\n}<\/style>\r\n<style>.watupro_buttons.flex {\r\n    margin-top: 20px;\r\n}div#startOutput {\r\n    display: none;\r\n}input[type=\"button\"] {\r\n    display: inline-block;\r\n    cursor: pointer;\r\n    min-height: 1em;\r\n    font-size: 17px!important;\r\n    font-family: 'Open Sans',Helvetica,Arial,sans-serif;\r\n    outline: 0;\r\n    border: none!important;\r\n    background-color: #6262f6!important;\r\n    margin: 0 1em 0 0;\r\n    padding: 0.8em 1.5em;\r\n    text-transform: uppercase;\r\n    line-height: 1;\r\n    text-decoration: none;\r\n    background-image: linear-gradient(rgba(0,0,0,0),rgba(0,0,0,.05));\r\n    border-radius: 0.25em;\r\n    box-shadow: 0 0 0 1px rgba(0,0,0,.08) inset;\r\n    user-select: none;\r\n    box-sizing: border-box;\r\n    position: relative;\r\n    tap-highlight-color: transparent;\r\n    -webkit-tap-highlight-color: transparent;\r\n    color: #fff!important;\r\n    font-weight: 700;\r\n}ul.watupro-question-paginator li, ul.watupro-answers-paginator li {\r\n    width: auto!important;\r\n}.question-content {\r\n    text-align: center;\r\n}.watu-question .question-content p {\r\n    margin-top: 12px;\r\n}.question-choices.watupro-choices-columns {\r\n    display: inline-flex;\r\n    flex-wrap: wrap;\r\n    justify-content: center;\r\n}.question-choices.watupro-choices-columns .watupro-question-choice {\r\n    line-height: 1;\r\n}.question-choices.watupro-choices-columns div:nth-child(4) .answer {\r\n    width: 30px;\r\n    height: 30px;\r\n    border-color: #346aa3;\r\n        position: relative;padding: 0px;\r\n    border-radius: 50%;\r\n    border: 4px solid;\r\n}.question-choices.watupro-choices-columns div:nth-child(5) .answer span {\r\n   display: block!important;\r\n    position: relative;\r\n    color: #316d72;\r\n    margin-left: 26px;\r\n    float: left;\r\n}.question-choices.watupro-choices-columns div:nth-child(1) .answer span {\r\n        display: block!important;\r\n    color: #316d72;\r\n    float: right;text-align:left;\r\n    margin-right: 26px;\r\n}.question-choices.watupro-choices-columns div:nth-child(3) .answer {\r\n    width: 27px;\r\n    height: 27px;\r\n    border-top-color: #f1c40f!important;\r\n    border-left-color: #f1c40f!important;\r\n    border-right-color: #346aa3!important;\r\n    border-bottom-color: #346aa3!important;\r\npadding: 0px;\r\nposition: relative;\r\n    border-radius: 50%;\r\n    border: 4px solid;\r\n}.question-choices.watupro-choices-columns div:nth-child(2) .answer {\r\n    width: 30px;\r\n    height: 30px;\r\n    border-color: #f1c40f!important;\r\n    position: relative;\r\n    border-radius: 50%;\r\n    border: 4px solid;padding: 0px;\r\n}.question-choices.watupro-choices-columns div:nth-child(5) .answer {\r\n    width: 30px;\r\n    height: 33px;\r\n    border-color: #346aa3;\r\n    position: relative;\r\n    border-radius: 50%;\r\n    border: 4px solid;\r\npadding: 0px;\r\n}.question-choices.watupro-choices-columns div:nth-child(1) .answer {\r\n       width: 30px;\r\n    position: relative;\r\n    border-radius: 50%;\r\n    border: 4px solid;\r\n    height: 33px;text-align: right;\r\n    border-color: #f1c40f;\r\npadding: 0px;\r\n}.watupro-question-choice {\r\n    height: 47px!important;\r\n    width: 47px!important;\r\n    display: inline-block!important;\r\n    position: relative!important;\r\n    border-radius: 0.325em;\r\n    transition: background .1s linear;\r\n    border: 0px!important;\r\n}.question-choices.watupro-choices-columns .watupro-question-choice span {\r\n    display: none!important;\r\n}.question-choices.watupro-choices-columns {\r\n    text-align: center;\r\n}.watupro-question-choice input[type=radio] + label, .watupro-question-choice input[type=checkbox] + label {\r\n   height: 47px;\r\n    width: 47px;\r\n}.watupro-question-choice input[type=radio]:checked + label, .watupro-question-choice input[type=checkbox]:checked + label {\r\n    background-image: none;\r\n    outline: 0;\r\n    background-color: #005E7C!important;\r\n    color: #fff;\r\n}.question-choices.watupro-choices-columns .watupro-question-choice {\r\n    margin: 2px!important;\r\n}@media screen and (max-width: 290px) {.watupro_buttons.flex {\r\n    display: flex;\r\n    flex-flow: nowrap!important;\r\n}}\r\n@media screen and (min-width: 450px) {.question-choices.watupro-choices-columns div:nth-child(1) .answer span {\r\n        margin-right: 43px;\r\n}.question-choices.watupro-choices-columns div:nth-child(5) .answer span {\r\n    margin-left: 46px;\r\n}}\r\n@media screen and (max-width: 450px) {.question-choices.watupro-choices-columns{padding: 32px 0px;}.question-choices.watupro-choices-columns div:nth-child(1) .answer span{  padding-top: 10px; font-size: 16px;    position: absolute;\r\n    top: 28px;\r\n   right: -73px;width:100px;}.question-choices.watupro-choices-columns div:nth-child(5) .answer span{padding-top: 10px;font-size: 16px;position: absolute;\r\n    top: 28px;\r\n    right: -9px;}}<\/style>\r\n<style>div#startOutput {\r\n    display: none;\r\n}.watupro_buttons input[type=button]{color:grey!important;}input[type=\"button\"] {\r\n    display: inline-block;\r\n    cursor: pointer;\r\n    min-height: 1em;\r\n    font-size: 17px!important;\r\n    font-family: 'Open Sans',Helvetica,Arial,sans-serif;\r\n    outline: 0;\r\n    border: none!important;\r\n    background-color: #FAFAFA!important;\r\n    margin: 0 1em 0 0;\r\n    padding: 0.8em 1.5em;\r\n    text-transform: uppercase;\r\n    line-height: 1;\r\n    text-decoration: none;\r\n    background-image: linear-gradient(rgba(0,0,0,0),rgba(0,0,0,.05));\r\n    border-radius: 0.25em;\r\n    box-shadow: 0 0 0 1px rgba(0,0,0,.08) inset;\r\n    user-select: none;\r\n    box-sizing: border-box;\r\n    position: relative;\r\n    tap-highlight-color: transparent;\r\n    -webkit-tap-highlight-color: transparent;\r\n    color: gray!important;\r\n    font-weight: 700;\r\n}ul.watupro-question-paginator li, ul.watupro-answers-paginator li {\r\n    width: auto!important;\r\n}.question-content {\r\n    text-align: center;\r\n}.watu-question .question-content p {\r\n    margin-top: 12px;\r\n}.question-choices.watupro-choices-columns {\r\n    display: inline-flex;\r\n}table.watupror-pie-chart-table {\r\n    background: aqua;\r\n}table.watupror-pie-chart-table img {\r\n    border-radius: 50%;\r\n}g {\r\n    font-family: cursive;\r\n}c {\r\n    display: block;\r\n    font-weight: 600;\r\n        font-family: cursive;\r\n}.pie {\r\n    background: aliceblue;\r\n    margin: 1px;\r\n}.flex-container>* {\r\n    flex: 1 1 160px;\r\n}.flex-container {\r\n    display: flex;\r\n    flex-wrap: wrap;\r\n}.chart.easyPieChart img {\r\n    padding-top: 29px;\r\n}.pie {\r\n    display: inline-block;\r\n    text-align: center;\r\n}.chart {\r\n  position: relative;\r\n  display: inline-block;\r\n  color: #999;\r\n  font-size: 14px;\r\n  text-align: center;\r\n}\r\n.chart canvas {\r\n  position: absolute;\r\n  top: 0;\r\n  left: 0;\r\n}div#watupror-pie-chart-all {\r\n    height: auto!important;\r\n}<\/style><div class=\"reference-list\"><h3>Refer\u00eancias<\/h3><ol><li id=\"ref-1\">Elliott R, Bohart AC, Watson JC, Greenberg LS. Empatia. Psychotherapy. 2011 Mar;48(1):43. <a href=\"https:\/\/psycnet.apa.org\/doi\/10.1037\/a0022187\">https:\/\/psycnet.apa.org\/doi\/10.1037\/a0022187<\/a> <a href=\"#ref-link-1\" class=\"back-link\" aria-label=\"Voltar ao conte\u00fado\">\u21a9<\/a><\/li><li id=\"ref-2\">Davis CM. O que \u00e9 empatia, e a empatia pode ser ensinada?. Fisioterapia. 1990 Nov 1;70(11):707-11. <a href=\"https:\/\/doi.org\/10.1093\/ptj\/70.11.707\">https:\/\/doi.org\/10.1093\/ptj\/70.11.707<\/a> <a href=\"#ref-link-2\" class=\"back-link\" aria-label=\"Voltar ao conte\u00fado\">\u21a9<\/a><\/li><li id=\"ref-3\">Domes G, Hollerbach P, Vohs K, Mokros A, Habermeyer E. Empatia emocional e psicopatia em infratores: um estudo experimental. Revista de transtornos da personalidade. 2013 Feb;27(1):67-84. <a href=\"https:\/\/doi.org\/10.1521\/pedi.2013.27.1.67\">https:\/\/doi.org\/10.1521\/pedi.2013.27.1.67<\/a> <a href=\"#ref-link-3\" class=\"back-link\" aria-label=\"Voltar ao conte\u00fado\">\u21a9<\/a><\/li><\/ol><\/div>","protected":false},"excerpt":{"rendered":"Voc\u00ea j\u00e1 pensou em qu\u00e3o emp\u00e1tico voc\u00ea \u00e9? O teste Empath mede at\u00e9 que ponto voc\u00ea pode realmente compartilhar e se importar com os sentimentos dos outros. Baseado na Escala de Empatia Deenz (DES-28), que \u00e9 o instrumento v\u00e1lido e confi\u00e1vel usado para medir o Quociente de Empatia.","protected":false},"author":1,"featured_media":5809,"parent":0,"menu_order":0,"comment_status":"closed","ping_status":"closed","template":"","meta":{"inline_featured_image":false,"footnotes":""},"categories":[10],"class_list":["post-1438","page","type-page","status-publish","has-post-thumbnail","hentry","category-psychometrics"],"lang":"en","translations":{"en":1438},"_links":{"self":[{"href":"https:\/\/drdeenz.com\/pt\/wp-json\/wp\/v2\/pages\/1438","targetHints":{"allow":["GET"]}}],"collection":[{"href":"https:\/\/drdeenz.com\/pt\/wp-json\/wp\/v2\/pages"}],"about":[{"href":"https:\/\/drdeenz.com\/pt\/wp-json\/wp\/v2\/types\/page"}],"author":[{"embeddable":true,"href":"https:\/\/drdeenz.com\/pt\/wp-json\/wp\/v2\/users\/1"}],"replies":[{"embeddable":true,"href":"https:\/\/drdeenz.com\/pt\/wp-json\/wp\/v2\/comments?post=1438"}],"version-history":[{"count":4,"href":"https:\/\/drdeenz.com\/pt\/wp-json\/wp\/v2\/pages\/1438\/revisions"}],"predecessor-version":[{"id":5815,"href":"https:\/\/drdeenz.com\/pt\/wp-json\/wp\/v2\/pages\/1438\/revisions\/5815"}],"wp:featuredmedia":[{"embeddable":true,"href":"https:\/\/drdeenz.com\/pt\/wp-json\/wp\/v2\/media\/5809"}],"wp:attachment":[{"href":"https:\/\/drdeenz.com\/pt\/wp-json\/wp\/v2\/media?parent=1438"}],"wp:term":[{"taxonomy":"category","embeddable":true,"href":"https:\/\/drdeenz.com\/pt\/wp-json\/wp\/v2\/categories?post=1438"}],"curies":[{"name":"wp","href":"https:\/\/api.w.org\/{rel}","templated":true}]}}