{"id":143,"date":"2023-02-11T05:08:31","date_gmt":"2023-02-11T05:08:31","guid":{"rendered":"https:\/\/drdeenz.com\/?p=143"},"modified":"2025-11-01T17:09:04","modified_gmt":"2025-11-01T17:09:04","slug":"teste-de-espectro-de-psicopatia","status":"publish","type":"page","link":"https:\/\/drdeenz.com\/pt\/teste-de-espectro-de-psicopatia\/","title":{"rendered":"Teste de psicopatia"},"content":{"rendered":"<p style=\" border-style: solid; border-width: 1px; border-color: #000; box-shadow: 2px 2px 0px 0px #fe025b; padding: 5px; \">O teste de psicopatia \u00e9 uma vers\u00e3o interativa da Escala de Espectro de Psicopatia Deenz (DPSS-24) <sup id=\"ref-link-1\"><a href=\"#ref-1\">[1]<\/a><\/sup> que \u00e9 uma medida v\u00e1lida e confi\u00e1vel de tra\u00e7os subcl\u00ednicos associados \u00e0 psicopatia. Esse <strong>question\u00e1rio sobre psicopatas<\/strong> destina-se a <strong>apenas para fins educacionais<\/strong>. A participa\u00e7\u00e3o neste question\u00e1rio \u00e9 totalmente an\u00f4nima e n\u00e3o armazenamos seus resultados ou informa\u00e7\u00f5es pessoais para fins de pesquisa. <\/p> \r\n<p>O termo psicopatia \u00e9 derivado das palavras gregas <strong>\"psique\"<\/strong> que significa mente e <strong>\"pathos\"<\/strong> que significa sofrimento.  No passado, a psicopatia era descrita como o sofrimento da mente. Com o passar do tempo, a compreens\u00e3o da psicopatia mudou e, na psicologia moderna, ela \u00e9 considerada um dist\u00farbio de personalidade caracterizado pela exibi\u00e7\u00e3o de <a href=\"https:\/\/drdeenz.com\/pt\/teste-de-sociopatia\/\">antissocial<\/a> e <a href=\"https:\/\/drdeenz.com\/pt\/teste-de-personalidade-narcisista\/\">comportamentos prejudiciais<\/a>. <\/p>\r\n<p>Na psicologia contempor\u00e2nea, o termo \"psicopatia\" \u00e9 frequentemente usado de forma intercambi\u00e1vel com \"transtorno de personalidade antissocial\" (ASPD). <sup id=\"ref-link-2\"><a href=\"#ref-2\">[2]<\/a><\/sup> Os pesquisadores sugerem que a psicopatia e a personalidade antissocial n\u00e3o compartilham os mesmos tra\u00e7os e que n\u00e3o \u00e9 necess\u00e1rio que todo psicopata tenha <strong>transtorno de personalidade antisocial<\/strong>.<sup id=\"ref-link-3\"><a href=\"#ref-3\">[3]<\/a><\/sup> A psicopatia \u00e9 multifacetada, portanto, compreender os tra\u00e7os do espectro provou ser ben\u00e9fico para a pesquisa e para a medi\u00e7\u00e3o de tend\u00eancias a tra\u00e7os cl\u00ednicos. <\/p>\r\n<p>O objetivo da Escala de Espectro de Psicopatia Deenz (DPSS-24) \u00e9 medir os tra\u00e7os subcl\u00ednicos, incluindo <strong>falta de empatia, impulsividade, comportamentos manipuladores,<\/strong> etc. Tra\u00e7os subcl\u00ednicos de <strong>psicopatia<\/strong> s\u00e3o considerados abaixo do limite de caracter\u00edsticas que podem indicar um diagn\u00f3stico cl\u00ednico. <sup id=\"ref-link-4\"><a href=\"#ref-4\">[4]<\/a><\/sup><\/p>\r\n<img decoding=\"async\" src=\"https:\/\/drdeenz.com\/wp-content\/uploads\/2025\/10\/Psychopath-Test.webp\" alt=\"Como funciona o teste de psicopatia?\" \/>\r\n<h2 style=\"margin-top: 10px;\">Facetas da psicopatia<\/h2>\r\n<div class=\"dimension\"><h2>Falta de empatia (insensibilidade)<\/h2>\r\n<p>Indiv\u00edduos que demonstram falta de empatia muitas vezes t\u00eam dificuldade em compreender os sentimentos, emo\u00e7\u00f5es e experi\u00eancias dos outros, tamb\u00e9m conhecidos como <strong>insensibilidade<\/strong>. Se voc\u00ea tiver uma pontua\u00e7\u00e3o alta nesse tra\u00e7o e baixa em outros tra\u00e7os, isso n\u00e3o significa que voc\u00ea seja menos emp\u00e1tico do que os outros. A falta de empatia \u00e9 frequentemente associada ao transtorno de personalidade antissocial e ao transtorno de personalidade narcisista. <sup id=\"ref-link-5\"><a href=\"#ref-5\">[5]<\/a><\/sup> Voc\u00ea tamb\u00e9m pode usar o <a href=\"https:\/\/drdeenz.com\/pt\/teste-de-empatia\/\">teste de empatia<\/a> que se baseia em um estudo de caso, medindo a empatia entre estudantes universit\u00e1rios.<\/p>\r\n<\/div>\r\n<div class=\"dimension\"><h2>Comportamento impulsivo (caprichoso)<\/h2>\r\n<p>Se uma pessoa age sem pensar nas consequ\u00eancias de suas a\u00e7\u00f5es, ela pode ser chamada de \"pessoa impulsiva\". <a href=\"https:\/\/drdeenz.com\/pt\/teste-de-raiva\/\">Impulsividade<\/a> \u00e9 o tra\u00e7o comum associado \u00e0 psicopatia, mas se voc\u00ea obteve pontua\u00e7\u00e3o alta nesse tra\u00e7o e baixa em outros tra\u00e7os, isso pode ser considerado normal. Ser <strong>caprichoso<\/strong> n\u00e3o significa que voc\u00ea tenha algum tipo de problema, pode ser uma resposta normal a uma situa\u00e7\u00e3o. Alguns outros transtornos de personalidade, nos quais <strong>Caprichoso<\/strong> \u00e9 considerado o principal tra\u00e7o do transtorno de personalidade borderline, <a href=\"https:\/\/drdeenz.com\/pt\/teste-de-sociopata-transtorno-de-personalidade-anti-social\/\">transtorno de personalidade antisocial<\/a>e transtorno de d\u00e9ficit de aten\u00e7\u00e3o\/hiperatividade.<\/p>\r\n<\/div>\r\n<div class=\"dimension\"><h2>Comportamento manipulativo (enganoso)<\/h2>\r\n<p>Ser enganoso significa que a pessoa est\u00e1 usando <a href=\"https:\/\/drdeenz.com\/pt\/questionario-manipulativo\/\">manipulador<\/a> e t\u00e1ticas para controlar ou influenciar outras pessoas em um <strong>maneira astuta ou enganosa<\/strong>. Se voc\u00ea obteve uma pontua\u00e7\u00e3o alta nessa escala e baixa em outros tra\u00e7os, isso pode ser um sinal de outros transtornos de personalidade, como <a href=\"https:\/\/drdeenz.com\/pt\/teste-de-personalidade-narcisista\/\">narcisismo<\/a> e personalidade lim\u00edtrofe.<\/p>\r\n<\/div>\r\n<div class=\"dimension\"><h2>Charme superficial (loquacidade)<\/h2>\r\n<p>Suponhamos que voc\u00ea tenha a inten\u00e7\u00e3o genu\u00edna de parecer charmoso, confiante e simp\u00e1tico e que, com frequ\u00eancia, use isso para ganho pessoal e manipula\u00e7\u00e3o. Nesse caso, voc\u00ea ser\u00e1 chamado de <strong>\"pessoa com charme superficial\"<\/strong>. Os psicopatas geralmente usam isso para ganhar aten\u00e7\u00e3o e <a href=\"https:\/\/drdeenz.com\/machiavellianism-test\/\">engano<\/a>.<\/p>\r\n<\/div>\r\n<div class=\"dimension\"><h2>Comportamento agressivo (agress\u00e3o)<\/h2>\r\n<p>Se voc\u00ea sempre se envolve em comportamentos perigosos ou violentos porque isso o faz se sentir melhor, ent\u00e3o voc\u00ea ser\u00e1 chamado de pessoa agressiva, mas, na maioria das vezes, a agress\u00e3o \u00e9 considerada uma caracter\u00edstica marcante da psicopatia. <sup id=\"ref-link-6\"><a href=\"#ref-6\">[6]<\/a><\/sup> <\/p>\r\n<\/div>\r\n<div class=\"dimension\"><h2>Senso de valor pr\u00f3prio (autoestima)<\/h2>\r\n<p>Sentir-se superior aos outros pode ser bom, mas se voc\u00ea se encontrar <strong>Criticar e menosprezar os outros<\/strong> e perceb\u00ea-los como inferiores, isso pode ser indicativo de uma <strong>tra\u00e7o psicop\u00e1tico<\/strong>. Voc\u00ea pode ser chamado de <strong>\"ego\u00edsta\" <\/strong>pessoa. No entanto, se voc\u00ea obteve pontua\u00e7\u00e3o alta nesse tra\u00e7o e baixa em outros, isso pode ser uma parte normal da sua personalidade e pode ser uma parte normal da autoestima e da confian\u00e7a saud\u00e1veis.<\/p>\r\n<\/div>\r\n\r\n<p><strong>Isen\u00e7\u00e3o de responsabilidade:<\/strong> Testes e question\u00e1rios on-line, incluindo este <strong>Question\u00e1rio sobre psicopatia<\/strong> n\u00e3o \u00e9 considerado preciso. Essa ferramenta de autotriagem- baseia-se em uma escala v\u00e1lida e confi\u00e1vel, por\u00e9m <strong>Este question\u00e1rio destina-se apenas a fins educacionais<\/strong>. H\u00e1 v\u00e1rios fatores que influenciam a precis\u00e3o do self-assessment. Esta vers\u00e3o interativa \u00e9 fornecida como um teste de self-assessment, e os resultados fornecidos s\u00e3o usados para fins de entretenimento. <\/p>\r\n\r\n<style>.baseline {\r\n    bottom: 87px;\r\n}.bar-label {\r\n    flex-direction: column;\r\n}.chart-container::before {\r\n    background-image: linear-gradient(to top, #ddd 1px, transparent 1px);\r\n    background-size: 100% 20%;\r\n    height: 154px;\r\n}.bar-container {\r\n    height: 218px;\r\n}<\/style>\r\n<style>\r\n.question-choices.watupro-choices-columns:before {\r\n    content: '';\r\n    position: relative;\r\n    top: 40px;\r\n    left: 12.5%;\r\n    display: block;\r\n    background-color: #fff;\r\n    height: 4px;\r\n    width: 78%;\r\n}\r\n.watupro-question-choice {\r\n    display: inline-block!important;\r\n    width: 19%;\r\n    text-align: center;\r\n    vertical-align: top;\r\n}\r\n.watupro-question-choice input[type=radio] {\r\n    display: block;\r\n    position: relative;\r\n    top: 0;\r\n    left: 50%;\r\n    margin-left: -6px!important;\r\n    width: 25px;\r\n    height: 25px;\r\n}\r\n.quiz-form label {\r\n    display: inline-block;\r\n    max-width: 66px!important;\r\n    text-transform: uppercase;\r\n    font-size: 14px!important;\r\n    font-weight: bold;\r\n    margin-top: 12px;\r\n    margin-left: 10px;\r\n}.question-choices.watupro-choices-columns {\r\n    list-style: none;\r\n    width: 100%;\r\n    max-width: 600px;\r\n    margin: auto;\r\n    display: block;\r\nfloat: none;\r\n}\r\n.quiz-form label {width:100%;}\r\n@media only screen and (max-width: 484px) {.quiz-form label {width:100%;font-size: 10px!important;})<\/style><div class=\"reference-list\"><h3>Refer\u00eancias<\/h3><ol><li id=\"ref-1\">Dar, Deen Mohd, Development and Validation of the Deenz Psychopathy Spectrum Scale (DPSS-24): A Measure of Subclinical Psychopathic Traits (14 de novembro de 2023). <a href=\"http:\/\/dx.doi.org\/10.2139\/ssrn.4749504\">http:\/\/dx.doi.org\/10.2139\/ssrn.4749504<\/a> <a href=\"#ref-link-1\" class=\"back-link\" aria-label=\"Voltar ao conte\u00fado\">\u21a9<\/a><\/li><li id=\"ref-2\">Ogloff, R. P. (2006). Psychopathy\/Antisocial Personality Disorder Conundrum (Psicopatia\/Transtorno de Personalidade Antissocial). <a href=\"https:\/\/doi.org\/10.1080\/j.1440-1614.2006.01834.x\">https:\/\/doi.org\/10.1080\/j.1440-1614.2006.01834.x<\/a> <a href=\"#ref-link-2\" class=\"back-link\" aria-label=\"Voltar ao conte\u00fado\">\u21a9<\/a><\/li><li id=\"ref-3\">Abdalla-Filho, E., &amp; V\u00f6llm, B. (2020). Ser\u00e1 que todo psicopata tem um transtorno de personalidade antissocial? <a href=\"https:\/\/doi.org\/10.1590\/1516-4446-2019-0762\">https:\/\/doi.org\/10.1590\/1516-4446-2019-0762<\/a> <a href=\"#ref-link-3\" class=\"back-link\" aria-label=\"Voltar ao conte\u00fado\">\u21a9<\/a><\/li><li id=\"ref-4\">Falkenbach \"A explora\u00e7\u00e3o dos subtipos psicop\u00e1ticos subcl\u00ednicos e a rela\u00e7\u00e3o com os tipos de agress\u00e3o\". <a href=\"https:\/\/doi.org\/10.1016\/j.paid.2007.10.012\">https:\/\/doi.org\/10.1016\/j.paid.2007.10.012<\/a> <a href=\"#ref-link-4\" class=\"back-link\" aria-label=\"Voltar ao conte\u00fado\">\u21a9<\/a><\/li><li id=\"ref-5\">Deen Mohd Dar. Escala de Personalidade da Tr\u00edade Negra Deenz: Desenvolvimento, valida\u00e7\u00e3o e confiabilidade [<a href=\"https:\/\/doi.org\/10.21203\/rs.3.rs-3565477\/v2\">https:\/\/doi.org\/10.21203\/rs.3.rs-3565477\/v2<\/a>] <a href=\"#ref-link-5\" class=\"back-link\" aria-label=\"Voltar ao conte\u00fado\">\u21a9<\/a><\/li><li id=\"ref-6\">Crawley, \"Implusive-Aggression, Antisocial Behaviour and Subclinical Psychopathy\" (Agress\u00e3o excessiva, comportamento antissocial e psicopatia subcl\u00ednica) <a href=\"https:\/\/doi.org\/10.1375\/pplt.13.2.232\">https:\/\/doi.org\/10.1375\/pplt.13.2.232<\/a> <a href=\"#self-report-ref-5\" aria-label=\"Voltar ao conte\u00fado\" style=\"float: right\">\u21a9<\/a> <a href=\"#ref-link-6\" class=\"back-link\" aria-label=\"Voltar ao conte\u00fado\">\u21a9<\/a><\/li><\/ol><\/div>","protected":false},"excerpt":{"rendered":"O teste Psychopath \u00e9 a vers\u00e3o adaptada digitalmente da Escala de Espectro de Psicopatia Deenz (DPSS), projetada para medir tra\u00e7os subcl\u00ednicos associados \u00e0 psicopatia.","protected":false},"author":1,"featured_media":4448,"parent":0,"menu_order":0,"comment_status":"closed","ping_status":"closed","template":"","meta":{"inline_featured_image":false,"footnotes":""},"categories":[5],"class_list":["post-143","page","type-page","status-publish","has-post-thumbnail","hentry","category-personality-assessments"],"lang":"en","translations":{"en":143},"_links":{"self":[{"href":"https:\/\/drdeenz.com\/pt\/wp-json\/wp\/v2\/pages\/143","targetHints":{"allow":["GET"]}}],"collection":[{"href":"https:\/\/drdeenz.com\/pt\/wp-json\/wp\/v2\/pages"}],"about":[{"href":"https:\/\/drdeenz.com\/pt\/wp-json\/wp\/v2\/types\/page"}],"author":[{"embeddable":true,"href":"https:\/\/drdeenz.com\/pt\/wp-json\/wp\/v2\/users\/1"}],"replies":[{"embeddable":true,"href":"https:\/\/drdeenz.com\/pt\/wp-json\/wp\/v2\/comments?post=143"}],"version-history":[{"count":4,"href":"https:\/\/drdeenz.com\/pt\/wp-json\/wp\/v2\/pages\/143\/revisions"}],"predecessor-version":[{"id":5867,"href":"https:\/\/drdeenz.com\/pt\/wp-json\/wp\/v2\/pages\/143\/revisions\/5867"}],"wp:featuredmedia":[{"embeddable":true,"href":"https:\/\/drdeenz.com\/pt\/wp-json\/wp\/v2\/media\/4448"}],"wp:attachment":[{"href":"https:\/\/drdeenz.com\/pt\/wp-json\/wp\/v2\/media?parent=143"}],"wp:term":[{"taxonomy":"category","embeddable":true,"href":"https:\/\/drdeenz.com\/pt\/wp-json\/wp\/v2\/categories?post=143"}],"curies":[{"name":"wp","href":"https:\/\/api.w.org\/{rel}","templated":true}]}}