{"id":1220,"date":"2023-11-18T14:47:38","date_gmt":"2023-11-18T14:47:38","guid":{"rendered":"https:\/\/drdeenz.com\/?p=1220"},"modified":"2025-10-31T16:24:46","modified_gmt":"2025-10-31T16:24:46","slug":"teste-de-papel-de-genero","status":"publish","type":"page","link":"https:\/\/drdeenz.com\/pt\/teste-de-papel-de-genero\/","title":{"rendered":"Teste de papel de g\u00eanero"},"content":{"rendered":"<div class=\"ethic\" style=\"background-color: #C1E5A1;padding: 5px;margin-bottom: 16px;\">A participa\u00e7\u00e3o nesta vers\u00e3o digital da escala Deenz Gender Role (DGRS-24) \u00e9 totalmente an\u00f4nima. N\u00e3o coletamos nem armazenamos seus resultados para fins de pesquisa.\r\n<\/div>\r\nA ideia por tr\u00e1s dos pap\u00e9is de g\u00eanero \u00e9 que todos podem expressar uma mistura de tra\u00e7os femininos e masculinos. Este teste tem como objetivo avaliar seu comportamento e personalidade no contexto dos pap\u00e9is de g\u00eanero, explorando sua feminilidade e masculinidade. \r\n<p>Numa sociedade, diferentes normas, pap\u00e9is e comportamentos s\u00e3o considerados apropriados com base no g\u00e9nero percebido. Essas expectativas influenciam os relacionamentos, a din\u00e2mica familiar, a educa\u00e7\u00e3o, a profiss\u00e3o e as express\u00f5es emocionais pessoais. Essas fun\u00e7\u00f5es e expectativas evolu\u00edram e continuam a mudar. <sup id=\"ref-link-1\"><a href=\"#ref-1\">[1]<\/a><\/sup><\/p>\r\n\r\n<p>Os pap\u00e9is de g\u00e9nero modernos rejeitam a no\u00e7\u00e3o de que certos sentimentos e responsabilidades pertencem a um g\u00e9nero espec\u00edfico. Psic\u00f3logos e investigadores reconheceram a necessidade de estudar os pap\u00e9is de g\u00e9nero nas perspectivas modernas e levaram ao surgimento de novos estudos sobre o comportamento humano e ao desenvolvimento de escalas psicom\u00e9tricas modernas. <sup id=\"ref-link-2\"><a href=\"#ref-2\">[2]<\/a><\/sup> <\/p>\r\n\r\n<h2>Desenvolvimento da escala Deenz Gender Role.<\/h2>\r\n<p>\u00c0 medida que o comportamento humano evolui, t\u00eam sido observadas mudan\u00e7as significativas nas atitudes em rela\u00e7\u00e3o aos pap\u00e9is e diferen\u00e7as de g\u00e9nero. a no\u00e7\u00e3o tradicional dos pap\u00e9is de g\u00e9nero tem sido criticada e tornou-se ultrapassada nas perspectivas modernas. <\/p>\r\n\r\n<p>A popular escala de pap\u00e9is de g\u00e9nero \u201cBem Sex-Role Inventory (BSRI)\u201d ainda \u00e9 v\u00e1lida na medi\u00e7\u00e3o dos pap\u00e9is de g\u00e9nero, mas na moderna evolu\u00e7\u00e3o cont\u00ednua, a necessidade de estudar os pap\u00e9is de g\u00e9nero nas perspectivas modernas foi reconhecida. <\/p>\r\n\r\n<p>Em 2021, com meus professores de psicologia, discutimos os pap\u00e9is de g\u00eanero e a principal discuss\u00e3o foi se o comportamento humano pode apresentar caracter\u00edsticas femininas e masculinas. Tamb\u00e9m discutimos a validade das escalas tradicionais de pap\u00e9is de g\u00eanero propostas por diferentes pesquisadores de comportamento humano. Reconheci a necessidade de desenvolver uma escala moderna que possa resolver e abordar as mudan\u00e7as cont\u00ednuas nas atitudes em rela\u00e7\u00e3o aos pap\u00e9is de g\u00eanero. <\/p>\r\n<p>Deenz Escala de pap\u00e9is de g\u00eanero (DGRS-24) projetada para medir o grau de feminilidade ou masculinidade de sua personalidade com base nas expectativas e normas sociais e culturais relativas a comportamento, responsabilidades e caracter\u00edsticas.<\/p>\r\n<h3>Insights iniciais e revis\u00e3o da literatura<\/h3>\r\n<p>O desenvolvimento da escala come\u00e7ou com uma revis\u00e3o da literatura, durante a qual reuni informa\u00e7\u00f5es pessoalmente de psic\u00f3logos e consultei a literatura existente relacionada aos pap\u00e9is de g\u00eanero. Examinei artigos acad\u00eamicos e livros, o que ajudou a estabelecer uma base s\u00f3lida para a pesquisa.<\/p>\r\n<h3>Gera\u00e7\u00e3o de itens<\/h3>\r\n<p>Uma escala de itens longa pode ser enfadonha e confusa, apresentando um alto risco de erros durante o processo de valida\u00e7\u00e3o. Portanto, meu foco principal foi criar itens curtos e f\u00e1ceis de entender. Para a gera\u00e7\u00e3o de itens, estudei meticulosamente as caracter\u00edsticas femininas e masculinas separadamente. Al\u00e9m disso, busquei orienta\u00e7\u00e3o de psic\u00f3logos, que tiveram papel crucial na avalia\u00e7\u00e3o da relev\u00e2ncia dos itens.<\/p>\r\n<p>O teste piloto foi realizado com uma pequena amostra para avaliar a clareza e relev\u00e2ncia dos itens. No desenvolvimento inicial, eram 97 itens. No entanto, ap\u00f3s receber feedback tanto dos testes-piloto como dos especialistas, 33 itens foram exclu\u00eddos.<\/p>\r\n<h3>Estrutura da escala Likert<\/h3>\r\n<p>Uma escala Likert \u00e9 uma s\u00e9rie de afirma\u00e7\u00f5es, cada uma com uma gama de respostas. A Estrutura da Escala Likert auxiliou na redu\u00e7\u00e3o ainda maior dos itens, o participante deve concordar ou discordar em uma escala de 5 pontos. A escala Likert fornece uma medida confi\u00e1vel e v\u00e1lida de opini\u00f5es e atitudes.<\/p>\r\n<h3>Consulta e valida\u00e7\u00e3o de especialistas<\/h3>\r\n<p>Ap\u00f3s a realiza\u00e7\u00e3o do 2\u00ba teste piloto de gera\u00e7\u00e3o de itens, e para valida\u00e7\u00e3o inicial, consultei especialistas na \u00e1rea de psicologia, a maioria dos quais com doutorado em psicologia, e alguns deles professores acad\u00eamicos de psicologia. <\/p>\r\n\r\n<p>Os itens passaram por rigoroso escrut\u00ednio e foram reduzidos a 24, resultando na vers\u00e3o final. O segundo teste piloto foi realizado num pequeno grupo de estudantes de psicologia e o feedback dos estudantes forneceu informa\u00e7\u00f5es valiosas sobre a clareza e a sensibilidade cultural das declara\u00e7\u00f5es. <\/p>\r\n\r\n<p>A an\u00e1lise fatorial tamb\u00e9m foi empregada para compreender e identificar as dimens\u00f5es da vers\u00e3o final da escala. Isso ajuda a encontrar a capacidade de medir uma ampla gama de express\u00f5es emocionais e comportamentos do indiv\u00edduo.<\/p>\r\n<h3>Avalia\u00e7\u00e3o de Confiabilidade<\/h3> \r\n<p>O alfa de Cronbach foi empregado na avalia\u00e7\u00e3o da const\u00e2ncia interna da escala Deenz Gender Role. O valor do alfa de Cronbach para a escala foi de 0,89, indicando um alto n\u00edvel de const\u00e2ncia e sugerindo que os itens da escala est\u00e3o fortemente correlacionados e medem a constru\u00e7\u00e3o pretendida dos pap\u00e9is de g\u00eanero. <\/p>\r\n<p>O teste tem finalidade exclusivamente educacional e mede seus tra\u00e7os femininos e masculinos com base em seus comportamentos e express\u00f5es. Os testes e question\u00e1rios on-line, inclusive este \"Teste de Pap\u00e9is de G\u00eanero\", n\u00e3o foram criados para substituir ou fornecer orienta\u00e7\u00e3o profissional. <\/p>\r\n<style>.baseline {\r\n    bottom: 87px;\r\n}.bar {\r\n    max-width: 55%;\r\n}.bar-label {\r\n    flex-direction: column;\r\n}.chart-container::before {\r\n    background-image: linear-gradient(to top, #ddd 1px, transparent 1px);\r\n    background-size: 100% 20%;\r\n    height: 154px;\r\n}.bar-container {\r\n    height: 218px;\r\n}<\/style>\r\n<style> .reference-list {\r\n  background: #f9f9f9;\r\n  padding: 15px;\r\n  border-radius: 8px;\r\n  font-size: 14px;\r\n  box-shadow: 0 2px 6px rgba(0,0,0,0.1);\r\n}\r\n.reference-list h3 {\r\n  margin-top: 0;\r\n}\r\n.reference-list ol {\r\n  margin: 0;\r\n  list-style-type: decimal; \/* ensures 1, 2, 3 format *\/\r\n}\r\n.reference-list li {\r\n  margin-bottom: 8px;\r\n  line-height: 1.5;\r\n  position: relative;\r\n}\r\n.reference-list .back-link {\r\n  float: right;         \/* move link to right side *\/\r\n  font-size: 12px;\r\n  margin-left: 15px;    \/* extra spacing from text if text is long *\/\r\n}<\/style>\r\n<style>.question-choices.watupro-choices-columns {\r\n    padding-top: 15px;\r\n}ul.watupro-question-paginator li, ul.watupro-answers-paginator li {\r\n    width: auto!important;\r\n}.question-content {\r\n    text-align: center;\r\n}.watu-question .question-content p {\r\n    margin-top: 12px;\r\n}.question-choices.watupro-choices-columns {\r\n    display: inline-flex;\r\n    flex-wrap: wrap;\r\n    justify-content: center;\r\n}.question-choices.watupro-choices-columns .watupro-question-choice {\r\n    line-height: 1;\r\n}.question-choices.watupro-choices-columns div:nth-child(4) .answer {\r\n    width: 30px;\r\n    height: 30px;\r\n    border-color: #346aa3;\r\n        position: relative;padding: 0px;\r\n    border-radius: 50%;\r\n    border: 4px solid;\r\n}.question-choices.watupro-choices-columns div:nth-child(5) .answer span {\r\n   display: block!important;\r\n    position: relative;\r\n    color: #316d72;\r\n    margin-left: 26px;\r\n    float: left;\r\n}.question-choices.watupro-choices-columns div:nth-child(1) .answer span {\r\n        display: block!important;\r\n    color: #316d72;\r\n    float: right;text-align:left;\r\n    margin-right: 26px;\r\n}.question-choices.watupro-choices-columns div:nth-child(3) .answer {\r\n    width: 27px;\r\n    height: 27px;\r\n    border-top-color: #f1c40f!important;\r\n    border-left-color: #f1c40f!important;\r\n    border-right-color: #346aa3!important;\r\n    border-bottom-color: #346aa3!important;\r\npadding: 0px;\r\nposition: relative;\r\n    border-radius: 50%;\r\n    border: 4px solid;\r\n}.question-choices.watupro-choices-columns div:nth-child(2) .answer {\r\n    width: 30px;\r\n    height: 30px;\r\n    border-color: #f1c40f!important;\r\n    position: relative;\r\n    border-radius: 50%;\r\n    border: 4px solid;padding: 0px;\r\n}.question-choices.watupro-choices-columns div:nth-child(5) .answer {\r\n    width: 30px;\r\n    height: 33px;\r\n    border-color: #346aa3;\r\n    position: relative;\r\n    border-radius: 50%;\r\n    border: 4px solid;\r\npadding: 0px;\r\n}.question-choices.watupro-choices-columns div:nth-child(1) .answer {\r\n       width: 30px;\r\n    position: relative;\r\n    border-radius: 50%;\r\n    border: 4px solid;\r\n    height: 33px;text-align: right;\r\n    border-color: #f1c40f;\r\npadding: 0px;\r\n}.watupro-question-choice {\r\n    height: 47px!important;\r\n    width: 47px!important;\r\n    display: inline-block!important;\r\n    position: relative!important;\r\n    border-radius: 0.325em;\r\n    transition: background .1s linear;\r\n    border: 0px!important;\r\n}.question-choices.watupro-choices-columns .watupro-question-choice span {\r\n    display: none!important;\r\n}.question-choices.watupro-choices-columns {\r\n    text-align: center;\r\n}.watupro-question-choice input[type=radio] + label, .watupro-question-choice input[type=checkbox] + label {\r\n   height: 47px;\r\n    width: 47px;\r\n}.watupro-question-choice input[type=radio]:checked + label, .watupro-question-choice input[type=checkbox]:checked + label {\r\n    background-image: none;\r\n    outline: 0;\r\n    background-color: #005E7C!important;\r\n    color: #fff;\r\n}.question-choices.watupro-choices-columns .watupro-question-choice {\r\n    margin: 2px!important;\r\n}@media screen and (max-width: 290px) {.watupro_buttons.flex {\r\n    display: flex;\r\n    flex-flow: nowrap!important;\r\n}}\r\n@media screen and (min-width: 450px) {.question-choices.watupro-choices-columns div:nth-child(1) .answer span {\r\n        margin-right: 43px;\r\n}.question-choices.watupro-choices-columns div:nth-child(5) .answer span {\r\n    margin-left: 46px;\r\n}}\r\n@media screen and (max-width: 450px) {.question-choices.watupro-choices-columns{padding: 20px 0px;}.question-choices.watupro-choices-columns div:nth-child(1) .answer span{  padding-top: 10px; font-size: 16px;    position: absolute;\r\n    top: 28px;\r\n   right: -73px;width:100px;}.question-choices.watupro-choices-columns div:nth-child(5) .answer span{padding-top: 10px;font-size: 16px;position: absolute;\r\n    top: 28px;\r\n    right: -9px;}}<\/style>\r\n<style>ul.watupro-question-paginator li, ul.watupro-answers-paginator li {\r\n    width: auto!important;\r\n}.question-content {\r\n    text-align: center;\r\n}.watu-question .question-content p {\r\n    margin-top: 12px;\r\n}.question-choices.watupro-choices-columns {\r\n    display: inline-flex;\r\n}table.watupror-pie-chart-table {\r\n    background: aqua;\r\n}table.watupror-pie-chart-table img {\r\n    border-radius: 50%;\r\n}g {\r\n    font-family: cursive;\r\n}c {\r\n    display: block;\r\n    font-weight: 600;\r\n        font-family: cursive;\r\n}.pie {\r\n    background: aliceblue;\r\n    margin: 1px;\r\n}.flex-container>* {\r\n    flex: 1 1 160px;\r\n}.flex-container {\r\n    display: flex;\r\n    flex-wrap: wrap;\r\n}.chart -dis.easyPieChart img {\r\n    padding-top: 29px;\r\n}.pie {\r\n    display: inline-block;\r\n    text-align: center;\r\n}.chart -dis {\r\n  position: relative;\r\n  display: inline-block;\r\n  color: #999;\r\n  font-size: 14px;\r\n  text-align: center;\r\n}\r\n.chart -dis canvas {\r\n  position: absolute;\r\n  top: 0;\r\n  left: 0;\r\n}div#watupror-pie-chart-all {\r\n    height: auto!important;\r\n}<\/style><div class=\"reference-list\"><h3>Refer\u00eancias<\/h3><ol><li id=\"ref-1\">Scott, J., 2006. Family and gender roles: how attitudes are changing (Fam\u00edlia e pap\u00e9is de g\u00eanero: como as atitudes est\u00e3o mudando). Arxius de Ci\u00e8ncies Socials, 15, pp.143-154. <a href=\"https:\/\/scholar.google.com\/scholar?cluster=10904806460526392538&#038;hl=en&#038;as_sdt=0,5\">Google Scholar<\/a> <a href=\"#ref-link-1\" class=\"back-link\" aria-label=\"Voltar ao conte\u00fado\">\u21a9<\/a><\/li><li id=\"ref-2\">Sweeting, H., Bhaskar, A., Benzeval, M. et al. Changing gender roles and attitudes and their implications for well-being around the new millennium. Soc Psychiatry Psychiatr Epidemiol 49, 791-809 (2014). <a href=\"https:\/\/doi.org\/10.1007\/s00127-013-0730-y\">https:\/\/doi.org\/10.1007\/s00127-013-0730-y<\/a> <a href=\"#ref-link-2\" class=\"back-link\" aria-label=\"Voltar ao conte\u00fado\">\u21a9<\/a><\/li><\/ol><\/div>","protected":false},"excerpt":{"rendered":"O teste de pap\u00e9is de g\u00eanero \u00e9 a ado\u00e7\u00e3o digital da Escala de pap\u00e9is de g\u00eanero Deenz (DGRS-24), criada para medir cren\u00e7as, atitudes e comportamentos em rela\u00e7\u00e3o \u00e0s expectativas sociais relacionadas a g\u00eanero.","protected":false},"author":1,"featured_media":4434,"parent":0,"menu_order":0,"comment_status":"closed","ping_status":"closed","template":"","meta":{"inline_featured_image":false,"footnotes":""},"categories":[9],"class_list":["post-1220","page","type-page","status-publish","has-post-thumbnail","hentry","category-gender"],"lang":"en","translations":{"en":1220},"_links":{"self":[{"href":"https:\/\/drdeenz.com\/pt\/wp-json\/wp\/v2\/pages\/1220","targetHints":{"allow":["GET"]}}],"collection":[{"href":"https:\/\/drdeenz.com\/pt\/wp-json\/wp\/v2\/pages"}],"about":[{"href":"https:\/\/drdeenz.com\/pt\/wp-json\/wp\/v2\/types\/page"}],"author":[{"embeddable":true,"href":"https:\/\/drdeenz.com\/pt\/wp-json\/wp\/v2\/users\/1"}],"replies":[{"embeddable":true,"href":"https:\/\/drdeenz.com\/pt\/wp-json\/wp\/v2\/comments?post=1220"}],"version-history":[{"count":4,"href":"https:\/\/drdeenz.com\/pt\/wp-json\/wp\/v2\/pages\/1220\/revisions"}],"predecessor-version":[{"id":5862,"href":"https:\/\/drdeenz.com\/pt\/wp-json\/wp\/v2\/pages\/1220\/revisions\/5862"}],"wp:featuredmedia":[{"embeddable":true,"href":"https:\/\/drdeenz.com\/pt\/wp-json\/wp\/v2\/media\/4434"}],"wp:attachment":[{"href":"https:\/\/drdeenz.com\/pt\/wp-json\/wp\/v2\/media?parent=1220"}],"wp:term":[{"taxonomy":"category","embeddable":true,"href":"https:\/\/drdeenz.com\/pt\/wp-json\/wp\/v2\/categories?post=1220"}],"curies":[{"name":"wp","href":"https:\/\/api.w.org\/{rel}","templated":true}]}}