{"id":1166,"date":"2023-11-05T09:52:01","date_gmt":"2023-11-05T09:52:01","guid":{"rendered":"https:\/\/drdeenz.com\/?p=1166"},"modified":"2025-11-04T06:22:51","modified_gmt":"2025-11-04T06:22:51","slug":"teste-da-triade-negra","status":"publish","type":"page","link":"https:\/\/drdeenz.com\/pt\/teste-da-triade-negra\/","title":{"rendered":"Teste Da Triade Negra \u2013 Escala de Personalidade Dark Triad"},"content":{"rendered":"<p><strong>Este teste de autoavalia\u00e7\u00e3o - \u00e9 baseado na vers\u00e3o preliminar do trabalho de pesquisa - Desenvolvimento e valida\u00e7\u00e3o da Escala de Personalidade da Tr\u00edade Negra Deenz (DTPS-33\u00a9). Deen Mohd Dar. Escala de Personalidade da Tr\u00edade Sombria Deenz: Development, Validation, and Reliability (Desenvolvimento, valida\u00e7\u00e3o e confiabilidade), 14 de novembro de 2023, PREPRINT (Vers\u00e3o 2). <sup id=\"ref-link-1\"><a href=\"#ref-1\">[1]<\/a><\/sup> A participa\u00e7\u00e3o neste question\u00e1rio \u00e9 totalmente an\u00f4nima, n\u00e3o coletamos nenhuma informa\u00e7\u00e3o pessoal e n\u00e3o armazenamos seus resultados para fins de pesquisa.<\/strong> <\/p>\r\n\r\n<p>A Tr\u00edade Sombria \u00e9 uma teoria ou conceito psicol\u00f3gico que visa compreender e estudar a <strong>lado escuro<\/strong> das personalidades dos indiv\u00edduos. Ela engloba personalidades sobrepostas, por\u00e9m distintas <strong>tra\u00e7os de personalidade<\/strong>incluindo <strong>Maquiavelismo, psicopatia e <a href=\"https:\/\/drdeenz.com\/pt\/teste-de-personalidade-narcisista\/\">narcisismo<\/a>.<\/strong> <\/p>\r\n\r\n<p>Em 2002, dois psic\u00f3logos <strong>Delroy L. Paulhus e Kevin M. Williams<\/strong> trabalharam juntos em um trabalho de pesquisa intitulado <strong>\"A Tr\u00edade Negra da Personalidade: Narcisismo, <a href=\"https:\/\/drdeenz.com\/machiavellianism-test\/\">Maquiavelismo<\/a>e psicopatia\".<\/strong>  e cunhou o termo \"Tr\u00edade Negra\", trio de tra\u00e7os negativos de personalidade <sup id=\"ref-link-2\"><a href=\"#ref-2\">[2]<\/a><\/sup> . Nesse trabalho de pesquisa, eles descreveram tr\u00eas tra\u00e7os de personalidade diferentes, mas relacionados, que s\u00e3o considerados <strong>socialmente indesej\u00e1vel<\/strong>. A pesquisa resultou no desenvolvimento de escalas de tr\u00edade sombria que ajudam a medir a inclina\u00e7\u00e3o para esses tra\u00e7os socialmente indesej\u00e1veis.<\/p>\r\n\r\n<p>Delroy L. Paulhus e Kevin M. Williams Em sua pesquisa, eles propuseram que cada indiv\u00edduo tem um lado sombrio de sua personalidade e que \u00e9 preciso uma avalia\u00e7\u00e3o completa para determinar at\u00e9 que ponto esses tra\u00e7os podem ser dominantes.<\/p>\r\n\r\n<p><strong>Maquiavelismo:<\/strong> Maquiavelismo \u00e9 uma palavra famosa em psicologia que leva o nome de um fil\u00f3sofo pol\u00edtico do s\u00e9culo XVI <strong>Niccol\u00f2 Machiavelli<\/strong>famoso por seu livro <em>\"o pr\u00edncipe\"<\/em>. <sup id=\"ref-link-3\"><a href=\"#ref-3\">[3]<\/a><\/sup> A principal mensagem do livro \u00e9 que os l\u00edderes podem usar <strong><a href=\"https:\/\/drdeenz.com\/pt\/questionario-manipulativo\/\">Manipular<\/a>Engana\u00e7\u00e3o e comportamento expl\u00edcito para lutar por poder e posi\u00e7\u00e3o<\/strong> e \u00e9 a necessidade de manter o poder e atingir esses objetivos. <\/p>\r\n\r\n<p><strong>Narcisismo:<\/strong> O narcisismo \u00e9 uma caracter\u00edstica pessoal na qual um indiv\u00edduo tem uma <strong>extremo senso de si mesmo1TP7Import\u00e2ncia e um desejo constante de administra\u00e7\u00e3o<\/strong> resultando em ignorar as necessidades dos outros e em uma <a href=\"https:\/\/drdeenz.com\/pt\/teste-de-empatia\/\">falta de empatia<\/a>. <sup id=\"ref-link-4\"><a href=\"#ref-4\">[4]<\/a><\/sup> Um bom exemplo pode ser uma pessoa que se sente desconfort\u00e1vel em situa\u00e7\u00f5es em que n\u00e3o \u00e9 a pessoa certa. <strong>centro das aten\u00e7\u00f5es<\/strong> e que est\u00e1 sempre falando sobre prest\u00edgio ou status. Veja o <a href=\"https:\/\/drdeenz.com\/pt\/narcissistic-personality-disorder-test\/\">teste de transtorno de personalidade narcisista<\/a>.<\/p>\r\n\r\n<p><strong>Psicopatia:<\/strong> A psicopatia \u00e9 descrita como tendo uma <strong><a href=\"https:\/\/drdeenz.com\/pt\/teste-de-sociopatia\/\">falta de remorso<\/a>A maioria das pessoas que n\u00e3o se importam com o fato de serem insens\u00edveis e c\u00ednicas.<\/strong> <sup id=\"ref-link-5\"><a href=\"#ref-5\">[5]<\/a><\/sup> A psicopatia existe em um espectro e nem todas as pessoas com tra\u00e7os psicop\u00e1ticos atendem aos crit\u00e9rios de diagn\u00f3stico de transtorno de personalidade antissocial. Talvez voc\u00ea tamb\u00e9m queira fazer o teste <a href=\"https:\/\/drdeenz.com\/pt\/teste-de-espectro-de-psicopatia\/\">escala do espectro de psicopatia<\/a>.\r\n <\/p>\r\n<style>.baseline {\r\n    bottom: 87px;\r\n}.bar {\r\n    max-width: 55%;\r\n}.bar-label {\r\n    flex-direction: column;\r\n}.chart-container::before {\r\n    background-image: linear-gradient(to top, #ddd 1px, transparent 1px);\r\n    background-size: 100% 20%;\r\n    height: 154px;\r\n}.bar-container {\r\n    height: 218px;\r\n}<\/style><div class=\"reference-list\"><h3>Refer\u00eancias<\/h3><ol><li id=\"ref-1\">Deen Mohd Dar. Escala de Personalidade da Tr\u00edade Negra Deenz: Development, Validation, and Reliability (Desenvolvimento, Valida\u00e7\u00e3o e Confiabilidade), 14 de novembro de 2023, PREPRINT (Vers\u00e3o 2) <a href=\"https:\/\/doi.org\/10.21203\/rs.3.rs-3565477\/v2\" target=\"_blank\">https:\/\/doi.org\/10.21203\/rs.3.rs-3565477\/v2<\/a> <a href=\"#ref-link-1\" class=\"back-link\" aria-label=\"Voltar ao conte\u00fado\">\u21a9<\/a><\/li><li id=\"ref-2\">Paulhus, D. L., &amp; Williams, K. M. (2002). The Dark Triad of personality: Narcissism, Machiavellianism, and psychopathy (Narcisismo, maquiavelismo e psicopatia). <a href=\"https:\/\/doi.org\/10.1016\/S0092-6566(02)00505-6\">https:\/\/doi.org\/10.1016\/S0092-6566(02)00505-6<\/a> <a href=\"#ref-link-2\" class=\"back-link\" aria-label=\"Voltar ao conte\u00fado\">\u21a9<\/a><\/li><li id=\"ref-3\">Jones, D. (2020). Machiavellianism. Em: Zeigler-Hill, V., Shackelford, T.K. (eds) Encyclopedia of Personality and Individual Differences [Enciclop\u00e9dia de Personalidade e Diferen\u00e7as Individuais]. Springer, Cham. <a href=\"https:\/\/doi.org\/10.1007\/978-3-319-24612-3_1245\">https:\/\/doi.org\/10.1007\/978-3-319-24612-3_1245<\/a> <a href=\"#ref-link-3\" class=\"back-link\" aria-label=\"Voltar ao conte\u00fado\">\u21a9<\/a><\/li><li id=\"ref-4\">Miller, J. D., Lynam, D. R., Hyatt, C. S., &amp; Campbell, W. K. (2017). Controversies in Narcissism [Controv\u00e9rsias sobre o narcisismo]. <a href=\"https:\/\/doi.org\/10.1146\/annurev-clinpsy-032816-045244\">https:\/\/doi.org\/10.1146\/annurev-clinpsy-032816-045244<\/a> <a href=\"#ref-link-4\" class=\"back-link\" aria-label=\"Voltar ao conte\u00fado\">\u21a9<\/a><\/li><li id=\"ref-5\">De Brito, S. A. e outros. Psychopathy. Nature Reviews Disease Primers. <a href=\"https:\/\/doi.org\/10.1038\/s41572-021-00282-1\">https:\/\/doi.org\/10.1038\/s41572-021-00282-1<\/a> <a href=\"#ref-link-5\" class=\"back-link\" aria-label=\"Voltar ao conte\u00fado\">\u21a9<\/a><\/li><\/ol><\/div>","protected":false},"excerpt":{"rendered":"O teste da tr\u00edade sombria \u00e9 a adapta\u00e7\u00e3o digital da Escala de Personalidade da Tr\u00edade Sombria Deenz (DTPS-33) e foi projetado para medir as tend\u00eancias a tra\u00e7os socialmente indesej\u00e1veis - maquiavelismo, narcisismo e psicopatia.","protected":false},"author":1,"featured_media":4431,"parent":0,"menu_order":0,"comment_status":"closed","ping_status":"closed","template":"","meta":{"inline_featured_image":false,"footnotes":""},"categories":[5],"class_list":["post-1166","page","type-page","status-publish","has-post-thumbnail","hentry","category-personality-assessments"],"lang":"en","translations":{"en":1166},"_links":{"self":[{"href":"https:\/\/drdeenz.com\/pt\/wp-json\/wp\/v2\/pages\/1166","targetHints":{"allow":["GET"]}}],"collection":[{"href":"https:\/\/drdeenz.com\/pt\/wp-json\/wp\/v2\/pages"}],"about":[{"href":"https:\/\/drdeenz.com\/pt\/wp-json\/wp\/v2\/types\/page"}],"author":[{"embeddable":true,"href":"https:\/\/drdeenz.com\/pt\/wp-json\/wp\/v2\/users\/1"}],"replies":[{"embeddable":true,"href":"https:\/\/drdeenz.com\/pt\/wp-json\/wp\/v2\/comments?post=1166"}],"version-history":[{"count":4,"href":"https:\/\/drdeenz.com\/pt\/wp-json\/wp\/v2\/pages\/1166\/revisions"}],"predecessor-version":[{"id":5880,"href":"https:\/\/drdeenz.com\/pt\/wp-json\/wp\/v2\/pages\/1166\/revisions\/5880"}],"wp:featuredmedia":[{"embeddable":true,"href":"https:\/\/drdeenz.com\/pt\/wp-json\/wp\/v2\/media\/4431"}],"wp:attachment":[{"href":"https:\/\/drdeenz.com\/pt\/wp-json\/wp\/v2\/media?parent=1166"}],"wp:term":[{"taxonomy":"category","embeddable":true,"href":"https:\/\/drdeenz.com\/pt\/wp-json\/wp\/v2\/categories?post=1166"}],"curies":[{"name":"wp","href":"https:\/\/api.w.org\/{rel}","templated":true}]}}