{"id":86,"date":"2023-02-07T08:23:18","date_gmt":"2023-02-07T08:23:18","guid":{"rendered":"https:\/\/drdeenz.com\/?p=86"},"modified":"2025-11-04T14:50:57","modified_gmt":"2025-11-04T14:50:57","slug":"test-de-cyclothymie","status":"publish","type":"page","link":"https:\/\/drdeenz.com\/fr\/test-de-cyclothymie\/","title":{"rendered":"Cyclothymie Test"},"content":{"rendered":"<div id=\"description\">\r\n<p style=\" border-style: solid; border-width: 1px; border-color: #000; box-shadow: 2px 2px 0px 0px #fe025b; padding: 5px; \">Ce quiz est uniquement destin\u00e9 \u00e0 des fins \u00e9ducatives et ne constitue pas un avis m\u00e9dical. Le test de cyclothymie est l'adoption num\u00e9rique de l'\u00e9chelle de cyclothymie Deenz (DSC-32).<sup id=\"ref-link-1\"><a href=\"#ref-1\">[1]<\/a><\/sup> Cette auto-\u00e9valuation-assessment <strong>Le quiz n'est PAS con\u00e7u pour<\/strong> poser des diagnostics cliniques sur <strong>trouble de la cyclothymie<\/strong>. Nous ne collectons pas d'informations personnelles et ne conservons pas vos r\u00e9sultats \u00e0 des fins de recherche.<\/p><p>La cycholomatie est un trouble de l\u2019humeur complexe mais rare et difficile \u00e0 diagnostiquer. Un professionnel de la sant\u00e9 mentale doit recueillir beaucoup d\u2019informations concernant les sympt\u00f4mes et l\u2019historique des sautes d\u2019humeur du patient pour \u00e9tablir un diagnostic appropri\u00e9 et pr\u00e9cis.<\/p>\r\n\r\n<p>Selon les crit\u00e8res d\u00e9finis par la <strong>Association psychiatrique am\u00e9ricaine<\/strong> dans le DSM-5, une personne doit avoir connu \u00e0 la fois des p\u00e9riodes de <strong>humeur \u00e9lev\u00e9e ou irritable et p\u00e9riodes de d\u00e9pression<\/strong> ou de tristesse pendant au moins deux ans, et ces changements d'humeur doivent avoir constitu\u00e9 <strong>au moins la moiti\u00e9 du temps au cours de cette p\u00e9riode<\/strong> pour \u00eatre diagnostiqu\u00e9 comme cyclothymique. <sup id=\"ref-link-2\"><a href=\"#ref-2\">[2]<\/a><\/sup><\/p>\r\n\r\n<p>Une personne souffrant d'une maladie persistante <strong>les sautes d'humeur<\/strong> ainsi que d'autres sympt\u00f4mes <strong>ne doit pas r\u00e9pondre aux crit\u00e8res<\/strong> pour d'autres troubles mentaux tels que <strong>d\u00e9pression, bipolarit\u00e9 1 ou bipolarit\u00e9 2<\/strong>. Ces \u00e9pisodes d'humeur changeante doivent avoir un impact significatif et interf\u00e9rer avec la vie de tous les jours. <sup id=\"ref-link-3\"><a href=\"#ref-3\">[3]<\/a><\/sup><\/p>\r\n<h2>\u00c9chelle de cyclothymie Deenz - Dimensions et significations<\/h2>\r\n<table class=\"cbs-table\" aria-describedby=\"cbs-desc\">\r\n  <thead>\r\n    <tr>\r\n      <th scope=\"col\">Dimension<\/th>\r\n      <th scope=\"col\">Signification<\/th>\r\n    <\/tr>\r\n  <\/thead>\r\n\r\n  <tbody>\r\n    <tr>\r\n      <td class=\"cbs-dimension\" data-label=\"Dimension\">Hypomanie<\/td>\r\n      <td class=\"cbs-meaning\" data-label=\"Meaning\">\u00c9nergie \u00e9lev\u00e9e, activit\u00e9 accrue, bavardage et comportement impulsif.<\/td>\r\n    <\/tr>\r\n\r\n    <tr>\r\n      <td class=\"cbs-dimension\" data-label=\"Dimension\">Instable<\/td>\r\n      <td class=\"cbs-meaning\" data-label=\"Meaning\">Changements d'humeur fr\u00e9quents ou rapides et forte r\u00e9activit\u00e9 \u00e9motionnelle.<\/td>\r\n    <\/tr>\r\n\r\n    <tr>\r\n      <td class=\"cbs-dimension\" data-label=\"Dimension\">D\u00e9pression<\/td>\r\n      <td class=\"cbs-meaning\" data-label=\"Meaning\">Baisse d'humeur persistante, fatigue, repli sur soi et d\u00e9motivation.<\/td>\r\n    <\/tr>\r\n\r\n    <tr>\r\n      <td class=\"cbs-dimension\" data-label=\"Dimension\">Cognitif<\/td>\r\n      <td class=\"cbs-meaning\" data-label=\"Meaning\">Variations de la concentration, de la planification, du contr\u00f4le des impulsions et de la routine quotidienne.<\/td>\r\n    <\/tr>\r\n  <\/tbody>\r\n<\/table>\r\n<h2>Est-ce qu'un score \u00e9lev\u00e9 signifie que je souffre d'un trouble de la cyclothymie ?<\/h2>\r\n<p>Non, ce test \u00e9value vos r\u00e9ponses et fournit une probabilit\u00e9 d\u2019avoir cette condition, donc vous ne devriez pas d\u00e9pendre uniquement des r\u00e9sultats. <\/p>\r\n\r\n<p>Ce test de d\u00e9pistage peut s'av\u00e9rer utile pour les personnes pr\u00e9occup\u00e9es par les sympt\u00f4mes et d\u00e9sireuses d'obtenir un diagnostic professionnel. Les auto-\u00e9valuations1TP7 peuvent \u00eatre un outil pr\u00e9cieux pour les personnes souffrant d'une maladie mentale. <strong>premier pas vers l'obtention d'une aide professionnelle<\/strong> mais ne doit pas \u00eatre consid\u00e9r\u00e9 comme un avis m\u00e9dical d\u00e9finitif.<\/p>\r\n<h2>Comment d\u00e9pister la cyclothymie ?<\/h2>\r\n<p>La cyclothymie est un trouble de l'humeur dans lequel <strong>une personne pr\u00e9sente des sympt\u00f4mes hypomaniaques et des sympt\u00f4mes d\u00e9pressifs<\/strong>. Pour qu'un diagnostic soit pos\u00e9, les sympt\u00f4mes de la personne doivent r\u00e9pondre aux crit\u00e8res suivants <strong>crit\u00e8res \u00e9nonc\u00e9s dans le DSM-IV<\/strong>qui sp\u00e9cifie des troubles de l'humeur persistant depuis au moins deux ans. <\/p>\r\n\r\n<p>Le professionnel de la sant\u00e9 mentale peut utiliser divers processus diagnostiques.<\/p>\r\n\r\n<p><strong>\u00c9valuation clinique :<\/strong> dans lequel le professionnel peut mener des entretiens sur les sympt\u00f4mes.<\/p>  \r\n\r\n<p><strong>Suivi des sympt\u00f4mes :<\/strong> Une autre m\u00e9thode qu\u2019un professionnel peut utiliser est le suivi des sympt\u00f4mes, dans lequel on demande \u00e0 un individu de suivre les sautes d\u2019humeur et la dur\u00e9e des sautes d\u2019humeur. <\/p>\r\n\r\n<p>Il n'existe pas d'auto-\u00e9valuation officielle que l'on puisse utiliser pour \u00e9tablir un auto-diagnostic de cyclothymie. Les tests et les questionnaires en ligne, y compris le \"test de cyclothymie\", ne sont pas consid\u00e9r\u00e9s comme exacts. Les informations fournies par cet outil d'auto-d\u00e9pistage sont destin\u00e9es \u00e0 des fins \u00e9ducatives uniquement. <\/p><\/div>\r\n\r\n<style>.langs a img {\r\n    height: 48px;\r\n    width: 48px;\r\n}.langs {\r\n    background: #e7f5f7;\r\n    border-radius: 10px;\r\n    padding: 0 13px;\r\n}.langs a {\r\n    text-decoration: none;\r\n    display: inline-block;\r\n    margin-right: 10px;\r\n}.watupro-progress-bar {\r\n    border-radius: 0!important;}.entry-content form.quiz-form{padding:0px;justify-content: normal;}.question-content div {\r\n    margin: 0 auto 25px;font-size: 22px;\r\n}input#action-button {\r\n    font-size: 17px!important;\r\n}.watupro_buttons input[type=button], .watupro_buttons input[type=submit], .watupro-exam-description button{margin-left: 0px!important;}.watupro_buttons.flex div {\r\n    margin: 0.5rem 0px!important;\r\n}.watupro-question-choice input[type=radio] + label, .watupro-question-choice input[type=checkbox] + label {\r\n    margin: 0px!important;\r\n}.watupro_buttons input[type=button] {\r\n    color: #fff!important;\r\n    font-weight: 600;\r\n}<\/style>\r\n\r\n<style>.custom-featured-image img {\r\n    width: 700px;\r\n}.watupro-progress-bar {\r\n    border-radius: 0!important;}.entry-content form.quiz-form{padding:0px;justify-content: normal;}.question-content div {\r\n    margin: 0 auto 25px;font-size: 22px;\r\n}.watupro_buttons input[type=button], .watupro_buttons input[type=submit], .watupro-exam-description button{margin-left: 0px!important;}.watupro_buttons.flex div {\r\n    margin: 0.5rem 0px!important;\r\n}.watupro-question-choice input[type=radio] + label, .watupro-question-choice input[type=checkbox] + label {\r\n    margin: 0px!important;\r\n}.watupro_buttons input[type=button] {\r\n    color: #fff!important;\r\n    font-weight: 600;\r\n}<\/style>\r\n<style>div#startOutput {\r\n    display: none;\r\n}input[type=\"button\"] {\r\n    display: inline-block;\r\n    cursor: pointer;\r\n    min-height: 1em;\r\n    font-size: 17px!important;\r\n    font-family: 'Open Sans',Helvetica,Arial,sans-serif;\r\n    outline: 0;\r\n    border: none!important;\r\n    background-color: #6262f6!important;\r\n    margin: 0 1em 0 0;\r\n    padding: 0.8em 1.5em;\r\n    text-transform: uppercase;\r\n    line-height: 1;\r\n    text-decoration: none;\r\n    background-image: linear-gradient(rgba(0,0,0,0),rgba(0,0,0,.05));\r\n    border-radius: 0.25em;\r\n    box-shadow: 0 0 0 1px rgba(0,0,0,.08) inset;\r\n    user-select: none;\r\n    box-sizing: border-box;\r\n    position: relative;\r\n    tap-highlight-color: transparent;\r\n    -webkit-tap-highlight-color: transparent;\r\n    color: #fff!important;\r\n    font-weight: 700;\r\n}ul.watupro-question-paginator li, ul.watupro-answers-paginator li {\r\n    width: auto!important;\r\n}.question-content {\r\n    text-align: center;\r\n}.watu-question .question-content p {\r\n    margin-top: 12px;\r\n}.question-choices.watupro-choices-columns {\r\n    display: inline-flex;\r\n    flex-wrap: wrap;\r\n    justify-content: center;\r\n}.question-choices.watupro-choices-columns .watupro-question-choice {\r\n    line-height: 1;\r\n}.question-choices.watupro-choices-columns div:nth-child(4) .answer {\r\n    width: 30px;\r\n    height: 30px;\r\n    border-color: #346aa3;\r\n        position: relative;padding: 0px;\r\n    border-radius: 50%;\r\n    border: 4px solid;\r\n}.question-choices.watupro-choices-columns div:nth-child(5) .answer span {\r\n   display: block!important;\r\n    position: relative;\r\n    color: #316d72;\r\n    margin-left: 26px;\r\n    float: left;    font-weight: bold;\r\n}.question-choices.watupro-choices-columns div:nth-child(1) .answer span {\r\n        display: block!important;\r\n    color: #316d72;\r\n    float: right;text-align:left;\r\n    margin-right: 26px;\r\n}.question-choices.watupro-choices-columns div:nth-child(3) .answer {\r\n    width: 27px;\r\n    height: 27px;\r\n    border-top-color: #f1c40f!important;\r\n    border-left-color: #f1c40f!important;\r\n    border-right-color: #346aa3!important;\r\n    border-bottom-color: #346aa3!important;\r\npadding: 0px;\r\nposition: relative;\r\n    border-radius: 50%;\r\n    border: 4px solid;\r\n}.question-choices.watupro-choices-columns div:nth-child(2) .answer {\r\n    width: 30px;\r\n    height: 30px;\r\n    border-color: #f1c40f!important;\r\n    position: relative;\r\n    border-radius: 50%;\r\n    border: 4px solid;padding: 0px;\r\n}.question-choices.watupro-choices-columns div:nth-child(5) .answer {\r\n    width: 30px;\r\n    height: 33px;\r\n    border-color: #346aa3;\r\n    position: relative;\r\n    border-radius: 50%;\r\n    border: 4px solid;\r\npadding: 0px;\r\n}.question-choices.watupro-choices-columns div:nth-child(1) .answer {\r\n       width: 30px;\r\n    position: relative;\r\n    border-radius: 50%;\r\n    border: 4px solid;\r\n    height: 33px;text-align: right;\r\n    border-color: #f1c40f;\r\npadding: 0px;\r\n}.watupro-question-choice {\r\n    height: 47px!important;\r\n    width: 47px!important;\r\n    display: inline-block!important;\r\n    position: relative!important;\r\n    border-radius: 0.325em;\r\n    transition: background .1s linear;\r\n    border: 0px!important;\r\n}.question-choices.watupro-choices-columns .watupro-question-choice span {\r\n    display: none!important;\r\n}.question-choices.watupro-choices-columns {\r\n    text-align: center;\r\n}.watupro-question-choice input[type=radio] + label, .watupro-question-choice input[type=checkbox] + label {\r\n   height: 47px;\r\n    width: 47px;\r\n}.watupro-question-choice input[type=radio]:checked + label, .watupro-question-choice input[type=checkbox]:checked + label {\r\n    background-image: none;\r\n    outline: 0;\r\n    background-color: #005E7C!important;\r\n    color: #fff;\r\n}.question-choices.watupro-choices-columns .watupro-question-choice {\r\n    margin: 2px!important;\r\n}@media screen and (max-width: 290px) {.watupro_buttons.flex {\r\n    display: flex;\r\n    flex-flow: nowrap!important;\r\n}}\r\n@media screen and (min-width: 450px) {.question-choices.watupro-choices-columns div:nth-child(1) .answer span {\r\n        margin-right: 43px;font-weight: bold;\r\n}.question-choices.watupro-choices-columns div:nth-child(5) .answer span {\r\n    margin-left: 46px;\r\n}}\r\n@media screen and (max-width: 450px) {.question-choices.watupro-choices-columns{padding: 20px 0px;}.question-choices.watupro-choices-columns div:nth-child(1) .answer span{  padding-top: 10px; font-size: 16px;    position: absolute;\r\n    top: 28px;\r\n    font-weight: bold;width:100px;}.question-choices.watupro-choices-columns div:nth-child(5) .answer span{padding-top: 10px;font-size: 16px;position: absolute;\r\n    top: 28px;\r\n    right: -9px;width: 100px;\r\n    text-align: right;}}<\/style><div class=\"reference-list\"><h3>R\u00e9f\u00e9rences<\/h3><ol><li id=\"ref-1\">Dar, D. M. (2024). D\u00e9veloppement et validation de l'\u00e9chelle de cyclothymie Deenz (DSC-32) : A Tool for Assessing Subclinical Cyclothymic Tendencies in Non-clinical Population. PsychArchives. <a href=\"https:\/\/doi.org\/10.23668\/psycharchives.14226\">https:\/\/doi.org\/10.23668\/psycharchives.14226<\/a> <a href=\"#ref-link-1\" class=\"back-link\" aria-label=\"Retour au contenu\">\u21a9<\/a><\/li><li id=\"ref-2\">American Psychiatric Association. (2013). Manuel diagnostique et statistique des troubles mentaux. (5\u00e8me \u00e9dition). Washington, DC. <a href=\"#ref-link-2\" class=\"back-link\" aria-label=\"Retour au contenu\">\u21a9<\/a><\/li><li id=\"ref-3\">Perugi, G., Hantouche, E., &amp; Vannucchi, G. (2017). Diagnostic et traitement de la cyclothymie\u00a0: la \u00ab\u00a0primaut\u00e9\u00a0\u00bb du temp\u00e9rament. Neuropharmacologie actuelle, 15(3), 372-379. <a href=\"https:\/\/doi.org\/10.2174\/1570159X14666160616120157\">https:\/\/doi.org\/10.2174\/1570159X14666160616120157<\/a> <a href=\"#ref-link-3\" class=\"back-link\" aria-label=\"Retour au contenu\">\u21a9<\/a><\/li><\/ol><\/div>","protected":false},"excerpt":{"rendered":"Le test de cyclothymie est un questionnaire de 16 questions, con\u00e7u pour mesurer la probabilit\u00e9 de manifestation des traits associ\u00e9s \u00e0 la cyclothymie.","protected":false},"author":1,"featured_media":4472,"parent":0,"menu_order":0,"comment_status":"closed","ping_status":"closed","template":"","meta":{"inline_featured_image":false,"footnotes":""},"categories":[3],"class_list":["post-86","page","type-page","status-publish","has-post-thumbnail","hentry","category-depression"],"lang":"en","translations":{"en":86},"_links":{"self":[{"href":"https:\/\/drdeenz.com\/fr\/wp-json\/wp\/v2\/pages\/86","targetHints":{"allow":["GET"]}}],"collection":[{"href":"https:\/\/drdeenz.com\/fr\/wp-json\/wp\/v2\/pages"}],"about":[{"href":"https:\/\/drdeenz.com\/fr\/wp-json\/wp\/v2\/types\/page"}],"author":[{"embeddable":true,"href":"https:\/\/drdeenz.com\/fr\/wp-json\/wp\/v2\/users\/1"}],"replies":[{"embeddable":true,"href":"https:\/\/drdeenz.com\/fr\/wp-json\/wp\/v2\/comments?post=86"}],"version-history":[{"count":4,"href":"https:\/\/drdeenz.com\/fr\/wp-json\/wp\/v2\/pages\/86\/revisions"}],"predecessor-version":[{"id":5891,"href":"https:\/\/drdeenz.com\/fr\/wp-json\/wp\/v2\/pages\/86\/revisions\/5891"}],"wp:featuredmedia":[{"embeddable":true,"href":"https:\/\/drdeenz.com\/fr\/wp-json\/wp\/v2\/media\/4472"}],"wp:attachment":[{"href":"https:\/\/drdeenz.com\/fr\/wp-json\/wp\/v2\/media?parent=86"}],"wp:term":[{"taxonomy":"category","embeddable":true,"href":"https:\/\/drdeenz.com\/fr\/wp-json\/wp\/v2\/categories?post=86"}],"curies":[{"name":"wp","href":"https:\/\/api.w.org\/{rel}","templated":true}]}}