{"id":630,"date":"2023-09-16T03:45:07","date_gmt":"2023-09-16T03:45:07","guid":{"rendered":"https:\/\/drdeenz.com\/?p=630"},"modified":"2025-11-02T16:30:31","modified_gmt":"2025-11-02T16:30:31","slug":"test-dorientation-sexuelle","status":"publish","type":"page","link":"https:\/\/drdeenz.com\/fr\/test-dorientation-sexuelle\/","title":{"rendered":"Test d'orientation sexuelle \/ Test de sexualit\u00e9"},"content":{"rendered":"<strong>Le test d'auto-\u00e9valuation de l'orientation sexuelle- est une version interactive de l'\u00e9chelle d'orientation sexuelle Deenz (DSOS-20). Cet outil en ligne peut fournir des indications sur votre comportement sexuel, mais ne peut pas d\u00e9terminer de mani\u00e8re d\u00e9finitive votre orientation sexuelle. L'orientation sexuelle est un aspect personnel de l'identit\u00e9 d'une personne.<\/strong>\r\n\r\n<p>Chaque individu a ses propres pr\u00e9f\u00e9rences sexuelles, int\u00e9r\u00eats et sentiments, et ceux-ci ne peuvent pas \u00eatre enti\u00e8rement mesur\u00e9s avec un simple outil. Comprendre les fantasmes et d\u00e9sirs sexuels des individus peut \u00eatre difficile, c\u2019est pourquoi les experts \u00e9tudient continuellement les sch\u00e9mas psychologiques et biologiques li\u00e9s \u00e0 l\u2019orientation sexuelle. <\/p>\r\n\r\n<p>Alfred Kinsey \u00e9tait un sexologue am\u00e9ricain qui a propos\u00e9 le concept d\u2019h\u00e9t\u00e9rosexualit\u00e9 et d\u2019homosexualit\u00e9, ce qui a conduit au d\u00e9veloppement de l\u2019\u00e9chelle de Kinsey, \u00e9galement connue sous le nom d\u2019\u00e9chelle d\u2019\u00e9valuation h\u00e9t\u00e9rosexuelle et homosexuelle. Le but de l\u2019\u00e9chelle \u00e9tait de mesurer le comportement homosexuel et h\u00e9t\u00e9rosexuel de l\u2019individu. <\/p>\r\n\r\n<p>Nous pouvons dire qu\u2019Alfred Kinsey a contribu\u00e9 \u00e0 beaucoup de choses dans la recherche. Pourtant, de nombreux experts pensent que l\u2019orientation sexuelle ne se r\u00e9sume pas \u00e0 la fa\u00e7on dont vous \u00eates exclusivement h\u00e9t\u00e9rosexuel ou homosexuel. Pourtant, il y a d\u2019autres orientations sexuelles qui doivent \u00eatre abord\u00e9es telles que bisexuelles et asexuelles.<\/p>\r\n\r\n<p>L'\u00e9chelle d'orientation sexuelle Deenz (DSOS-20) est un outil moderne cr\u00e9\u00e9 en 2022 pour aider les gens \u00e0 comprendre leur orientation sexuelle. Contrairement aux anciennes m\u00e9thodes, comme l'\u00e9chelle de Kinsey, qui se concentraient principalement sur le comportement sexuel, le DSOS-12 adopte une approche plus large. Il examine trois domaines cl\u00e9s : l'attirance, le comportement et l'identit\u00e9. <\/p>\r\n\r\n<p>La particularit\u00e9 de l'\u00e9chelle DSOS-20 est qu'elle tient compte du fait que l'orientation sexuelle peut \u00eatre fluctuante. Les sentiments et les exp\u00e9riences des personnes peuvent changer au fil du temps, et cette \u00e9chelle permet cette flexibilit\u00e9. Elle est \u00e9galement facile \u00e0 utiliser : il suffit de r\u00e9pondre \u00e0 20 questions sur soi-m\u00eame.<\/p>\r\n\r\n<p>Le DSOS-20 est utile aux chercheurs qui \u00e9tudient l'amour et les relations, aux th\u00e9rapeutes qui soutiennent leurs clients et \u00e0 toute personne qui souhaite mieux comprendre ses propres sentiments. C'est un outil qui c\u00e9l\u00e8bre la diversit\u00e9 et nous rappelle qu'il n'y a pas de \"bonne\" ou de \"mauvaise\" fa\u00e7on d'aimer - il s'agit d'\u00eatre fid\u00e8le \u00e0 soi-m\u00eame.<\/p>\r\n<style>.baseline {\r\n    bottom: 87px;\r\n}.bar {\r\n    max-width: 55%;\r\n}.bar-label {\r\n    flex-direction: column;\r\n}.chart-container::before {\r\n    background-image: linear-gradient(to top, #ddd 1px, transparent 1px);\r\n    background-size: 100% 20%;\r\n    height: 154px;\r\n}.bar-container {\r\n    height: 218px;\r\n}<\/style>\r\n<style>.custom-featured-image img {\r\n    width: 700px;\r\n}.watupro-progress-bar {\r\n    border-radius: 0!important;}.entry-content form.quiz-form{padding:0px;justify-content: normal;}.question-content div {\r\n    margin: 0 auto 25px;font-size: 22px;\r\n}.watupro_buttons input[type=button], .watupro_buttons input[type=submit], .watupro-exam-description button{margin-left: 0px!important;}.watupro_buttons.flex div {\r\n    margin: 0.5rem 0px!important;\r\n}.watupro-question-choice input[type=radio] + label, .watupro-question-choice input[type=checkbox] + label {\r\n    margin: 0px!important;\r\n}.watupro_buttons input[type=button] {\r\n    color: #fff!important;\r\n    font-weight: 600;\r\n}<\/style>\r\n<style>.watupro_buttons.flex {\r\n    margin-top: 20px;\r\n}div#startOutput {\r\n    display: none;\r\n}input[type=\"button\"] {\r\n    display: inline-block;\r\n    cursor: pointer;\r\n    min-height: 1em;\r\n    font-size: 17px!important;\r\n    font-family: 'Open Sans',Helvetica,Arial,sans-serif;\r\n    outline: 0;\r\n    border: none!important;\r\n    background-color: #6262f6!important;\r\n    margin: 0 1em 0 0;\r\n    padding: 0.8em 1.5em;\r\n    text-transform: uppercase;\r\n    line-height: 1;\r\n    text-decoration: none;\r\n    background-image: linear-gradient(rgba(0,0,0,0),rgba(0,0,0,.05));\r\n    border-radius: 0.25em;\r\n    box-shadow: 0 0 0 1px rgba(0,0,0,.08) inset;\r\n    user-select: none;\r\n    box-sizing: border-box;\r\n    position: relative;\r\n    tap-highlight-color: transparent;\r\n    -webkit-tap-highlight-color: transparent;\r\n    color: #fff!important;\r\n    font-weight: 700;\r\n}ul.watupro-question-paginator li, ul.watupro-answers-paginator li {\r\n    width: auto!important;\r\n}.question-content {\r\n    text-align: center;\r\n}.watu-question .question-content p {\r\n    margin-top: 12px;\r\n}.question-choices.watupro-choices-columns {\r\n    display: inline-flex;\r\n    flex-wrap: wrap;\r\n    justify-content: center;\r\n}.question-choices.watupro-choices-columns .watupro-question-choice {\r\n    line-height: 1;\r\n}.question-choices.watupro-choices-columns div:nth-child(4) .answer {\r\n    width: 30px;\r\n    height: 30px;\r\n    border-color: #346aa3;\r\n        position: relative;padding: 0px;\r\n    border-radius: 50%;\r\n    border: 4px solid;\r\n}.question-choices.watupro-choices-columns div:nth-child(5) .answer span {\r\n   display: block!important;\r\n    position: relative;\r\n    color: #316d72;\r\n    margin-left: 26px;\r\n    float: left;\r\nwidth: 104px;\r\n}.question-choices.watupro-choices-columns div:nth-child(1) .answer span {\r\n        display: block!important;\r\n    color: #316d72;\r\n    float: right;text-align:left;\r\n    margin-right: 26px;\r\n}.question-choices.watupro-choices-columns div:nth-child(3) .answer {\r\n    width: 27px;\r\n    height: 27px;\r\n    border-top-color: #f1c40f!important;\r\n    border-left-color: #f1c40f!important;\r\n    border-right-color: #346aa3!important;\r\n    border-bottom-color: #346aa3!important;\r\npadding: 0px;\r\nposition: relative;\r\n    border-radius: 50%;\r\n    border: 4px solid;\r\n}.question-choices.watupro-choices-columns div:nth-child(2) .answer {\r\n    width: 30px;\r\n    height: 30px;\r\n    border-color: #f1c40f!important;\r\n    position: relative;\r\n    border-radius: 50%;\r\n    border: 4px solid;padding: 0px;\r\n}.question-choices.watupro-choices-columns div:nth-child(5) .answer {\r\n    width: 30px;\r\n    height: 33px;\r\n    border-color: #346aa3;\r\n    position: relative;\r\n    border-radius: 50%;\r\n    border: 4px solid;\r\npadding: 0px;\r\n}.question-choices.watupro-choices-columns div:nth-child(1) .answer {\r\n       width: 30px;\r\n    position: relative;\r\n    border-radius: 50%;\r\n    border: 4px solid;\r\n    height: 33px;text-align: right;\r\n    border-color: #f1c40f;\r\npadding: 0px;\r\n}.watupro-question-choice {\r\n    height: 47px!important;\r\n    width: 47px!important;\r\n    display: inline-block!important;\r\n    position: relative!important;\r\n    border-radius: 0.325em;\r\n    transition: background .1s linear;\r\n    border: 0px!important;\r\n}.question-choices.watupro-choices-columns .watupro-question-choice span {\r\n    display: none!important;\r\n}.question-choices.watupro-choices-columns {\r\n    text-align: center;\r\n}.watupro-question-choice input[type=radio] + label, .watupro-question-choice input[type=checkbox] + label {\r\n   height: 47px;\r\n    width: 47px;\r\n}.watupro-question-choice input[type=radio]:checked + label, .watupro-question-choice input[type=checkbox]:checked + label {\r\n    background-image: none;\r\n    outline: 0;\r\n    background-color: #005E7C!important;\r\n    color: #fff;\r\n}.question-choices.watupro-choices-columns .watupro-question-choice {\r\n    margin: 2px!important;\r\n}@media screen and (max-width: 290px) {.watupro_buttons.flex {\r\n    display: flex;\r\n    flex-flow: nowrap!important;\r\n}}\r\n@media screen and (min-width: 450px) {.question-choices.watupro-choices-columns div:nth-child(1) .answer span {\r\n        margin-right: 43px;\r\n}.question-choices.watupro-choices-columns div:nth-child(5) .answer span {\r\n    margin-left: 46px;\r\n}}\r\n@media screen and (max-width: 600px) {.question-choices.watupro-choices-columns{padding: 32px 0px;}.question-choices.watupro-choices-columns div:nth-child(1) .answer span{ padding-top: 10px; font-size: 16px; position: absolute; top: 28px; width: 150px; font-weight: bold;}.question-choices.watupro-choices-columns div:nth-child(5) .answer span{padding-top: 10px; font-size: 16px; position: absolute; top: 28px; right: -9px; font-weight: bold;}}<\/style>\r\n<style>div#startOutput {\r\n    display: none;\r\n}.watupro_buttons input[type=button]{color:grey!important;}input[type=\"button\"] {\r\n    display: inline-block;\r\n    cursor: pointer;\r\n    min-height: 1em;\r\n    font-size: 17px!important;\r\n    font-family: 'Open Sans',Helvetica,Arial,sans-serif;\r\n    outline: 0;\r\n    border: none!important;\r\n    background-color: #FAFAFA!important;\r\n    margin: 0 1em 0 0;\r\n    padding: 0.8em 1.5em;\r\n    text-transform: uppercase;\r\n    line-height: 1;\r\n    text-decoration: none;\r\n    background-image: linear-gradient(rgba(0,0,0,0),rgba(0,0,0,.05));\r\n    border-radius: 0.25em;\r\n    box-shadow: 0 0 0 1px rgba(0,0,0,.08) inset;\r\n    user-select: none;\r\n    box-sizing: border-box;\r\n    position: relative;\r\n    tap-highlight-color: transparent;\r\n    -webkit-tap-highlight-color: transparent;\r\n    color: gray!important;\r\n    font-weight: 700;\r\n}ul.watupro-question-paginator li, ul.watupro-answers-paginator li {\r\n    width: auto!important;\r\n}.question-content {\r\n    text-align: center;\r\n}.watu-question .question-content p {\r\n    margin-top: 12px;\r\n}.question-choices.watupro-choices-columns {\r\n    display: inline-flex;gap: 15px;\r\n}table.watupror-pie-chart-table {\r\n    background: aqua;\r\n}table.watupror-pie-chart-table img {\r\n    border-radius: 50%;\r\n}g {\r\n    font-family: cursive;\r\n}c {\r\n    display: block;\r\n    font-weight: 600;\r\n        font-family: cursive;\r\n}.pie {\r\n    background: aliceblue;\r\n    margin: 1px;\r\n}.flex-container>* {\r\n    flex: 1 1 160px;\r\n}.flex-container {\r\n    display: flex;\r\n    flex-wrap: wrap;\r\n}.chart.easyPieChart img {\r\n    padding-top: 29px;\r\n}.pie {\r\n    display: inline-block;\r\n    text-align: center;\r\n}.chart-dis {\r\n  position: relative;\r\n  display: inline-block;\r\n  color: #999;\r\n  font-size: 14px;\r\n  text-align: center;\r\n}\r\n.chart-dis canvas {\r\n  position: absolute;\r\n  top: 0;\r\n  left: 0;\r\n}div#watupror-pie-chart-all {\r\n    height: auto!important;\r\n}<\/style>","protected":false},"excerpt":{"rendered":"Le test d'orientation sexuelle est une \u00e9chelle d'\u00e9valuation psychologique de 121TP7 \u00e9l\u00e9ments qui permet d'identifier l'orientation sexuelle d'un individu.","protected":false},"author":1,"featured_media":1593,"parent":0,"menu_order":0,"comment_status":"closed","ping_status":"closed","template":"","meta":{"inline_featured_image":false,"footnotes":""},"categories":[9],"class_list":["post-630","page","type-page","status-publish","has-post-thumbnail","hentry","category-gender"],"lang":"en","translations":{"en":630},"_links":{"self":[{"href":"https:\/\/drdeenz.com\/fr\/wp-json\/wp\/v2\/pages\/630","targetHints":{"allow":["GET"]}}],"collection":[{"href":"https:\/\/drdeenz.com\/fr\/wp-json\/wp\/v2\/pages"}],"about":[{"href":"https:\/\/drdeenz.com\/fr\/wp-json\/wp\/v2\/types\/page"}],"author":[{"embeddable":true,"href":"https:\/\/drdeenz.com\/fr\/wp-json\/wp\/v2\/users\/1"}],"replies":[{"embeddable":true,"href":"https:\/\/drdeenz.com\/fr\/wp-json\/wp\/v2\/comments?post=630"}],"version-history":[{"count":4,"href":"https:\/\/drdeenz.com\/fr\/wp-json\/wp\/v2\/pages\/630\/revisions"}],"predecessor-version":[{"id":5465,"href":"https:\/\/drdeenz.com\/fr\/wp-json\/wp\/v2\/pages\/630\/revisions\/5465"}],"wp:featuredmedia":[{"embeddable":true,"href":"https:\/\/drdeenz.com\/fr\/wp-json\/wp\/v2\/media\/1593"}],"wp:attachment":[{"href":"https:\/\/drdeenz.com\/fr\/wp-json\/wp\/v2\/media?parent=630"}],"wp:term":[{"taxonomy":"category","embeddable":true,"href":"https:\/\/drdeenz.com\/fr\/wp-json\/wp\/v2\/categories?post=630"}],"curies":[{"name":"wp","href":"https:\/\/api.w.org\/{rel}","templated":true}]}}