{"id":6004,"date":"2026-05-16T05:42:28","date_gmt":"2026-05-16T05:42:28","guid":{"rendered":"https:\/\/drdeenz.com\/?page_id=6004"},"modified":"2026-05-16T05:42:28","modified_gmt":"2026-05-16T05:42:28","slug":"traduire-lepreuve-2","status":"publish","type":"page","link":"https:\/\/drdeenz.com\/fr\/traduire-lepreuve-2\/","title":{"rendered":"Traduire le test"},"content":{"rendered":"<style>\n\n.dpse-translate-grid{\n\ndisplay:grid;\n\ngrid-template-columns:1fr 1fr;\n\ngap:20px;\n\nmargin-bottom:30px;\n\nalign-items:stretch;\n}\n\n.dpse-original{\n\nbackground:#f7f7f7;\n\npadding:18px;\n\nborder-radius:12px;\n\nheight:100%;\n\nbox-sizing:border-box;\n\ndisplay:flex;\n\nflex-direction:column;\n}\n\n.dpse-translation{\n\nheight:100%;\n}\n\n.dpse-translation textarea,\n.dpse-translation input{\n\nwidth:100%;\n\npadding:12px;\n\nborder:1px solid #ddd;\n\nborder-radius:10px;\n\nfont-size:15px;\n}\n\n.dpse-translation textarea{\n\nmin-height:100%;\n\nheight:100%;\n\nresize:vertical;\n\nbox-sizing:border-box;\n}\n\n<\/style>\n\n<form method=\"post\" action=\"\">\n\n<h1>\n\nTraduire\n\u00c9chelle d'auto-\u00e9valuation du TDAH chez l'adulte (ASRS)\n<\/h1>\n\n<br \/>\n\n<div class=\"dpse-translate-grid\">\n\n<div class=\"dpse-original\">\n\n<strong>Titre original<\/strong>\n\n<p>\n\u00c9chelle d'auto-\u00e9valuation du TDAH chez l'adulte (ASRS)<\/p>\n\n<\/div>\n\n<div class=\"dpse-translation\">\n\n<strong>Titre traduit<\/strong>\n\n<input type=\"text\"\nname=\"title\"\nrequired>\n\n<\/div>\n\n<\/div>\n\n\n<div class=\"dpse-translate-grid\">\n\n<div class=\"dpse-original\">\n\n<strong>\nContexte<\/strong>\n\n<p>\nL'Adult ADHD Self-Report Scale (ASRS) est un outil de d\u00e9pistage scientifique con\u00e7u pour identifier les sympt\u00f4mes commun\u00e9ment associ\u00e9s au trouble du d\u00e9ficit de l'attention\/hyperactivit\u00e9 (TDAH) chez l'adulte. D\u00e9velopp\u00e9e avec le soutien de l'Organisation mondiale de la sant\u00e9 (OMS), cette \u00e9chelle est largement utilis\u00e9e dans le cadre du d\u00e9pistage de la sant\u00e9 mentale, de la recherche et de l'\u00e9valuation clinique.<br \/>\r\n<br \/>\r\nL'ASRS se compose de deux parties : Partie A et Partie B. La Partie A contient 6 questions cl\u00e9s de d\u00e9pistage qui sont consid\u00e9r\u00e9es comme les plus pr\u00e9dictives des sympt\u00f4mes du TDAH chez l'adulte. La partie B comprend des questions suppl\u00e9mentaires qui permettent de mieux comprendre les difficult\u00e9s d'attention, l'impulsivit\u00e9, l'agitation, les probl\u00e8mes d'organisation et les difficult\u00e9s de fonctionnement au quotidien.<br \/>\r\n<br \/>\r\nLes participants \u00e9valuent la fr\u00e9quence de certains comportements en utilisant des options de r\u00e9ponse telles que Jamais, Rarement, Parfois, Souvent et Tr\u00e8s souvent. Des scores plus \u00e9lev\u00e9s peuvent indiquer des sympt\u00f4mes et des difficult\u00e9s fonctionnelles plus marqu\u00e9s li\u00e9s au TDAH-.<br \/>\r\n<br \/>\r\nLa recherche a montr\u00e9 que l'ASRS a une bonne fiabilit\u00e9 et une bonne validit\u00e9 en tant que mesure de d\u00e9pistage du TDAH chez l'adulte. Les \u00e9tudes sugg\u00e8rent que la partie A a une grande pr\u00e9cision pr\u00e9dictive pour identifier les personnes qui pourraient avoir besoin d'une \u00e9valuation professionnelle plus pouss\u00e9e. Toutefois, le questionnaire ASRS n'est qu'un outil de d\u00e9pistage et ne permet pas de poser un diagnostic clinique. Un diagnostic complet doit \u00eatre \u00e9tabli par un professionnel de la sant\u00e9 qualifi\u00e9 au moyen d'une \u00e9valuation compl\u00e8te et d'un examen clinique.<\/p>\n\n<\/div>\n\n<div class=\"dpse-translation\">\n\n<textarea\nname=\"background\">\n<\/textarea>\n\n<\/div>\n\n<\/div>\n\n\n<div class=\"dpse-translate-grid\">\n\n<div class=\"dpse-original\">\n\n<strong>\nProc\u00e9dure<\/strong>\n\n<p>\nUne s\u00e9rie d'affirmations d\u00e9crivant des comportements et des exp\u00e9riences de la vie quotidienne vous sera pr\u00e9sent\u00e9e. Lisez attentivement chaque affirmation et choisissez la r\u00e9ponse qui d\u00e9crit le mieux la fr\u00e9quence de ce comportement dans votre vie quotidienne. R\u00e9pondez honn\u00eatement et en vous basant sur les exp\u00e9riences que vous avez v\u00e9cues au cours des derniers mois. Il n'y a pas de bonnes ou de mauvaises r\u00e9ponses.<\/p>\n\n<\/div>\n\n<div class=\"dpse-translation\">\n\n<textarea\nname=\"procedure\">\n<\/textarea>\n\n<\/div>\n\n<\/div>\n\n\n<div class=\"dpse-translate-grid\">\n\n<div class=\"dpse-original\">\n\n<strong>\nLa participation<\/strong>\n\n<p>\nCette \u00e9valuation est destin\u00e9e aux adultes qui souhaitent explorer les sch\u00e9mas li\u00e9s \u00e0 l'attention, \u00e0 la concentration, \u00e0 l'impulsivit\u00e9, \u00e0 l'organisation et aux niveaux d'activit\u00e9. La participation est volontaire et les r\u00e9ponses doivent refl\u00e9ter vos exp\u00e9riences authentiques pour que les r\u00e9sultats soient les plus significatifs possibles.<\/p>\n\n<\/div>\n\n<div class=\"dpse-translation\">\n\n<textarea\nname=\"participation\">\n<\/textarea>\n\n<\/div>\n\n<\/div>\n\n\n<div class=\"dpse-translate-grid\">\n\n<div class=\"dpse-original\">\n\n<strong>\nNotation<\/strong>\n\n<p>\nChaque r\u00e9ponse est not\u00e9e sur une \u00e9chelle de 0 \u00e0 4 allant de \"Jamais\" \u00e0 \"Tr\u00e8s souvent\". Les scores les plus \u00e9lev\u00e9s indiquent une plus grande fr\u00e9quence des comportements li\u00e9s au TDAH-. Les r\u00e9sultats sont convertis en scores bas\u00e9s sur le pourcentage- pour plusieurs dimensions, notamment la r\u00e9gulation de l'attention, l'organisation, la m\u00e9moire, l'hyperactivit\u00e9 et l'impulsivit\u00e9. Le rapport final fournit une vue d'ensemble des tendances des sympt\u00f4mes et des sch\u00e9mas comportementaux.<\/p>\n\n<\/div>\n\n<div class=\"dpse-translation\">\n\n<textarea\nname=\"scoring\">\n<\/textarea>\n\n<\/div>\n\n<\/div>\n\n\n<div class=\"dpse-translate-grid\">\n\n<div class=\"dpse-original\">\n\n<strong>\nChangelogs<\/strong>\n\n<p>\nv1.0 - Version initiale du module Adult ADHD Self-Report Scale.<br \/>\r\nv1.1 - Ajout d'un syst\u00e8me de notation dimensionnelle et de r\u00e9sultats bas\u00e9s sur le pourcentage-.<br \/>\r\nv1.2 - Am\u00e9lioration du formatage des questions et de l'interface utilisateur.<br \/>\r\nv1.3 - Am\u00e9lioration de l'interpr\u00e9tation des r\u00e9sultats et de la structure des rapports.<br \/>\r\nv1.4 - Ajout du support multilingue et am\u00e9lioration de la mise en page responsive.<\/p>\n\n<\/div>\n\n<div class=\"dpse-translation\">\n\n<textarea\nname=\"changelogs\">\n<\/textarea>\n\n<\/div>\n\n<\/div>\n\n\n<h2>\nQuestions\n<\/h2>\n\n\n<div class=\"dpse-translate-grid\">\n\n<div class=\"dpse-original\">\n\n<strong>\nQuestion\n1<\/strong>\n\n<p>\nCombien de fois avez-vous eu du mal \u00e0 finaliser les derniers d\u00e9tails d'un projet une fois que les parties les plus difficiles ont \u00e9t\u00e9 r\u00e9alis\u00e9es ?<\/p>\n\n<\/div>\n\n<div class=\"dpse-translation\">\n\n<textarea\nname=\"questions[0]\"\nrequired><\/textarea>\n\n<\/div>\n\n<\/div>\n\n\n<div class=\"dpse-translate-grid\">\n\n<div class=\"dpse-original\">\n\n<strong>\nQuestion\n2<\/strong>\n\n<p>\nCombien de fois avez-vous des difficult\u00e9s \u00e0 mettre de l'ordre dans vos affaires lorsque vous devez accomplir une t\u00e2che qui n\u00e9cessite de l'organisation ?<\/p>\n\n<\/div>\n\n<div class=\"dpse-translation\">\n\n<textarea\nname=\"questions[1]\"\nrequired><\/textarea>\n\n<\/div>\n\n<\/div>\n\n\n<div class=\"dpse-translate-grid\">\n\n<div class=\"dpse-original\">\n\n<strong>\nQuestion\n3<\/strong>\n\n<p>\nA quelle fr\u00e9quence avez-vous des difficult\u00e9s \u00e0 vous souvenir de vos rendez-vous ou de vos obligations ?<\/p>\n\n<\/div>\n\n<div class=\"dpse-translation\">\n\n<textarea\nname=\"questions[2]\"\nrequired><\/textarea>\n\n<\/div>\n\n<\/div>\n\n\n<div class=\"dpse-translate-grid\">\n\n<div class=\"dpse-original\">\n\n<strong>\nQuestion\n4<\/strong>\n\n<p>\nCombien de fois \u00e9vitez-vous ou retardez-vous le d\u00e9but d'une t\u00e2che qui demande beaucoup de r\u00e9flexion ?<\/p>\n\n<\/div>\n\n<div class=\"dpse-translation\">\n\n<textarea\nname=\"questions[3]\"\nrequired><\/textarea>\n\n<\/div>\n\n<\/div>\n\n\n<div class=\"dpse-translate-grid\">\n\n<div class=\"dpse-original\">\n\n<strong>\nQuestion\n5<\/strong>\n\n<p>\nCombien de fois vous arrive-t-il de gigoter ou de vous agiter avec vos mains ou vos pieds lorsque vous devez rester assis pendant une longue p\u00e9riode ?<\/p>\n\n<\/div>\n\n<div class=\"dpse-translation\">\n\n<textarea\nname=\"questions[4]\"\nrequired><\/textarea>\n\n<\/div>\n\n<\/div>\n\n\n<div class=\"dpse-translate-grid\">\n\n<div class=\"dpse-original\">\n\n<strong>\nQuestion\n6<\/strong>\n\n<p>\nCombien de fois vous sentez-vous trop actif et oblig\u00e9 de faire des choses, comme si vous \u00e9tiez m\u00fb par un moteur ?<\/p>\n\n<\/div>\n\n<div class=\"dpse-translation\">\n\n<textarea\nname=\"questions[5]\"\nrequired><\/textarea>\n\n<\/div>\n\n<\/div>\n\n\n<div class=\"dpse-translate-grid\">\n\n<div class=\"dpse-original\">\n\n<strong>\nQuestion\n7<\/strong>\n\n<p>\nCombien de fois faites-vous des erreurs d'inattention lorsque vous devez travailler sur un projet ennuyeux ou difficile ?<\/p>\n\n<\/div>\n\n<div class=\"dpse-translation\">\n\n<textarea\nname=\"questions[6]\"\nrequired><\/textarea>\n\n<\/div>\n\n<\/div>\n\n\n<div class=\"dpse-translate-grid\">\n\n<div class=\"dpse-original\">\n\n<strong>\nQuestion\n8<\/strong>\n\n<p>\nCombien de fois avez-vous des difficult\u00e9s \u00e0 maintenir votre attention lorsque vous effectuez un travail ennuyeux ou r\u00e9p\u00e9titif ?<\/p>\n\n<\/div>\n\n<div class=\"dpse-translation\">\n\n<textarea\nname=\"questions[7]\"\nrequired><\/textarea>\n\n<\/div>\n\n<\/div>\n\n\n<div class=\"dpse-translate-grid\">\n\n<div class=\"dpse-original\">\n\n<strong>\nQuestion\n9<\/strong>\n\n<p>\nCombien de fois avez-vous des difficult\u00e9s \u00e0 vous concentrer sur ce que les gens vous disent, m\u00eame lorsqu'ils s'adressent directement \u00e0 vous ?<\/p>\n\n<\/div>\n\n<div class=\"dpse-translation\">\n\n<textarea\nname=\"questions[8]\"\nrequired><\/textarea>\n\n<\/div>\n\n<\/div>\n\n\n<div class=\"dpse-translate-grid\">\n\n<div class=\"dpse-original\">\n\n<strong>\nQuestion\n10<\/strong>\n\n<p>\n\u00c0 quelle fr\u00e9quence \u00e9garez-vous ou avez-vous des difficult\u00e9s \u00e0 trouver des objets \u00e0 la maison ou au travail ?<\/p>\n\n<\/div>\n\n<div class=\"dpse-translation\">\n\n<textarea\nname=\"questions[9]\"\nrequired><\/textarea>\n\n<\/div>\n\n<\/div>\n\n\n<div class=\"dpse-translate-grid\">\n\n<div class=\"dpse-original\">\n\n<strong>\nQuestion\n11<\/strong>\n\n<p>\nCombien de fois \u00eates-vous distrait par l'activit\u00e9 ou le bruit autour de vous ?<\/p>\n\n<\/div>\n\n<div class=\"dpse-translation\">\n\n<textarea\nname=\"questions[10]\"\nrequired><\/textarea>\n\n<\/div>\n\n<\/div>\n\n\n<div class=\"dpse-translate-grid\">\n\n<div class=\"dpse-original\">\n\n<strong>\nQuestion\n12<\/strong>\n\n<p>\nCombien de fois quittez-vous votre si\u00e8ge lors de r\u00e9unions ou d'autres situations o\u00f9 l'on attend de vous que vous restiez assis ?<\/p>\n\n<\/div>\n\n<div class=\"dpse-translation\">\n\n<textarea\nname=\"questions[11]\"\nrequired><\/textarea>\n\n<\/div>\n\n<\/div>\n\n\n<div class=\"dpse-translate-grid\">\n\n<div class=\"dpse-original\">\n\n<strong>\nQuestion\n13<\/strong>\n\n<p>\nA quelle fr\u00e9quence vous sentez-vous agit\u00e9 ou remuant ?<\/p>\n\n<\/div>\n\n<div class=\"dpse-translation\">\n\n<textarea\nname=\"questions[12]\"\nrequired><\/textarea>\n\n<\/div>\n\n<\/div>\n\n\n<div class=\"dpse-translate-grid\">\n\n<div class=\"dpse-original\">\n\n<strong>\nQuestion\n14<\/strong>\n\n<p>\nAvez-vous souvent des difficult\u00e9s \u00e0 vous d\u00e9tendre et \u00e0 vous relaxer lorsque vous avez du temps pour vous ?<\/p>\n\n<\/div>\n\n<div class=\"dpse-translation\">\n\n<textarea\nname=\"questions[13]\"\nrequired><\/textarea>\n\n<\/div>\n\n<\/div>\n\n\n<div class=\"dpse-translate-grid\">\n\n<div class=\"dpse-original\">\n\n<strong>\nQuestion\n15<\/strong>\n\n<p>\nCombien de fois vous arrive-t-il de parler trop lorsque vous \u00eates dans des situations sociales ?<\/p>\n\n<\/div>\n\n<div class=\"dpse-translation\">\n\n<textarea\nname=\"questions[14]\"\nrequired><\/textarea>\n\n<\/div>\n\n<\/div>\n\n\n<div class=\"dpse-translate-grid\">\n\n<div class=\"dpse-original\">\n\n<strong>\nQuestion\n16<\/strong>\n\n<p>\nLors d'une conversation, combien de fois vous arrive-t-il de terminer les phrases de vos interlocuteurs avant qu'ils ne puissent les terminer eux-m\u00eames ?<\/p>\n\n<\/div>\n\n<div class=\"dpse-translation\">\n\n<textarea\nname=\"questions[15]\"\nrequired><\/textarea>\n\n<\/div>\n\n<\/div>\n\n\n<div class=\"dpse-translate-grid\">\n\n<div class=\"dpse-original\">\n\n<strong>\nQuestion\n17<\/strong>\n\n<p>\nCombien de fois avez-vous des difficult\u00e9s \u00e0 attendre votre tour dans des situations o\u00f9 il est n\u00e9cessaire de prendre son tour ?<\/p>\n\n<\/div>\n\n<div class=\"dpse-translation\">\n\n<textarea\nname=\"questions[16]\"\nrequired><\/textarea>\n\n<\/div>\n\n<\/div>\n\n\n<div class=\"dpse-translate-grid\">\n\n<div class=\"dpse-original\">\n\n<strong>\nQuestion\n18<\/strong>\n\n<p>\nCombien de fois interrompez-vous les autres lorsqu'ils sont occup\u00e9s ?<\/p>\n\n<\/div>\n\n<div class=\"dpse-translation\">\n\n<textarea\nname=\"questions[17]\"\nrequired><\/textarea>\n\n<\/div>\n\n<\/div>\n\n\n<h2>\nInformations sur le traducteur\n<\/h2>\n<p style=\"color:#666;line-height:1.7;margin-bottom:20px;\">\nLes cr\u00e9dits du traducteur peuvent \u00eatre affich\u00e9s publiquement\nsur la page d'\u00e9valuation si la traduction\nest approuv\u00e9e. \n\n<\/p>\n<p>\n\n<input type=\"text\"\nname=\"translator_name\"\nplaceholder=\"Votre nom\"\nrequired>\n\n<\/p>\n\n<p>\n\n<input type=\"email\"\nname=\"translator_email\"\nplaceholder=\"Votre courriel\"\nrequired>\n\n<\/p>\n\n<p>\n\n<input type=\"text\"\nname=\"language_name\"\nplaceholder=\"Nom de la langue\"\nrequired>\n\n<\/p>\n\n<p>\n\n<input type=\"text\"\nname=\"language_code\"\nplaceholder=\"Code langue\"\nrequired>\n\n<\/p>\n\n<br \/>\n\n<button\ntype=\"submit\"\nname=\"dpse_translation_submit\"\nclass=\"dpse-btn\">\n\nSoumettre une traduction\n\n<\/button>\n\n<input type=\"hidden\" name=\"trp-form-language\" value=\"fr\"\/><\/form>","protected":false},"excerpt":{"rendered":"","protected":false},"author":1,"featured_media":0,"parent":0,"menu_order":0,"comment_status":"closed","ping_status":"closed","template":"","meta":{"inline_featured_image":false,"footnotes":""},"categories":[],"class_list":["post-6004","page","type-page","status-publish","hentry"],"lang":"en","translations":{"en":6004},"_links":{"self":[{"href":"https:\/\/drdeenz.com\/fr\/wp-json\/wp\/v2\/pages\/6004","targetHints":{"allow":["GET"]}}],"collection":[{"href":"https:\/\/drdeenz.com\/fr\/wp-json\/wp\/v2\/pages"}],"about":[{"href":"https:\/\/drdeenz.com\/fr\/wp-json\/wp\/v2\/types\/page"}],"author":[{"embeddable":true,"href":"https:\/\/drdeenz.com\/fr\/wp-json\/wp\/v2\/users\/1"}],"replies":[{"embeddable":true,"href":"https:\/\/drdeenz.com\/fr\/wp-json\/wp\/v2\/comments?post=6004"}],"version-history":[{"count":1,"href":"https:\/\/drdeenz.com\/fr\/wp-json\/wp\/v2\/pages\/6004\/revisions"}],"predecessor-version":[{"id":6005,"href":"https:\/\/drdeenz.com\/fr\/wp-json\/wp\/v2\/pages\/6004\/revisions\/6005"}],"wp:attachment":[{"href":"https:\/\/drdeenz.com\/fr\/wp-json\/wp\/v2\/media?parent=6004"}],"wp:term":[{"taxonomy":"category","embeddable":true,"href":"https:\/\/drdeenz.com\/fr\/wp-json\/wp\/v2\/categories?post=6004"}],"curies":[{"name":"wp","href":"https:\/\/api.w.org\/{rel}","templated":true}]}}