{"id":5707,"date":"2025-10-17T15:52:37","date_gmt":"2025-10-17T15:52:37","guid":{"rendered":"https:\/\/drdeenz.com\/?page_id=5707"},"modified":"2025-10-18T06:08:42","modified_gmt":"2025-10-18T06:08:42","slug":"test-de-personnalite-dependant","status":"publish","type":"page","link":"https:\/\/drdeenz.com\/fr\/test-de-personnalite-dependant\/","title":{"rendered":"Test D\u00e9pendance Affective"},"content":{"rendered":"<p>Ce quiz de personnalit\u00e9 d\u00e9pendante est bas\u00e9 sur une version pr\u00e9liminaire de <em>D\u00e9veloppement et validit\u00e9 de l\u2019\u00e9chelle de personnalit\u00e9 d\u00e9pendante de Deenz (DDPS-20) mesurant les traits subcliniques chez les \u00e9tudiants universitaires<\/em>. L\u2019\u00e9chelle mesure les traits subcliniques qui ne sont pas consid\u00e9r\u00e9s comme suffisants pour le diagnostic clinique du trouble de la personnalit\u00e9 d\u00e9pendante. Le but de l\u2019\u00e9chelle n\u2019est pas de faire un diagnostic du trouble ; elle essaie plut\u00f4t d\u2019\u00e9valuer les tendances de la personnalit\u00e9 qui existent sur un spectre. Les domaines cl\u00e9s que ce quiz essaie d\u2019\u00e9valuer sont <a href=\"https:\/\/drdeenz.com\/codependency-test\/\">D\u00e9pendance \u00e0 la d\u00e9cision<\/a>, Peur de l\u2019abandon, soumission et besoin d\u2019attachement. (DDPS-20) s\u2019est av\u00e9r\u00e9 \u00eatre une mesure fiable pour \u00e9valuer les tendances vers la personnalit\u00e9 d\u00e9pendante dans la population g\u00e9n\u00e9rale.<\/p>\r\n<h2>D\u00e9veloppement du questionnaire sur la personnalit\u00e9 d\u00e9pendante.<\/h2>\r\n<p>Ce quiz n\u2019est pas associ\u00e9 \u00e0 la recherche et il ne collecte ni ne stocke les donn\u00e9es des participants \u00e0 des fins de recherche.<\/p>\r\n<p>La psychologie moderne, en particulier la psychologie de l\u2019enfant, met l\u2019accent sur la d\u00e9tection pr\u00e9coce des tendances de personnalit\u00e9 d\u00e9pendante. <sup id=\"ref-link-1\"><a href=\"#ref-1\">[1]<\/a><\/sup> (DDPS-20) s\u2019est av\u00e9r\u00e9 \u00eatre un outil pr\u00e9cieux pour la d\u00e9tection pr\u00e9coce des tendances, et le but est d\u2019\u00e9valuer les traits qui peuvent \u00eatre des signaux pr\u00e9coces pour d\u00e9velopper des traits qui peuvent \u00eatre consid\u00e9r\u00e9s plus tard comme cliniquement significatifs pour un trouble. En bref, tout le monde montre certains traits de d\u00e9pendance \u2014 mais (DDPS-20) mesure simplement combien et comment ils affectent le fonctionnement, et \u00e0 l\u2019avenir, si ces tendances peuvent ou non impacter la vie sociale et personnelle.<\/p>\r\n\r\nLe quiz de personnalit\u00e9 d\u00e9pendante est con\u00e7u pour fournir des notes et des interpr\u00e9tations des r\u00e9sultats. Ce quiz fournit \u00e9galement des r\u00e9sultats visuels dans des graphiques pour une meilleure interpr\u00e9tation des r\u00e9sultats et compr\u00e9hension des tendances.\r\n\r\n<div class=\"deenz-extra-fields-separate\"><div class=\"extra-field\"><h2>\u00c0 qui s&#039;adresse le test<\/h2><p>La recherche originale sugg\u00e8re que l\u2019\u00e9chelle de personnalit\u00e9 d\u00e9pendante peut \u00eatre administr\u00e9e aux enfants \u00e2g\u00e9s de 12 ans et plus, car le questionnaire est fourni dans un langage simple et facile \u00e0 comprendre. Cependant, il est recommand\u00e9 de passer le test sous la supervision d\u2019un enseignant ou d\u2019un professionnel. Les adultes (\u00e2g\u00e9s de 16 ans et plus) peuvent facilement s\u2019auto-administrer le test et interpr\u00e9ter les r\u00e9sultats de mani\u00e8re ind\u00e9pendante. L\u2019\u00e9tude qui a \u00e9t\u00e9 men\u00e9e pour \u00e9tablir la validit\u00e9 et la fiabilit\u00e9 du (DDPS-20) a \u00e9t\u00e9 administr\u00e9e \u00e0 des \u00e9tudiants de coll\u00e8ge \u00e2g\u00e9s de 18 ans et plus, et le besoin d\u2019une supervision professionnelle n\u2019a pas \u00e9t\u00e9 jug\u00e9 n\u00e9cessaire. <\/p><\/div><div class=\"extra-field\"><h2>Sous-\u00e9chelle<\/h2><p><table>\r\n  <thead>\r\n    <tr>\r\n      <th>Domaine<\/th>\r\n      <th>Articles<\/th>\r\n      <th>Concept cl\u00e9<\/th>\r\n      <th>Fourchette de scores<\/th>\r\n    <\/tr>\r\n  <\/thead>\r\n  <tbody>\r\n    <tr>\r\n      <td data-label=\"Domain\">D\u00e9pendance \u00e0 la d\u00e9cision<\/td>\r\n      <td data-label=\"Items\">1-5<\/td>\r\n      <td data-label=\"Key Concept\">D\u00e9pendance aux autres pour les choix<\/td>\r\n      <td data-label=\"Score Range\">5-25<\/td>\r\n    <\/tr>\r\n    <tr>\r\n      <td data-label=\"Domain\">peur de l'abandon<\/td>\r\n      <td data-label=\"Items\">6-10<\/td>\r\n      <td data-label=\"Key Concept\">Anxi\u00e9t\u00e9 d\u2019\u00eatre seul \/ rejet\u00e9<\/td>\r\n      <td data-label=\"Score Range\">5-25<\/td>\r\n    <\/tr>\r\n    <tr>\r\n      <td data-label=\"Domain\">Soumission<\/td>\r\n      <td data-label=\"Items\">11-15<\/td>\r\n      <td data-label=\"Key Concept\">\u00c9vitement des conflits \/ faible affirmation de soi<\/td>\r\n      <td data-label=\"Score Range\">5-25<\/td>\r\n    <\/tr>\r\n    <tr>\r\n      <td data-label=\"Domain\">Besoin de pi\u00e8ce jointe<\/td>\r\n      <td data-label=\"Items\">16-20<\/td>\r\n      <td data-label=\"Key Concept\">D\u00e9sir de proximit\u00e9 \/ de soutien \u00e9motionnel<\/td>\r\n      <td data-label=\"Score Range\">5-25<\/td>\r\n    <\/tr>\r\n  <\/tbody>\r\n<\/table><\/p><\/div><div class=\"extra-field\"><h2>Validit\u00e9<\/h2><p>L\u2019\u00c9chelle de personnalit\u00e9 d\u00e9pendante Deenz (DDPS-20) a d\u00e9montr\u00e9 une bonne validit\u00e9 de contenu et de construit. Le questionnaire a \u00e9t\u00e9 d\u00e9velopp\u00e9 sur la base d\u2019une structure en quatre domaines : D\u00e9pendance dans la prise de d\u00e9cision, Peur de l\u2019abandon, Soumission et Besoin d\u2019attachement. La validit\u00e9 convergente a \u00e9t\u00e9 \u00e9tablie par des corr\u00e9lations positives avec des mesures de l\u2019anxi\u00e9t\u00e9 d\u2019attachement et de la faible estime de soi, tandis que la validit\u00e9 discriminante a \u00e9t\u00e9 confirm\u00e9e par des corr\u00e9lations faibles avec des construits non li\u00e9s, tels que l\u2019ouverture et l\u2019extraversion. L\u2019\u00e9chelle a \u00e9galement montr\u00e9 une bonne consistance interne, avec un alpha de Cronbach de 0,87, indiquant une grande fiabilit\u00e9. Les coefficients alpha des sous-\u00e9chelles variaient de 0,78 \u00e0 0,84, sugg\u00e9rant que chaque domaine mesure constamment son construit pr\u00e9vu. Ces r\u00e9sultats confirment que l\u2019\u00e9chelle est une mesure valide et fiable pour \u00e9valuer les tendances subcliniques de la personnalit\u00e9 d\u00e9pendante chez les adolescents et les adultes. L\u2019\u00e9chelle a \u00e9galement \u00e9t\u00e9 compar\u00e9e \u00e0 d\u2019autres instruments bien \u00e9tablis, tels que le Dependent Personality Inventory (DPI). <sup id=\"ref-link-2\"><a href=\"#ref-2\">[2]<\/a><\/sup>et l'\u00e9chelle a d\u00e9montr\u00e9 une validit\u00e9 convergente avec les mesures existantes.<\/p><\/div><\/div>\r\n<h2>\u00c9chelle de personnalit\u00e9 d\u00e9pendante Deenz (DDPS-20) Guide de notation<\/h2>\r\n\r\n<table border=\"1\" cellpadding=\"6\" cellspacing=\"0\">\r\n  <thead>\r\n    <tr>\r\n      <th>R\u00e9ponse<\/th>\r\n      <th>Score (normal)<\/th>\r\n      <th>Score (invers\u00e9)<\/th>\r\n    <\/tr>\r\n  <\/thead>\r\n  <tbody>\r\n    <tr>\r\n      <td>TR\u00c8S EN D\u00c9SACCORD<\/td>\r\n      <td>0<\/td>\r\n      <td>4<\/td>\r\n    <\/tr>\r\n    <tr>\r\n      <td>EN D\u00c9SACCORD<\/td>\r\n      <td>1<\/td>\r\n      <td>3<\/td>\r\n    <\/tr>\r\n    <tr>\r\n      <td>Neutre \/ Parfois<\/td>\r\n      <td>2<\/td>\r\n      <td>2<\/td>\r\n    <\/tr>\r\n    <tr>\r\n      <td>D'ACCORD<\/td>\r\n      <td>3<\/td>\r\n      <td>1<\/td>\r\n    <\/tr>\r\n    <tr>\r\n      <td>Tout \u00e0 fait d'accord<\/td>\r\n      <td>4<\/td>\r\n      <td>0<\/td>\r\n    <\/tr>\r\n  <\/tbody>\r\n<\/table>\r\n\r\n<h3>Sous-\u00e9chelle invers\u00e9e-S Items not\u00e9s<\/h3>\r\n<table border=\"1\" cellpadding=\"6\" cellspacing=\"0\">\r\n  <thead>\r\n    <tr>\r\n      <th>Sous-\u00e9chelle<\/th>\r\n      <th>Reverse-S \u00e9l\u00e9ments not\u00e9s<\/th>\r\n    <\/tr>\r\n  <\/thead>\r\n  <tbody>\r\n    <tr>\r\n      <td>D\u00e9pendance \u00e0 la d\u00e9cision<\/td>\r\n      <td>4, 5<\/td>\r\n    <\/tr>\r\n    <tr>\r\n      <td>peur de l'abandon<\/td>\r\n      <td>9, 10<\/td>\r\n    <\/tr>\r\n    <tr>\r\n      <td>Soumission<\/td>\r\n      <td>14, 15<\/td>\r\n    <\/tr>\r\n    <tr>\r\n      <td>Besoin de pi\u00e8ce jointe<\/td>\r\n      <td>19, 20<\/td>\r\n    <\/tr>\r\n  <\/tbody>\r\n<\/table>\r\n\r\n<h3>Interpr\u00e9tation de la note totale<\/h3>\r\n<table border=\"1\" cellpadding=\"6\" cellspacing=\"0\">\r\n  <thead>\r\n    <tr>\r\n      <th>Score total<\/th>\r\n      <th>Interpr\u00e9tation<\/th>\r\n    <\/tr>\r\n  <\/thead>\r\n  <tbody>\r\n    <tr>\r\n      <td>0\u201320<\/td>\r\n      <td>Faible - g\u00e9n\u00e9ralement ind\u00e9pendant<\/td>\r\n    <\/tr>\r\n    <tr>\r\n      <td>21\u201340<\/td>\r\n      <td>L\u00e9ger - traits de d\u00e9pendance occasionnels<\/td>\r\n    <\/tr>\r\n    <tr>\r\n      <td>41\u201360<\/td>\r\n      <td>Mod\u00e9r\u00e9 - comportements d\u00e9pendants fr\u00e9quents, peut n\u00e9cessiter une surveillance<\/td>\r\n    <\/tr>\r\n    <tr>\r\n      <td>61\u201380<\/td>\r\n      <td>\u00c9lev\u00e9e - forte d\u00e9pendance, peut b\u00e9n\u00e9ficier d'un soutien<\/td>\r\n    <\/tr>\r\n  <\/tbody>\r\n<\/table>\r\n\r\n<style><\/style><style>\r\n  table {\r\n    width: 100%;\r\n    border-collapse: collapse;\r\n  }\r\n  th, td {\r\n    border: 1px solid #ccc;\r\n    padding: 12px 8px;\r\n    text-align: left;\r\n    word-wrap: break-word;       \/* Ensure long text wraps *\/\r\n    overflow-wrap: break-word;\r\n  }\r\n  th {\r\n    background-color: #f2f2f2;\r\n  }\r\n\r\n  \/* Responsive: stack rows on small screens *\/\r\n  @media screen and (max-width: 600px) {\r\n    table, thead, tbody, th, td, tr {\r\n      display: block;\r\n    }\r\n    thead tr {\r\n      display: none; \/* hide header row *\/\r\n    }\r\n    tr {\r\n      margin-bottom: 15px;\r\n      border-bottom: 2px solid #ddd;\r\n    }\r\n    td {\r\n      padding: 8px;\r\n      position: relative;\r\n    }\r\n     td::before {\r\n      content: attr(data-label);\r\n      display: block;      \/* stack label above content *\/\r\n      font-weight: bold;\r\n      margin-bottom: 5px;\r\n    }\r\n  }\r\n<\/style><div class=\"reference-list\"><h3>R\u00e9f\u00e9rences<\/h3><ol><li id=\"ref-1\">Bornstein R. F. (1992). La personnalit\u00e9 d\u00e9pendante\u00a0: perspectives d\u00e9veloppementale, sociale et clinique. Bulletin psychologique, 112(1), 3\u201323. <a href=\"https:\/\/doi.org\/10.1037\/0033-2909.112.1.3\">https:\/\/doi.org\/10.1037\/0033-2909.112.1.3<\/a> <a href=\"#ref-link-1\" class=\"back-link\" aria-label=\"Retour au contenu\">\u21a9<\/a><\/li><li id=\"ref-2\">Huber, N. M. (2007). Dependent Personality Inventory (DPI)\u00a0: Une \u00e9chelle pour \u00e9valuer les sous-types de personnalit\u00e9 d\u00e9pendante bas\u00e9e sur les crit\u00e8res du DSM-IV-TR. Cleveland State University. <a href=\"#ref-link-2\" class=\"back-link\" aria-label=\"Retour au contenu\">\u21a9<\/a><\/li><\/ol><\/div>","protected":false},"excerpt":{"rendered":"Ce quiz sur la personnalit\u00e9 d\u00e9pendante est bas\u00e9 sur une version pr\u00e9liminaire de l'\u00e9chelle de d\u00e9veloppement et de validit\u00e9 de la personnalit\u00e9 d\u00e9pendante Deenz (DDPS-20) qui mesure les traits subcliniques chez les \u00e9tudiants. L'\u00e9chelle mesure des traits subcliniques qui ne sont pas consid\u00e9r\u00e9s comme suffisants pour poser un diagnostic clinique de trouble de la personnalit\u00e9 d\u00e9pendante. L'objectif de l'\u00e9chelle n'est pas de poser un diagnostic de [...]","protected":false},"author":1,"featured_media":5726,"parent":0,"menu_order":0,"comment_status":"closed","ping_status":"closed","template":"","meta":{"inline_featured_image":false,"footnotes":""},"categories":[5],"class_list":["post-5707","page","type-page","status-publish","has-post-thumbnail","hentry","category-personality-assessments"],"lang":"en","translations":{"en":5707},"_links":{"self":[{"href":"https:\/\/drdeenz.com\/fr\/wp-json\/wp\/v2\/pages\/5707","targetHints":{"allow":["GET"]}}],"collection":[{"href":"https:\/\/drdeenz.com\/fr\/wp-json\/wp\/v2\/pages"}],"about":[{"href":"https:\/\/drdeenz.com\/fr\/wp-json\/wp\/v2\/types\/page"}],"author":[{"embeddable":true,"href":"https:\/\/drdeenz.com\/fr\/wp-json\/wp\/v2\/users\/1"}],"replies":[{"embeddable":true,"href":"https:\/\/drdeenz.com\/fr\/wp-json\/wp\/v2\/comments?post=5707"}],"version-history":[{"count":4,"href":"https:\/\/drdeenz.com\/fr\/wp-json\/wp\/v2\/pages\/5707\/revisions"}],"predecessor-version":[{"id":5715,"href":"https:\/\/drdeenz.com\/fr\/wp-json\/wp\/v2\/pages\/5707\/revisions\/5715"}],"wp:featuredmedia":[{"embeddable":true,"href":"https:\/\/drdeenz.com\/fr\/wp-json\/wp\/v2\/media\/5726"}],"wp:attachment":[{"href":"https:\/\/drdeenz.com\/fr\/wp-json\/wp\/v2\/media?parent=5707"}],"wp:term":[{"taxonomy":"category","embeddable":true,"href":"https:\/\/drdeenz.com\/fr\/wp-json\/wp\/v2\/categories?post=5707"}],"curies":[{"name":"wp","href":"https:\/\/api.w.org\/{rel}","templated":true}]}}