{"id":550,"date":"2023-08-22T02:16:10","date_gmt":"2023-08-22T02:16:10","guid":{"rendered":"https:\/\/drdeenz.com\/?p=550"},"modified":"2025-11-05T12:47:40","modified_gmt":"2025-11-05T12:47:40","slug":"test-de-thalassophobie","status":"publish","type":"page","link":"https:\/\/drdeenz.com\/fr\/test-de-thalassophobie\/","title":{"rendered":"Test de thalassophobie - Suis-je atteint de thalassophobie ?"},"content":{"rendered":"<p><strong>Le test\/quiz sur la thalassophobie est con\u00e7u pour d\u00e9terminer si vous pr\u00e9sentez ou non des tendances aux traits cliniques de la thalassophobie. Cette auto-\u00e9valuation n'a pas pour but de fournir un diagnostic d\u00e9finitif de thalassophobie et ne peut remplacer une \u00e9valuation professionnelle, qui n'est possible que par le biais d'un entretien clinique men\u00e9 par un professionnel de la sant\u00e9 mentale qualifi\u00e9.<\/strong><\/p>\r\n<p>La thalassophobie est une maladie irrationnelle. <strong>peur de la mer ou des grandes \u00e9tendues d'eau<\/strong> et est consid\u00e9r\u00e9e comme un sous-type de phobie sp\u00e9cifique. Alors que certaines personnes \u00e9prouvent de la peur et de l'anxi\u00e9t\u00e9 \u00e0 l'\u00e9gard des plans d'eau profonds sans que cela n'affecte leur fonctionnement quotidien, d'autres peuvent avoir des r\u00e9actions plus intenses o\u00f9 les \u00e9l\u00e9ments d\u00e9clencheurs provoquent une d\u00e9tresse ou une d\u00e9ficience. L'objectif de ce quiz est de <strong>d\u00e9terminer si vous pouvez pr\u00e9senter des sympt\u00f4mes<\/strong> qui pourraient \u00eatre consid\u00e9r\u00e9es comme significatives pour le diagnostic clinique.<\/p>\r\n<h2>Qu'est-ce que la thalassophobie ?<\/h2>\r\n<p>Si une personne a une peur intense ou irrationnelle des oc\u00e9ans, des lacs et des profondeurs, les psychiatres parlent de trouble thalassophobe, qui est un type de phobie. Il existe plusieurs types de phobies, telles que l'acrophobie, la claustrophobie et l'\u00e9nochlophobie, qui sont class\u00e9es comme des troubles anxieux. La thalassophobie est l'une d'entre elles, dont les crit\u00e8res de diagnostic figurent dans le manuel diagnostique et statistique (DSM). Une personne atteinte de thalassophobie <strong>\u00e9prouve souvent un sentiment d'anxi\u00e9t\u00e9 et de panique lorsqu'il est confront\u00e9 \u00e0 des pens\u00e9es ou \u00e0 des exp\u00e9riences li\u00e9es \u00e0 un plan d'eau.<\/strong>y compris les cr\u00e9atures qui s'y trouvent.<\/p>\r\n<h2>Que faire si j'ai une peur prolong\u00e9e de l'eau ?<\/h2>\r\n<p>Parfois, la peur de l'eau peut \u00eatre normale et rationnelle parce que vous pensez peut-\u00eatre \u00e0 \u00e9viter les dangers qu'elle pr\u00e9sente, mais... <strong>si vous avez une peur intense et prolong\u00e9e de l'eau et que cette peur vous perturbe, interf\u00e8re avec votre vie personnelle et sociale ou limite vos activit\u00e9s li\u00e9es \u00e0 l'eau, il peut s'agir d'une thalassophobie.<\/strong> Par exemple, si vous refusez d'aller \u00e0 la plage avec vos amis parce que vous avez peur des oc\u00e9ans, votre vie sociale en est affect\u00e9e et vous vous emp\u00eache de profiter de votre qualit\u00e9 de vie.<\/p>\r\n\r\n<p>Vous savez que votre peur est irrationnelle, mais vous ressentez de la panique et de l'anxi\u00e9t\u00e9. <strong>lorsque vous envisagez de vous rendre sur de grandes \u00e9tendues d'eau<\/strong>et vous avez des pens\u00e9es anxieuses \u00e0 propos des grandes cr\u00e9atures qui s'y trouvent. Dans ce cas, il est conseill\u00e9 de consulter un professionnel de la sant\u00e9 mentale pour obtenir un diagnostic et un traitement. <\/p>\r\n<style>.baseline {\r\n    bottom: 87px;\r\n}.bar {\r\n    max-width: 55%;\r\n}.bar-label {\r\n    flex-direction: column;\r\n}.chart-container::before {\r\n    background-image: linear-gradient(to top, #ddd 1px, transparent 1px);\r\n    background-size: 100% 20%;\r\n    height: 154px;\r\n}.bar-container {\r\n    height: 218px;\r\n}<\/style>","protected":false},"excerpt":{"rendered":"Le test de thalassophobie peut vous aider \u00e0 mesurer l'impact et la s\u00e9v\u00e9rit\u00e9 des sympt\u00f4mes qui sont consid\u00e9r\u00e9s comme significatifs dans le diagnostic clinique.","protected":false},"author":1,"featured_media":4627,"parent":0,"menu_order":0,"comment_status":"closed","ping_status":"closed","template":"","meta":{"inline_featured_image":false,"footnotes":""},"categories":[7],"class_list":["post-550","page","type-page","status-publish","has-post-thumbnail","hentry","category-anxiety-disorder"],"lang":"en","translations":{"en":550},"_links":{"self":[{"href":"https:\/\/drdeenz.com\/fr\/wp-json\/wp\/v2\/pages\/550","targetHints":{"allow":["GET"]}}],"collection":[{"href":"https:\/\/drdeenz.com\/fr\/wp-json\/wp\/v2\/pages"}],"about":[{"href":"https:\/\/drdeenz.com\/fr\/wp-json\/wp\/v2\/types\/page"}],"author":[{"embeddable":true,"href":"https:\/\/drdeenz.com\/fr\/wp-json\/wp\/v2\/users\/1"}],"replies":[{"embeddable":true,"href":"https:\/\/drdeenz.com\/fr\/wp-json\/wp\/v2\/comments?post=550"}],"version-history":[{"count":4,"href":"https:\/\/drdeenz.com\/fr\/wp-json\/wp\/v2\/pages\/550\/revisions"}],"predecessor-version":[{"id":5901,"href":"https:\/\/drdeenz.com\/fr\/wp-json\/wp\/v2\/pages\/550\/revisions\/5901"}],"wp:featuredmedia":[{"embeddable":true,"href":"https:\/\/drdeenz.com\/fr\/wp-json\/wp\/v2\/media\/4627"}],"wp:attachment":[{"href":"https:\/\/drdeenz.com\/fr\/wp-json\/wp\/v2\/media?parent=550"}],"wp:term":[{"taxonomy":"category","embeddable":true,"href":"https:\/\/drdeenz.com\/fr\/wp-json\/wp\/v2\/categories?post=550"}],"curies":[{"name":"wp","href":"https:\/\/api.w.org\/{rel}","templated":true}]}}