{"id":4954,"date":"2025-08-22T10:57:39","date_gmt":"2025-08-22T10:57:39","guid":{"rendered":"https:\/\/drdeenz.com\/?p=4954"},"modified":"2025-10-21T09:38:01","modified_gmt":"2025-10-21T09:38:01","slug":"test-introverti-extroverti","status":"publish","type":"page","link":"https:\/\/drdeenz.com\/fr\/test-introverti-extroverti\/","title":{"rendered":"Test Introverti Extraverti - Inventaire de Personnalit\u00e9 (IEAI-18)"},"content":{"rendered":"<p>Carl Jung \u00e9tait un psychologue qui a introduit le concept d\u2019introversion et d\u2019extraversion dans son livre \u00ab\u00a0Psychological Types\u00a0\u00bb. Selon Carl Jung, les gens d\u00e9pensent leur \u00e9nergie et leur attention de diff\u00e9rentes mani\u00e8res et dans des directions diff\u00e9rentes. Il ne s\u2019agit pas seulement d\u2019\u00eatre \u00ab\u00a0timide\u00a0\u00bb ou \u00ab\u00a0sociable\u00a0\u00bb, mais c\u2019est l\u00e0 o\u00f9 une personne puise de l\u2019\u00e9nergie. Une personne peut pr\u00e9f\u00e9rer \u00eatre seule et se sentir recharg\u00e9e, tandis qu\u2019une autre personne peut obtenir de l\u2019\u00e9nergie du monde ext\u00e9rieur en \u00e9tant sociable.<\/p>\r\n<p>Ce test d\u2019auto-\u00e9valuation se concentre sur la mesure des traits de personnalit\u00e9, sp\u00e9cifiquement l\u2019introversion, l\u2019extraversion et l\u2019ambiversion. <\/p>\r\n<h2>Introverti<\/h2>\r\n<p>Parfois, nous utilisons l\u2019introversion de mani\u00e8re interchangeable avec la timidit\u00e9, mais c\u2019est un trait de personnalit\u00e9 dans lequel une personne pr\u00e9f\u00e8re se concentrer sur ses propres pens\u00e9es et sentiments plut\u00f4t que de chercher une stimulation de l\u2019ext\u00e9rieur. Carl Jung a expliqu\u00e9 que l\u2019introversion concerne o\u00f9 une personne obtient de l\u2019\u00e9nergie, et non pas o\u00f9 elle est timide. Les personnes introverties peuvent se sentir rafra\u00eechies lorsqu\u2019elles passent du temps seules ; d\u2019autre part, \u00eatre dans des situations sociales bruyantes peut les rendre fatigu\u00e9es. Ils se concentrent sur leurs sentiments int\u00e9rieurs et ont tendance \u00e0 penser profond\u00e9ment. Ils pr\u00e9f\u00e8rent souvent lire des livres et ont besoin de temps calme pour se ressourcer.<\/p>\r\n<h2>Extraverti<\/h2>\r\n<p>L\u2019extraversion est un autre trait de personnalit\u00e9 o\u00f9 les gens ont tendance \u00e0 se concentrer sur l\u2019obtention d\u2019\u00e9nergie des personnes, des activit\u00e9s et des exp\u00e9riences externes. Les introvertis se sentent \u00e9nergis\u00e9s par la solitude ; d\u2019autre part, les extravertis tirent leur \u00e9nergie des activit\u00e9s sociales. Les personnes extraverties pr\u00e9f\u00e8rent rencontrer de nouvelles personnes et se concentrer sur les relations sociales. Ils se sentent \u00e0 l\u2019aise pour partager ouvertement leurs pens\u00e9es et leurs sentiments avec les autres parce qu\u2019ils tirent de l\u2019\u00e9nergie d\u2019une stimulation externe. La psychologie moderne identifie l\u2019extraversion comme l\u2019un des traits de personnalit\u00e9 fondamentaux. Des \u00e9tudes ont montr\u00e9 que les extravertis ont souvent une excitation corticale de base plus faible, ce qui signifie que leur cerveau cherche plus de stimulation externe pour se sentir alerte et engag\u00e9.<\/p>\r\n<h2>Ambivert<\/h2>\r\n<p>L\u2019ambiversion peut \u00eatre comprise comme un continuum entre introversion et extraversion plut\u00f4t que comme une cat\u00e9gorie fixe. Les gens peuvent parfois se pencher d\u2019un c\u00f4t\u00e9, selon leur humeur et la situation. En bref, l\u2019ambiversion est le juste milieu entre l\u2019introversion et l\u2019extraversion. Les personnes ayant une personnalit\u00e9 ambivertie tirent de l\u2019\u00e9nergie \u00e0 la fois des interactions sociales et des activit\u00e9s solitaires. Les ambiverts peuvent s\u2019adapter en fonction de la situation et de l\u2019humeur, ils appr\u00e9cient donc l\u2019interaction sociale et passent \u00e9galement du temps seuls pour se ressourcer. Une personne avec une personnalit\u00e9 ambivalente peut appr\u00e9cier les f\u00eates mais aussi se sentir \u00e0 l\u2019aise pour passer du temps sur ses propres pens\u00e9es et sentiments. Prenez le s\u00e9par\u00e9 <a href=\"https:\/\/drdeenz.com\/ambivert-test\/\">test d&#039;ambivertissement<\/a> , il mesure vos traits ambiverts sur un spectre.<\/p>\r\n<style>[role~=listitem] {\r\n    border-top: 0.063rem solid #ccc;\r\n    margin: 20px 0px;\r\n    padding-top: 10px;\r\n}.single_post header{\r\n    margin-bottom: -12px;\r\n    z-index: 4;}\r\nsup {\r\n  cursor: pointer;\r\n}\r\nsup span {\r\n  cursor: default;\r\n  background: #ecf0f1;\r\n  border: 0.125rem solid #3498db;\r\n  position: absolute;\r\n  left: -120px;\r\n  right: 0;\r\n  bottom: 100%;\r\n  margin: 0 0 0.7em -1em;\r\n  width: 300px;\r\n  padding: 1em;\r\n  line-height: 1.618em;\r\n  opacity: 0;\r\n  visibility: hidden;\r\n  transition: all 0.35s;\r\n}\r\nsup span::before {\r\n  content: '';\r\n  border-style: solid;\r\n  border-width: 0.7em 0.7em 0 0.7em;\r\n  border-color: #3498db transparent transparent transparent;\r\n  position: absolute;\r\n  bottom: -0.7em;\r\n  width: 0;\r\n  height: 0;\r\n}\r\nsup:hover span {\r\n  opacity: 1;\r\n  visibility: visible;\r\n  transition: all 0.35s;\r\n} .langs a img {\r\n    height: 48px;\r\n    width: 48px;\r\n}.langs {\r\n    padding-top: 10px;\r\n    font-size: 20px;\r\n    background: #e7f5f7;\r\n    position: relative;\r\n    width: 100vw;\r\n    left: calc(-50vw + 50%);\r\n    text-align: center;\r\n    margin-bottom: 10px;\r\n}.langs a {\r\n    text-decoration: none;\r\n    display: inline-block;\r\n    margin-right: 10px;\r\n}<\/style>\r\n<style>[role~=listitem] {\r\n    border-top: 0.063rem solid #ccc;\r\n    margin: 20px 0px;\r\n    padding-top: 10px;\r\n}.question-content {\r\n    font-size: 24px;\r\n}.question-choices.watupro-choices-columns {\r\n    list-style: none;\r\n    width: 100%;\r\n    max-width: 600px;\r\n    margin: auto;\r\n    display: block;\r\nfloat: none;\r\n}\r\n.question-choices.watupro-choices-columns:before {\r\n    content: '';\r\n    position: relative;\r\n    top: 40px;\r\n    left: 12.5%;\r\n    display: block;\r\n    background-color: #fff;\r\n    height: 4px;\r\n    width: 78%;\r\n}\r\n.watupro-question-choice {\r\n    display: inline-block!important;\r\n    width: 19%;\r\n    text-align: center;\r\n    vertical-align: top;\r\n}\r\n.watupro-question-choice input[type=radio] {\r\n    display: block;\r\n    position: relative;\r\n    top: 0;\r\n    left: 50%;\r\n    margin-left: -6px!important;\r\n    width: 25px;\r\n    height: 25px;\r\n}\r\n.quiz-form label {\r\n    display: inline-block;\r\n    max-width: 66px!important;\r\n    text-transform: uppercase;\r\n    font-size: 14px!important;\r\n    font-weight: bold;\r\n    margin-top: 12px;\r\n    margin-left: 10px;\r\n}\r\n.quiz-form label {width:100%;}\r\n@media only screen and (max-width: 484px) {.quiz-form label {width:100%;font-size: 10px!important;}.quiz-form label {text-transform: capitalize;}<\/style>","protected":false},"excerpt":{"rendered":"Carl Jung \u00e9tait un psychologue qui a introduit le concept d'introversion et d'extraversion dans son livre \"Types psychologiques\". Selon Carl Jung, les gens d\u00e9pensent leur \u00e9nergie et leur attention de diff\u00e9rentes mani\u00e8res et dans diff\u00e9rentes directions. Il ne s'agit pas seulement d'\u00eatre \"timide\" ou \"sociable\", mais de savoir o\u00f9 une personne puise son \u00e9nergie. Une personne [...]","protected":false},"author":1,"featured_media":4959,"parent":0,"menu_order":0,"comment_status":"closed","ping_status":"closed","template":"","meta":{"inline_featured_image":false,"footnotes":""},"categories":[5],"class_list":["post-4954","page","type-page","status-publish","has-post-thumbnail","hentry","category-personality-assessments"],"lang":"en","translations":{"en":4954},"_links":{"self":[{"href":"https:\/\/drdeenz.com\/fr\/wp-json\/wp\/v2\/pages\/4954","targetHints":{"allow":["GET"]}}],"collection":[{"href":"https:\/\/drdeenz.com\/fr\/wp-json\/wp\/v2\/pages"}],"about":[{"href":"https:\/\/drdeenz.com\/fr\/wp-json\/wp\/v2\/types\/page"}],"author":[{"embeddable":true,"href":"https:\/\/drdeenz.com\/fr\/wp-json\/wp\/v2\/users\/1"}],"replies":[{"embeddable":true,"href":"https:\/\/drdeenz.com\/fr\/wp-json\/wp\/v2\/comments?post=4954"}],"version-history":[{"count":4,"href":"https:\/\/drdeenz.com\/fr\/wp-json\/wp\/v2\/pages\/4954\/revisions"}],"predecessor-version":[{"id":5763,"href":"https:\/\/drdeenz.com\/fr\/wp-json\/wp\/v2\/pages\/4954\/revisions\/5763"}],"wp:featuredmedia":[{"embeddable":true,"href":"https:\/\/drdeenz.com\/fr\/wp-json\/wp\/v2\/media\/4959"}],"wp:attachment":[{"href":"https:\/\/drdeenz.com\/fr\/wp-json\/wp\/v2\/media?parent=4954"}],"wp:term":[{"taxonomy":"category","embeddable":true,"href":"https:\/\/drdeenz.com\/fr\/wp-json\/wp\/v2\/categories?post=4954"}],"curies":[{"name":"wp","href":"https:\/\/api.w.org\/{rel}","templated":true}]}}