{"id":4276,"date":"2024-02-16T06:55:54","date_gmt":"2024-02-16T06:55:54","guid":{"rendered":"https:\/\/drdeenz.com\/block-content-examples\/"},"modified":"2025-10-21T07:32:23","modified_gmt":"2025-10-21T07:32:23","slug":"quiz-de-manipulation","status":"publish","type":"page","link":"https:\/\/drdeenz.com\/fr\/quiz-de-manipulation\/","title":{"rendered":"Test de manipulation"},"content":{"rendered":"<p>Ce quiz est uniquement con\u00e7u pour fournir une notation automatique et fournir des r\u00e9sultats dans des graphiques faciles \u00e0 lire pour une meilleure interpr\u00e9tation des r\u00e9sultats. Les informations fournies sont uniquement destin\u00e9es \u00e0 des fins \u00e9ducatives et d\u2019auto-r\u00e9flexion.<\/p>\r\n<h2>D\u00e9veloppement d'une \u00e9chelle de personnalit\u00e9 manipulatrice<\/h2>\r\n<p>En psychologie moderne, le concept de comportement manipulateur est souvent utilis\u00e9 de mani\u00e8re interchangeable avec <a href=\"https:\/\/drdeenz.com\/machiavellianism-test\/\">Machiav\u00e9lisme<\/a> et d'autres traits sombres essay\u00e9s. La manipulation est \u00e9galement un trait majeur des <a href=\"https:\/\/drdeenz.com\/fr\/test-du-spectre-de-la-psychopathie\/\">psychopathie<\/a>, <a href=\"https:\/\/drdeenz.com\/fr\/test-de-sociopathie\/\">personnalit\u00e9 antisociale<\/a> et  <a href=\"https:\/\/drdeenz.com\/fr\/test-de-personnalite-narcissique\/\">narcissisme<\/a>. Cependant, dans les recherches psychologiques r\u00e9centes, la manipulation est \u00e9tudi\u00e9e comme une tendance distincte de la personnalit\u00e9 et le terme de machiav\u00e9lisme a gagn\u00e9 du terrain.<sup id=\"ref-link-1\"><a href=\"#ref-1\">[1]<\/a><\/sup> Le terme machiav\u00e9lisme est d\u00e9riv\u00e9 du livre de Niccol\u00f2 Machiavelli (Le Prince) dans lequel il met l'accent sur l'utilisation de la tromperie, de la manipulation et d'autres comportements strat\u00e9giques pour conserver le pouvoir et l'influence.<\/p>\r\n<p>L\u2019auto-\u00e9valuation de la personnalit\u00e9 manipulative (MPSA) a \u00e9t\u00e9 d\u00e9velopp\u00e9e pour \u00e9valuer les tendances comportementales souvent associ\u00e9es aux traits de machiav\u00e9lisme. Dans la revue de conf\u00e9rence, il a \u00e9t\u00e9 not\u00e9 que pour mesurer <a href=\"https:\/\/drdeenz.com\/fr\/test-de-mutisme-selectif\/\">comportement manipulateur<\/a> il est n\u00e9cessaire d\u2019\u00e9tudier les principales caract\u00e9ristiques de la manipulation sur le spectre. Le mod\u00e8le \u00e0 cinq dimensions a \u00e9t\u00e9 construit pour capturer les domaines principaux\u00a0: calculateur, exploiteur, trompeur, amoral, <a href=\"https:\/\/drdeenz.com\/fr\/test-de-psychose\/\">Self-Justifier<\/a>. Ces cinq dimensions fournissent un cadre fiable pour \u00e9valuer les comportements individuels qui sont souvent associ\u00e9s \u00e0 des tendances trompeuses, strat\u00e9giques et manipulatrices. <sup id=\"ref-link-2\"><a href=\"#ref-2\">[2]<\/a><\/sup><\/p>\r\n<p>Le MPSA est bas\u00e9 sur une \u00e9tude pr\u00e9liminaire et il a \u00e9t\u00e9 test\u00e9 en tant que questionnaire. Il n\u2019est pas con\u00e7u pour fournir des conseils professionnels. Le test manipulatif est fourni sous forme de quiz qui vous permet de filtrer les traits manipulatifs, nous avons cherch\u00e9 \u00e0 rendre le quiz aussi pr\u00e9cis que possible. Cependant, les quiz et tests en ligne ne sont pas consid\u00e9r\u00e9s comme exacts et les informations fournies ne doivent pas \u00eatre consid\u00e9r\u00e9es comme des conseils ou des recommandations.<\/p><div class=\"reference-list\"><h3>R\u00e9f\u00e9rences<\/h3><ol><li id=\"ref-1\">D\u00e9veloppement et Validation De A\nNouvelle \u00e9chelle de machiav\u00e9lisme \u2013 Jason J. Dahling, Brian G. Whitaker, Paul E. Levy <a href=\"https:\/\/libres.uncg.edu\/ir\/asu\/f\/Whitaker_Brian_2008_Devolopment_validation_machiavellianism.scale.pdf\">https:\/\/libres.uncg.edu\/ir\/asu\/f\/Whitaker_Brian_2008_Devolopment_validation_machiavellianism.scale.pdf <\/a><a href=\"https:\/\/www.jcsdcb.com\/index.php\/JCSDCB\/article\/view\/908\/639\">https:\/\/www.jcsdcb.com\/index.php\/JCSDCB\/article\/view\/908\/639<\/a> <a href=\"#ref-link-1\" class=\"back-link\" aria-label=\"Retour au contenu\">\u21a9<\/a><\/li><li id=\"ref-2\">PERCEPTION MULTIDIMENSIONNELLE DE\n\u00c9CHELLE DE MANIPULATION \u2013 Bilitis Berthiaume, Institut Sup\u00e9rieur du Tourisme, France | Revue de la satisfaction, de l\u2019insatisfaction et du comportement plaignant des consommateurs, Vol. 37 (1), 2024 <a href=\"https:\/\/www.jcsdcb.com\/index.php\/JCSDCB\/article\/view\/908\/639\">https:\/\/www.jcsdcb.com\/index.php\/JCSDCB\/article\/view\/908\/639<\/a> <a href=\"#ref-link-2\" class=\"back-link\" aria-label=\"Retour au contenu\">\u21a9<\/a><\/li><\/ol><\/div>","protected":false},"excerpt":{"rendered":"Ce quiz est uniquement con\u00e7u pour fournir une notation automatique et des r\u00e9sultats sous forme de tableaux faciles \u00e0 lire pour une meilleure interpr\u00e9tation des r\u00e9sultats. Les informations fournies sont destin\u00e9es \u00e0 des fins \u00e9ducatives et autor\u00e9flexives uniquement. D\u00e9veloppement de l'\u00e9chelle de personnalit\u00e9 manipulatrice En psychologie moderne, le concept de comportement manipulateur est souvent utilis\u00e9 de mani\u00e8re interchangeable avec le machiav\u00e9lisme et d'autres [...]","protected":false},"author":1,"featured_media":5754,"parent":0,"menu_order":0,"comment_status":"closed","ping_status":"closed","template":"","meta":{"inline_featured_image":false,"footnotes":""},"categories":[14],"class_list":["post-4276","page","type-page","status-publish","has-post-thumbnail","hentry","category-anger-management"],"lang":"en","translations":{"en":4276},"_links":{"self":[{"href":"https:\/\/drdeenz.com\/fr\/wp-json\/wp\/v2\/pages\/4276","targetHints":{"allow":["GET"]}}],"collection":[{"href":"https:\/\/drdeenz.com\/fr\/wp-json\/wp\/v2\/pages"}],"about":[{"href":"https:\/\/drdeenz.com\/fr\/wp-json\/wp\/v2\/types\/page"}],"author":[{"embeddable":true,"href":"https:\/\/drdeenz.com\/fr\/wp-json\/wp\/v2\/users\/1"}],"replies":[{"embeddable":true,"href":"https:\/\/drdeenz.com\/fr\/wp-json\/wp\/v2\/comments?post=4276"}],"version-history":[{"count":4,"href":"https:\/\/drdeenz.com\/fr\/wp-json\/wp\/v2\/pages\/4276\/revisions"}],"predecessor-version":[{"id":5761,"href":"https:\/\/drdeenz.com\/fr\/wp-json\/wp\/v2\/pages\/4276\/revisions\/5761"}],"wp:featuredmedia":[{"embeddable":true,"href":"https:\/\/drdeenz.com\/fr\/wp-json\/wp\/v2\/media\/5754"}],"wp:attachment":[{"href":"https:\/\/drdeenz.com\/fr\/wp-json\/wp\/v2\/media?parent=4276"}],"wp:term":[{"taxonomy":"category","embeddable":true,"href":"https:\/\/drdeenz.com\/fr\/wp-json\/wp\/v2\/categories?post=4276"}],"curies":[{"name":"wp","href":"https:\/\/api.w.org\/{rel}","templated":true}]}}