{"id":4177,"date":"2024-02-09T16:34:50","date_gmt":"2024-02-09T16:34:50","guid":{"rendered":"https:\/\/drdeenz.com\/?p=4177"},"modified":"2025-10-28T17:02:53","modified_gmt":"2025-10-28T17:02:53","slug":"test-de-personnalite-narcissique","status":"publish","type":"page","link":"https:\/\/drdeenz.com\/fr\/test-de-personnalite-narcissique\/","title":{"rendered":"Narcissisme Test"},"content":{"rendered":"<p style=\" border-style: solid; border-width: 1px; border-color: #000; box-shadow: 2px 2px 0px 0px #fe025b; padding: 5px; \">Le test de narcissisme est la version interactive de (DNPS-32) qui est bas\u00e9e sur la version pr\u00e9liminaire de la recherche sur le d\u00e9veloppement et la validation de l'\u00e9chelle de personnalit\u00e9 narcissique Deenz. <sup id=\"ref-link-1\"><a href=\"#ref-1\">[1]<\/a><\/sup>. La participation \u00e0 cette \u00e9chelle est totalement anonyme et aucune donn\u00e9e n'est collect\u00e9e ou stock\u00e9e \u00e0 des fins de recherche. Les r\u00e9sultats et les graphiques fournis par ce quiz sont uniquement destin\u00e9s \u00e0 des fins \u00e9ducatives. Pour plus d'informations, lisez notre <a href=\"https:\/\/drdeenz.com\/privacy\/\">Vie priv\u00e9e et conditions d'utilisation<\/a>.  <\/p>\r\n<h2>Quiz sur le d\u00e9veloppement du narcissisme<\/h2>\r\n<p>Le narcissisme d\u00e9crit une personne qui peut pr\u00e9senter un ensemble de tendances associ\u00e9es \u00e0 un amour excessif de soi, un besoin d'admiration et un manque d'empathie. D'un point de vue subclinique, le narcissisme peut \u00eatre consid\u00e9r\u00e9 comme un aspect normal et sain de la personnalit\u00e9 lorsque les traits sont manifest\u00e9s \u00e0 un niveau mod\u00e9r\u00e9 et n'entra\u00eenent pas d'alt\u00e9ration significative de la sant\u00e9. <a href=\"https:\/\/drdeenz.com\/codependency-test\/\">les relations interpersonnelles<\/a>. <sup id=\"ref-link-2\"><a href=\"#ref-2\">[2]<\/a><\/sup><\/p>\r\n<p>Au fil du temps, la compr\u00e9hension du narcissisme a \u00e9volu\u00e9. Les chercheurs ont mis l'accent sur la compr\u00e9hension du narcissisme \u00e0 un niveau plus large. <strong>mod\u00e8le de spectre<\/strong>. <sup id=\"ref-link-3\"><a href=\"#ref-3\">[3]<\/a><\/sup> En \u00e9valuant les traits sur des niveaux dimensionnels, il devient tr\u00e8s facile de d\u00e9terminer si un individu peut avoir une tendance au narcissisme. Le d\u00e9veloppement du <strong>Deenz \u00c9chelle de personnalit\u00e9 narcissique<\/strong>a commenc\u00e9 par mettre l'accent sur l'acc\u00e8s \u00e0 huit traits subcliniques distincts mais corr\u00e9l\u00e9s- <strong>La grandiloquence, la fantaisie, l'exclusivit\u00e9, le droit \u00e0 l'\u00e9galit\u00e9, l'exploitation, le manque d'empathie, l'envie et l'arrogance.<\/strong><\/p>\r\n<p>Les traits subcliniques de la personnalit\u00e9 narcissique se situent en de\u00e7\u00e0 du seuil de la personnalit\u00e9 narcissique. <strong>cliniquement significatif<\/strong> ou indicatifs d'une personnalit\u00e9 narcissique. En acc\u00e9dant \u00e0 des traits subcliniques, l'\u00e9chelle peut mesurer les tendances ou la probabilit\u00e9 de d\u00e9velopper une personnalit\u00e9 narcissique. <strong>les traits de personnalit\u00e9 narcissique<\/strong> qui peuvent \u00eatre consid\u00e9r\u00e9s comme cliniquement significatifs pour le diagnostic des <strong>le trouble de la personnalit\u00e9 narcissique<\/strong> .<\/p>\r\n<h2>Les facettes de la personnalit\u00e9 narcissique<\/h2>\r\n<p><strong>Grandiosit\u00e9 :<\/strong> La grandiosit\u00e9 fait r\u00e9f\u00e9rence \u00e0 un sentiment exag\u00e9r\u00e9 de ses capacit\u00e9s, de son talent, de son importance et de son pouvoir. Les personnes qui font preuve de grandiosit\u00e9 ont un sentiment irr\u00e9aliste de sup\u00e9riorit\u00e9 par rapport aux autres et ont un sentiment exag\u00e9r\u00e9 de leur propre valeur. <a href=\"https:\/\/drdeenz.com\/fr\/test-empathique\/\">self1TP7Estime<\/a>Les personnes de ce type ont tendance \u00e0 s'int\u00e9resser aux autres et \u00e0 rechercher l'attention d'autrui. Ils s'attendent souvent \u00e0 ce que les autres leur accordent un traitement sp\u00e9cial et des privil\u00e8ges sans aucune raison valable. La grandiloquence est consid\u00e9r\u00e9e comme un trait majeur du trouble de la personnalit\u00e9 narcissique. <sup id=\"ref-link-4\"><a href=\"#ref-4\">[4]<\/a><\/sup> La grandiosit\u00e9 peut entra\u00eener des conflits interpersonnels et nuire \u00e0 la vie personnelle et professionnelle.<\/p>\r\n<p><strong>Fantaisie<\/strong>: Le fait d'appr\u00e9cier ou de s'engager dans la fantaisie ou l'imagination. <a href=\"https:\/\/drdeenz.com\/fr\/test-de-reverie-maladive\/\">r\u00eaverie<\/a> est un aspect normal et sain de l'imagination et de la cr\u00e9ativit\u00e9 humaines. Elle peut aider \u00e0 explorer de nouvelles id\u00e9es, \u00e9motions et exp\u00e9riences, mais les personnes ayant une personnalit\u00e9 narcissique se livrent souvent \u00e0 des fantasmes grandioses concernant leur pouvoir, leurs relations et leurs capacit\u00e9s. <sup id=\"ref-link-5\"><a href=\"#ref-5\">[5]<\/a><\/sup> Les personnes ayant une personnalit\u00e9 narcissique cr\u00e9ent souvent des sc\u00e9narios dans lesquels elles s'imaginent en train de r\u00e9ussir, d'\u00eatre puissantes et attirantes. Ces fantasmes les soulagent temporairement de leurs ins\u00e9curit\u00e9s sous-jacentes.\r\n<\/p>\r\n<p><strong>Sp\u00e9cialit\u00e9 :<\/strong> Le fait de se sentir sp\u00e9cial dans sa peau et d'avoir le sentiment d'\u00eatre unique est un trait positif. Les personnes ayant une personnalit\u00e9 narcissique ont un sentiment exag\u00e9r\u00e9 d'\u00eatre sp\u00e9ciales. Elles pensent qu'elles sont intrins\u00e8quement sup\u00e9rieures aux autres \u00e0 divers \u00e9gards et ont un d\u00e9sir accru de reconnaissance et de validation.  Elles adoptent des comportements visant \u00e0 maintenir ce sentiment de sup\u00e9riorit\u00e9, par exemple en souhaitant ardemment \u00eatre la personne la plus influente de la soci\u00e9t\u00e9. <a href=\"https:\/\/drdeenz.com\/opr-test\/\">au centre de l'attention<\/a>. Les personnes diagnostiqu\u00e9es avec un trouble de la personnalit\u00e9 narcissique ont un sentiment d'ins\u00e9curit\u00e9 et un besoin de validation de la part des autres, en ce qui concerne leurs croyances irr\u00e9alistes. Ces comportements et attitudes se traduisent par <strong>difficult\u00e9s relationnelles et conflits interpersonnels<\/strong>.<\/p>\r\n<p><strong>Le droit :<\/strong> <a href=\"https:\/\/drdeenz.com\/fr\/test-de-sociopathie\/\">Le droit<\/a> se r\u00e9f\u00e8re \u00e0 un sentiment de m\u00e9riter un traitement sp\u00e9cial. C'est comme croire que l'on doit toujours \u00eatre le premier dans la file d'attente parce que l'on pense \u00eatre meilleur que les autres. Tout le monde m\u00e9rite le respect et les opportunit\u00e9s, mais il faut les m\u00e9riter. Les personnes de personnalit\u00e9 narcissique croient qu'elles peuvent obtenir tout ce qu'elles veulent et s'attendent \u00e0 ce que les choses leur soient donn\u00e9es sans faire le moindre effort. Elles croient fermement qu'elles m\u00e9ritent l'admiration, l'attention et le respect des autres, m\u00eame si elles ne le m\u00e9ritent pas.\r\n<\/p>\r\n<p><strong>Exploitation :<\/strong> Les personnes ayant une personnalit\u00e9 narcissique profitent des autres pour leur propre b\u00e9n\u00e9fice, sans se soucier ou prendre en compte les dommages. Il s'agit d'utiliser les ressources, les talents ou les vuln\u00e9rabilit\u00e9s de quelqu'un d'autre pour en tirer un avantage, m\u00eame si les causes sont multiples. <a href=\"https:\/\/drdeenz.com\/fr\/test-dabus-emotionnel\/\">la souffrance des autres<\/a>. \r\n<\/p>\r\n<p><strong>Manque d'empathie :<\/strong> Les personnes souffrant d'un trouble de la personnalit\u00e9 narcissique pr\u00e9sentent des signes de <a href=\"https:\/\/drdeenz.com\/fr\/quiz-de-manipulation\/\">manque d&#039;empathie<\/a> et ils manifestent des \u00e9motions superficielles et ne peuvent pas ressentir les souffrances des autres personnes qui les entourent.\r\n<\/p>\r\n<p>L'envie : il est naturel et normal de ressentir un peu de jalousie lorsque quelqu'un r\u00e9ussit. <sup id=\"ref-link-6\"><a href=\"#ref-6\">[6]<\/a><\/sup> Cependant, les personnes narcissiques \u00e9prouvent de l'envie lorsqu'elles constatent que d'autres personnes menacent leur droit au succ\u00e8s et au pouvoir.\r\n<\/p>\r\n<p><strong>Arrogance :<\/strong> L'arrogance consiste \u00e0 se donner de l'importance \u00e0 soi-m\u00eame et \u00e0 m\u00e9priser les autres. Une personne arrogante est une personne qui pense qu'elle est meilleure que les autres sans raison apparente.  Elle rejette les opinions et rabaisse les autres pour se sentir sup\u00e9rieure.\r\n<\/p>\r\n<style>.langs a img {\r\n    height: 48px;\r\n    width: 48px;\r\n}.langs {\r\n    background: #e7f5f7;\r\n    border-radius: 10px;\r\n    padding: 0 13px;\r\n}.langs a {\r\n    text-decoration: none;\r\n    display: inline-block;\r\n    margin-right: 10px;\r\n}td {\r\n    padding: 0.3rem;\r\n}.dimension {\r\n    background: #f3f4f5;\r\n    padding: 0.7rem 1.2rem 0.7rem;\r\n    margin-bottom: 14px;\r\n    font-family: 'Open Sans',sans-serif;\r\n    font-size: 17px;\r\n}.dimension h2 {\r\n    font-size: 21px;\r\n    font-family: 'Open Sans',sans-serif;\r\n}.dimension p {\r\n    margin: 0px;\r\n}table.watupro-barchart p {\r\n    font-size: 12px;\r\n}.tooltip {\r\n  position: relative;\r\n}\r\n.tooltip:hover .tip {\r\n  opacity: 1;\r\n  visibility: visible;\r\n  margin-left: 0.5rem;\r\n  transition: all 0.35s;\r\n}\r\n.tip {\r\n  opacity: 0;\r\n  visibility: hidden;\r\n  display: block;\r\n  white-space: nowrap;\r\n  position: absolute;\r\n  z-index: 1;\r\n  left: 100%;\r\n  bottom: 50%;\r\n  padding: 1em;\r\n  margin-left: 0;\r\n  margin-top: 0.5rem;\r\n  font-size: 0.8em;\r\n  font-weight: normal;\r\n  background: #34495e;\r\n  border-radius: 1em;\r\n  color: #fff;\r\n  transition: all 0.35s;\r\n}\r\n.tip::before {\r\n  content: '';\r\n  border-style: solid;\r\n  border-width: 0.5rem 0.625rem 0.5rem 0;\r\n  border-color: transparent #34495e transparent transparent;\r\n  position: absolute;\r\n  right: 100%;\r\n  bottom: calc(50% - 0.5rem);\r\n  width: 0;\r\n  height: 0;\r\n}\r\nsup {\r\n  position: relative;\r\n  cursor: pointer;\r\n}\r\nsup span {\r\n  cursor: default;\r\n  background: #ecf0f1;\r\n  border: 0.125rem solid #3498db;\r\n  position: absolute;\r\n  left: -120px;\r\n  right: 0;\r\n  bottom: 100%;\r\n  margin: 0 0 0.7em -1em;\r\n  width: 300px;\r\n  padding: 1em;\r\n  line-height: 1.618em;\r\n  opacity: 0;\r\n  visibility: hidden;\r\n  transition: all 0.35s;\r\n}\r\nsup span::before {\r\n  content: '';\r\n  border-style: solid;\r\n  border-width: 0.7em 0.7em 0 0.7em;\r\n  border-color: #3498db transparent transparent transparent;\r\n  position: absolute;\r\n  left: 129px;\r\n  bottom: -0.7em;\r\n  width: 0;\r\n  height: 0;\r\n}\r\nsup:hover span {\r\n  opacity: 1;\r\n  visibility: visible;\r\n  transition: all 0.35s;\r\n}\r\n.footnotes {\r\n  margin: auto;\r\n}\r\n#footnote:target {\r\n  background: #ecf0f1;\r\n}[role~=listitem] {\r\n    border-top: 0.063rem solid #ccc;\r\n    margin: 20px 0px;\r\n    padding-top: 10px;\r\n}footer ol {\r\n  padding-left: 20px;\r\n}\r\narticle {\r\n  counter-reset: footnotes;\r\n}\r\n[aria-describedby=\"footnote-label\"] {\r\n  counter-increment: footnotes; \/* 1 *\/\r\n  text-decoration: none; \/* 2 *\/\r\n  color: inherit; \/* 2 *\/\r\n  cursor: default; \/* 2 *\/\r\n  outline: none; \/* 2 *\/\r\n}\r\n[aria-describedby=\"footnote-label\"]::after {\r\n  content: '[' counter(footnotes) ']'; \/* 1 *\/\r\n  vertical-align: super; \/* 2 *\/\r\n  font-size: 0.5em; \/* 3 *\/\r\n  margin-left: 2px; \/* 4 *\/\r\n  color: blue; \/* 5 *\/\r\n  text-decoration: underline; \/* 5 *\/\r\n  cursor: pointer; \/* 5 *\/\r\n}\r\n[aria-describedby=\"footnote-label\"]:focus::after {\r\n  outline: thin dotted;\r\n  outline-offset: 2px;\r\n}\r\n[aria-label=\"Back to content\"] {\r\n  font-size: 0.8em;\r\n}\r\nfooter :target {\r\n  background: yellow;\r\n}\r\n.visually-hidden {\r\n  position: absolute;\r\n  clip: rect(0 0 0 0);\r\n  visibility: hidden;\r\n  opacity: 0;\r\n}\r\n<\/style><div class=\"reference-list\"><h3>R\u00e9f\u00e9rences<\/h3><ol><li id=\"ref-1\">(DNPS-32)- Mesure des traits subcliniques de la personnalit\u00e9 narcissique : <a href=\"https:\/\/doi.org\/10.31234\/osf.io\/mfcvp\">https:\/\/doi.org\/10.31234\/osf.io\/mfcvp<\/a> <a href=\"#ref-link-1\" class=\"back-link\" aria-label=\"Retour au contenu\">\u21a9<\/a><\/li><li id=\"ref-2\">Womick, J., Atherton, B., &amp; King, L.A. (2020). Vies de signification (et de but et coh\u00e9rence)\u00a0: Narcissisme subclinique, sens de la vie et bien-\u00eatre subjectif. Heliyon, 6(5), e03982. <a href=\"https:\/\/doi.org\/10.1016\/j.heliyon.2020.e03982\">https:\/\/doi.org\/10.1016\/j.heliyon.2020.e03982<\/a> <a href=\"#ref-link-2\" class=\"back-link\" aria-label=\"Retour au contenu\">\u21a9<\/a><\/li><li id=\"ref-3\">Krizan, Z., &amp; Herlache, A. D. (2017). Le mod\u00e8le du spectre du narcissisme\u00a0: une vue synth\u00e9tique de la personnalit\u00e9 narcissique. Revue de psychologie sociale et de la personnalit\u00e9. <a href=\"https:\/\/doi.org\/10.1177\/1088868316685018\">https:\/\/doi.org\/10.1177\/1088868316685018<\/a> <a href=\"#ref-link-3\" class=\"back-link\" aria-label=\"Retour au contenu\">\u21a9<\/a><\/li><li id=\"ref-4\">Brown, R. P., Budzek, K., &amp; Tamborski, M. (2009). Sur la signification et la mesure du narcissisme. Bulletin de personnalit\u00e9 et de psychologie sociale. <a href=\"https:\/\/doi.org\/10.1177\/0146167209335461\">https:\/\/doi.org\/10.1177\/0146167209335461 <\/a> <a href=\"#ref-link-4\" class=\"back-link\" aria-label=\"Retour au contenu\">\u21a9<\/a><\/li><li id=\"ref-5\">Raskin, R., &amp; Novacek, J. (1991). Narcissisme et l\u2019utilisation de la fantaisie. Journal of Clinical Psychology, 47(4), 490-499. <a href=\"https:\/\/psycnet.apa.org\/record\/1991-33202-001\" target=\"_blank\" rel=\"noopener\">https:\/\/psycnet.apa.org\/record\/1991-33202-001<\/a> <a href=\"#ref-link-5\" class=\"back-link\" aria-label=\"Retour au contenu\">\u21a9<\/a><\/li><li id=\"ref-6\">Krizan, Z., &amp; Johar, O. (2012). L\u2019envie divise les deux visages du narcissisme. Journal of Personality, 80(5), 1415-1451. <a href=\"https:\/\/doi.org\/10.1111\/j.1467-6494.2012.00767.x\" target=\"_blank\" rel=\"noopener\">https:\/\/doi.org\/10.1111\/j.1467-6494.2012.00767.x<\/a> <a href=\"#ref-link-6\" class=\"back-link\" aria-label=\"Retour au contenu\">\u21a9<\/a><\/li><\/ol><\/div>","protected":false},"excerpt":{"rendered":"Le test de personnalit\u00e9 narcissique est une adaptation num\u00e9rique de l'\u00e9chelle de personnalit\u00e9 narcissique Deenz (DNPS-32) utilis\u00e9e pour mesurer 8 traits subcliniques de la personnalit\u00e9 narcissique - la grandiosit\u00e9, la fantaisie, l'exclusivit\u00e9, l'appropriation, l'exploitation, l'antipathie, l'envie et l'arrogance. En \u00e9valuant ces traits subcliniques, l'\u00e9chelle tente \u00e9galement de d\u00e9terminer si une personne peut \u00eatre atteinte d'un trouble de la personnalit\u00e9 narcissique.","protected":false},"author":1,"featured_media":5835,"parent":0,"menu_order":0,"comment_status":"closed","ping_status":"closed","template":"","meta":{"inline_featured_image":false,"footnotes":""},"categories":[5],"class_list":["post-4177","page","type-page","status-publish","has-post-thumbnail","hentry","category-personality-assessments"],"lang":"en","translations":{"en":4177},"_links":{"self":[{"href":"https:\/\/drdeenz.com\/fr\/wp-json\/wp\/v2\/pages\/4177","targetHints":{"allow":["GET"]}}],"collection":[{"href":"https:\/\/drdeenz.com\/fr\/wp-json\/wp\/v2\/pages"}],"about":[{"href":"https:\/\/drdeenz.com\/fr\/wp-json\/wp\/v2\/types\/page"}],"author":[{"embeddable":true,"href":"https:\/\/drdeenz.com\/fr\/wp-json\/wp\/v2\/users\/1"}],"replies":[{"embeddable":true,"href":"https:\/\/drdeenz.com\/fr\/wp-json\/wp\/v2\/comments?post=4177"}],"version-history":[{"count":4,"href":"https:\/\/drdeenz.com\/fr\/wp-json\/wp\/v2\/pages\/4177\/revisions"}],"predecessor-version":[{"id":5840,"href":"https:\/\/drdeenz.com\/fr\/wp-json\/wp\/v2\/pages\/4177\/revisions\/5840"}],"wp:featuredmedia":[{"embeddable":true,"href":"https:\/\/drdeenz.com\/fr\/wp-json\/wp\/v2\/media\/5835"}],"wp:attachment":[{"href":"https:\/\/drdeenz.com\/fr\/wp-json\/wp\/v2\/media?parent=4177"}],"wp:term":[{"taxonomy":"category","embeddable":true,"href":"https:\/\/drdeenz.com\/fr\/wp-json\/wp\/v2\/categories?post=4177"}],"curies":[{"name":"wp","href":"https:\/\/api.w.org\/{rel}","templated":true}]}}