{"id":4147,"date":"2024-02-08T03:45:33","date_gmt":"2024-02-08T03:45:33","guid":{"rendered":"https:\/\/drdeenz.com\/?p=4147"},"modified":"2025-10-25T12:37:10","modified_gmt":"2025-10-25T12:37:10","slug":"test-de-colere","status":"publish","type":"page","link":"https:\/\/drdeenz.com\/fr\/test-de-colere\/","title":{"rendered":"Test des probl\u00e8mes de col\u00e8re"},"content":{"rendered":"<p>Ce quiz est une version interactive de l\u2019\u00e9chelle de r\u00e9ponse \u00e0 la col\u00e8re de Deenz (DARS-24) utilis\u00e9e pour \u00e9valuer diverses dimensions de la col\u00e8re en \u00e9valuant les comportements et les attitudes. Le quiz est d\u00e9velopp\u00e9 en r\u00e9f\u00e9rence \u00e0 (DAR-5), <sup id=\"ref-link-1\"><a href=\"#ref-1\">[1]<\/a><\/sup> qui est une br\u00e8ve mesure de la col\u00e8re multidimensionnelle et est l\u2019\u0153uvre d\u2019Alessandra C. Goulart et d\u2019autres. (DARS-24) Il est d\u00e9velopp\u00e9 par Drdeenz et n\u2019est associ\u00e9 \u00e0 aucune recherche ni \u00e0 (DAR-5).  La col\u00e8re est une r\u00e9ponse naturelle \u00e0 une menace, une douleur ou une provocation, et elle joue un r\u00f4le important dans nos vies. Au fil des ans, notre compr\u00e9hension de la fa\u00e7on dont les individus r\u00e9agissent g\u00e9n\u00e9ralement \u00e0 leur col\u00e8re et la g\u00e8rent a \u00e9volu\u00e9. Tout le monde est diff\u00e9rent ; les gens s\u2019expriment et r\u00e9agissent diff\u00e9remment dans une situation qui d\u00e9clenche la col\u00e8re. Quelqu\u2019un peut exprimer un comportement passif-agressif pour exprimer sa col\u00e8re indirectement ou l\u2019int\u00e9rioriser, tandis que d\u2019autres peuvent devenir agressifs et perdre le contr\u00f4le lors de disputes. <sup id=\"ref-link-2\"><a href=\"#ref-2\">[2]<\/a><\/sup> Mesurer ces mod\u00e8les nous aide \u00e0 comprendre comment un individu r\u00e9agit aux situations qui peuvent d\u00e9clencher la col\u00e8re.<\/p>\r\n\r\n<p>Le principal objectif de l\u2019\u00e9chelle de r\u00e9ponse \u00e0 la col\u00e8re de Deenz (DARS-24) est de mesurer l\u2019inclination envers les probl\u00e8mes de col\u00e8re en \u00e9valuant les comportements et les attitudes. Voici les principaux traits ou facettes des probl\u00e8mes de col\u00e8re que ce quiz essaie d\u2019\u00e9valuer. Apr\u00e8s avoir termin\u00e9 le quiz, les scores li\u00e9s \u00e0 ces domaines vous seront pr\u00e9sent\u00e9s dans un tableau.<\/p>\r\n<p style=\"background: #ffc6ba;padding: 5px;\"><strong>La faute :<\/strong> Bl\u00e2mer les autres est le principal trait des probl\u00e8mes de col\u00e8re, et c\u2019est aussi la principale cause de la col\u00e8re du tigre. Une personne ayant des probl\u00e8mes de col\u00e8re bl\u00e2me toujours les autres pour ses m\u00e9faits. Si vous avez obtenu un score \u00e9lev\u00e9 pour ce trait, cela signifie que vous bl\u00e2mez les autres pour \u00e9viter la responsabilit\u00e9, et c\u2019est une r\u00e9ponse naturelle lorsque vous vous sentez menac\u00e9 dans une situation o\u00f9 vous vous sentez ins\u00e9curis\u00e9 et vuln\u00e9rable. <\/p>\r\n<p style=\"background: #00bcd4;padding: 5px;\"><strong>Impatience :<\/strong> Il est normal de se sentir frustr\u00e9 quand les choses ne fonctionnent pas. Une personne qui manque de patience ressentira la frustration car elle est naturelle, et cela d\u00e9pend du fait qu\u2019elle l\u2019int\u00e9riorise ou l\u2019ext\u00e9riorise. Une personne qui se sent frustr\u00e9e lorsque les choses ne fonctionnent pas comme pr\u00e9vu peut prendre des d\u00e9cisions impulsives comme m\u00e9canisme d\u2019adaptation.  <\/p>\r\n<p style=\"background: #a3b0d7;padding: 5px;\"><strong>La d\u00e9fensive :<\/strong> Nous nous sentons sur la d\u00e9fensive dans les situations o\u00f9 nous nous sentons menac\u00e9s, et c\u2019est normal. Une personne ayant des probl\u00e8mes de gestion de la col\u00e8re a tendance \u00e0 devenir agressive et d\u00e9fensive dans les conflits ou lorsqu\u2019elle n\u2019est pas d\u2019accord avec des choses qui ne sont pas favorables. Il peut r\u00e9agir agressivement et rapidement sans penser aux cons\u00e9quences pour se prot\u00e9ger des menaces ou critiques per\u00e7ues.<sup id=\"ref-link-3\"><a href=\"#ref-3\">[3]<\/a><\/sup> <\/p>\r\n<p style=\"background: #80cac7;padding: 5px;\"><strong>Passif-agression :<\/strong> Certaines personnes int\u00e9riorisent la frustration et l\u2019expriment plus tard de mani\u00e8re subtile. Une personne qui \u00e9vite un conflit imm\u00e9diat a tendance \u00e0 int\u00e9rioriser et \u00e0 utiliser des tactiques passives-agressives telles que le traitement silencieux et le sarcasme. Ces comportements passifs-agressifs sont souvent li\u00e9s \u00e0 des probl\u00e8mes de gestion de la col\u00e8re. <\/p>\r\n<p style=\"background: #FF9900;padding: 5px;\"><strong>Escalade :<\/strong> Certaines personnes \u00e9vitent l\u2019action imm\u00e9diate ou la r\u00e9action \u00e0 la col\u00e8re lorsque des conflits se produisent, mais si la m\u00eame situation se produit une autre fois, elle peut devenir tr\u00e8s intense et anim\u00e9e. Une personne qui a du mal \u00e0 r\u00e9guler sa col\u00e8re a tendance \u00e0 s\u2019intensifier rapidement. Pour certaines personnes, une petite dispute peut se transformer en grande bagarre, ce qui indique qu\u2019il pourrait y avoir des probl\u00e8mes de gestion de la col\u00e8re. <\/p>\r\n<p style=\"background: #bce889;padding: 5px;\"><strong>La vengeance :<\/strong> Penser \u00e0 la vengeance est une chose naturelle qui se produit g\u00e9n\u00e9ralement lorsque quelqu\u2019un fait quelque chose de mal. Le d\u00e9sir de vengeance peut \u00eatre nuisible, mais une personne normale peut l\u2019oublier avec le temps. Les personnes ayant des probl\u00e8mes de col\u00e8re ne peuvent pas pardonner et ne peuvent pas oublier les \u00e9v\u00e9nements pass\u00e9s. <\/p>\r\n<p style=\"background: #00ff10;padding: 5px;\"><strong>Intimidation :<\/strong> Les personnes ayant des probl\u00e8mes de gestion de la col\u00e8re les utilisent souvent pour contr\u00f4ler ou manipuler les autres. Elles peuvent utiliser des comportements agressifs pour affirmer leur pouvoir sur les autres. D\u2019un point de vue psychologique, il s\u2019agit d\u2019un m\u00e9canisme d\u2019adaptation inadapt\u00e9. <\/p>\r\n<style>[role~=listitem] {\r\n    border-top: 0.063rem solid #ccc;\r\n    margin: 20px 0px;\r\n    padding-top: 10px;\r\n}\r\n.scale-label {\r\n    margin: 0px 10px;\r\n    font-weight: bold;\r\n}.slider-container {\r\n    display: inline-flex;\r\n}\r\n    .watupro-slider {\r\n      position: relative;\r\n      width: 80%;\r\n      margin: 20px auto;\r\n    }\r\n.question-content p {\r\n    margin-bottom: 30px!important;\r\nfont-size: 22px;\r\n}\r\n .watupro-slider::before,\r\n    .watupro-slider::after {\r\n      content: '';\r\n      position: absolute;\r\n      top: 0;\r\n      bottom: 0;\r\n      width: 1px;\r\n      background-color: black;\r\n    }\r\n    .watupro-slider::before {\r\n      left: 25%;\r\n    }\r\n\r\n    .watupro-slider::after {\r\n      left: 75%;\r\n    }\r\n    .watupro-slider::after {\r\n      right: 0;\r\n    }\r\n    .watupro-slider {\r\n      width: 100%;\r\n      height: 10px;\r\n      background: linear-gradient(to right, #ff7675 50%, #55efc4 50%)!important; \r\n      border-radius: 5px!important;\r\n      position: relative;\r\nwidth: 300px;\r\n    margin: auto;\r\n    }\r\n    .ui-slider-handle {\r\n      position: absolute;\r\n      width: 20px;\r\n      height: 20px;\r\n      background-color: white;\r\n      border: 2px solid #3498db; \/* Set the color of the handle border *\/\r\n      border-radius: 50%;\r\n      top: 50%!important;\r\n      transform: translateY(-50%);\r\n      cursor: grab;\r\nheight: 1em!important;\r\n    }\r\n    .ui-slider-handle:hover {\r\n      cursor: grabbing;\r\n    }\r\nfooter {\r\n  margin-top: 50px;\r\n  border-top: 1px solid silver;\r\n  font-size: 0.8em;\r\n}\r\nfooter ol {\r\n  padding-left: 20px;\r\n}\r\narticle {\r\n  counter-reset: footnotes;\r\n}\r\n[aria-describedby=\"footnote-label\"] {\r\n  counter-increment: footnotes; \/* 1 *\/\r\n  text-decoration: none; \/* 2 *\/\r\n  color: inherit; \/* 2 *\/\r\n  cursor: default; \/* 2 *\/\r\n  outline: none; \/* 2 *\/\r\n}\r\n[aria-describedby=\"footnote-label\"]::after {\r\n  content: '[' counter(footnotes) ']'; \/* 1 *\/\r\n  vertical-align: super; \/* 2 *\/\r\n  font-size: 0.5em; \/* 3 *\/\r\n  margin-left: 2px; \/* 4 *\/\r\n  color: blue; \/* 5 *\/\r\n  text-decoration: underline; \/* 5 *\/\r\n  cursor: pointer; \/* 5 *\/\r\n}\r\n[aria-describedby=\"footnote-label\"]:focus::after {\r\n  outline: thin dotted;\r\n  outline-offset: 2px;\r\n}\r\n[aria-label=\"Back to content\"] {\r\n  font-size: 0.8em;\r\n}\r\nfooter :target {\r\n  background: yellow;\r\n}\r\n.visually-hidden {\r\n  position: absolute;\r\n  clip: rect(0 0 0 0);\r\n  visibility: hidden;\r\n  opacity: 0;\r\n}\r\n @media (max-width: 500px) {\r\n.watu-question .question-content {\r\n    margin: 0 auto 1.75em 0;\r\n}.slider-container {\r\n    position: relative;\r\n}.scale-label {\r\nmargin: 0px;\r\n    font-weight: 700;\r\n    font-family: 'Open Sans',Helvetica,Arial,sans-serif;\r\n    position: absolute;\r\n    bottom: -36px;\r\n}.scale-label.disagree {\r\n    left: 0;\r\n}.scale-label.agree {\r\n    right: 0;\r\n}}\r\n  .langs a img {\r\n    height: 48px;\r\n    width: 48px;\r\n}.langs {\r\n    background: #e7f5f7;\r\n    border-radius: 10px;\r\n    padding: 0 13px;\r\n}.langs a {\r\n    text-decoration: none;\r\n    display: inline-block;\r\n    margin-right: 10px;\r\n}td {\r\n    padding: 0.3rem;\r\n}<\/style><div class=\"reference-list\"><h3>R\u00e9f\u00e9rences<\/h3><ol><li id=\"ref-1\">Goulart, A. C., Bismarchi, D., Rienzo, M., Syllos, D. H., &amp; Wang, Y. P. (2020). Dimensions of Anger Reactions (DAR-5)\u00a0: un outil utile de d\u00e9pistage de la col\u00e8re dans la population g\u00e9n\u00e9rale. Revue internationale de psychiatrie en pratique clinique, 25(4), 421\u2013429. <a href=\"https:\/\/doi.org\/10.1080\/13651501.2020.1821893\">https:\/\/doi.org\/10.1080\/13651501.2020.1821893<\/a> <a href=\"#ref-link-1\" class=\"back-link\" aria-label=\"Retour au contenu\">\u21a9<\/a><\/li><li id=\"ref-2\">Fettich, K. C., McCloskey, M. S., Look, A. E., &amp; Coccaro, E. F. (2014). D\u00e9ficits de r\u00e9gulation des \u00e9motions dans le trouble explosif intermittent. Comportement agressif, 41(1), 25-33. <a href=\"https:\/\/doi.org\/10.1002\/ab.21566\">https:\/\/doi.org\/10.1002\/ab.21566<\/a> <a href=\"#ref-link-2\" class=\"back-link\" aria-label=\"Retour au contenu\">\u21a9<\/a><\/li><li id=\"ref-3\">Deffenbacher, J. L., Oetting, E. R., Lynch, R. S. et Morris, C. D. (1996). The expression of anger and its consequences. Behaviour Research and Therapy, 34(7), 575-590. <a href=\"https:\/\/doi.org\/10.1016\/0005-7967(96)00018-6\">https:\/\/doi.org\/10.1016\/0005-7967(96)00018-6<\/a> <a href=\"#ref-link-3\" class=\"back-link\" aria-label=\"Retour au contenu\">\u21a9<\/a><\/li><\/ol><\/div>","protected":false},"excerpt":{"rendered":"Le test de col\u00e8re, adapt\u00e9 de l'\u00e9chelle de r\u00e9ponse \u00e0 la col\u00e8re Deenz (DARI-24), aide \u00e0 comprendre les attitudes et les comportements li\u00e9s \u00e0 la col\u00e8re. Il se concentre sur huit domaines cl\u00e9s souvent associ\u00e9s aux probl\u00e8mes de gestion de la col\u00e8re- : les reproches, l'impatience, l'attitude d\u00e9fensive, les comportements passifs-agressifs, l'escalade, la vengeance et l'intimidation.","protected":false},"author":1,"featured_media":5799,"parent":0,"menu_order":0,"comment_status":"closed","ping_status":"closed","template":"","meta":{"inline_featured_image":false,"footnotes":""},"categories":[14],"class_list":["post-4147","page","type-page","status-publish","has-post-thumbnail","hentry","category-anger-management"],"lang":"en","translations":{"en":4147},"_links":{"self":[{"href":"https:\/\/drdeenz.com\/fr\/wp-json\/wp\/v2\/pages\/4147","targetHints":{"allow":["GET"]}}],"collection":[{"href":"https:\/\/drdeenz.com\/fr\/wp-json\/wp\/v2\/pages"}],"about":[{"href":"https:\/\/drdeenz.com\/fr\/wp-json\/wp\/v2\/types\/page"}],"author":[{"embeddable":true,"href":"https:\/\/drdeenz.com\/fr\/wp-json\/wp\/v2\/users\/1"}],"replies":[{"embeddable":true,"href":"https:\/\/drdeenz.com\/fr\/wp-json\/wp\/v2\/comments?post=4147"}],"version-history":[{"count":4,"href":"https:\/\/drdeenz.com\/fr\/wp-json\/wp\/v2\/pages\/4147\/revisions"}],"predecessor-version":[{"id":5790,"href":"https:\/\/drdeenz.com\/fr\/wp-json\/wp\/v2\/pages\/4147\/revisions\/5790"}],"wp:featuredmedia":[{"embeddable":true,"href":"https:\/\/drdeenz.com\/fr\/wp-json\/wp\/v2\/media\/5799"}],"wp:attachment":[{"href":"https:\/\/drdeenz.com\/fr\/wp-json\/wp\/v2\/media?parent=4147"}],"wp:term":[{"taxonomy":"category","embeddable":true,"href":"https:\/\/drdeenz.com\/fr\/wp-json\/wp\/v2\/categories?post=4147"}],"curies":[{"name":"wp","href":"https:\/\/api.w.org\/{rel}","templated":true}]}}