{"id":41,"date":"2023-02-05T04:03:49","date_gmt":"2023-02-05T04:03:49","guid":{"rendered":"https:\/\/drdeenz.com\/?p=41"},"modified":"2025-11-03T14:46:21","modified_gmt":"2025-11-03T14:46:21","slug":"test-suicidaire-suis-je-suicidaire","status":"publish","type":"page","link":"https:\/\/drdeenz.com\/fr\/test-suicidaire-suis-je-suicidaire\/","title":{"rendered":"Test du suicide - Suis-je suicidaire ?"},"content":{"rendered":"<p><strong>Ce test \/ quiz est une version interactive de <\/strong><strong>Deenz \u00c9chelle de tendance suicidaire (DSTS-25)<\/strong> <sup id=\"ref-link-1\"><a href=\"#ref-1\">[1]<\/a><\/sup> con\u00e7ue pour mesurer les tendances suicidaires. L'\u00e9chelle tente d'\u00e9valuer cinq dimensions fondamentales des tendances suicidaires : <strong>D\u00e9sespoir, impuissance, d\u00e9valorisation, perception du fardeau et d\u00e9sir d'\u00e9chapper \u00e0 la douleur<\/strong>. Ce test\/quiz sur le suicide n'est pas destin\u00e9 \u00e0 l'autodiagnostic et ne peut remplacer un diagnostic professionnel. Si vous ou une personne de votre entourage avez des pens\u00e9es suicidaires, demandez imm\u00e9diatement de l'aide.\r\n<\/p>\r\n<p>Au fil des ans, notre compr\u00e9hension des tendances suicidaires a \u00e9volu\u00e9. La psychologie moderne met l'accent sur l'\u00e9tude des traits suicidaires en \u00e9valuant des facteurs multidimensionnels. <strong>Les psychologues estiment que les pens\u00e9es suicidaires surviennent souvent en r\u00e9ponse \u00e0 une douleur \u00e9motionnelle et \u00e0 un fort sentiment de d\u00e9sespoir.<\/strong> <sup id=\"ref-link-2\"><a href=\"#ref-2\">[2]<\/a><\/sup> Il n'est pas n\u00e9cessaire que les personnes ayant des id\u00e9es suicidaires ne manifestent que des signes cliniques d'id\u00e9es suicidaires. <a href=\"https:\/\/drdeenz.com\/fr\/test-de-depression-agitee\/\">d\u00e9pression<\/a>. Certaines personnes essaient de cacher leur <a href=\"https:\/\/drdeenz.com\/fr\/test-dabus-emotionnel\/\">les luttes \u00e9motionnelles<\/a>. <strong>Les tendances suicidaires peuvent r\u00e9sulter de divers facteurs, notamment de probl\u00e8mes sociaux, \u00e9conomiques et interpersonnels.<\/strong> <sup id=\"ref-link-3\"><a href=\"#ref-3\">[3]<\/a><\/sup><\/p>\r\n<p>Deenz Suicidal Tendency Scale (DSTS-25), l'objectif principal de l'\u00e9chelle est de mesurer les tendances suicidaires et de v\u00e9rifier si un individu peut pr\u00e9senter des traits d\u00e9pressifs. Dans une \u00e9tude de cas, l'\u00e9chelle a d\u00e9montr\u00e9 sa pr\u00e9cision dans la mesure de la s\u00e9v\u00e9rit\u00e9 et des facteurs de risque associ\u00e9s \u00e0 des exp\u00e9riences et des comportements \u00e9motionnels intenses.<\/p>\r\n<p>Les pens\u00e9es suicidaires ne constituent pas un trouble mental en soi, mais peuvent \u00eatre un sympt\u00f4me grave de tout trouble mental traitable, tel que <strong>la d\u00e9pression, la schizophr\u00e9nie et <a href=\"https:\/\/drdeenz.com\/fr\/categorie\/trouble-anxieux\/\">troubles anxieux<\/a><\/strong>, etc. <sup id=\"ref-link-4\"><a href=\"#ref-4\">[4]<\/a><\/sup><\/p>\r\n\r\n<p><strong>Les quiz et les tests en ligne ne sont pas consid\u00e9r\u00e9s comme exacts.<\/strong> Ce quiz d'auto-\u00e9valuation-assessment n'est pas con\u00e7u pour fournir un quelconque avis m\u00e9dical, <strong>les informations fournies sont uniquement destin\u00e9es \u00e0 des fins \u00e9ducatives<\/strong>. En 2019, le suicide \u00e9tait la dixi\u00e8me cause de d\u00e9c\u00e8s et on estime que 800 000 personnes se suicident chaque ann\u00e9e dans le monde. Une aide et un soutien professionnels pr\u00e9coces peuvent emp\u00eacher les gens de mettre fin \u00e0 leurs jours. <sup id=\"ref-link-5\"><a href=\"#ref-5\">[5]<\/a><\/sup> Ce questionnaire de d\u00e9pistage de l'automutilation suicidaire- peut \u00eatre utile et constituer la premi\u00e8re \u00e9tape vers l'obtention d'une aide professionnelle. Un score \u00e9lev\u00e9 ne signifie pas n\u00e9cessairement que vous souffrez de sympt\u00f4mes d\u00e9pressifs.<\/p>\r\n<style>.baseline {\r\n    bottom: 87px;\r\n}.bar {\r\n    max-width: 55%;\r\n}.bar-label {\r\n    flex-direction: column;\r\n}.chart-container::before {\r\n    background-image: linear-gradient(to top, #ddd 1px, transparent 1px);\r\n    background-size: 100% 20%;\r\n    height: 154px;\r\n}.bar-container {\r\n    height: 218px;\r\n}<\/style>\r\n<style>\r\n.watupro-question-choice label {\r\n    display: block!important;;\r\n    width: 100%;\r\n    white-space: normal;        \/* allow text to wrap *\/\r\n    word-wrap: break-word;      \/* break long words if needed *\/\r\n    overflow-wrap: break-word;\r\n}.quiz-form label {\r\n    max-width: none!important;\r\n}\r\nsup {\r\n  cursor: pointer;\r\n}\r\nsup span {\r\n  cursor: default;\r\n  background: #ecf0f1;\r\n  border: 0.125rem solid #3498db;\r\n  position: absolute;\r\n  left: -120px;\r\n  right: 0;\r\n  bottom: 100%;\r\n  margin: 0 0 0.7em -1em;\r\n  width: 300px;\r\n  padding: 1em;\r\n  line-height: 1.618em;\r\n  opacity: 0;\r\n  visibility: hidden;\r\n  transition: all 0.35s;\r\n}\r\nsup span::before {\r\n  content: '';\r\n  border-style: solid;\r\n  border-width: 0.7em 0.7em 0 0.7em;\r\n  border-color: #3498db transparent transparent transparent;\r\n  position: absolute;\r\n  bottom: -0.7em;\r\n  width: 0;\r\n  height: 0;\r\n}\r\nsup:hover span {\r\n  opacity: 1;\r\n  visibility: visible;\r\n  transition: all 0.35s;\r\n} .langs a img {\r\n    height: 48px;\r\n    width: 48px;\r\n}.langs {\r\n    background: #e7f5f7;\r\n    border-radius: 10px;\r\n    padding: 0 13px;\r\n}.langs a {\r\n    text-decoration: none;\r\n    display: inline-block;\r\n    margin-right: 10px;\r\n}<\/style><style>[role~=listitem] {\r\n    border-top: 0.063rem solid #ccc;\r\n    margin: 20px 0px;\r\n    padding-top: 10px;\r\n}.question-content {\r\n    font-size: 24px;\r\n}.question-choices.watupro-choices-columns {\r\n    list-style: none;\r\n    width: 100%;\r\n    max-width: 600px;\r\n    margin: auto;\r\n    display: block;\r\nfloat: none;\r\n}\r\n.question-choices.watupro-choices-columns:before {\r\n    content: '';\r\n    position: relative;\r\n    top: 40px;\r\n    left: 12.5%;\r\n    display: block;\r\n    background-color: #fff;\r\n    height: 4px;\r\n    width: 78%;\r\n}\r\n.watupro-question-choice {\r\n    display: inline-block!important;\r\n    width: 19%;\r\n    text-align: center;\r\n    vertical-align: top;\r\n}\r\n.watupro-question-choice input[type=radio] {\r\n    display: block;\r\n    position: relative;\r\n    top: 0;\r\n    left: 50%;\r\n    margin-left: -6px!important;\r\n    width: 25px;\r\n    height: 25px;\r\n}\r\n.quiz-form label {width:100%;}\r\n@media only screen and (max-width: 484px) {.quiz-form label {width:100%;font-size: 9px!important;})<\/style><div class=\"reference-list\"><h3>R\u00e9f\u00e9rences<\/h3><ol><li id=\"ref-1\">Deen Mohd Dar. D\u00e9veloppement et validation de l'\u00e9chelle de tendance suicidaire Deenz (DSTS-24) dans une population d'\u00e9tudiants : A Comprehensive Psychometric Evaluation. ScienceOpen Preprints. 2024. <a href=\"https:\/\/doi.org\/10.14293\/pr2199.000816.v1\">DOI : 10.14293\/PR2199.000816.v1<\/a> <a href=\"#ref-link-1\" class=\"back-link\" aria-label=\"Retour au contenu\">\u21a9<\/a><\/li><li id=\"ref-2\">Kleiman, E. M. et Nock, M. K. (2018). \u00c9valuation en temps r\u00e9el des pens\u00e9es et des comportements suicidaires. Current Opinion in Psychology, 22, 33-37. <a href=\"https:\/\/doi.org\/10.1016\/j.copsyc.2017.07.026\">https:\/\/doi.org\/10.1016\/j.copsyc.2017.07.026<\/a> <a href=\"#ref-link-2\" class=\"back-link\" aria-label=\"Retour au contenu\">\u21a9<\/a><\/li><li id=\"ref-3\">Hom MA, Stanley IH \"Are you having thoughts of suicide ?\" (Avez-vous des pens\u00e9es suicidaires ?) Examen des exp\u00e9riences de divulgation et de n\u00e9gation des id\u00e9es suicidaires. <a href=\"https:\/\/doi.org\/10.1002\/jclp.22440\">https:\/\/doi.org\/10.1002\/jclp.22440<\/a> <a href=\"#ref-link-3\" class=\"back-link\" aria-label=\"Retour au contenu\">\u21a9<\/a><\/li><li id=\"ref-4\">Nyer et autres \"Factors that distinguish college students with depressive symptoms with and without suicidal thoughts\" (Facteurs qui distinguent les \u00e9tudiants pr\u00e9sentant des sympt\u00f4mes d\u00e9pressifs avec et sans pens\u00e9es suicidaires). <a href=\"https:\/\/www.ncbi.nlm.nih.gov\/pmc\/articles\/PMC3791316\/\">https:\/\/www.ncbi.nlm.nih.gov\/pmc\/articles\/PMC3791316\/<\/a> <a href=\"#ref-link-4\" class=\"back-link\" aria-label=\"Retour au contenu\">\u21a9<\/a><\/li><li id=\"ref-5\">Suicide - Aper\u00e7u des statistiques relatives au suicide. <a href=\"https:\/\/www.nimh.nih.gov\/health\/statistics\/suicide\">https:\/\/www.nimh.nih.gov\/health\/statistics\/suicide<\/a> <a href=\"#ref-link-5\" class=\"back-link\" aria-label=\"Retour au contenu\">\u21a9<\/a><\/li><\/ol><\/div>","protected":false},"excerpt":{"rendered":"Suicidal test est l'adaptation num\u00e9rique de l'\u00e9chelle de tendance suicidaire Deenz (DSTS-24) con\u00e7ue pour mesurer la probabilit\u00e9 de manifestation de tendances suicidaires.","protected":false},"author":1,"featured_media":1266,"parent":0,"menu_order":0,"comment_status":"closed","ping_status":"closed","template":"","meta":{"inline_featured_image":false,"footnotes":""},"categories":[3],"class_list":["post-41","page","type-page","status-publish","has-post-thumbnail","hentry","category-depression"],"lang":"en","translations":{"en":41},"_links":{"self":[{"href":"https:\/\/drdeenz.com\/fr\/wp-json\/wp\/v2\/pages\/41","targetHints":{"allow":["GET"]}}],"collection":[{"href":"https:\/\/drdeenz.com\/fr\/wp-json\/wp\/v2\/pages"}],"about":[{"href":"https:\/\/drdeenz.com\/fr\/wp-json\/wp\/v2\/types\/page"}],"author":[{"embeddable":true,"href":"https:\/\/drdeenz.com\/fr\/wp-json\/wp\/v2\/users\/1"}],"replies":[{"embeddable":true,"href":"https:\/\/drdeenz.com\/fr\/wp-json\/wp\/v2\/comments?post=41"}],"version-history":[{"count":4,"href":"https:\/\/drdeenz.com\/fr\/wp-json\/wp\/v2\/pages\/41\/revisions"}],"predecessor-version":[{"id":5873,"href":"https:\/\/drdeenz.com\/fr\/wp-json\/wp\/v2\/pages\/41\/revisions\/5873"}],"wp:featuredmedia":[{"embeddable":true,"href":"https:\/\/drdeenz.com\/fr\/wp-json\/wp\/v2\/media\/1266"}],"wp:attachment":[{"href":"https:\/\/drdeenz.com\/fr\/wp-json\/wp\/v2\/media?parent=41"}],"wp:term":[{"taxonomy":"category","embeddable":true,"href":"https:\/\/drdeenz.com\/fr\/wp-json\/wp\/v2\/categories?post=41"}],"curies":[{"name":"wp","href":"https:\/\/api.w.org\/{rel}","templated":true}]}}