{"id":400,"date":"2023-07-04T02:50:29","date_gmt":"2023-07-04T02:50:29","guid":{"rendered":"https:\/\/drdeenz.com\/?p=400"},"modified":"2025-11-05T15:56:20","modified_gmt":"2025-11-05T15:56:20","slug":"test-de-dysphorie-de-genre","status":"publish","type":"page","link":"https:\/\/drdeenz.com\/fr\/test-de-dysphorie-de-genre\/","title":{"rendered":"Dysphorie de genre test"},"content":{"rendered":"<p><em>\u00c9chelle de dysphorie de genre Deenz (DGDS-25) <sup id=\"ref-link-1\"><a href=\"#ref-1\">[1]<\/a><\/sup> est con\u00e7u pour mesurer les tendances aux traits subcliniques de la dysphorie de genre. Cet outil n'est pas con\u00e7u pour \u00e9tablir un autodiagnostic de dysphorie de genre. La participation \u00e0 ce quiz est totalement anonyme et les r\u00e9sultats fournis sont uniquement destin\u00e9s \u00e0 des fins \u00e9ducatives. Nous ne les conservons pas et ne les utilisons pas \u00e0 des fins de recherche. <\/em><\/p>\r\n<p>Le terme <strong>trouble de l'identit\u00e9 sexuelle<\/strong> est d\u00e9sormais remplac\u00e9 par <strong>dysphorie de genre<\/strong> dans la cinqui\u00e8me \u00e9dition (DSM-5) publi\u00e9e par l'American Psychiatric Association. La dysphorie de genre est l'exp\u00e9rience de <strong>la d\u00e9tresse caus\u00e9e par l'identit\u00e9 de genre \u00e9motionnelle ou psychologique<\/strong> qui ne correspond pas au sexe assign\u00e9 \u00e0 la naissance. La dysphorie de genre peut avoir des r\u00e9percussions importantes sur divers aspects de la vie. <sup id=\"ref-link-2\"><a href=\"#ref-2\">[2]<\/a><\/sup> Une personne souffrant de dysphorie de genre peut \u00eatre confront\u00e9e \u00e0 des difficult\u00e9s \u00e9motionnelles, sociales et relationnelles, ce qui affecte profond\u00e9ment son bien-\u00eatre mental et g\u00e9n\u00e9ral.<\/p>\r\n\r\n<p>L'\u00e9chelle de dysphorie de genre Deenz (DGDS-25) est utilis\u00e9e pour acc\u00e9der aux informations suivantes <strong>insatisfaction \u00e0 l'\u00e9gard de l'identit\u00e9, des expressions et de la d\u00e9tresse li\u00e9es au genre<\/strong>. Il \u00e9value \u00e9galement votre comportement afin de mesurer l'impact de la d\u00e9tresse et de l'inconfort sur diff\u00e9rents domaines de la vie.<\/p>\r\n\r\n<h2>\u00c9chelle de dysphorie de genre Deenz (DGDS-26)<\/h2>\r\n\r\n<p>Au fil des ans, de nombreux d\u00e9bats et critiques ont eu lieu, ce qui a entra\u00een\u00e9 une modification des classifications, des perspectives et de la compr\u00e9hension de la d\u00e9tresse et des malaises li\u00e9s au sexe. <strong>En raison du manque de sensibilisation, les personnes qui \u00e9prouvent de la d\u00e9tresse et de la g\u00eane en raison d'identit\u00e9s de genre align\u00e9es ne cherchent pas \u00e0 obtenir une aide professionnelle.<\/strong> <sup id=\"ref-link-3\"><a href=\"#ref-3\">[3]<\/a><\/sup><\/p>\r\n\r\n<p>L'\u00e9laboration initiale de ce questionnaire de 25 questions a \u00e9t\u00e9 influenc\u00e9e par les recherches en cours et s'est d\u00e9tourn\u00e9e des troubles de l'identit\u00e9 sexuelle pour s'int\u00e9resser \u00e0 la d\u00e9tresse et au bien-\u00eatre li\u00e9s \u00e0 l'appartenance \u00e0 un sexe. <sup id=\"ref-link-4\"><a href=\"#ref-4\">[4]<\/a><\/sup> <\/p>\r\n\r\n<p>Les \u00e9l\u00e9ments de l'\u00e9chelle ont \u00e9t\u00e9 g\u00e9n\u00e9r\u00e9s en utilisant les revues de lecture et en consultant les crit\u00e8res DSM-IV pour \u00e9tablir le diagnostic. <strong>Le d\u00e9veloppement initial \u00e9tait bas\u00e9 sur les 54 items et la phase de test pilote a permis de r\u00e9duire le nombre d'items de l'\u00e9chelle \u00e0 25.<\/strong> La r\u00e9alisation d'une \u00e9tude de cas sur la validation de l'\u00e9chelle n'a pas \u00e9t\u00e9 possible pour l'instant, car l'\u00e9tude dans la population g\u00e9n\u00e9rale ne r\u00e9pond pas \u00e0 l'objectif de l'\u00e9chelle. Une \u00e9tude de cas efficace n\u00e9cessitera un groupe important de personnes susceptibles d'avoir d\u00e9j\u00e0 ressenti les sympt\u00f4mes li\u00e9s \u00e0 la d\u00e9tresse li\u00e9e au sexe dans les relations sociales et interpersonnelles. <strong>Les r\u00e9sultats des tests pilotes sont prometteurs en ce qui concerne la coh\u00e9rence interne et la fiabilit\u00e9 de l'\u00e9chelle.<\/strong> D'autres recherches devraient se concentrer sur la validation de l'\u00e9chelle sur un grand groupe de personnes ayant des identit\u00e9s de genre et des origines culturelles diff\u00e9rentes. <\/p>\r\n<style>.baseline {\r\n    bottom: 87px;\r\n}.bar {\r\n    max-width: 55%;\r\n}.bar-label {\r\n    flex-direction: column;\r\n}.chart-container::before {\r\n    background-image: linear-gradient(to top, #ddd 1px, transparent 1px);\r\n    background-size: 100% 20%;\r\n    height: 154px;\r\n}.bar-container {\r\n    height: 218px;\r\n}<\/style><div class=\"reference-list\"><h3>R\u00e9f\u00e9rences<\/h3><ol><li id=\"ref-1\">Deen Mohd Dar. Validation et propri\u00e9t\u00e9s psychom\u00e9triques de l\u2019\u00e9chelle de dysphorie de genre Deenz (DGDS-25)\u00a0: un outil d\u2019\u00e9valuation complet pour les tendances de dysphorie de genre. Pr\u00e9imprimer\u00a0: <a href=\"https:\/\/doi.org\/10.22541\/au.170870547.77564839\/v1\">https:\/\/doi.org\/10.22541\/au.170870547.77564839\/v1<\/a> <a href=\"#ref-link-1\" class=\"back-link\" aria-label=\"Retour au contenu\">\u21a9<\/a><\/li><li id=\"ref-2\">Atkinson, Sean R., et Darren Russell. \"Dysphorie de genre\". Australian family physician 44.11 (2015) : 792-796. <a href=\"https:\/\/www.researchgate.net\/profile\/Sean-Atkinson-5\/publication\/284435354_Gender_dysphoria\/links\/5e0d3aeda6fdcc28374feb9b\/Gender-dysphoria.pdf\">Portail de la recherche<\/a> <a href=\"#ref-link-2\" class=\"back-link\" aria-label=\"Retour au contenu\">\u21a9<\/a><\/li><li id=\"ref-3\">Steensma, T. D., Biemond, R. et Cohen-Kettenis, P. T. (2011). Desisting and persisting gender dysphoria after childhood : A qualitative follow-up study. Clinical Child Psychology and Psychiatry. <a href=\"https:\/\/doi.org\/10.1177\/1359104510378303\">https:\/\/doi.org\/10.1177\/1359104510378303<\/a> <a href=\"#ref-link-3\" class=\"back-link\" aria-label=\"Retour au contenu\">\u21a9<\/a><\/li><li id=\"ref-4\">Cohen-Kettenis, P.T., Pf\u00e4fflin, F. The DSM Diagnostic Criteria for Gender Identity Disorder in Adolescents and Adults. Arch Sex Behav 39, 499-513 (2010). <a href=\"https:\/\/doi.org\/10.1007\/s10508-009-9562-y\">https:\/\/doi.org\/10.1007\/s10508-009-9562-y<\/a> <a href=\"#ref-link-4\" class=\"back-link\" aria-label=\"Retour au contenu\">\u21a9<\/a><\/li><\/ol><\/div>","protected":false},"excerpt":{"rendered":"Le test de dysphorie de genre est l'adoption num\u00e9rique de l'\u00e9chelle de dysphorie de genre Deenz (DGDS-25), con\u00e7ue pour mesurer la probabilit\u00e9 ou la tendance \u00e0 la dysphorie de genre.","protected":false},"author":1,"featured_media":4370,"parent":0,"menu_order":0,"comment_status":"closed","ping_status":"closed","template":"","meta":{"inline_featured_image":false,"footnotes":""},"categories":[9],"class_list":["post-400","page","type-page","status-publish","has-post-thumbnail","hentry","category-gender"],"lang":"en","translations":{"en":400},"_links":{"self":[{"href":"https:\/\/drdeenz.com\/fr\/wp-json\/wp\/v2\/pages\/400","targetHints":{"allow":["GET"]}}],"collection":[{"href":"https:\/\/drdeenz.com\/fr\/wp-json\/wp\/v2\/pages"}],"about":[{"href":"https:\/\/drdeenz.com\/fr\/wp-json\/wp\/v2\/types\/page"}],"author":[{"embeddable":true,"href":"https:\/\/drdeenz.com\/fr\/wp-json\/wp\/v2\/users\/1"}],"replies":[{"embeddable":true,"href":"https:\/\/drdeenz.com\/fr\/wp-json\/wp\/v2\/comments?post=400"}],"version-history":[{"count":4,"href":"https:\/\/drdeenz.com\/fr\/wp-json\/wp\/v2\/pages\/400\/revisions"}],"predecessor-version":[{"id":5905,"href":"https:\/\/drdeenz.com\/fr\/wp-json\/wp\/v2\/pages\/400\/revisions\/5905"}],"wp:featuredmedia":[{"embeddable":true,"href":"https:\/\/drdeenz.com\/fr\/wp-json\/wp\/v2\/media\/4370"}],"wp:attachment":[{"href":"https:\/\/drdeenz.com\/fr\/wp-json\/wp\/v2\/media?parent=400"}],"wp:term":[{"taxonomy":"category","embeddable":true,"href":"https:\/\/drdeenz.com\/fr\/wp-json\/wp\/v2\/categories?post=400"}],"curies":[{"name":"wp","href":"https:\/\/api.w.org\/{rel}","templated":true}]}}