{"id":3960,"date":"2024-01-18T15:22:40","date_gmt":"2024-01-18T15:22:40","guid":{"rendered":"https:\/\/drdeenz.com\/?p=3960"},"modified":"2025-10-20T11:07:57","modified_gmt":"2025-10-20T11:07:57","slug":"test-dabus-emotionnel","status":"publish","type":"page","link":"https:\/\/drdeenz.com\/fr\/test-dabus-emotionnel\/","title":{"rendered":"Violence Psychologique Test"},"content":{"rendered":"<table class=\"quiz-information\">\r\n<tbody>\r\n<tr>\r\n<th colspan=\"2\">\r\n<h3 style=\"text-align: center; margin-bottom: 10px;\">Informations de base sur ce questionnaire<\/h3>\r\n<\/th>\r\n<\/tr>\r\n<tr>\r\n<td class=\"column1\" style=\"text-align: right;\">D\u00e9clarations :<\/td>\r\n<td><strong>48<\/strong><\/td>\r\n<\/tr>\r\n<tr>\r\n<td style=\"text-align: right;\">Dur\u00e9e de l'enqu\u00eate :<\/td>\r\n<td><strong>3-4 minutes<\/strong><\/td>\r\n<\/tr>\r\n<tr>\r\n<td style=\"text-align: right;\">Type :<\/td>\r\n<td><strong>Auto-\u00e9valuation1TP7<\/strong><\/td>\r\n<\/tr>\r\n<tr><td style=\"text-align: right;\">Un travail de pionnier :<\/td><td>Deenz \u00c9chelle de violence \u00e9motionnelle (DEAS-18)<\/td><\/tr>\r\n<td style=\"text-align: right;\">Ann\u00e9e de publication :<\/td>\r\n<td><strong>2024<\/strong><\/td>\r\n\r\n<\/tbody>\r\n<\/table>\r\n<p style=\" border-style: solid; border-width: 1px; border-color: #000; box-shadow: 2px 2px 0px 0px #fe025b; padding: 5px; \">Le test de violence \u00e9motionnelle est l\u2019adaptation num\u00e9rique de la version pr\u00e9liminaire de l\u2019\u00e9chelle de violence \u00e9motionnelle de Deenz (DEAS-18). <sup><a href=\"#footnote\" id=\"self-report-ref-0\">[1]<\/a> <span><cite>Deen Mohd. D\u00e9veloppement et validit\u00e9 de l'\u00e9chelle de violence \u00e9motionnelle Deenz (DEAS-18). 2025. \u27e8hal-04908873\u27e9<\/cite><\/span><\/sup>Les r\u00e9sultats sont fournis uniquement \u00e0 des fins \u00e9ducatives et ne doivent pas \u00eatre consid\u00e9r\u00e9s comme un conseil professionnel. La participation \u00e0 ce quiz est compl\u00e8tement anonyme ; aucune donn\u00e9e personnelle n\u2019est collect\u00e9e, et les r\u00e9sultats ne sont pas stock\u00e9s \u00e0 des fins de recherche. Drdeenz adh\u00e8re aux consid\u00e9rations \u00e9thiques propos\u00e9es par le Conseil d\u2019examen institutionnel (IRB).<\/p>La violence \u00e9motionnelle laisse des cicatrices sur l\u2019\u00e2me qui ne sont pas visibles mais profond\u00e9ment ressenties. <a href=\"https:\/\/drdeenz.com\/fr\/test-de-sociopathie\/\">abuseurs<\/a> intentionnellement bless\u00e9 profond\u00e9ment afin qu\u2019ils puissent manipuler, embarrasser, isoler et humilier. <sup><a href=\"#footnote\" id=\"self-report-ref-1\">[2]<\/a> <span><cite>Goldsmith, ... \"Sensibilisation \u00e0 la violence psychologique\".<\/cite><\/span><\/sup> La psychologie moderne met l\u2019accent sur la compr\u00e9hension, l\u2019identification et la prise en charge de la violence \u00e9motionnelle en tant que pr\u00e9occupation psychologique s\u00e9rieuse pouvant avoir un impact sur le bien-\u00eatre interpersonnel, social et psychologique d\u2019une personne.  <sup><a href=\"#footnote-2\" id=\"self-report-ref-2\">[3]<\/a> <span><cite>Thompson, ... \"Childhood emotional abuse\" (abus \u00e9motionnel dans l'enfance).<\/cite><\/span><\/sup> \r\n<p>La violence \u00e9motionnelle ne se limite pas aux relations romantiques ou interpersonnelles, <a href=\"https:\/\/drdeenz.com\/lost-inner-child-test\/\">violence psychologique<\/a> peut se produire sous diverses formes telles que les relations familiales, les lieux de travail, les milieux \u00e9ducatifs et communautaires.  <\/p>\r\n<h2>Indicateurs cl\u00e9s de la violence psychologique.<\/h2>\r\n<p>Lors de la r\u00e9vision de la conf\u00e9rence et de la compr\u00e9hension des dimensions cl\u00e9s de la violence psychologique, il a \u00e9t\u00e9 constat\u00e9 que la violence \u00e9motionnelle est un sujet multidimensionnel et complexe.  La recherche sur le d\u00e9veloppement et la validation de l\u2019\u00e9chelle d\u2019abus \u00e9motionnels, se concentre sur la compr\u00e9hension et l\u2019identification des tendances \u00e9motionnelles d\u2019un individu en mesurant 6 facettes cl\u00e9s qui sont interconnect\u00e9es et se chevauchent les unes avec les autres. <\/p>\r\n<p><strong>Sentiment d\u2019insuffisance\u00a0:<\/strong> L\u2019inad\u00e9quation est le principal trait de la violence psychologique. Les abuseurs utilisent des tactiques qui font qu\u2019une personne se sent insuffisante, incapable et indigne. Dans l\u2019enfance ou plus tard, les sages de la vie ont re\u00e7u un torcher \u00e9motionnel qui \u00e0 son tour fait qu\u2019une personne se sent inad\u00e9quate.<\/p>\r\n<p><strong>D\u00e9pendance:<\/strong> Dans une relation, le respect mutuel est la cl\u00e9 d\u2019un lien \u00e9motionnel sain. Dans certains cas, un amour ou une affection unilat\u00e9rale joue un r\u00f4le cl\u00e9 o\u00f9 une personne peut se sentir \u00e9nerv\u00e9e, cr\u00e9ant un sentiment de d\u00e9pendance. Les personnes qui obtiennent un score \u00e9lev\u00e9 pour ce trait ne signifient pas n\u00e9cessairement qu\u2019elles sont \u00e9motionnellement abus\u00e9es, mais le sentiment d\u2019\u00eatre pi\u00e9g\u00e9es et une d\u00e9pendance excessive dans une relation peuvent \u00eatre un signe d\u2019abus \u00e9motionnel.<\/p>\r\n<p><strong>M\u00e9fiance :<\/strong> La m\u00e9fiance signifie un manque de foi, ou de croyance en quelqu\u2019un.  Ressentir de la suspicion quant aux intentions d\u2019une personne, et la v\u00e9racit\u00e9 des autres sans aucune raison apparente peut indiquer qu\u2019il pourrait y avoir des exp\u00e9riences pass\u00e9es qui auraient pu impacter l\u2019\u00e9tat \u00e9motionnel des individus.  <\/p>\r\n<p><strong>Retenu :<\/strong> La contention fait r\u00e9f\u00e9rence \u00e0 une situation o\u00f9 une personne peut se sentir limit\u00e9e, contr\u00f4l\u00e9e ou retenue.  Le sentiment d\u2019\u00eatre retenu peut \u00eatre un signe d\u2019autres conditions psychologiques, mais \u00eatre retenu peut avoir un impact profond sur les relations interpersonnelles. <\/p>\r\n<p><strong>Soumis :<\/strong> Le comportement de soumission peut \u00eatre une strat\u00e9gie de survie adopt\u00e9e par des individus qui pourraient \u00eatre victimes d\u2019abus \u00e9motionnel.  La soumission des d\u00e9sirs, demandes ou expressions par la victime \u00e9rode le sentiment d\u2019autonomie. Les personnes ayant ce type de comportement peuvent fr\u00e9quemment s\u2019excuser, m\u00eame si leurs actions peuvent \u00eatre l\u00e9gitimes. <\/p>\r\n<p><strong>Vuln\u00e9rable :<\/strong> Les personnes qui sont victimes d\u2019abus \u00e9motionnels peuvent se sentir expos\u00e9es, sans d\u00e9fense et soup\u00e7onn\u00e9es de subir un pr\u00e9judice \u00e9motionnel suppl\u00e9mentaire. Ils se sentent \u00e9galement en ins\u00e9curit\u00e9, mal \u00e0 l\u2019aise ou menac\u00e9s dans l\u2019expression de leurs v\u00e9ritables \u00e9motions que ce soit la joie ou la tristesse. La peur des cons\u00e9quences n\u00e9gatives, du jugement ou du rejet est un signe fort d\u2019abus \u00e9motionnel. <\/p>\r\n<h2 class=\"visually\" id=\"footnote-label\">R\u00e9f\u00e9rences<\/h2>\r\n<ol>\r\n<li id=\"self-report-0\"><div role=\"listitem\"><div class=\"footnotes\">\r\n    <p id=\"footnote\">Deen Mohd. D\u00e9veloppement et validit\u00e9 de l\u2019\u00e9chelle de violence \u00e9motionnelle de Deenz (DEAS-18). 2025. <a href=\"https:\/\/hal.science\/hal-04908873v1\/document\" target=\"_blank\" rel=\"noopener\">\u27e8hal-04908873\u27e9<\/a> <a href=\"#self-report-ref-0\" aria-label=\"Retour au contenu\" style=\"float: right;\">\u21a9<\/a><\/p>\r\n  <\/div> <\/div><\/li>\r\n<li id=\"self-report-1\"><div role=\"listitem\"><div class=\"footnotes\">\r\n    <p id=\"footnote\">Goldsmith, Rachel E., et Jennifer J. Freyd. \"Awareness for emotional abuse.\u00a0\" Journal of Emotional Abuse 5.1 (2005)\u00a0: 95-123. <a href=\"https:\/\/doi.org\/10.1300\/J135v05n01_04\" target=\"_blank\" rel=\"noopener\">https:\/\/doi.org\/10.1300\/J135v05n01_04<\/a> <a href=\"#self-report-ref-1\" aria-label=\"Retour au contenu\" style=\"float: right;\">\u21a9<\/a><\/p>\r\n  <\/div> <\/div><\/li>\r\n<li id=\"self-report-2\"><div role=\"listitem\"><div class=\"footnotes\">\r\n    <p id=\"footnote-2\">Thompson, Anne E., et Carole A. Kaplan. \"\u00a0Childhood emotional abuse\u00a0\". The British Journal of Psychiatry 168.2 (1996)\u00a0: 143-148. <a href=\"https:\/\/doi.org\/10.1192\/bjp.168.2.143\" target=\"_blank\" rel=\"noopener\">https:\/\/doi.org\/10.1192\/bjp.168.2.143<\/a> <a href=\"#self-report-ref-2\" aria-label=\"Retour au contenu\" style=\"float: right;\">\u21a9<\/a><\/p>\r\n  <\/div> <\/div><\/li>\r\n<li id=\"self-report-33\"><div role=\"listitem\"><div class=\"footnotes\">\r\n    <p id=\"footnote-33\">Dar, Deen Mohd, 2025, \"\u00a0Comprendre la violence \u00e9motionnelle\u00a0: Enseignements tir\u00e9s de l\u2019\u00e9chelle de violence \u00e9motionnelle de Deenz (DEAS-18)\u00a0\", <a href=\"https:\/\/doi.org\/10.60863\/SF\/CCJQPM\" target=\"_blank\" rel=\"noopener\">https:\/\/doi.org\/10.60863\/SF\/CCJQPM<\/a><\/p>\r\n  <\/div> <\/div><\/li>\r\n<\/ol>\r\n<style>[role~=listitem] {\r\n    border-top: 0.063rem solid #ccc;\r\n    margin: 20px 0px;\r\n    padding-top: 10px;\r\n}\r\nsup {\r\n  cursor: pointer;\r\n}\r\nsup span {\r\n  cursor: default;\r\n  background: #ecf0f1;\r\n  border: 0.125rem solid #3498db;\r\n  position: absolute;\r\n  left: -120px;\r\n  right: 0;\r\n  bottom: 100%;\r\n  margin: 0 0 0.7em -1em;\r\n  width: 300px;\r\n  padding: 1em;\r\n  line-height: 1.618em;\r\n  opacity: 0;\r\n  visibility: hidden;\r\n  transition: all 0.35s;\r\n}\r\nsup span::before {\r\n  content: '';\r\n  border-style: solid;\r\n  border-width: 0.7em 0.7em 0 0.7em;\r\n  border-color: #3498db transparent transparent transparent;\r\n  position: absolute;\r\n  bottom: -0.7em;\r\n  width: 0;\r\n  height: 0;\r\n}\r\nsup:hover span {\r\n  opacity: 1;\r\n  visibility: visible;\r\n  transition: all 0.35s;\r\n} .langs a img {\r\n    height: 48px;\r\n    width: 48px;\r\n}.langs {\r\n    background: #e7f5f7;\r\n    border-radius: 10px;\r\n    padding: 0 13px;\r\n}.langs a {\r\n    text-decoration: none;\r\n    display: inline-block;\r\n    margin-right: 10px;\r\n}<\/style>\r\n<style>\r\n.scale-label {\r\n    margin: 0px 10px;\r\n    font-weight: bold;\r\n}.slider-container {\r\n    display: inline-flex;\r\n}\r\n    .watupro-slider {\r\n      position: relative;\r\n      width: 80%;\r\n      margin: 20px auto;\r\n    }\r\n.question-content p {\r\n    margin-bottom: 30px!important;\r\nfont-size: 22px;\r\n}\r\n .watupro-slider::before,\r\n    .watupro-slider::after {\r\n      content: '';\r\n      position: absolute;\r\n      top: 0;\r\n      bottom: 0;\r\n      width: 1px;\r\n      background-color: black;\r\n    }\r\n    .watupro-slider::before {\r\n      left: 25%;\r\n    }\r\n\r\n    .watupro-slider::after {\r\n      left: 75%;\r\n    }\r\n    .watupro-slider::after {\r\n      right: 0;\r\n    }\r\n    .watupro-slider {\r\n      width: 100%;\r\n      height: 10px;\r\n      background: linear-gradient(to right, #ff7675 50%, #55efc4 50%)!important; \r\n      border-radius: 5px!important;\r\n      position: relative;\r\nwidth: 300px;\r\n    margin: auto;\r\n    }\r\n    .ui-slider-handle {\r\n      position: absolute;\r\n      width: 20px;\r\n      height: 20px;\r\n      background-color: white;\r\n      border: 2px solid #3498db; \/* Set the color of the handle border *\/\r\n      border-radius: 50%;\r\n      top: 50%!important;\r\n      transform: translateY(-50%);\r\n      cursor: grab;\r\nheight: 1em!important;\r\n    }\r\n    .ui-slider-handle:hover {\r\n      cursor: grabbing;\r\n    }\r\n @media (max-width: 500px) {\r\n.watu-question .question-content {\r\n    margin: 0 auto 1.75em 0;\r\n}.slider-container {\r\n    position: relative;\r\n}.scale-label {\r\nmargin: 0px;\r\n    font-weight: 700;\r\n    font-family: 'Open Sans',Helvetica,Arial,sans-serif;\r\n    position: absolute;\r\n    bottom: -36px;\r\n}.scale-label.disagree {\r\n    left: 0;\r\n}.scale-label.agree {\r\n    right: 0;\r\n}}\r\n  <\/style>","protected":false},"excerpt":{"rendered":"Le test d'abus \u00e9motionnel est l'adaptation num\u00e9rique de l'\u00e9chelle d'abus \u00e9motionnel Deenz con\u00e7ue pour mesurer l'abus \u00e9motionnel en \u00e9valuant les aspects multidimensionnels et aide \u00e0 d\u00e9terminer son impact sur le bien-\u00eatre g\u00e9n\u00e9ral-.","protected":false},"author":1,"featured_media":5746,"parent":0,"menu_order":0,"comment_status":"closed","ping_status":"closed","template":"","meta":{"inline_featured_image":false,"footnotes":""},"categories":[4],"class_list":["post-3960","page","type-page","status-publish","has-post-thumbnail","hentry","category-stress"],"lang":"en","translations":{"en":3960},"_links":{"self":[{"href":"https:\/\/drdeenz.com\/fr\/wp-json\/wp\/v2\/pages\/3960","targetHints":{"allow":["GET"]}}],"collection":[{"href":"https:\/\/drdeenz.com\/fr\/wp-json\/wp\/v2\/pages"}],"about":[{"href":"https:\/\/drdeenz.com\/fr\/wp-json\/wp\/v2\/types\/page"}],"author":[{"embeddable":true,"href":"https:\/\/drdeenz.com\/fr\/wp-json\/wp\/v2\/users\/1"}],"replies":[{"embeddable":true,"href":"https:\/\/drdeenz.com\/fr\/wp-json\/wp\/v2\/comments?post=3960"}],"version-history":[{"count":4,"href":"https:\/\/drdeenz.com\/fr\/wp-json\/wp\/v2\/pages\/3960\/revisions"}],"predecessor-version":[{"id":5733,"href":"https:\/\/drdeenz.com\/fr\/wp-json\/wp\/v2\/pages\/3960\/revisions\/5733"}],"wp:featuredmedia":[{"embeddable":true,"href":"https:\/\/drdeenz.com\/fr\/wp-json\/wp\/v2\/media\/5746"}],"wp:attachment":[{"href":"https:\/\/drdeenz.com\/fr\/wp-json\/wp\/v2\/media?parent=3960"}],"wp:term":[{"taxonomy":"category","embeddable":true,"href":"https:\/\/drdeenz.com\/fr\/wp-json\/wp\/v2\/categories?post=3960"}],"curies":[{"name":"wp","href":"https:\/\/api.w.org\/{rel}","templated":true}]}}