{"id":35,"date":"2023-02-04T15:04:29","date_gmt":"2023-02-04T15:04:29","guid":{"rendered":"https:\/\/drdeenz.com\/?p=35"},"modified":"2025-10-20T17:35:47","modified_gmt":"2025-10-20T17:35:47","slug":"test-de-sociopathie","status":"publish","type":"page","link":"https:\/\/drdeenz.com\/fr\/test-de-sociopathie\/","title":{"rendered":"Test De Sociopathie"},"content":{"rendered":"<p style=\" border-style: solid; border-width: 1px; border-color: #000; box-shadow: 2px 2px 0px 0px #fe025b; padding: 5px; \">Le test Sociopath est une version adopt\u00e9e num\u00e9riquement de DMAPS-24, qui est une mesure fiable pour \u00e9valuer les traits subcliniques associ\u00e9s \u00e0 la personnalit\u00e9 antisociale. <sup id=\"ref-link-1\"><a href=\"#ref-1\">[1]<\/a><\/sup> L\u2019\u00e9chelle a \u00e9t\u00e9 d\u00e9velopp\u00e9e avec l\u2019influence de <a href=\"https:\/\/drdeenz.com\/fr\/test-de-la-triade-noire\/\">Deenz \u00c9chelle de personnalit\u00e9 de la triade sombre<\/a>. Le test d\u2019autod\u00e9pistage de Sociopath mesure les dimensions cl\u00e9s de la soci\u00e9t\u00e9 sur le spectre et fournit des informations pr\u00e9cieuses en pr\u00e9sentant des graphiques visuels et fournit un rapport d\u00e9taill\u00e9 sur chaque fait. Cette version en ligne, qui est fournie sous forme de quiz, n\u2019est pas associ\u00e9e \u00e0 la recherche ou \u00e0 l\u2019\u00e9tude originale. Les r\u00e9sultats de ce quiz sont destin\u00e9s \u00e0 des fins \u00e9ducatives uniquement. La participation \u00e0 cette auto-\u00e9valuation est compl\u00e8tement anonyme, AUCUNE information personnelle n\u2019est collect\u00e9e ou stock\u00e9e.<\/p>\r\n<p>Le terme sociopathe est utilis\u00e9 dans le langage courant pour d\u00e9crire une personne qui pr\u00e9sente des comportements nuisibles envers les autres.  Au fil des ans, la compr\u00e9hension des troubles de la personnalit\u00e9 a \u00e9volu\u00e9. Dans la troisi\u00e8me \u00e9dition de DSM polie en 1980, le terme sociopathe a \u00e9t\u00e9 remplac\u00e9 par trouble de la personnalit\u00e9 antisociale. Le changement de terminologie conduit les chercheurs et les psychologues \u00e0 comprendre les complexit\u00e9s et les traits associ\u00e9s \u00e0 la personnalit\u00e9 antisociale. <sup id=\"ref-link-2\"><a href=\"#ref-2\">[2]<\/a><\/sup>  <\/p>\r\n<p>Les personnes ayant des traits sociopathiques peuvent \u00eatre conscientes de leurs propres attitudes ou comportements, ce qui pourrait les conduire \u00e0 une alt\u00e9ration du bien-\u00eatre social et psychologique, mais leur perception de ces traits peut diff\u00e9rer des normes soci\u00e9tales. Ces derni\u00e8res ann\u00e9es, il y a eu un accent croissant sur la reconnaissance pr\u00e9coce des traits subcliniques de l\u2019ASPD pour comprendre et identifier les tendances vers la personnalit\u00e9 antisociale. <sup id=\"ref-link-3\"><a href=\"#ref-3\">[3]<\/a><\/sup> Les traits sous-cliniques sont des mod\u00e8les de comportements ou tendances antisociaux qui se situent en dessous du seuil pour un diagnostic formel ou clinique. Identifier les traits subcliniques associ\u00e9s \u00e0 la personnalit\u00e9 antisociale aide \u00e0 une compr\u00e9hension plus compl\u00e8te de l\u2019\u00e9ventail des comportements. <\/p>\r\n<h2>Les facettes de la personnalit\u00e9 antisociale <\/h2>\r\n<p><strong>Apathie :<\/strong> L\u2019apathie fait r\u00e9f\u00e9rence \u00e0 un manque de pr\u00e9occupation, de motivation ou une r\u00e9ponse \u00e9motionnelle diminu\u00e9e. \u00c9galement un trait majeur de <a href=\"https:\/\/drdeenz.com\/fr\/test-du-spectre-de-la-psychopathie\/\">psychopathie<\/a>. Les personnes atteintes d\u2019apathie montrent peu ou pas de souci pour les \u00e9motions des autres. Dans la perspective subclinique, le terme apathie est utilis\u00e9 de mani\u00e8re interchangeable avec manque d\u2019empathie. L\u2019apathie et le manque d\u2019empathie sont des concepts li\u00e9s mais ils se r\u00e9f\u00e8rent \u00e0 diff\u00e9rentes exp\u00e9riences ou expressions \u00e9motionnelles. Le manque d\u2019empathie est l\u2019incapacit\u00e9 ou la difficult\u00e9 \u00e0 comprendre les sentiments des autres et l\u2019apathie est l\u2019\u00e9tat de ressentir un manque d\u2019int\u00e9r\u00eat pour des choses qui suscitent des r\u00e9ponses \u00e9motionnelles.<\/p>\r\n<p><strong>Tromperie :<\/strong> Nous utilisons le terme tromperie dans le langage courant pour d\u00e9crire une personne malhonn\u00eate ou trompeuse. Il est normal d\u2019\u00eatre trompeur dans les occasions o\u00f9 nous devons \u00e9viter les conflits ou nous prot\u00e9ger. Les personnes qui adoptent des comportements trompeurs induisent intentionnellement en erreur les stations pour atteindre des objectifs sp\u00e9cifiques tels que mentir ou manipuler les autres \u00e0 des fins personnelles.<\/p>\r\n<p><strong>Impulsivit\u00e9 :<\/strong> L\u2019impulsivit\u00e9 d\u00e9signe des actions soudaines ou rapides sans penser aux cons\u00e9quences. Les personnes ayant des comportements impulsifs ont tendance \u00e0 prendre des d\u00e9cisions rapidement sans tenir compte des risques ou des r\u00e9sultats. <sup id=\"ref-link-4\"><a href=\"#ref-4\">[4]<\/a><\/sup> Le meilleur exemple pourrait \u00eatre une personne qui dit les mots sans penser aux r\u00e9sultats ou d\u00e9penser de l\u2019argent sans consid\u00e9rer l\u2019impact.  <\/p>\r\n<p><strong>Irresponsabilit\u00e9 :<\/strong> L\u2019irresponsabilit\u00e9 d\u00e9signe le manque d\u2019int\u00e9r\u00eat \u00e0 remplir ses devoirs. Les personnes ayant des personnalit\u00e9s antisociales ou une sociopathie ont tendance \u00e0 \u00eatre irresponsables, surtout dans les situations sociales et les relations interpersonnelles. Ils pr\u00e9sentent des comportements qui ignorent les cons\u00e9quences de leurs actions sur les autres. <\/p>\r\n<p><strong>Insolence :<\/strong> La duret\u00e9 se r\u00e9f\u00e8re au m\u00e9pris des \u00e9motions, des besoins ou du bien-\u00eatre des autres. Aussi un trait majeur de <a href=\"https:\/\/drdeenz.com\/fr\/test-de-personnalite-narcissique\/\">le trouble de la personnalit\u00e9 narcissique<\/a>. Les personnes avec insensibilit\u00e9 agissent d\u2019une mani\u00e8re qui semble froide ou manque de chaleur. Elles montrent peu ou pas de souci pour le bien-\u00eatre des autres.<\/p>\r\n<p><strong>Agressivit\u00e9 :<\/strong> L\u2019agressivit\u00e9 se r\u00e9f\u00e8re aux comportements qui impliquent des r\u00e9actions fortes ou \u00e9nergiques face \u00e0 des situations. Les personnes avec <a href=\"https:\/\/drdeenz.com\/fr\/test-multidimensionnel-de-la-colere\/\">comportement agressif<\/a> ont tendance \u00e0 \u00eatre pr\u00eats \u00e0 affronter ou \u00e0 attaquer, qu\u2019ils expriment leurs opinions ou s\u2019affirment, ils doivent \u00eatre agressifs. <\/p>\r\n<p><strong>La d\u00e9sinvolture :<\/strong> La vivacit\u00e9 se r\u00e9f\u00e8re \u00e0 la qualit\u00e9 d\u2019\u00eatre bavard ou charmant dans des situations sociales.  Les gens utilisent parfois ces capacit\u00e9s pour leur gain personnel et ignorent les \u00e9motions ou les droits des autres. Certaines personnes sont trompeuses, mais elles ne se font pas attraper \u00e0 cause de leurs capacit\u00e9s telles que le charme du super visage ou la fluidit\u00e9 \u00e0 parler avec les autres pour manipuler ou induire en erreur les autres.  <\/p>\r\n<p><strong>Obtusit\u00e9 :<\/strong> L\u2019obtuseness se r\u00e9f\u00e8re \u00e0 \u00eatre insensible, lent \u00e0 comprendre ou \u00e0 ne pas apprendre des exp\u00e9riences pass\u00e9es. Les personnes atteintes de sociopathie ont tendance \u00e0 ne pas apprendre des erreurs pass\u00e9es et elles peuvent \u00eatre r\u00e9ticentes \u00e0 regarder en arri\u00e8re et r\u00e9p\u00e9ter les m\u00eames erreurs. <sup id=\"ref-link-5\"><a href=\"#ref-5\">[5]<\/a><\/sup><\/p>\r\n<h2>D\u00e9veloppement de l'\u00e9chelle de personnalit\u00e9 antisociale Deenz<\/h2>\r\n<p>Au cours des derni\u00e8res ann\u00e9es, notre compr\u00e9hension de la personnalit\u00e9 a \u00e9volu\u00e9 et cela a conduit \u00e0 la n\u00e9cessit\u00e9 de d\u00e9velopper des auto-\u00e9valuations compressives qui peuvent \u00eatre utilis\u00e9es pour identifier les mod\u00e8les de comportements et les tendances vers des traits qui impactent le bien-\u00eatre g\u00e9n\u00e9ral des individus. <\/p>\r\n<p>L\u2019identification pr\u00e9coce des traits peut aider \u00e0 comprendre et \u00e0 r\u00e9soudre les probl\u00e8mes qui peuvent entra\u00eener une alt\u00e9ration du fonctionnement quotidien. Le d\u00e9veloppement de l\u2019\u00e9chelle de personnalit\u00e9 antisociale de Deenz a \u00e9t\u00e9 influenc\u00e9 par la reconnaissance du besoin d\u2019identifier les traits subcliniques associ\u00e9s \u00e0 la personnalit\u00e9 antisociale dans la population g\u00e9n\u00e9rale. Le d\u00e9veloppement de l\u2019\u00e9chelle a commenc\u00e9 par des revues de cours et une revue compressive des \u00e9chelles psychom\u00e9triques existantes telles que Psychopathy Checklist-Revised <sup id=\"ref-link-6\"><a href=\"#ref-6\">[6]<\/a><\/sup> et Dispositif de d\u00e9pistage du processus antisocial. Apr\u00e8s avoir examin\u00e9 les conf\u00e9rences et les auto-\u00e9valuations existantes, la n\u00e9cessit\u00e9 de traiter des informations obsol\u00e8tes a \u00e9t\u00e9 reconnue. <\/p>\r\n<p>Le but principal du d\u00e9veloppement de l\u2019\u00e9chelle \u00e9tait de mesurer les tendances et d\u2019identifier les \u00e9tudiants qui pourraient montrer une inclination envers des traits associ\u00e9s \u00e0 la sociopathie. L\u2019\u00e9chelle a d\u00e9montr\u00e9 une grande coh\u00e9rence interne (\u03b1 de Cronbach = 0,87) et une forte validit\u00e9 dans l\u2019identification des traits associ\u00e9s \u00e0 la sociaptie. Pour plus d\u2019informations, veuillez lire le <a href=\"https:\/\/openreview.net\/revisions?id=7lhxPkRmLsu\" target=\"_blank\" rel=\"noopener\">article de recherche<\/a><\/p><div class=\"reference-list\"><h3>R\u00e9f\u00e9rences<\/h3><ol><li id=\"ref-1\">Dar, Deen Mohd. \"\u00c9chelle de personnalit\u00e9 antisociale de Deenz\u00a0: mesurer les traits subcliniques.\u00a0\" <a href=\"https:\/\/scholar.google.com\/scholar?hl=en&#038;as_sdt=0%2C5&#038;q=Deenz+Antisocial+Personality+Scale&#038;btnG=\">Google scholar<\/a> <a href=\"#ref-link-1\" class=\"back-link\" aria-label=\"Retour au contenu\">\u21a9<\/a><\/li><li id=\"ref-2\">MacKenzie, Paula M. \"\u00a0Psychopathie, Antisocial Personality &amp; Sociopathy\u00a0: The Basics A History Review.\u00a0\" The Forensic Examiner (2014). <a href=\"https:\/\/scholar.google.com\/scholar?cluster=12657816019528916213&#038;hl=en&#038;as_sdt=0,5\">Google Scholar<\/a> <a href=\"#ref-link-2\" class=\"back-link\" aria-label=\"Retour au contenu\">\u21a9<\/a><\/li><li id=\"ref-3\">Smith, Cary Stacy et Li-Ching Hung. Psychopathes subcliniques\u00a0: comment ils s\u2019adaptent, leurs interactions interpersonnelles avec les autres et leur effet sur eux, et comment les d\u00e9tecter. Charles C Thomas \u00c9diteur, 2013. <a href=\"https:\/\/books.google.co.in\/books?id=EujCCAAAQBAJ&#038;lpg=PR1&#038;ots=tQzEcII1f1&#038;dq=sociopath%20subclinical&#038;lr&#038;pg=PR1#v=onepage&#038;q=sociopath%20subclinical&#038;f=false\">Google Books<\/a> <a href=\"#ref-link-3\" class=\"back-link\" aria-label=\"Retour au contenu\">\u21a9<\/a><\/li><li id=\"ref-4\">Lykken, David T. \"Psychopathie, sociopathie et trouble de la personnalit\u00e9 antisociale. \" Handbook of psychoopathy 23 (2018) : 22. <a href=\"https:\/\/books.google.co.in\/books?id=QOZTDwAAQBAJ&#038;lpg=PA22&#038;ots=4ckiK5Usb3&#038;dq=sociopath%20Impulsivity&#038;lr&#038;pg=PA22#v=onepage&#038;q&#038;f=false\">Google Books<\/a> <a href=\"#ref-link-4\" class=\"back-link\" aria-label=\"Retour au contenu\">\u21a9<\/a><\/li><li id=\"ref-5\">Thorne, Frederick C. \"L\u2019\u00e9tiologie des r\u00e9actions sociopathiques. \" American Journal of Psychotherapy 13.2 (1959) : 319-330. <a href=\"https:\/\/doi.org\/10.1176\/appi.psychotherapy.1959.13.2.319\">https:\/\/doi.org\/10.1176\/appi.psychotherapy.1959.13.2.319<\/a> <a href=\"#ref-link-5\" class=\"back-link\" aria-label=\"Retour au contenu\">\u21a9<\/a><\/li><li id=\"ref-6\">Hare, Robert D. \"Psychopathy checklist-revised\". Psychological Assessment (2003). <a href=\"https:\/\/psycnet.apa.org\/doi\/10.1037\/t01167-000\">https:\/\/psycnet.apa.org\/doi\/10.1037\/t01167-000<\/a> <a href=\"#ref-link-6\" class=\"back-link\" aria-label=\"Retour au contenu\">\u21a9<\/a><\/li><\/ol><\/div>","protected":false},"excerpt":{"rendered":"Le test Sociopath est l'adaptation num\u00e9rique de l'\u00e9chelle de personnalit\u00e9 antisociale Deenz (DAPS-24), con\u00e7ue pour mesurer les traits subcliniques associ\u00e9s \u00e0 la personnalit\u00e9 antisociale. Les traits subcliniques de la sociopathie sont des mod\u00e8les de comportements ou de tendances qui se situent en dessous du seuil de diagnostic formel ou clinique.","protected":false},"author":1,"featured_media":5749,"parent":0,"menu_order":0,"comment_status":"closed","ping_status":"closed","template":"","meta":{"inline_featured_image":false,"footnotes":""},"categories":[5],"class_list":["post-35","page","type-page","status-publish","has-post-thumbnail","hentry","category-personality-assessments"],"lang":"en","translations":{"en":35},"_links":{"self":[{"href":"https:\/\/drdeenz.com\/fr\/wp-json\/wp\/v2\/pages\/35","targetHints":{"allow":["GET"]}}],"collection":[{"href":"https:\/\/drdeenz.com\/fr\/wp-json\/wp\/v2\/pages"}],"about":[{"href":"https:\/\/drdeenz.com\/fr\/wp-json\/wp\/v2\/types\/page"}],"author":[{"embeddable":true,"href":"https:\/\/drdeenz.com\/fr\/wp-json\/wp\/v2\/users\/1"}],"replies":[{"embeddable":true,"href":"https:\/\/drdeenz.com\/fr\/wp-json\/wp\/v2\/comments?post=35"}],"version-history":[{"count":4,"href":"https:\/\/drdeenz.com\/fr\/wp-json\/wp\/v2\/pages\/35\/revisions"}],"predecessor-version":[{"id":5686,"href":"https:\/\/drdeenz.com\/fr\/wp-json\/wp\/v2\/pages\/35\/revisions\/5686"}],"wp:featuredmedia":[{"embeddable":true,"href":"https:\/\/drdeenz.com\/fr\/wp-json\/wp\/v2\/media\/5749"}],"wp:attachment":[{"href":"https:\/\/drdeenz.com\/fr\/wp-json\/wp\/v2\/media?parent=35"}],"wp:term":[{"taxonomy":"category","embeddable":true,"href":"https:\/\/drdeenz.com\/fr\/wp-json\/wp\/v2\/categories?post=35"}],"curies":[{"name":"wp","href":"https:\/\/api.w.org\/{rel}","templated":true}]}}