{"id":346,"date":"2023-04-28T04:27:19","date_gmt":"2023-04-28T04:27:19","guid":{"rendered":"https:\/\/drdeenz.com\/?p=346"},"modified":"2025-11-04T08:06:25","modified_gmt":"2025-11-04T08:06:25","slug":"test-dagoraphobie","status":"publish","type":"page","link":"https:\/\/drdeenz.com\/fr\/test-dagoraphobie\/","title":{"rendered":"Test d'agoraphobie - Est-ce que je souffre d'agoraphobie ?"},"content":{"rendered":"<p><strong> Ce quiz sur l'agoraphobie est bas\u00e9 sur un instrument valide et fiable, <\/strong><strong>\"\u00c9chelle d'agoraphobie Deenz (DAS-15)\" <sup id=\"ref-link-1\"><a href=\"#ref-1\">[1]<\/a><\/sup>. Cependant, il n'est PAS con\u00e7u pour \u00e9tablir un diagnostic clinique d'agoraphobie. Les informations fournies sont uniquement destin\u00e9es \u00e0 des fins \u00e9ducatives.<\/strong><\/p>\r\n<p>L'agoraphobie est un type d'anxi\u00e9t\u00e9 dans lequel une personne a peur de situations ou de lieux dont elle pense qu'il lui sera difficile de s'\u00e9chapper ou que l'aide ne sera pas disponible. Les personnes atteintes d'agoraphobie se sentent en s\u00e9curit\u00e9 chez elles et ne veulent pas quitter les endroits o\u00f9 elles se sentent en s\u00e9curit\u00e9. <\/p><p>Au fil des ans, la compr\u00e9hension et l'acc\u00e8s \u00e0 l'impact de l'agoraphobie ont \u00e9volu\u00e9. Les chercheurs ont mis au point des outils d'\u00e9valuation qui aident \u00e0 comprendre les sympt\u00f4mes et \u00e0 rep\u00e9rer les d\u00e9clencheurs. L'\u00e9chelle d'agoraphobie Deenz a \u00e9t\u00e9 mise au point pour mesurer l'impact de l'agoraphobie, rep\u00e9rer les d\u00e9clencheurs sp\u00e9cifiques et identifier les tendances \u00e0 l'agoraphobie. L'\u00e9chelle est bas\u00e9e sur 15 affirmations li\u00e9es \u00e0 vos exp\u00e9riences et \u00e0 vos comportements. Pour chaque affirmation, vous devez fournir la r\u00e9ponse appropri\u00e9e. <\/p>\r\n<p>Les professionnels de la sant\u00e9 mentale utilisent souvent <strong>\u00c9chelles d'\u00e9valuation de l'agoraphobie<\/strong> pour \u00e9valuer les sympt\u00f4mes et mesurer l'impact sur le bien-\u00eatre g\u00e9n\u00e9ral-.  Il existe plusieurs \u00e9chelles d'\u00e9valuation telles que l'\u00e9chelle d'agoraphobie (AS) et l'\u00e9chelle d'\u00e9valuation de l'agoraphobie (EAS). <strong>Inventaire de mobilit\u00e9 pour l'agoraphobie (MIA)<\/strong> et l'objectif de ces \u00e9chelles est d'identifier les d\u00e9clencheurs et de mesurer l'impact. La compr\u00e9hension, la classification et la mesure des sympt\u00f4mes de l'agoraphobie \u00e9voluent, d'o\u00f9 la n\u00e9cessit\u00e9 de disposer d'un outil d'\u00e9valuation standard. <strong>Deenz \u00c9chelle d'agoraphobie<\/strong> a \u00e9t\u00e9 d\u00e9velopp\u00e9 pour exclure certains concepts obsol\u00e8tes li\u00e9s \u00e0 l'agoraphobie et se concentre principalement sur la mesure des tendances \u00e0 l'agoraphobie dans la population g\u00e9n\u00e9rale. <\/p> \r\n<p>N'oubliez pas que cette \u00e9chelle n'est pas con\u00e7ue pour \u00e9tablir un diagnostic d'agoraphobie, mais qu'elle peut aider \u00e0 mesurer les tendances et la gravit\u00e9 des sympt\u00f4mes. Les crit\u00e8res permettant de poser un diagnostic d\u00e9finitif ont \u00e9t\u00e9 d\u00e9finis par l'Organisation mondiale de la sant\u00e9 (OMS). <strong>Association am\u00e9ricaine de psychiatrie et de psychologie<\/strong> dans le DSM-5.  Les personnes souffrant d'agoraphobie peuvent avoir peur d'utiliser les transports publics tels que les bus, les espaces ouverts, les lieux clos et les trains. Ces sympt\u00f4mes doivent avoir un impact significatif sur le bien-\u00eatre g\u00e9n\u00e9ral de la personne-5. Elles peuvent avoir une peur irrationnelle d'\u00eatre en danger et penser qu'il n'y a peut-\u00eatre aucun moyen de s'\u00e9chapper. <\/p>\r\n<style>.baseline {\r\n    bottom: 87px;\r\n}.bar-label {\r\n    flex-direction: column;\r\n}.chart-container::before {\r\n    background-image: linear-gradient(to top, #ddd 1px, transparent 1px);\r\n    background-size: 100% 20%;\r\n    height: 154px;\r\n}.bar-container {\r\n    height: 218px;\r\n}.inner-test {\r\n    max-width: 1100px;\r\n}.deenz-instructions {\r\n    font-size: 25px;\r\n}@media screen and (max-width: 700px){.deenz-instructions {\r\n    font-size: 20px;\r\n}}<\/style><div class=\"reference-list\"><h3>R\u00e9f\u00e9rences<\/h3><ol><li id=\"ref-1\">Deen Mohd Dar. Comprendre les tendances agoraphobes : Development and Validation of the Deenz Agoraphobia Scale (DAS-15) in Non-Clinical Populations, 07 mars 2024, PREPRINT (Version 1) <a href=\"https:\/\/doi.org\/10.21203\/rs.3.rs-4012174\/v1\">https:\/\/doi.org\/10.21203\/rs.3.rs-4012174\/v1<\/a> <a href=\"#ref-link-1\" class=\"back-link\" aria-label=\"Retour au contenu\">\u21a9<\/a><\/li><\/ol><\/div>","protected":false},"excerpt":{"rendered":"Le test d'agoraphobie est l'adaptation num\u00e9rique de l'\u00e9chelle d'agoraphobie Deenz, con\u00e7ue pour mesurer les tendances \u00e0 l'agoraphobie et son impact sur le bien-\u00eatre g\u00e9n\u00e9ral-.","protected":false},"author":1,"featured_media":4624,"parent":0,"menu_order":0,"comment_status":"closed","ping_status":"closed","template":"","meta":{"inline_featured_image":false,"footnotes":""},"categories":[7],"class_list":["post-346","page","type-page","status-publish","has-post-thumbnail","hentry","category-anxiety-disorder"],"lang":"en","translations":{"en":346},"_links":{"self":[{"href":"https:\/\/drdeenz.com\/fr\/wp-json\/wp\/v2\/pages\/346","targetHints":{"allow":["GET"]}}],"collection":[{"href":"https:\/\/drdeenz.com\/fr\/wp-json\/wp\/v2\/pages"}],"about":[{"href":"https:\/\/drdeenz.com\/fr\/wp-json\/wp\/v2\/types\/page"}],"author":[{"embeddable":true,"href":"https:\/\/drdeenz.com\/fr\/wp-json\/wp\/v2\/users\/1"}],"replies":[{"embeddable":true,"href":"https:\/\/drdeenz.com\/fr\/wp-json\/wp\/v2\/comments?post=346"}],"version-history":[{"count":4,"href":"https:\/\/drdeenz.com\/fr\/wp-json\/wp\/v2\/pages\/346\/revisions"}],"predecessor-version":[{"id":5886,"href":"https:\/\/drdeenz.com\/fr\/wp-json\/wp\/v2\/pages\/346\/revisions\/5886"}],"wp:featuredmedia":[{"embeddable":true,"href":"https:\/\/drdeenz.com\/fr\/wp-json\/wp\/v2\/media\/4624"}],"wp:attachment":[{"href":"https:\/\/drdeenz.com\/fr\/wp-json\/wp\/v2\/media?parent=346"}],"wp:term":[{"taxonomy":"category","embeddable":true,"href":"https:\/\/drdeenz.com\/fr\/wp-json\/wp\/v2\/categories?post=346"}],"curies":[{"name":"wp","href":"https:\/\/api.w.org\/{rel}","templated":true}]}}