{"id":336,"date":"2023-04-27T03:39:27","date_gmt":"2023-04-27T03:39:27","guid":{"rendered":"https:\/\/drdeenz.com\/?p=336"},"modified":"2025-11-07T14:56:07","modified_gmt":"2025-11-07T14:56:07","slug":"test-danhedonie","status":"publish","type":"page","link":"https:\/\/drdeenz.com\/fr\/test-danhedonie\/","title":{"rendered":"Anh\u00e9donie Test"},"content":{"rendered":"<p><strong>Les informations fournies par ce quiz sont uniquement destin\u00e9es \u00e0 des fins \u00e9ducatives. La participation \u00e0 ce quiz d'auto-\u00e9valuation est totalement anonyme et AUCUNE donn\u00e9e telle que vos informations personnelles et vos r\u00e9sultats n'est collect\u00e9e ou stock\u00e9e. Les r\u00e9sultats fournis par cette auto-\u00e9valuation sont uniquement destin\u00e9s \u00e0 des fins \u00e9ducatives et ne doivent pas \u00eatre consid\u00e9r\u00e9s comme des conseils m\u00e9dicaux.<\/strong><\/p>\r\n<p>L\u2019anh\u00e9donie se r\u00e9f\u00e8re \u00e0 l\u2019incapacit\u00e9 de ressentir du plaisir ou d\u2019avoir plus de difficult\u00e9 \u00e0 ressentir de la joie ou de l\u2019excitation dans des activit\u00e9s g\u00e9n\u00e9ralement consid\u00e9r\u00e9es comme agr\u00e9ables. L\u2019anh\u00e9donie elle-m\u00eame n\u2019est pas un trouble de la sant\u00e9 mentale, mais peut \u00eatre un sympt\u00f4me cl\u00e9 de nombreuses affections mentales, en particulier les troubles de l\u2019humeur. Au fil des ans, notre compr\u00e9hension de l\u2019anh\u00e9donie, en particulier dans les sciences sociales, a \u00e9volu\u00e9. <sup id=\"ref-link-1\"><a href=\"#ref-1\">[1]<\/a><\/sup> <\/p>\r\nLes psychologues et les chercheurs ont trouv\u00e9 un lien fort entre l\u2019anh\u00e9donie et les troubles d\u00e9pressifs, en particulier avec le trouble d\u00e9pressif majeur et le trouble d\u00e9pressif persistant (anciennement connu sous le nom de dysthymie). <sup id=\"ref-link-2\"><a href=\"#ref-2\">[2]<\/a><\/sup> Avec la publication du Manuel diagnostique et statistique des troubles mentaux (DSM-5) en 2013, l\u2019anh\u00e9donie est maintenant consid\u00e9r\u00e9e comme un sympt\u00f4me cl\u00e9 du trouble d\u00e9pressif majeur (TDM) et du trouble d\u00e9pressif persistant. \r\n<p>Afin de mesurer les tendances et la gravit\u00e9 des sympt\u00f4mes, nous devons comprendre et acc\u00e9der aux dimensions ou facettes de l\u2019anh\u00e9donie. <sup id=\"ref-link-3\"><a href=\"#ref-3\">[3]<\/a><\/sup> Le but de l\u2019\u00e9chelle d\u2019anh\u00e9donie multidimensionnelle de Deenz est d\u2019acc\u00e9der aux tendances anh\u00e9doniques et de mesurer l\u2019impact de l\u2019anh\u00e9donie sur les niveaux sociaux, \u00e9motionnels et psychologiques.<\/p>\r\n<p><strong>Anh\u00e9donie sociale<\/strong> fait r\u00e9f\u00e9rence \u00e0 la difficult\u00e9 de trouver du plaisir dans les activit\u00e9s sociales. Lorsque nous nous sentons parfois un peu tristes et d\u00e9prim\u00e9s, nous ressentons le besoin d\u2019\u00eatre laiss\u00e9s seuls, mais un sentiment constant de tristesse et la lutte pour \u00e9prouver du plaisir dans les interactions sociales et les relations peuvent \u00eatre consid\u00e9r\u00e9s comme une anh\u00e9donie sociale.<sup id=\"ref-link-4\"><a href=\"#ref-4\">[4]<\/a><\/sup> Cela peut avoir un impact sur nos relations \u00e0 long terme et peut avoir du mal \u00e0 cr\u00e9er des liens avec les autres.<\/p>\r\n\r\n<p><strong>Anh\u00e9donie physique<\/strong> se r\u00e9f\u00e8re \u00e0 la difficult\u00e9 d'\u00e9prouver un plaisir psychique tel que la r\u00e9duction de l'int\u00e9r\u00eat pour les choses de la vie. <a href=\"https:\/\/drdeenz.com\/fr\/test-dorientation-sexuelle\/\">les int\u00e9r\u00eats sexuels<\/a> et une capacit\u00e9 r\u00e9duite \u00e0 percevoir les stimuli sensoriels. Parfois, lorsque nous nous sentons un peu tristes, nous pouvons ne pas sentir le go\u00fbt ou refuser de manger, m\u00eame s'il y a notre plat pr\u00e9f\u00e9r\u00e9 sur la table. Si ces exp\u00e9riences se produisent de mani\u00e8re persistante, cela peut \u00eatre le signe d'un probl\u00e8me de sant\u00e9 mentale.<\/p>\r\n\r\n<p><strong>Anh\u00e9donie \u00e9motionnelle<\/strong> fait r\u00e9f\u00e9rence \u00e0 la difficult\u00e9 de ressentir de la joie ou de l\u2019excitation lorsqu\u2019il peut y avoir des \u00e9motions positives et fortes partag\u00e9es par d\u2019autres. <sup id=\"ref-link-5\"><a href=\"#ref-5\">[5]<\/a><\/sup> Lorsque nous sommes confront\u00e9s \u00e0 des moments difficiles, si nos proches essaient de nous faire rire, nous pouvons nous montrer, mais nous ne partagerons pas forc\u00e9ment un rire sinc\u00e8re ou chaleureux. L'anh\u00e9donie \u00e9motionnelle peut se manifester de plusieurs mani\u00e8res, notamment <a href=\"https:\/\/drdeenz.com\/fr\/test-suicidaire-suis-je-suicidaire\/\">d\u00e9sespoir<\/a> et l'incapacit\u00e9 \u00e0 exprimer l'amour et l'affection. <\/p>\r\n\r\n<p>Si vous avez obtenu un score \u00e9lev\u00e9 sur plusieurs dimensions de l'anh\u00e9donie et que vous ressentez un manque de plaisir et une perte d'int\u00e9r\u00eat pour les activit\u00e9s que vous trouviez autrefois agr\u00e9ables, n'oubliez pas que l'anh\u00e9donie n'est pas un trouble mental mais peut \u00eatre le sympt\u00f4me d'autres troubles mentaux tels que les troubles d\u00e9pressifs de la personnalit\u00e9 et les troubles de l'humeur. Dans ce cas, l'anh\u00e9donie n'est pas un probl\u00e8me de sant\u00e9 mentale. <a href=\"https:\/\/drdeenz.com\/fr\/test-de-depression-agitee\/\">trouble d\u00e9pressif majeur<\/a>L'anh\u00e9donie est l'un des principaux sympt\u00f4mes de la maladie, avec le d\u00e9sespoir et l'impuissance. Ce quiz d'auto-\u00e9valuation ne peut remplacer un diagnostic formel. Si vos sympt\u00f4mes interf\u00e8rent avec votre vie quotidienne, vous devriez envisager de consulter un professionnel de la sant\u00e9 mentale pour obtenir un diagnostic appropri\u00e9.<\/p>\r\n\r\n<h2>Comment tester l'anh\u00e9donie ?<\/h2>\r\n<p>L'anh\u00e9donie n'est pas un type sp\u00e9cifique de trouble mental. Dans le DSM-5, elle est d\u00e9crite comme un manque de plaisir et un sympt\u00f4me de nombreux troubles mentaux. Il s'agit d'un <a href=\"https:\/\/drdeenz.com\/fr\/test-dabus-emotionnel\/\">\u00e9motionnel<\/a> qui peut affecter la qualit\u00e9 de vie globale de l'individu. <\/p>\r\n\r\n<p><strong>Entretiens cliniques :<\/strong> Les psychiatres utilisent des entretiens cliniques avec les individus et essaient de poser des questions li\u00e9es aux exp\u00e9riences de vie et au comportement. Les psychiatres essaient de comprendre et d\u2019\u00e9valuer l\u2019impact de l\u2019anh\u00e9donie et d\u2019autres sympt\u00f4mes li\u00e9s aux conditions de sant\u00e9 mentale.<\/p>\r\n\r\n<p><strong>Questionnaires d'auto-\u00e9valuation (Self-Report) :<\/strong> Les professionnels de la sant\u00e9 mentale utilisent des auto-\u00e9valuations dans lesquelles le patient se voit poser une s\u00e9rie de questions li\u00e9es \u00e0 ses exp\u00e9riences et sentiments pass\u00e9s.  Le questionnaire d\u2019auto-\u00e9valuation le plus populaire qui est utilis\u00e9 par les professionnels est l\u2019\u00e9chelle de plaisir de Snaith-Hamilton, cette \u00e9chelle est principalement ax\u00e9e sur la d\u00e9termination des sympt\u00f4mes anh\u00e9doniques. <sup id=\"ref-link-6\"><a href=\"#ref-6\">[6]<\/a><\/sup> L\u2019\u00e9chelle d\u2019anh\u00e9donie multidimensionnelle de Deenz met l\u2019accent sur la compr\u00e9hension de l\u2019anh\u00e9donie sur un spectre et mesure l\u2019impact.<\/p><div class=\"reference-list\"><h3>R\u00e9f\u00e9rences<\/h3><ol><li id=\"ref-1\">Treadway, M. T. et Zald, D. H. (2010). Reconsid\u00e9rer l'anh\u00e9donie dans la d\u00e9pression : Lessons from translational neuroscience. Neuroscience &amp; Biobehavioral Reviews, 35(3), 537-555. <a href=\"https:\/\/doi.org\/10.1016\/j.neubiorev.2010.06.006\">https:\/\/doi.org\/10.1016\/j.neubiorev.2010.06.006<\/a> <a href=\"#ref-link-1\" class=\"back-link\" aria-label=\"Retour au contenu\">\u21a9<\/a><\/li><li id=\"ref-2\">Serretti, A. (2023). Anhedonia and Depressive Disorders. Clinical Psychopharmacology and Neuroscience, 21(3), 401-409. <a href=\"https:\/\/doi.org\/10.9758\/cpn.23.1086\">https:\/\/doi.org\/10.9758\/cpn.23.1086<\/a> <a href=\"#ref-link-2\" class=\"back-link\" aria-label=\"Retour au contenu\">\u21a9<\/a><\/li><li id=\"ref-3\">Shankman, Stewart A., et al. \u00ab Les diff\u00e9rentes facettes de l&#039;anh\u00e9donie et leurs associations avec diff\u00e9rentes psychopathologies. \u00bb Anh\u00e9donie : un manuel complet volume I : enjeux conceptuels et avanc\u00e9es neurobiologiques (2014) : 3-22. <a href=\"https:\/\/doi.org\/10.1007\/978-94-017-8591-4_1\">https:\/\/doi.org\/10.1007\/978-94-017-8591-4_1<\/a> <a href=\"#ref-link-3\" class=\"back-link\" aria-label=\"Retour au contenu\">\u21a9<\/a><\/li><li id=\"ref-4\">Barkus, Emma et Johanna C. Badcock. \u00ab\u00a0Une perspective transdiagnostique sur l&#039;anh\u00e9donie sociale\u00a0\u00bb. Frontiers in psychiatry 10 (2019)\u00a0: 216. <a href=\"https:\/\/doi.org\/10.3389\/fpsyt.2019.00216\">https:\/\/doi.org\/10.3389\/fpsyt.2019.00216<\/a> <a href=\"#ref-link-4\" class=\"back-link\" aria-label=\"Retour au contenu\">\u21a9<\/a><\/li><li id=\"ref-5\">Berenbaum, H., Snowhite, R. et Oltmanns, T.F. (1987) 'Anhedonia and emotional responses to affect evoking stimuli', Psychological Medicine, 17(3), pp. 677-684. <a href=\"https:\/\/doi.org\/10.1017\/S0033291700025915\">doi:10.1017\/S0033291700025915.<\/a> <a href=\"#ref-link-5\" class=\"back-link\" aria-label=\"Retour au contenu\">\u21a9<\/a><\/li><li id=\"ref-6\">Harvard Snaith, RP et al. (1995) \u00ab Une \u00e9chelle pour l&#039;\u00e9valuation du ton h\u00e9donique : l&#039;\u00e9chelle de plaisir Snaith-Hamilton \u00bb, British Journal of Psychiatry, 167(1), pp. 99\u2013103. <a href=\"https:\/\/doi.org\/10.1017\/S0033291700025915\">doi:10.1192\/bjp.167.1.99.<\/a> <a href=\"#ref-link-6\" class=\"back-link\" aria-label=\"Retour au contenu\">\u21a9<\/a><\/li><\/ol><\/div>","protected":false},"excerpt":{"rendered":"Le test d'anh\u00e9donie est l'adoption num\u00e9rique de l'\u00e9chelle multidimensionnelle d'anh\u00e9donie Deenz, con\u00e7ue pour mesurer les tendances, la gravit\u00e9 et l'impact de l'anh\u00e9donie sur le bien-\u00eatre g\u00e9n\u00e9ral.","protected":false},"author":1,"featured_media":3996,"parent":0,"menu_order":0,"comment_status":"closed","ping_status":"closed","template":"","meta":{"inline_featured_image":false,"footnotes":""},"categories":[3,4],"class_list":["post-336","page","type-page","status-publish","has-post-thumbnail","hentry","category-depression","category-stress"],"lang":"en","translations":{"en":336,"pl":5770},"_links":{"self":[{"href":"https:\/\/drdeenz.com\/fr\/wp-json\/wp\/v2\/pages\/336","targetHints":{"allow":["GET"]}}],"collection":[{"href":"https:\/\/drdeenz.com\/fr\/wp-json\/wp\/v2\/pages"}],"about":[{"href":"https:\/\/drdeenz.com\/fr\/wp-json\/wp\/v2\/types\/page"}],"author":[{"embeddable":true,"href":"https:\/\/drdeenz.com\/fr\/wp-json\/wp\/v2\/users\/1"}],"replies":[{"embeddable":true,"href":"https:\/\/drdeenz.com\/fr\/wp-json\/wp\/v2\/comments?post=336"}],"version-history":[{"count":4,"href":"https:\/\/drdeenz.com\/fr\/wp-json\/wp\/v2\/pages\/336\/revisions"}],"predecessor-version":[{"id":5906,"href":"https:\/\/drdeenz.com\/fr\/wp-json\/wp\/v2\/pages\/336\/revisions\/5906"}],"wp:featuredmedia":[{"embeddable":true,"href":"https:\/\/drdeenz.com\/fr\/wp-json\/wp\/v2\/media\/3996"}],"wp:attachment":[{"href":"https:\/\/drdeenz.com\/fr\/wp-json\/wp\/v2\/media?parent=336"}],"wp:term":[{"taxonomy":"category","embeddable":true,"href":"https:\/\/drdeenz.com\/fr\/wp-json\/wp\/v2\/categories?post=336"}],"curies":[{"name":"wp","href":"https:\/\/api.w.org\/{rel}","templated":true}]}}