{"id":232,"date":"2023-03-04T03:18:42","date_gmt":"2023-03-04T03:18:42","guid":{"rendered":"https:\/\/drdeenz.com\/?p=232"},"modified":"2025-10-30T08:39:08","modified_gmt":"2025-10-30T08:39:08","slug":"test-de-personnalite-schizotypique","status":"publish","type":"page","link":"https:\/\/drdeenz.com\/fr\/test-de-personnalite-schizotypique\/","title":{"rendered":"Test de personnalit\u00e9 schizotypique"},"content":{"rendered":"<div id=\"description\">\r\n<p><strong>Deenz Schizotypal Personality Scale (DSPS-27) est utilis\u00e9e comme mesure pr\u00e9liminaire pour identifier les tendances ou \u00e9valuer les traits subcliniques associ\u00e9s \u00e0 la personnalit\u00e9 schizotypique. Les traits subcliniques se situent en dessous du seuil d'un diagnostic clinique de trouble de la personnalit\u00e9 schizotypique. Cet outil d'auto-\u00e9valuation ou quiz n'est pas con\u00e7u pour fournir un diagnostic clinique. Votre participation est totalement anonyme et nous ne conservons pas vos r\u00e9sultats \u00e0 des fins de recherche.<\/strong><\/p>\r\n\r\n<p><strong>Personnalit\u00e9 schizotypique<\/strong> C'est comme avoir un pied dans la r\u00e9alit\u00e9 et un autre dans un monde imaginaire. La personnalit\u00e9 schizotypique fait partie des troubles de la personnalit\u00e9. Il s'agit d'un trouble mental complexe qui implique <strong>d\u00e9fauts sociaux et interpersonnels, distorsions cognitives et comportements excentriques<\/strong>. Croire en la magie ou penser de mani\u00e8re inhabituelle ne fait pas de quelqu'un un schizotypique <sup id=\"ref-link-1\"><a href=\"#ref-1\">[1]<\/a><\/sup>. Cependant, il existe un large \u00e9ventail de traits associ\u00e9s \u00e0 ce trouble de la personnalit\u00e9, tels que des croyances bizarres, des distorsions perceptives, des troubles sociaux, des troubles de l'humeur, etc. <a href=\"https:\/\/drdeenz.com\/fr\/test-danhedonie\/\">anh\u00e9donie<\/a>L'isolement, les comportements excentriques, etc. Ces traits devraient \u00e9galement avoir une <strong>l'impact sur la vie sociale, interpersonnelle et quotidienne<\/strong> pour \u00eatre qualifi\u00e9 pour le diagnostic clinique.<\/p>  \r\n\r\n<p><strong>Deenz \u00c9chelle de personnalit\u00e9 schizotypique<\/strong> est con\u00e7u pour mesurer les traits subcliniques dans la population g\u00e9n\u00e9rale et il aide les participants \u00e0 mieux comprendre ces traits et \u00e0 \u00e9valuer la probabilit\u00e9 de pr\u00e9senter des caract\u00e9ristiques associ\u00e9es au trouble de la personnalit\u00e9 schizotypique.<\/p>\r\n\r\n<h2>Personnalit\u00e9 schizotypique Facettes<\/h2>\r\n<p><strong>Fantastique (croyances bizarres)<\/strong> Les personnes ayant une personnalit\u00e9 schizotypique peuvent avoir des croyances \u00e9tranges qui ne sont pas forc\u00e9ment fond\u00e9es sur la r\u00e9alit\u00e9 ou largement accept\u00e9es par les autres. Par exemple. Une personne ayant des croyances bizarres peut \u00eatre convaincue de l'influence des <strong>astrologie et horoscopes<\/strong>. Il\/elle peut avoir une croyance conventionnelle en la magie, les superstitions ou la parano\u00efa. En d\u00e9pit de toute preuve, il\/elle peut soutenir ses croyances, ce qui peut entra\u00eener un isolement social et des difficult\u00e9s \u00e0 fonctionner dans la vie quotidienne.<\/p><p><strong>Disquietude (Malaise social)<\/strong> Les personnes souffrant d'une personnalit\u00e9 schizotypique \u00e9prouvent une g\u00eane sociale, un malaise et une anxi\u00e9t\u00e9 importants dans les situations sociales. Lorsqu'elles interagissent avec d'autres personnes, elles peuvent se sentir g\u00ean\u00e9es ou conscientes d'elles-m\u00eames, ce qui les conduit \u00e0 <a href=\"https:\/\/drdeenz.com\/fr\/test-du-trouble-de-la-personnalite-evitante\/\">\u00e9vitement<\/a> et le maintien des relations interpersonnelles. Ils peuvent \u00e9galement \u00e9prouver des difficult\u00e9s \u00e0 comprendre les signaux sociaux, ce qui contribue \u00e0 les d\u00e9sorienter et \u00e0 leur faire perdre l'envie de participer \u00e0 des \u00e9v\u00e9nements sociaux. <sup id=\"ref-link-2\"><a href=\"#ref-2\">[2]<\/a><\/sup> <\/p><p><strong>Excentricit\u00e9 (passe-temps ou int\u00e9r\u00eats inhabituels)<\/strong> L'excentricit\u00e9 fait r\u00e9f\u00e9rence \u00e0 <strong>des comportements inhabituels ou une fa\u00e7on bizarre de parler, d'appara\u00eetre ou d'avoir des id\u00e9es<\/strong>Ces comportements s'\u00e9cartent souvent des normes ou des attentes de la soci\u00e9t\u00e9.  Les personnes ayant une personnalit\u00e9 schizotypique montrent souvent <a href=\"https:\/\/drdeenz.com\/fr\/test-neurodivergent\/\">des sch\u00e9mas d'\u00e9locution d\u00e9sorient\u00e9s<\/a> et peuvent avoir des hobbies bizarres ou non conventionnels ou des int\u00e9r\u00eats inhabituels. <\/p>\r\n<p><strong>Superstitieux (pens\u00e9e magique)<\/strong> Les personnes ayant des croyances ou des comportements superstitieux ont pour origine <strong>distorsions cognitives et anomalies de perception<\/strong>.  Une personne ayant une personnalit\u00e9 schizotypique peut croire en des choses qui ne sont pas logiques et elle per\u00e7oit et se comporte diff\u00e9remment. <strong>Par exemple, une personne qui croit que si elle passe sous une \u00e9chelle, il peut lui arriver malheur.<\/strong> il\/elle peut \u00e9viter \u00e0 tout prix de passer sous l'\u00e9chelle, m\u00eame s'il\/elle doit choisir un itin\u00e9raire plus long. <sup id=\"ref-link-3\"><a href=\"#ref-3\">[3]<\/a><\/sup><\/p>\r\n<p><strong>Aberrations (anomalies de la perception)<\/strong> Les aberrations sont des exp\u00e9riences inhabituelles li\u00e9es \u00e0 la perception sensorielle.  Ces exp\u00e9riences peuvent inclure des distorsions dans la fa\u00e7on dont une personne per\u00e7oit les images, les sons ou les sensations corporelles. Une personne ayant une personnalit\u00e9 schizotypique peut entendre ou voir des choses que les autres ne voient pas. <\/p><p><strong>Bizarre (pens\u00e9e inhabituelle)<\/strong> Dans le contexte de la personnalit\u00e9 schizotypique, le terme \"bizarre\" fait r\u00e9f\u00e9rence \u00e0 un mod\u00e8le de pens\u00e9e idiosyncrasique ou \u00e0 des pens\u00e9es diff\u00e9rentes de celles de la plupart des gens. Ces pens\u00e9es bizarres peuvent consister \u00e0 \u00e9tablir des liens qui peuvent sembler \u00e9tranges et \u00e0 raisonner d'une mani\u00e8re qui peut \u00eatre hors sujet. Une personne ayant cette personnalit\u00e9 peut voir et parler du monde diff\u00e9remment ou de mani\u00e8re inhabituelle, ce qui peut \u00eatre difficile \u00e0 comprendre pour les autres. <\/p><p><strong>Suspicion (soup\u00e7onner des motifs cach\u00e9s)<\/strong> La m\u00e9fiance est une tendance \u00e0 se m\u00e9fier ou \u00e0 se m\u00e9fier des intentions ou des motivations des autres.   Une personne ayant une personnalit\u00e9 schizotypique peut se montrer prudente ou douter en permanence des intentions des autres. Elle a tendance \u00e0 \u00eatre toujours sur ses gardes et \u00e0 croire que <strong>d'autres pourraient avoir des intentions nuisibles sans qu'il n'y ait de preuves solides<\/strong>. Ce comportement peut conduire \u00e0 la parano\u00efa dans les relations avec les autres. <sup id=\"ref-link-4\"><a href=\"#ref-4\">[4]<\/a><\/sup><\/p>\r\n<p><strong>R\u00e9serv\u00e9 (retenue dans l'expression des \u00e9motions et des sentiments)<\/strong> Les personnes ayant une personnalit\u00e9 schizotypique s'int\u00e9ressent peu ou pas du tout \u00e0 ce qui se passe autour d'elles. Elles peuvent sembler insensibles lorsqu'elles interagissent avec les autres.  <strong>Ils peuvent \u00e9galement appara\u00eetre \u00e9motionnellement calmes, indiff\u00e9rents ou ne manifester aucun int\u00e9r\u00eat pour les interactions sociales.<\/strong> Ce comportement les conduit \u00e0 devenir r\u00e9serv\u00e9s et \u00e0 ne pas exprimer leurs \u00e9motions, leurs sentiments et leurs pens\u00e9es. <\/p><p><strong>Particulier (Comportements et habitudes particuliers)<\/strong> Les personnes ayant une personnalit\u00e9 schizotypique ont tendance \u00e0 se comporter d'une mani\u00e8re qui peut sembler \u00e9trange aux autres.   Ces comportements peuvent inclure des rituels \u00e9tranges ou inhabituels ou des habitudes bizarres.<strong> Par exemple, une personne atteinte de ce trouble de la personnalit\u00e9 peut \u00eatre fascin\u00e9e par la collection d'objets inhabituels et passer des heures \u00e0 les arranger et \u00e0 les collectionner.<\/strong> Il\/elle peut \u00e9galement avoir tendance \u00e0 \u00e9viter le contact visuel et \u00e0 parler de mani\u00e8re d\u00e9cousue. Il peut aussi avoir des gestes ou des expressions faciales bizarres que les autres peuvent trouver <a href=\"https:\/\/drdeenz.com\/fr\/test-de-la-personne-difficile\/\">difficile \u00e0 comprendre<\/a> ou interpr\u00e9ter. <\/p>\r\n<h2>Et si j\u2019obtenais un score \u00e9lev\u00e9 au test de personnalit\u00e9 schizotypique ?<\/h2>\r\n<p>Le DSPS-27 est con\u00e7u pour mesurer les tendances aux traits sub-cliniques de la personnalit\u00e9 schizotypique. Les traits sub-cliniques sont des formes de sympt\u00f4mes qui ne r\u00e9pondent pas aux crit\u00e8res complets d'un diagnostic formel ou clinique. <strong>Cette auto-\u00e9valuation n'est pas destin\u00e9e \u00e0 \u00eatre utilis\u00e9e pour \u00e9tablir un diagnostic clinique ou un auto-diagnostic du trouble de la personnalit\u00e9 schizotypique.<\/strong> Par cons\u00e9quent, un score \u00e9lev\u00e9 au test de d\u00e9pistage de la personnalit\u00e9 schizotypique ne signifie pas n\u00e9cessairement que vous souffrez d'un trouble de la personnalit\u00e9 schizotypique.\r\n<\/p>\r\n<style> .reference-list {\r\n  background: #f9f9f9;\r\n  padding: 15px;\r\n  border-radius: 8px;\r\n  font-size: 14px;\r\n  box-shadow: 0 2px 6px rgba(0,0,0,0.1);\r\n}\r\n.reference-list h3 {\r\n  margin-top: 0;\r\n}\r\n.reference-list ol {\r\n  margin: 0;\r\n  list-style-type: decimal; \/* ensures 1, 2, 3 format *\/\r\n}\r\n.reference-list li {\r\n  margin-bottom: 8px;\r\n  line-height: 1.5;\r\n  position: relative;\r\n}\r\n.reference-list .back-link {\r\n  float: right;         \/* move link to right side *\/\r\n  font-size: 12px;\r\n  margin-left: 15px;    \/* extra spacing from text if text is long *\/\r\n}<\/style><\/div><div class=\"reference-list\"><h3>R\u00e9f\u00e9rences<\/h3><ol><li id=\"ref-1\">Rosell, D.R. Le trouble de la personnalit\u00e9 schizotypique : A Current Review. <a href=\"https:\/\/doi.org\/10.1007\/s11920-014-0452-1\">https:\/\/doi.org\/10.1007\/s11920-014-0452-1<\/a> <a href=\"#ref-link-1\" class=\"back-link\" aria-label=\"Retour au contenu\">\u21a9<\/a><\/li><li id=\"ref-2\">Waldeck, &amp; Miller, L. (2000). Social skills deficits in schizotypal personality disorder. Psychiatry Research, 93(3), 237-246. <a href=\"https:\/\/doi.org\/10.1016\/S0165-1781(00)00122-0\">https:\/\/doi.org\/10.1016\/S0165-1781(00)00122-0<\/a> <a href=\"#ref-link-2\" class=\"back-link\" aria-label=\"Retour au contenu\">\u21a9<\/a><\/li><li id=\"ref-3\">Ph\u00e9nom\u00e9nologie, d\u00e9terminants. \"Confiance et troubles de la personnalit\u00e9\". La neurobiologie de la confiance (2021) : 430. <a href=\"https:\/\/books.google.co.in\/books?id=d7hIEAAAQBAJ&#038;lpg=PA430&#038;ots=Jc78WXfNNk&#038;dq=trust%20Schizotypal%20Personality%20Disorder&#038;lr&#038;pg=PA430#v=onepage&#038;q=trust%20Schizotypal%20Personality%20Disorder&#038;f=false\">Livres.google.co.in<\/a> <a href=\"#ref-link-3\" class=\"back-link\" aria-label=\"Retour au contenu\">\u21a9<\/a><\/li><li id=\"ref-4\">Eckblad, M. et Chapman, L. J. (1983). Magical ideation as an indicator of schizotypy. Journal of Consulting and Clinical Psychology, 51(2), 215-225. <a href=\"https:\/\/doi.org\/10.1037\/0022-006X.51.2.215\">https:\/\/doi.org\/10.1037\/0022-006X.51.2.215<\/a> <a href=\"#ref-link-4\" class=\"back-link\" aria-label=\"Retour au contenu\">\u21a9<\/a><\/li><\/ol><\/div>","protected":false},"excerpt":{"rendered":"Le test de personnalit\u00e9 schizotypique est l'adaptation num\u00e9rique de l'\u00e9chelle de personnalit\u00e9 schizotypique Deenz (DSPS-27) con\u00e7ue pour mesurer les traits subcliniques et l'acc\u00e8s \u00e0 des traits pathologiques associ\u00e9s au trouble de la personnalit\u00e9 schizotypique.","protected":false},"author":1,"featured_media":4361,"parent":0,"menu_order":0,"comment_status":"closed","ping_status":"closed","template":"","meta":{"inline_featured_image":false,"footnotes":""},"categories":[5],"class_list":["post-232","page","type-page","status-publish","has-post-thumbnail","hentry","category-personality-assessments"],"lang":"en","translations":{"en":232},"_links":{"self":[{"href":"https:\/\/drdeenz.com\/fr\/wp-json\/wp\/v2\/pages\/232","targetHints":{"allow":["GET"]}}],"collection":[{"href":"https:\/\/drdeenz.com\/fr\/wp-json\/wp\/v2\/pages"}],"about":[{"href":"https:\/\/drdeenz.com\/fr\/wp-json\/wp\/v2\/types\/page"}],"author":[{"embeddable":true,"href":"https:\/\/drdeenz.com\/fr\/wp-json\/wp\/v2\/users\/1"}],"replies":[{"embeddable":true,"href":"https:\/\/drdeenz.com\/fr\/wp-json\/wp\/v2\/comments?post=232"}],"version-history":[{"count":4,"href":"https:\/\/drdeenz.com\/fr\/wp-json\/wp\/v2\/pages\/232\/revisions"}],"predecessor-version":[{"id":5854,"href":"https:\/\/drdeenz.com\/fr\/wp-json\/wp\/v2\/pages\/232\/revisions\/5854"}],"wp:featuredmedia":[{"embeddable":true,"href":"https:\/\/drdeenz.com\/fr\/wp-json\/wp\/v2\/media\/4361"}],"wp:attachment":[{"href":"https:\/\/drdeenz.com\/fr\/wp-json\/wp\/v2\/media?parent=232"}],"wp:term":[{"taxonomy":"category","embeddable":true,"href":"https:\/\/drdeenz.com\/fr\/wp-json\/wp\/v2\/categories?post=232"}],"curies":[{"name":"wp","href":"https:\/\/api.w.org\/{rel}","templated":true}]}}