{"id":1601,"date":"2023-12-15T13:34:33","date_gmt":"2023-12-15T13:34:33","guid":{"rendered":"https:\/\/drdeenz.com\/?p=1601"},"modified":"2025-10-23T14:09:52","modified_gmt":"2025-10-23T14:09:52","slug":"test-sur-les-traumatismes-de-lenfance","status":"publish","type":"page","link":"https:\/\/drdeenz.com\/fr\/test-sur-les-traumatismes-de-lenfance\/","title":{"rendered":"Test traumatisme enfance - Avez-vous un traumatisme durant l'enfance ?"},"content":{"rendered":"<p style=\" border-style: solid; border-width: 1px; border-color: #000; box-shadow: 2px 2px 0px 0px #fe025b; padding: 5px; \">Ce questionnaire est une adaptation num\u00e9rique de l'\u00e9chelle de traumatisme enfance de Deenz (DCTS-28). <sup id=\"ref-link-1\"><a href=\"#ref-1\">[1]<\/a><\/sup> Votre participation \u00e0 ce test est anonyme. Nous ne vous demandons ni ne collectons vos informations personnelles, et nous ne conservons pas vos r\u00e9sultats. <\/p>\r\n<h2>\u00c9laboration d'une \u00e9chelle d'\u00e9valuation des traumatismes subis pendant l'enfance.<\/h2>\r\n<p class=\"translation-block\">L'exposition \u00e0 un traumatisme pendant l'enfance a un impact psychologique sur le bien-\u00eatre g\u00e9n\u00e9ral des individus. <sup id=\"ref-link-2\"><a href=\"#ref-2\" target=\"_self\">[2]<\/a><\/sup> Toutes les personnes ayant v\u00e9cu des \u00e9v\u00e9nements traumatisants pendant leur enfance ne d\u00e9veloppent pas n\u00e9cessairement un trouble mental. Toutes les personnes ayant v\u00e9cu des \u00e9v\u00e9nements traumatisants pendant leur enfance ne d\u00e9veloppent pas n\u00e9cessairement un trouble mental. Cependant, cela peut avoir eu un certain impact sur leur vie cognitive, sociale et <a href=\"https:\/\/drdeenz.com\/fr\/test-danhedonie\/\" target=\"_self\">personnelle<\/a>.<\/p>\r\n<p>Au fil des ans, les psychologues se sont efforc\u00e9s d'\u00e9tudier l'exp\u00e9rience de l'enfance et son impact sur le bien-\u00eatre g\u00e9n\u00e9ral. La n\u00e9cessit\u00e9 de disposer d'outils avanc\u00e9s pour mesurer les exp\u00e9riences pass\u00e9es a \u00e9galement \u00e9t\u00e9 reconnue. <sup id=\"ref-link-3\"><a href=\"#ref-3\">[3]<\/a><\/sup> L'une des \u00e9chelles d'auto-\u00e9valuation traditionnelles les plus populaires est celle de <strong>Questionnaire sur les traumatismes de l'enfance (CTQ)<\/strong> et <strong>ACES (\u00e9chelle des exp\u00e9riences n\u00e9gatives de l'enfance)<\/strong>Le CTQ est un questionnaire d'auto-\u00e9valuation en 70 points d\u00e9velopp\u00e9 par Bernstein en 1994, qui tente de mesurer diff\u00e9rentes sous-\u00e9chelles du traumatisme infantile.\r\n<\/p>\r\n<p><strong>\u00c9chelle des traumatismes infantiles Deenz (DCTS-28)<\/strong> est un questionnaire d'auto-\u00e9valuation moderne et concis con\u00e7u pour mesurer les traumatismes infantiles n\u00e9gatifs sur un spectre. L'\u00e9chelle tente d'\u00e9valuer les traumatismes infantiles \u00e0 l'aide d'une approche multidimensionnelle. Les principaux aspects mesur\u00e9s par cette \u00e9chelle sont les suivants : <a href=\"https:\/\/drdeenz.com\/fr\/test-dabus-emotionnel\/\">Violence psychologique<\/a>, maltraitance physique, n\u00e9gligence affective et r\u00e9percussions comportementales.<\/p>\r\n\r\n<p class=\"translation-block\">L'objectif principal du d\u00e9veloppement de l'\u00e9chelle DCTS-28 est de mesurer les traumatismes subis pendant l'enfance et leur impact sur le bien-\u00eatre psychologique et g\u00e9n\u00e9ral d'un individu. Une \u00e9tude men\u00e9e aupr\u00e8s de <strong>240 \u00e9tudiants<\/strong>, dont 97 femmes et 143 hommes, a montr\u00e9 que cette \u00e9chelle est un outil valide et fiable pour mesurer les exp\u00e9riences traumatiques et leur impact sur le bien-\u00eatre g\u00e9n\u00e9ral. La validit\u00e9 a \u00e9t\u00e9 confirm\u00e9e par des corr\u00e9lations significatives avec des mesures \u00e9tablies des traumatismes subis pendant l'enfance, notamment le <strong>Questionnaire sur les traumatismes subis pendant l'enfance (CTQ)<\/strong> et le questionnaire sur les <strong>Exp\u00e9riences n\u00e9gatives v\u00e9cues pendant l'enfance (ACE)<\/strong>.<\/p>\r\n<img decoding=\"async\" src=\"https:\/\/drdeenz.com\/wp-content\/uploads\/2025\/10\/Avez-vous-un-traumatisme-durant-lenfance.png\" alt=\"D\u00e9veloppement d\u00e9taill\u00e9 pour les traumatismes de l&#039;enfance Test-ACES Quiz\" \/>\r\n<p>Nous nous sommes efforc\u00e9s de rendre cette version interactive (test sur les traumatismes infantiles) pr\u00e9cise et fiable pour l'auto-\u00e9valuation. Cependant, les quiz et tests en ligne, y compris celui-ci, <strong>test sur les traumatismes de l'enfance<\/strong> ne sont pas consid\u00e9r\u00e9s comme pr\u00e9cis. Ce questionnaire s'est av\u00e9r\u00e9 utile pour comprendre l'impact et l'exposition aux \u00e9v\u00e9nements traumatisants de l'enfance, mais vous devez noter que ce questionnaire informatis\u00e9 est destin\u00e9 \u00e0 des fins \u00e9ducatives uniquement. Si vous avez des commentaires ou des suggestions, veuillez <a href=\"https:\/\/drdeenz.com\/contact-us\/\">me contacter<\/a> ou pour toute question relative \u00e0 l'utilisation de cette auto-\u00e9valuation, veuillez consulter notre site web. <a href=\"https:\/\/drdeenz.com\/privacy\/\">conditions d'utilisation<\/a><\/p>\r\n\r\n<style>hr {\r\n    margin: 10px 0px;\r\n    border: none;\r\n}.question-choices.watupro-choices-columns {\r\n    padding-top: 15px;\r\n}ul.watupro-question-paginator li, ul.watupro-answers-paginator li {\r\n    width: auto!important;\r\n}.question-content {\r\n    text-align: center;\r\n}.watu-question .question-content p {\r\n    margin-top: 12px;\r\n}.question-choices.watupro-choices-columns {\r\n    display: inline-flex;\r\n    flex-wrap: wrap;\r\n    justify-content: center;\r\n}.question-choices.watupro-choices-columns .watupro-question-choice {\r\n    line-height: 1;\r\n}.question-choices.watupro-choices-columns div:nth-child(4) .answer {\r\n    width: 30px;\r\n    height: 30px;\r\n    border-color: #346aa3;\r\n        position: relative;padding: 0px;\r\n    border-radius: 50%;\r\n    border: 4px solid;\r\n}.question-choices.watupro-choices-columns div:nth-child(5) .answer span {\r\n   display: block!important;\r\n    position: relative;\r\n    color: #316d72;\r\n    margin-left: 26px;\r\n    float: left;\r\n}.question-choices.watupro-choices-columns div:nth-child(1) .answer span {\r\n        display: block!important;\r\n    color: #316d72;\r\n    float: right;text-align:left;\r\n    margin-right: 26px;\r\n}.question-choices.watupro-choices-columns div:nth-child(3) .answer {\r\n    width: 27px;\r\n    height: 27px;\r\n    border-top-color: #f1c40f!important;\r\n    border-left-color: #f1c40f!important;\r\n    border-right-color: #346aa3!important;\r\n    border-bottom-color: #346aa3!important;\r\npadding: 0px;\r\nposition: relative;\r\n    border-radius: 50%;\r\n    border: 4px solid;\r\n}.question-choices.watupro-choices-columns div:nth-child(2) .answer {\r\n    width: 30px;\r\n    height: 30px;\r\n    border-color: #f1c40f!important;\r\n    position: relative;\r\n    border-radius: 50%;\r\n    border: 4px solid;padding: 0px;\r\n}.question-choices.watupro-choices-columns div:nth-child(5) .answer {\r\n    width: 30px;\r\n    height: 33px;\r\n    border-color: #346aa3;\r\n    position: relative;\r\n    border-radius: 50%;\r\n    border: 4px solid;\r\npadding: 0px;\r\n}.question-choices.watupro-choices-columns div:nth-child(1) .answer {\r\n       width: 30px;\r\n    position: relative;\r\n    border-radius: 50%;\r\n    border: 4px solid;\r\n    height: 33px;text-align: right;\r\n    border-color: #f1c40f;\r\npadding: 0px;\r\n}.watupro-question-choice {\r\n    height: 47px!important;\r\n    width: 47px!important;\r\n    display: inline-block!important;\r\n    position: relative!important;\r\n    border-radius: 0.325em;\r\n    transition: background .1s linear;\r\n    border: 0px!important;\r\n}.question-choices.watupro-choices-columns .watupro-question-choice span {\r\n    display: none!important;\r\n}.question-choices.watupro-choices-columns {\r\n    text-align: center;\r\n}.watupro-question-choice input[type=radio] + label, .watupro-question-choice input[type=checkbox] + label {\r\n   height: 47px;\r\n    width: 47px;\r\n}.watupro-question-choice input[type=radio]:checked + label, .watupro-question-choice input[type=checkbox]:checked + label {\r\n    background-image: none;\r\n    outline: 0;\r\n    background-color: #005E7C!important;\r\n    color: #fff;\r\n}.question-choices.watupro-choices-columns .watupro-question-choice {\r\n    margin: 2px!important;\r\n}@media screen and (max-width: 290px) {.watupro_buttons.flex {\r\n    display: flex;\r\n    flex-flow: nowrap!important;\r\n}}\r\n@media screen and (min-width: 450px) {.question-choices.watupro-choices-columns div:nth-child(1) .answer span {\r\n        margin-right: 43px;\r\n}.question-choices.watupro-choices-columns div:nth-child(5) .answer span {\r\n    margin-left: 46px;\r\n}}\r\n@media screen and (max-width: 450px) {.question-choices.watupro-choices-columns{padding: 30px 0px;}.question-choices.watupro-choices-columns div:nth-child(1) .answer span{  padding-top: 10px; font-size: 16px;    position: absolute;\r\n    top: 28px;\r\n   right: -73px;width:100px;}.question-choices.watupro-choices-columns div:nth-child(5) .answer span{padding-top: 10px;font-size: 16px;position: absolute;\r\n    top: 28px;\r\n    right: -9px;}}<\/style>\r\n<div class=\"reference-list\"><h3>R\u00e9f\u00e9rences<\/h3><ol><li id=\"ref-1\">Dar, D. M. (2024). Pr\u00e9sentation du <strong>\u00c9chelle des traumatismes infantiles Deenz (DCTS-28)<\/strong>: Validation d'une mesure globale pour \u00e9valuer les exp\u00e9riences traumatiques v\u00e9cues pendant l'enfance. PsychArchives. <a href=\"https:\/\/doi.org\/10.23668\/psycharchives.14225\">https:\/\/doi.org\/10.23668\/psycharchives.14225<\/a> <a href=\"#ref-link-1\" class=\"back-link\" aria-label=\"Retour au contenu\">\u21a9<\/a><\/li><li id=\"ref-2\">Terr, Lenore C. \"Les traumatismes de l'enfance : un aper\u00e7u et une vue d'ensemble\". Focus 1.3 (2003) : 322-334. <a href=\"https:\/\/doi.org\/10.1176\/foc.1.3.322\">https:\/\/doi.org\/10.1176\/foc.1.3.322<\/a> <a href=\"#ref-link-2\" class=\"back-link\" aria-label=\"Retour au contenu\">\u21a9<\/a><\/li><li id=\"ref-3\">Danese, A. (2020). Revue annuelle de la recherche : Rethinking childhood trauma-new research directions for measurement, study design and analytical strategies. Journal of Child Psychology and Psychiatry, 61(3), 236-250. <a href=\"https:\/\/doi.org\/10.1111\/jcpp.13160\">https:\/\/doi.org\/10.1111\/jcpp.13160<\/a> <a href=\"#ref-link-3\" class=\"back-link\" aria-label=\"Retour au contenu\">\u21a9<\/a><\/li><\/ol><\/div>","protected":false},"excerpt":{"rendered":"Le test de traumatisme infantile est la version informatis\u00e9e de l'\u00e9chelle de traumatisme infantile Deenz (DCTS-28), qui est une mesure valide et fiable permettant d'\u00e9valuer l'impact et l'exposition aux traumatismes infantiles.","protected":false},"author":1,"featured_media":5784,"parent":0,"menu_order":0,"comment_status":"closed","ping_status":"closed","template":"","meta":{"inline_featured_image":false,"footnotes":""},"categories":[3],"class_list":["post-1601","page","type-page","status-publish","has-post-thumbnail","hentry","category-depression"],"lang":"en","translations":{"en":1601},"_links":{"self":[{"href":"https:\/\/drdeenz.com\/fr\/wp-json\/wp\/v2\/pages\/1601","targetHints":{"allow":["GET"]}}],"collection":[{"href":"https:\/\/drdeenz.com\/fr\/wp-json\/wp\/v2\/pages"}],"about":[{"href":"https:\/\/drdeenz.com\/fr\/wp-json\/wp\/v2\/types\/page"}],"author":[{"embeddable":true,"href":"https:\/\/drdeenz.com\/fr\/wp-json\/wp\/v2\/users\/1"}],"replies":[{"embeddable":true,"href":"https:\/\/drdeenz.com\/fr\/wp-json\/wp\/v2\/comments?post=1601"}],"version-history":[{"count":4,"href":"https:\/\/drdeenz.com\/fr\/wp-json\/wp\/v2\/pages\/1601\/revisions"}],"predecessor-version":[{"id":5517,"href":"https:\/\/drdeenz.com\/fr\/wp-json\/wp\/v2\/pages\/1601\/revisions\/5517"}],"wp:featuredmedia":[{"embeddable":true,"href":"https:\/\/drdeenz.com\/fr\/wp-json\/wp\/v2\/media\/5784"}],"wp:attachment":[{"href":"https:\/\/drdeenz.com\/fr\/wp-json\/wp\/v2\/media?parent=1601"}],"wp:term":[{"taxonomy":"category","embeddable":true,"href":"https:\/\/drdeenz.com\/fr\/wp-json\/wp\/v2\/categories?post=1601"}],"curies":[{"name":"wp","href":"https:\/\/api.w.org\/{rel}","templated":true}]}}