{"id":1562,"date":"2023-12-08T02:19:51","date_gmt":"2023-12-08T02:19:51","guid":{"rendered":"https:\/\/drdeenz.com\/?p=1562"},"modified":"2025-10-26T15:55:03","modified_gmt":"2025-10-26T15:55:03","slug":"test-de-sadisme","status":"publish","type":"page","link":"https:\/\/drdeenz.com\/fr\/test-de-sadisme\/","title":{"rendered":"Test de sadisme"},"content":{"rendered":"<p style=\" border-style: solid; border-width: 1px; border-color: #000; box-shadow: 2px 2px 0px 0px #fe025b; padding: 5px; \">Le test de sadisme est la version informatis\u00e9e de l\u2019\u00e9chelle d\u2019\u00e9valuation de la tendance au sadisme (DTAS-24). <sup id=\"ref-link-1\"><a href=\"#ref-1\">[1]<\/a><\/sup>\r\nCet outil d'auto-\u00e9valuation du sadisme- est fourni uniquement \u00e0 des fins \u00e9ducatives. Les r\u00e9sultats fournis ne constituent pas un avis m\u00e9dical. La participation \u00e0 cet outil est totalement anonyme AUCUNE donn\u00e9e n'est collect\u00e9e ou stock\u00e9e \u00e0 des fins de recherche. <\/p>\r\n<p>Le sadisme fait r\u00e9f\u00e9rence \u00e0 la tendance \u00e0 ressentir du plaisir, de la gratification ou de la jouissance face \u00e0 la douleur, \u00e0 la souffrance ou \u00e0 l\u2019humiliation d\u2019autrui. Les personnes ayant des traits sadiques ont une envie d\u00e9lib\u00e9r\u00e9e ou intentionnelle de nuire aux autres, elles peuvent faire preuve de cruaut\u00e9 envers les animaux et utiliser la manipulation pour faire souffrir les autres, en particulier en tirant du plaisir du harc\u00e8lement sexuel.  <sup id=\"ref-link-2\"><a href=\"#ref-2\">[2]<\/a><\/sup><\/p>\r\n<p>Le terme sadisme a \u00e9t\u00e9 d\u00e9riv\u00e9 de l\u2019\u00e9criture \u00e9rotique de l\u2019\u00e9crivain fran\u00e7ais du XVIIIe si\u00e8cle, le marquis de Sade.<\/p> \r\n<p>Dans le Manuel diagnostique et statistique des troubles mentaux, le sadisme du DSM-5 est consid\u00e9r\u00e9 comme un trouble paraphilique. <sup id=\"ref-link-3\"><a href=\"#ref-3\">[3]<\/a><\/sup><\/p>\r\n<p>Selon le DSM-5, le sadisme peut se manifester sous diverses formes, mais la priorit\u00e9 a \u00e9t\u00e9 donn\u00e9e aux comportements sexuels anormaux qui sont associ\u00e9s \u00e0 causer des dommages physiques et psychologiques aux autres.<\/p>\r\n<h2>D\u00e9veloppement de l'\u00e9chelle de personnalit\u00e9 sadique Deenz<\/h2>\r\n<p>Traditionnellement, le sadisme \u00e9tait consid\u00e9r\u00e9 comme un fort d\u00e9sir sexuel et un plaisir de causer du mal aux autres, mais en psychologie moderne, il est class\u00e9 comme une tendance \u00e0 ressentir du plaisir \u00e0 cause de la douleur, de la souffrance et de l\u2019humiliation des autres avec un d\u00e9sir intentionnel de causer du mal par manipulation, <a href=\"https:\/\/drdeenz.com\/fr\/test-du-spectre-de-la-psychopathie\/\">psychopathe<\/a> et les comportements narcissiques. <sup id=\"ref-link-4\"><a href=\"#ref-4\">[4]<\/a><\/sup><\/p><p>Les traits de sadisme sont li\u00e9s \u00e0 divers troubles de la personnalit\u00e9 tels que la psychopathie et <a href=\"https:\/\/drdeenz.com\/fr\/test-de-personnalite-narcissique\/\">personnalit\u00e9 narcissique<\/a> trouble. Le sadisme est consid\u00e9r\u00e9 comme dimensionnel et ne peut \u00eatre \u00e9valu\u00e9 qu\u2019\u00e0 l\u2019aide d\u2019un outil d\u2019\u00e9valuation s\u00e9par\u00e9. <\/p>\r\n\r\n<p>Lorsque j'ai commenc\u00e9 \u00e0 d\u00e9velopper le <a href=\"https:\/\/drdeenz.com\/fr\/test-de-la-triade-noire\/\">\u00c9chelle de la triade noire<\/a>J'ai trouv\u00e9 une forte relation avec la psychopathie, le machiav\u00e9lisme et les traits narcissiques. <sup id=\"ref-link-5\"><a href=\"#ref-5\">[5]<\/a><\/sup> Dans l\u2019\u00e9chelle de la triade sombre, les traits sont mesur\u00e9s en fonction des cat\u00e9gories ; cependant, dans le cas du sadisme, les traits sont dimensionnels, ce qui augmente la probabilit\u00e9 d\u2019erreurs de diagnostic lors de la mesure pr\u00e9cise des traits associ\u00e9s \u00e0 une personnalit\u00e9 sadique. Peu apr\u00e8s la validation de l\u2019\u00e9chelle de la Dark Triad, j\u2019ai commenc\u00e9 \u00e0 travailler sur le d\u00e9veloppement de l\u2019\u00e9chelle du sadisme. <\/p><p>En 2015, lorsque j\u2019ai commenc\u00e9 la g\u00e9n\u00e9ration d\u2019\u00e9l\u00e9ments pour l\u2019\u00e9chelle de sadisme, j\u2019ai trouv\u00e9 des \u00e9chelles valides existantes telles que les Vari\u00e9t\u00e9s de tendances sadiques, l\u2019\u00c9chelle des impulsions sadiques et l\u2019\u00c9valuation de la personnalit\u00e9 sadique. Ces \u00e9chelles sont des \u00e9valuations valides et fiables qui peuvent \u00eatre utilis\u00e9es pour mesurer les traits du sadisme. J\u2019ai personnellement reconnu un besoin de d\u00e9velopper un inventaire qui peut \u00e9valuer les traits sous-cliniques associ\u00e9s au sadisme. J\u2019ai commenc\u00e9 par la g\u00e9n\u00e9ration d\u2019articles, et je suis reconnaissant envers le Dr. Aamir pour avoir organis\u00e9 les ressources et m\u2019avoir aid\u00e9 \u00e0 valider l\u2019\u00e9chelle.<\/p>\r\n<h2>G\u00e9n\u00e9ration d'objets<\/h2>\r\n<p>Le but de tout inventaire psychom\u00e9trique est de d\u00e9velopper un instrument complet capable de mesurer les traits avec le plus de pr\u00e9cision et, \u00e0 cette fin, la g\u00e9n\u00e9ration d\u2019articles joue un r\u00f4le crucial. Pour rendre les \u00e9l\u00e9ments faciles \u00e0 comprendre et capturer les traits et tendances subcliniques li\u00e9s au sadisme, j\u2019ai consult\u00e9 beaucoup de ressources et affin\u00e9 la structure.<\/p>\r\n<p>Pour garantir des \u00e9l\u00e9ments valides et pertinents, j\u2019ai consult\u00e9 des psychologues et des conf\u00e9renciers universitaires, qui m\u2019ont fourni des informations pr\u00e9cieuses et des retours sur les \u00e9l\u00e9ments. L\u2019examen par des experts a jou\u00e9 un r\u00f4le b\u00e9n\u00e9fique dans le raffinement du libell\u00e9 et de la structure pour assurer la clart\u00e9 et la pr\u00e9cision des \u00e9l\u00e9ments. Pour obtenir des donn\u00e9es des participants, j\u2019ai impl\u00e9ment\u00e9 l\u2019\u00e9chelle de type Likert en cinq points qui est une excellente m\u00e9thode pour acqu\u00e9rir des attitudes ou des opinions pour un ensemble d\u2019\u00e9nonc\u00e9s. <\/p>\r\n<h2>Essais pilotes<\/h2>\r\n<p>Les tests pilotes aident \u00e0 l\u2019\u00e9valuation initiale de la pr\u00e9cision et de la modification de tout type de donn\u00e9es si n\u00e9cessaire. Dans cette phase, j\u2019ai collabor\u00e9 avec le Dr Amir et nous avons commenc\u00e9 \u00e0 distribuer l\u2019article \u00e0 divers \u00e9tudiants et experts en psychologie du coll\u00e8ge et il leur a \u00e9t\u00e9 demand\u00e9 d\u2019examiner et de fournir des commentaires sur les \u00e9l\u00e9ments et leur pertinence. Dans cette phase, j\u2019ai trouv\u00e9 quelques probl\u00e8mes potentiels et affin\u00e9 la structure. Apr\u00e8s le processus de r\u00e9vision avec le Dr Aamir, nous avons commenc\u00e9 l\u2019essai sur un petit groupe de 34 \u00e9tudiants universitaires <\/p>\r\n<p>Le test pilote a aid\u00e9 \u00e0 la r\u00e9duction des articles, en r\u00e9duisant les articles de 34 \u00e0 24, et en r\u00e9duisant les articles que les participants ont trouv\u00e9 efficace dans le temps. <\/p><p>En acc\u00e9dant \u00e0 la coh\u00e9rence interne, l\u2019alpha de Cronbach de 0,87 a \u00e9t\u00e9 enregistr\u00e9, indiquant une forte fiabilit\u00e9. La mise en \u0153uvre de l\u2019analyse factorielle a r\u00e9v\u00e9l\u00e9 une forte relation entre les \u00e9nonc\u00e9s dans l\u2019\u00e9chelle et les traits associ\u00e9s au sadisme. <\/p><p>Pour assurer la coh\u00e9rence globale, les \u00e9l\u00e9ments ont \u00e9t\u00e9 organis\u00e9s en une structure avec \u00e0 la fois une valence n\u00e9gative et positive. Les \u00e9l\u00e9ments positifs \u00e9taient directement li\u00e9s aux traits de sadisme et les \u00e9l\u00e9ments n\u00e9gatifs \u00e9taient li\u00e9s aux traits d\u2019empathie.<\/p>\r\n<p>Cette version informatis\u00e9e de l\u2019\u00e9chelle (Test de sadisme) n\u2019est pas con\u00e7ue pour fournir des conseils professionnels ou un diagnostic pr\u00e9cis d\u2019un trouble paraphilique. Nous ne collectons ni ne stockons les donn\u00e9es des participants \u00e0 cette auto-\u00e9valuation. <a href=\"https:\/\/drdeenz.com\/privacy\/\">Lire les conditions d'utilisation<\/a> pour plus d'informations.<\/p><div class=\"reference-list\"><h3>R\u00e9f\u00e9rences<\/h3><ol><li id=\"ref-1\">Dar, Deen Mohd, \u00c9chelle d'\u00e9valuation de la tendance au sadisme : Development and Validation (10 d\u00e9cembre 2023). Disponible sur SSRN : <a href=\"http:\/\/dx.doi.org\/10.2139\/ssrn.4659733\">http:\/\/dx.doi.org\/10.2139\/ssrn.4659733<\/a> <a href=\"#ref-link-1\" class=\"back-link\" aria-label=\"Retour au contenu\">\u21a9<\/a><\/li><li id=\"ref-2\">Paulhus, D.L. et Dutton, D.G., 2016. Everyday sadism. <a href=\"https:\/\/psycnet.apa.org\/doi\/10.1037\/14854-006\">https:\/\/psycnet.apa.org\/doi\/10.1037\/14854-006<\/a> <a href=\"#ref-link-2\" class=\"back-link\" aria-label=\"Retour au contenu\">\u21a9<\/a><\/li><li id=\"ref-3\">Merrick, W. A. (2016). Changements dans les crit\u00e8res diagnostiques du DSM-5 pour les troubles paraphiliques. Archives of sexual behavior, 45(8), 2173-2179. <a href=\"https:\/\/doi.org\/10.1007\/s10508-016-0845-9\">https:\/\/doi.org\/10.1007\/s10508-016-0845-9<\/a> <a href=\"#ref-link-3\" class=\"back-link\" aria-label=\"Retour au contenu\">\u21a9<\/a><\/li><li id=\"ref-4\">Chester, D. S., DeWall, C. N., &amp; Enjaian, B. (2018). Sadisme et comportement agressif : Inflicting Pain to Feel Pleasure. Personality and Social Psychology Bulletin. <a href=\"https:\/\/doi.org\/10.1177\/0146167218816327\">https:\/\/doi.org\/10.1177\/0146167218816327<\/a> <a href=\"#ref-link-4\" class=\"back-link\" aria-label=\"Retour au contenu\">\u21a9<\/a><\/li><li id=\"ref-5\">Dar, Deen Mohd. a publi\u00e9 un article intitul\u00e9 \u00ab \u00c9valuation, d\u00e9veloppement, validation et fiabilit\u00e9 de l'\u00e9chelle de personnalit\u00e9 de la triade sombre de Deenz \u00bb (2023). <a href=\"https:\/\/doi.org\/10.21203\/rs.3.rs-3565477\/v2\">https:\/\/doi.org\/10.21203\/rs.3.rs-3565477\/v2<\/a> <a href=\"#ref-link-5\" class=\"back-link\" aria-label=\"Retour au contenu\">\u21a9<\/a><\/li><\/ol><\/div>","protected":false},"excerpt":{"rendered":"Le test de sadisme est bas\u00e9 sur l'\u00e9chelle de personnalit\u00e9 sadique Deenz (DSPS-24) qui est un instrument bref et valide pour mesurer les traits subcliniques associ\u00e9s \u00e0 la personnalit\u00e9 sadique.","protected":false},"author":1,"featured_media":5816,"parent":0,"menu_order":0,"comment_status":"closed","ping_status":"closed","template":"","meta":{"inline_featured_image":false,"footnotes":""},"categories":[5],"class_list":["post-1562","page","type-page","status-publish","has-post-thumbnail","hentry","category-personality-assessments"],"lang":"en","translations":{"en":1562},"_links":{"self":[{"href":"https:\/\/drdeenz.com\/fr\/wp-json\/wp\/v2\/pages\/1562","targetHints":{"allow":["GET"]}}],"collection":[{"href":"https:\/\/drdeenz.com\/fr\/wp-json\/wp\/v2\/pages"}],"about":[{"href":"https:\/\/drdeenz.com\/fr\/wp-json\/wp\/v2\/types\/page"}],"author":[{"embeddable":true,"href":"https:\/\/drdeenz.com\/fr\/wp-json\/wp\/v2\/users\/1"}],"replies":[{"embeddable":true,"href":"https:\/\/drdeenz.com\/fr\/wp-json\/wp\/v2\/comments?post=1562"}],"version-history":[{"count":4,"href":"https:\/\/drdeenz.com\/fr\/wp-json\/wp\/v2\/pages\/1562\/revisions"}],"predecessor-version":[{"id":5602,"href":"https:\/\/drdeenz.com\/fr\/wp-json\/wp\/v2\/pages\/1562\/revisions\/5602"}],"wp:featuredmedia":[{"embeddable":true,"href":"https:\/\/drdeenz.com\/fr\/wp-json\/wp\/v2\/media\/5816"}],"wp:attachment":[{"href":"https:\/\/drdeenz.com\/fr\/wp-json\/wp\/v2\/media?parent=1562"}],"wp:term":[{"taxonomy":"category","embeddable":true,"href":"https:\/\/drdeenz.com\/fr\/wp-json\/wp\/v2\/categories?post=1562"}],"curies":[{"name":"wp","href":"https:\/\/api.w.org\/{rel}","templated":true}]}}