{"id":1438,"date":"2023-11-27T08:33:19","date_gmt":"2023-11-27T08:33:19","guid":{"rendered":"https:\/\/drdeenz.com\/?p=1438"},"modified":"2025-10-26T15:16:05","modified_gmt":"2025-10-26T15:16:05","slug":"test-empathique","status":"publish","type":"page","link":"https:\/\/drdeenz.com\/fr\/test-empathique\/","title":{"rendered":"Test Empathique"},"content":{"rendered":"<p style=\" border-style: solid; border-width: 1px; border-color: #000; box-shadow: 2px 2px 0px 0px #fe025b; padding: 5px; \">Le test d'empathie est l'adaptation num\u00e9rique de l'\u00e9chelle d'empathie Deenz (DES-28). Cette \u00e9chelle est con\u00e7ue pour mesurer le quotient d'empathie en \u00e9valuant des aspects ou facettes multidimensionnels. La participation \u00e0 cet outil d'auto-\u00e9valuation est totalement anonyme ; nous ne collectons ni ne conservons vos r\u00e9sultats \u00e0 des fins de recherche.<\/p>\r\n<h2>D\u00e9veloppement de l'\u00e9chelle Deenz Empath Scale<\/h2>\r\n<p>L'empathie est un processus psychologique et \u00e9motionnel complexe qui se d\u00e9finit comme la capacit\u00e9 \u00e0 comprendre les sentiments d'autrui. L'empathie va au-del\u00e0 de la capacit\u00e9 \u00e0 se mettre \u00e0 la place d'autrui. <sup id=\"ref-link-1\"><a href=\"#ref-1\">[1]<\/a><\/sup>  Elle est li\u00e9e \u00e0 une connexion profonde o\u00f9 les \u00e9motions entrent en r\u00e9sonance avec les exp\u00e9riences des autres. La capacit\u00e9 d'empathie est importante pour d\u00e9velopper des relations significatives et cruciale pour promouvoir un environnement favorable. <sup id=\"ref-link-2\"><a href=\"#ref-2\">[2]<\/a><\/sup><\/p>\r\n\r\n<p>En 2016, la comparaison des conf\u00e9rences de <a href=\"https:\/\/drdeenz.com\/fr\/test-du-spectre-de-la-psychopathie\/\">psychopathe<\/a> et empathique m'ont amen\u00e9 \u00e0 \u00e9tudier le processus psychologique et \u00e9motionnel. <sup id=\"ref-link-3\"><a href=\"#ref-3\">[3]<\/a><\/sup> L'objectif principal de cette recherche \u00e9tait de d\u00e9velopper un test d'empathie capable de mesurer le niveau d'empathie des individus et d'acc\u00e9der aux tendances empathiques sur quatre dimensions distinctes mais corr\u00e9l\u00e9es : la piti\u00e9, la sympathie, l'empathie et la compassion. <\/p>\r\n\r\n<p>Merci \u00e0 Dar Amir pour ses conseils et son aide dans l'acc\u00e8s \u00e0 des cours exigeants qui explorent la nature humaine et les processus \u00e9motionnels. Au cours de l'examen des conf\u00e9rences, j'ai recueilli des informations compl\u00e8tes et approfondies \u00e0 partir des conf\u00e9rences existantes sur la psychopathie, l'empathie et les processus \u00e9motionnels. J'ai \u00e9galement examin\u00e9 le questionnaire existant sur l'empathie et j'y ai trouv\u00e9 des informations pr\u00e9cieuses n\u00e9cessaires \u00e0 l'\u00e9laboration de l'\u00e9chelle. Ce que j'ai trouv\u00e9 \u00e9trange \u00e0 propos de ces \u00e9chelles, c'est qu'elles mesurent l'empathie en g\u00e9n\u00e9ral et manquent de granularit\u00e9. <\/p>\r\n<h3>G\u00e9n\u00e9ration de l'article :<\/h3>\r\n<p>Dans un premier temps, j'ai propos\u00e9 60 \u00e9l\u00e9ments qui ont \u00e9t\u00e9 examin\u00e9s par mes coll\u00e8gues universitaires, experts dans les domaines de la psychologie, de la sociologie et de l'\u00e9ducation. Apr\u00e8s avoir re\u00e7u les commentaires de ces experts, 32 \u00e9l\u00e9ments ont \u00e9t\u00e9 fusionn\u00e9s ou exclus de l'\u00e9chelle.<\/p> \r\n<h3>Tests de validit\u00e9 et de fiabilit\u00e9 :<\/h3>\r\n<p>Validit\u00e9 du contenu : L'\u00e9chelle a \u00e9t\u00e9 administr\u00e9e \u00e0 un petit groupe d'\u00e9tudiants en psychologie \u00e0 des fins de test pilote et il a \u00e9t\u00e9 constat\u00e9 que l'\u00e9chelle mesurait avec pr\u00e9cision ce qu'elle \u00e9tait cens\u00e9e mesurer. Les commentaires re\u00e7us par ces participants ont permis de r\u00e9viser et d'affiner ces \u00e9l\u00e9ments. En ce qui concerne les recommandations des experts, les items ont \u00e9t\u00e9 raccourcis \u00e0 6 mots maximum. Les experts ont sugg\u00e9r\u00e9 que les participants comprendraient facilement les items et que l'\u00e9chelle serait plus efficace en termes de temps.<\/p>\r\n\r\n<p>En utilisant l'alpha de Cronbach, nous avons acc\u00e9d\u00e9 \u00e0 la coh\u00e9rence interne de l'\u00e9chelle. Avec un coefficient de 0,85, l'\u00e9chelle pr\u00e9sente une coh\u00e9rence interne \u00e9lev\u00e9e. Afin d'\u00e9valuer la stabilit\u00e9 et la coh\u00e9rence de l'\u00e9chelle, un test1TP7 de fiabilit\u00e9 a \u00e9t\u00e9 r\u00e9alis\u00e9. Un petit groupe d'\u00e9tudiants (n=12) du coll\u00e8ge-aged 20-24 a \u00e9t\u00e9 invit\u00e9 \u00e0 participer et l'\u00e9chelle a \u00e9t\u00e9 administr\u00e9e deux fois \u00e0 deux1TP7 semaines d'intervalle. Nous avons enregistr\u00e9 un coefficient de corr\u00e9lation de 0,87 \u00e0 partir de la m\u00e9thode de test-retest. <\/p>\r\n\r\n<p>Pour l'\u00e9tude de validation, la contribution de Dar Amir et Jalel Mirs a permis d'obtenir l'approbation \u00e9thique de l'institution et de collecter des donn\u00e9es aupr\u00e8s des participants. Nous avons sollicit\u00e9 la participation des \u00e9tudiants et 85 d'entre eux ont accept\u00e9 de prendre part \u00e0 l'\u00e9tude, dont 32 femmes et 53 hommes. Ces participants \u00e9taient tous des \u00e9tudiants de diff\u00e9rentes disciplines. Nous leur avons fourni des instructions et des informations sur la recherche, ainsi qu'une version traduite en ourdou. Nous avons \u00e9galement assur\u00e9 aux participants que les donn\u00e9es que nous essayions de collecter resteraient confidentielles et qu'aucune information personnelle sensible ne serait recueillie.<\/p>\r\n<p>\r\nDans cette \u00e9tude, le nombre de participants \u00e9tait faible, mais l'\u00e9chantillon a fourni des donn\u00e9es compl\u00e8tes qui nous ont aid\u00e9s \u00e0 valider l'\u00e9chelle pour diff\u00e9rents sexes.  D'apr\u00e8s les statistiques et la compression, l'\u00e9chelle a d\u00e9montr\u00e9 un coefficient de validit\u00e9 \u00e9lev\u00e9 de <strong>0.91<\/strong>ce qui sugg\u00e8re que l'\u00e9chelle est tr\u00e8s valide pour mesurer le quotient empathique. <\/p>\r\n<style>.watupro-progress-bar {\r\n    border-radius: 0!important;}.entry-content form.quiz-form{padding:0px;justify-content: normal;}.question-content div {\r\n    margin: 0 auto 25px;font-size: 22px;\r\n}.watupro_buttons input[type=button], .watupro_buttons input[type=submit], .watupro-exam-description button{margin-left: 0px!important;}.watupro_buttons.flex div {\r\n    margin: 0.5rem 0px!important;\r\n}.watupro-question-choice input[type=radio] + label, .watupro-question-choice input[type=checkbox] + label {\r\n    margin: 0px!important;\r\n}.watupro_buttons input[type=button] {\r\n    color: #fff!important;\r\n    font-weight: 600;\r\n}<\/style>\r\n<style>.watupro_buttons.flex {\r\n    margin-top: 20px;\r\n}div#startOutput {\r\n    display: none;\r\n}input[type=\"button\"] {\r\n    display: inline-block;\r\n    cursor: pointer;\r\n    min-height: 1em;\r\n    font-size: 17px!important;\r\n    font-family: 'Open Sans',Helvetica,Arial,sans-serif;\r\n    outline: 0;\r\n    border: none!important;\r\n    background-color: #6262f6!important;\r\n    margin: 0 1em 0 0;\r\n    padding: 0.8em 1.5em;\r\n    text-transform: uppercase;\r\n    line-height: 1;\r\n    text-decoration: none;\r\n    background-image: linear-gradient(rgba(0,0,0,0),rgba(0,0,0,.05));\r\n    border-radius: 0.25em;\r\n    box-shadow: 0 0 0 1px rgba(0,0,0,.08) inset;\r\n    user-select: none;\r\n    box-sizing: border-box;\r\n    position: relative;\r\n    tap-highlight-color: transparent;\r\n    -webkit-tap-highlight-color: transparent;\r\n    color: #fff!important;\r\n    font-weight: 700;\r\n}ul.watupro-question-paginator li, ul.watupro-answers-paginator li {\r\n    width: auto!important;\r\n}.question-content {\r\n    text-align: center;\r\n}.watu-question .question-content p {\r\n    margin-top: 12px;\r\n}.question-choices.watupro-choices-columns {\r\n    display: inline-flex;\r\n    flex-wrap: wrap;\r\n    justify-content: center;\r\n}.question-choices.watupro-choices-columns .watupro-question-choice {\r\n    line-height: 1;\r\n}.question-choices.watupro-choices-columns div:nth-child(4) .answer {\r\n    width: 30px;\r\n    height: 30px;\r\n    border-color: #346aa3;\r\n        position: relative;padding: 0px;\r\n    border-radius: 50%;\r\n    border: 4px solid;\r\n}.question-choices.watupro-choices-columns div:nth-child(5) .answer span {\r\n   display: block!important;\r\n    position: relative;\r\n    color: #316d72;\r\n    margin-left: 26px;\r\n    float: left;\r\n}.question-choices.watupro-choices-columns div:nth-child(1) .answer span {\r\n        display: block!important;\r\n    color: #316d72;\r\n    float: right;text-align:left;\r\n    margin-right: 26px;\r\n}.question-choices.watupro-choices-columns div:nth-child(3) .answer {\r\n    width: 27px;\r\n    height: 27px;\r\n    border-top-color: #f1c40f!important;\r\n    border-left-color: #f1c40f!important;\r\n    border-right-color: #346aa3!important;\r\n    border-bottom-color: #346aa3!important;\r\npadding: 0px;\r\nposition: relative;\r\n    border-radius: 50%;\r\n    border: 4px solid;\r\n}.question-choices.watupro-choices-columns div:nth-child(2) .answer {\r\n    width: 30px;\r\n    height: 30px;\r\n    border-color: #f1c40f!important;\r\n    position: relative;\r\n    border-radius: 50%;\r\n    border: 4px solid;padding: 0px;\r\n}.question-choices.watupro-choices-columns div:nth-child(5) .answer {\r\n    width: 30px;\r\n    height: 33px;\r\n    border-color: #346aa3;\r\n    position: relative;\r\n    border-radius: 50%;\r\n    border: 4px solid;\r\npadding: 0px;\r\n}.question-choices.watupro-choices-columns div:nth-child(1) .answer {\r\n       width: 30px;\r\n    position: relative;\r\n    border-radius: 50%;\r\n    border: 4px solid;\r\n    height: 33px;text-align: right;\r\n    border-color: #f1c40f;\r\npadding: 0px;\r\n}.watupro-question-choice {\r\n    height: 47px!important;\r\n    width: 47px!important;\r\n    display: inline-block!important;\r\n    position: relative!important;\r\n    border-radius: 0.325em;\r\n    transition: background .1s linear;\r\n    border: 0px!important;\r\n}.question-choices.watupro-choices-columns .watupro-question-choice span {\r\n    display: none!important;\r\n}.question-choices.watupro-choices-columns {\r\n    text-align: center;\r\n}.watupro-question-choice input[type=radio] + label, .watupro-question-choice input[type=checkbox] + label {\r\n   height: 47px;\r\n    width: 47px;\r\n}.watupro-question-choice input[type=radio]:checked + label, .watupro-question-choice input[type=checkbox]:checked + label {\r\n    background-image: none;\r\n    outline: 0;\r\n    background-color: #005E7C!important;\r\n    color: #fff;\r\n}.question-choices.watupro-choices-columns .watupro-question-choice {\r\n    margin: 2px!important;\r\n}@media screen and (max-width: 290px) {.watupro_buttons.flex {\r\n    display: flex;\r\n    flex-flow: nowrap!important;\r\n}}\r\n@media screen and (min-width: 450px) {.question-choices.watupro-choices-columns div:nth-child(1) .answer span {\r\n        margin-right: 43px;\r\n}.question-choices.watupro-choices-columns div:nth-child(5) .answer span {\r\n    margin-left: 46px;\r\n}}\r\n@media screen and (max-width: 450px) {.question-choices.watupro-choices-columns{padding: 32px 0px;}.question-choices.watupro-choices-columns div:nth-child(1) .answer span{  padding-top: 10px; font-size: 16px;    position: absolute;\r\n    top: 28px;\r\n   right: -73px;width:100px;}.question-choices.watupro-choices-columns div:nth-child(5) .answer span{padding-top: 10px;font-size: 16px;position: absolute;\r\n    top: 28px;\r\n    right: -9px;}}<\/style>\r\n<style>div#startOutput {\r\n    display: none;\r\n}.watupro_buttons input[type=button]{color:grey!important;}input[type=\"button\"] {\r\n    display: inline-block;\r\n    cursor: pointer;\r\n    min-height: 1em;\r\n    font-size: 17px!important;\r\n    font-family: 'Open Sans',Helvetica,Arial,sans-serif;\r\n    outline: 0;\r\n    border: none!important;\r\n    background-color: #FAFAFA!important;\r\n    margin: 0 1em 0 0;\r\n    padding: 0.8em 1.5em;\r\n    text-transform: uppercase;\r\n    line-height: 1;\r\n    text-decoration: none;\r\n    background-image: linear-gradient(rgba(0,0,0,0),rgba(0,0,0,.05));\r\n    border-radius: 0.25em;\r\n    box-shadow: 0 0 0 1px rgba(0,0,0,.08) inset;\r\n    user-select: none;\r\n    box-sizing: border-box;\r\n    position: relative;\r\n    tap-highlight-color: transparent;\r\n    -webkit-tap-highlight-color: transparent;\r\n    color: gray!important;\r\n    font-weight: 700;\r\n}ul.watupro-question-paginator li, ul.watupro-answers-paginator li {\r\n    width: auto!important;\r\n}.question-content {\r\n    text-align: center;\r\n}.watu-question .question-content p {\r\n    margin-top: 12px;\r\n}.question-choices.watupro-choices-columns {\r\n    display: inline-flex;\r\n}table.watupror-pie-chart-table {\r\n    background: aqua;\r\n}table.watupror-pie-chart-table img {\r\n    border-radius: 50%;\r\n}g {\r\n    font-family: cursive;\r\n}c {\r\n    display: block;\r\n    font-weight: 600;\r\n        font-family: cursive;\r\n}.pie {\r\n    background: aliceblue;\r\n    margin: 1px;\r\n}.flex-container>* {\r\n    flex: 1 1 160px;\r\n}.flex-container {\r\n    display: flex;\r\n    flex-wrap: wrap;\r\n}.chart.easyPieChart img {\r\n    padding-top: 29px;\r\n}.pie {\r\n    display: inline-block;\r\n    text-align: center;\r\n}.chart {\r\n  position: relative;\r\n  display: inline-block;\r\n  color: #999;\r\n  font-size: 14px;\r\n  text-align: center;\r\n}\r\n.chart canvas {\r\n  position: absolute;\r\n  top: 0;\r\n  left: 0;\r\n}div#watupror-pie-chart-all {\r\n    height: auto!important;\r\n}<\/style><div class=\"reference-list\"><h3>R\u00e9f\u00e9rences<\/h3><ol><li id=\"ref-1\">Elliott R, Bohart AC, Watson JC, Greenberg LS. Empathie. Psychoth\u00e9rapie. Mars 2011 ; 48(1) : 43. <a href=\"https:\/\/psycnet.apa.org\/doi\/10.1037\/a0022187\">https:\/\/psycnet.apa.org\/doi\/10.1037\/a0022187<\/a> <a href=\"#ref-link-1\" class=\"back-link\" aria-label=\"Retour au contenu\">\u21a9<\/a><\/li><li id=\"ref-2\">Davis CM. Qu'est-ce que l'empathie et peut-on l'enseigner ? Physical therapy. 1990 Nov 1;70(11):707-11. <a href=\"https:\/\/doi.org\/10.1093\/ptj\/70.11.707\">https:\/\/doi.org\/10.1093\/ptj\/70.11.707<\/a> <a href=\"#ref-link-2\" class=\"back-link\" aria-label=\"Retour au contenu\">\u21a9<\/a><\/li><li id=\"ref-3\">Domes G, Hollerbach P, Vohs K, Mokros A, Habermeyer E. Empathie \u00e9motionnelle et psychopathie chez les d\u00e9linquants : une \u00e9tude exp\u00e9rimentale. Journal of personality disorders. F\u00e9vrier 2013 ; 27(1) : 67-84. <a href=\"https:\/\/doi.org\/10.1521\/pedi.2013.27.1.67\">https:\/\/doi.org\/10.1521\/pedi.2013.27.1.67<\/a> <a href=\"#ref-link-3\" class=\"back-link\" aria-label=\"Retour au contenu\">\u21a9<\/a><\/li><\/ol><\/div>","protected":false},"excerpt":{"rendered":"Avez-vous d\u00e9j\u00e0 r\u00e9fl\u00e9chi \u00e0 votre degr\u00e9 d'empathie ? Le test d'empathie mesure la mesure dans laquelle vous pouvez r\u00e9ellement partager les sentiments d'autrui et vous en pr\u00e9occuper. Bas\u00e9 sur l'\u00e9chelle Deenz Empath Scale (DES-28) qui est l'instrument valide et fiable utilis\u00e9 pour mesurer le quotient d'empathie.","protected":false},"author":1,"featured_media":5809,"parent":0,"menu_order":0,"comment_status":"closed","ping_status":"closed","template":"","meta":{"inline_featured_image":false,"footnotes":""},"categories":[10],"class_list":["post-1438","page","type-page","status-publish","has-post-thumbnail","hentry","category-psychometrics"],"lang":"en","translations":{"en":1438},"_links":{"self":[{"href":"https:\/\/drdeenz.com\/fr\/wp-json\/wp\/v2\/pages\/1438","targetHints":{"allow":["GET"]}}],"collection":[{"href":"https:\/\/drdeenz.com\/fr\/wp-json\/wp\/v2\/pages"}],"about":[{"href":"https:\/\/drdeenz.com\/fr\/wp-json\/wp\/v2\/types\/page"}],"author":[{"embeddable":true,"href":"https:\/\/drdeenz.com\/fr\/wp-json\/wp\/v2\/users\/1"}],"replies":[{"embeddable":true,"href":"https:\/\/drdeenz.com\/fr\/wp-json\/wp\/v2\/comments?post=1438"}],"version-history":[{"count":4,"href":"https:\/\/drdeenz.com\/fr\/wp-json\/wp\/v2\/pages\/1438\/revisions"}],"predecessor-version":[{"id":5815,"href":"https:\/\/drdeenz.com\/fr\/wp-json\/wp\/v2\/pages\/1438\/revisions\/5815"}],"wp:featuredmedia":[{"embeddable":true,"href":"https:\/\/drdeenz.com\/fr\/wp-json\/wp\/v2\/media\/5809"}],"wp:attachment":[{"href":"https:\/\/drdeenz.com\/fr\/wp-json\/wp\/v2\/media?parent=1438"}],"wp:term":[{"taxonomy":"category","embeddable":true,"href":"https:\/\/drdeenz.com\/fr\/wp-json\/wp\/v2\/categories?post=1438"}],"curies":[{"name":"wp","href":"https:\/\/api.w.org\/{rel}","templated":true}]}}