{"id":143,"date":"2023-02-11T05:08:31","date_gmt":"2023-02-11T05:08:31","guid":{"rendered":"https:\/\/drdeenz.com\/?p=143"},"modified":"2025-11-01T17:09:04","modified_gmt":"2025-11-01T17:09:04","slug":"test-du-spectre-de-la-psychopathie","status":"publish","type":"page","link":"https:\/\/drdeenz.com\/fr\/test-du-spectre-de-la-psychopathie\/","title":{"rendered":"Test des psychopathes"},"content":{"rendered":"<p style=\" border-style: solid; border-width: 1px; border-color: #000; box-shadow: 2px 2px 0px 0px #fe025b; padding: 5px; \">Le test des psychopathes est une version interactive de l'\u00e9chelle du spectre de la psychopathie Deenz (DPSS-24). <sup id=\"ref-link-1\"><a href=\"#ref-1\">[1]<\/a><\/sup> qui est une mesure valide et fiable des traits subcliniques associ\u00e9s \u00e0 la psychopathie. Cette <strong>quiz sur les psychopathes<\/strong> est destin\u00e9 \u00e0 <strong>\u00e0 des fins \u00e9ducatives uniquement<\/strong>. La participation \u00e0 ce quiz est totalement anonyme et nous ne conservons pas vos r\u00e9sultats ou vos informations personnelles \u00e0 des fins de recherche. <\/p> \r\n<p>Le terme psychopathie est d\u00e9riv\u00e9 des mots grecs <strong>\"psych\u00e9\"<\/strong> qui signifie esprit et <strong>\"pathos<\/strong> c'est-\u00e0-dire la souffrance.  Dans le pass\u00e9, la psychopathie \u00e9tait d\u00e9crite comme la souffrance de l'esprit. Au fil du temps, la compr\u00e9hension de la psychopathie a \u00e9volu\u00e9 et, dans la psychologie moderne, elle est consid\u00e9r\u00e9e comme un trouble de la personnalit\u00e9 caract\u00e9ris\u00e9 par la manifestation de <a href=\"https:\/\/drdeenz.com\/fr\/test-de-sociopathie\/\">antisocial<\/a> et <a href=\"https:\/\/drdeenz.com\/fr\/test-de-personnalite-narcissique\/\">les comportements nuisibles<\/a>. <\/p>\r\n<p>Dans la psychologie contemporaine, le terme \"psychopathie\" est souvent utilis\u00e9 de mani\u00e8re interchangeable avec celui de \"trouble de la personnalit\u00e9 antisociale\" (TPA). <sup id=\"ref-link-2\"><a href=\"#ref-2\">[2]<\/a><\/sup> Les chercheurs sugg\u00e8rent que la psychopathie et la personnalit\u00e9 antisociale ne partagent pas les m\u00eames traits et qu'il n'est pas n\u00e9cessaire que tous les psychopathes aient une personnalit\u00e9 antisociale. <strong>trouble de la personnalit\u00e9 antisociale<\/strong>.<sup id=\"ref-link-3\"><a href=\"#ref-3\">[3]<\/a><\/sup> La psychopathie ayant de multiples facettes, la compr\u00e9hension des traits du spectre s'est av\u00e9r\u00e9e b\u00e9n\u00e9fique pour la recherche et la mesure des tendances aux traits cliniques. <\/p>\r\n<p>L'objectif de l'\u00e9chelle du spectre de la psychopathie Deenz (DPSS-24) est de mesurer les traits subcliniques, notamment <strong>manque d'empathie, impulsivit\u00e9, comportements manipulateurs,<\/strong> etc. Traits subcliniques de <strong>psychopathie<\/strong> sont consid\u00e9r\u00e9s comme \u00e9tant en dessous du seuil de traits pouvant indiquer un diagnostic clinique. <sup id=\"ref-link-4\"><a href=\"#ref-4\">[4]<\/a><\/sup><\/p>\r\n<img decoding=\"async\" src=\"https:\/\/drdeenz.com\/wp-content\/uploads\/2025\/10\/Test-des-psychopathes.webp\" alt=\"Comment fonctionne le test des psychopathes ?\" \/>\r\n<h2 style=\"margin-top: 10px;\">Les facettes de la psychopathie<\/h2>\r\n<div class=\"dimension\"><h2>Manque d'empathie (insensibilit\u00e9)<\/h2>\r\n<p>Les personnes qui manquent d'empathie ont souvent des difficult\u00e9s \u00e0 comprendre les sentiments, les \u00e9motions et les exp\u00e9riences des autres. <strong>insistance<\/strong>. Si vous obtenez un score \u00e9lev\u00e9 pour ce trait et faible pour les autres, cela ne signifie pas que vous \u00eates moins empathique que les autres. Le manque d'empathie est souvent associ\u00e9 au trouble de la personnalit\u00e9 antisociale et au trouble de la personnalit\u00e9 narcissique. <sup id=\"ref-link-5\"><a href=\"#ref-5\">[5]<\/a><\/sup> Vous pouvez \u00e9galement prendre le <a href=\"https:\/\/drdeenz.com\/fr\/test-empathique\/\">test empathique<\/a> qui se base sur une \u00e9tude de cas, mesurant l'empathie chez les \u00e9tudiants.<\/p>\r\n<\/div>\r\n<div class=\"dimension\"><h2>Comportement impulsif (Capricieux)<\/h2>\r\n<p>Si une personne agit sans r\u00e9fl\u00e9chir aux cons\u00e9quences de ses actes, elle peut \u00eatre qualifi\u00e9e d'\"impulsive\". <a href=\"https:\/\/drdeenz.com\/fr\/test-de-colere\/\">Impulsivit\u00e9<\/a> est le trait commun associ\u00e9 \u00e0 la psychopathie, mais si vous avez obtenu un score \u00e9lev\u00e9 pour ce trait et faible pour les autres traits, cela peut \u00eatre consid\u00e9r\u00e9 comme normal. L'\u00eatre <strong>capricieux<\/strong> ne signifie pas que vous avez un probl\u00e8me quelconque, il peut s'agir d'une r\u00e9action normale \u00e0 une situation. D'autres troubles de la personnalit\u00e9, dans lesquels <strong>Capricieux<\/strong> est consid\u00e9r\u00e9 comme un trait majeur du trouble de la personnalit\u00e9 borderline, <a href=\"https:\/\/drdeenz.com\/fr\/sociopath-test-antisocial-personality-disorder\/\">trouble de la personnalit\u00e9 antisociale<\/a>et le trouble de d\u00e9ficit de l'attention\/hyperactivit\u00e9.<\/p>\r\n<\/div>\r\n<div class=\"dimension\"><h2>Comportement manipulateur (trompeur)<\/h2>\r\n<p>La tromperie signifie que la personne utilise <a href=\"https:\/\/drdeenz.com\/fr\/quiz-de-manipulation\/\">manipulateur<\/a> et des tactiques pour contr\u00f4ler ou influencer les autres dans une soci\u00e9t\u00e9. <strong>mani\u00e8re astucieuse ou trompeuse<\/strong>. Si vous avez obtenu un score \u00e9lev\u00e9 sur cette \u00e9chelle et un score faible pour d'autres traits, cela peut \u00eatre le signe d'autres troubles de la personnalit\u00e9 tels que <a href=\"https:\/\/drdeenz.com\/fr\/test-de-personnalite-narcissique\/\">narcissisme<\/a> et la personnalit\u00e9 borderline.<\/p>\r\n<\/div>\r\n<div class=\"dimension\"><h2>Charme superficiel (d\u00e9sinvolture)<\/h2>\r\n<p>Supposons que vous ayez r\u00e9ellement l'intention de para\u00eetre charmant, confiant et sympathique, et que vous utilisiez souvent cette attitude \u00e0 des fins personnelles et de manipulation. Dans ce cas, on parlera de vous comme d'un <strong>\"personne au charme superficiel\"<\/strong>. Les psychopathes s'en servent souvent pour attirer l'attention et <a href=\"https:\/\/drdeenz.com\/machiavellianism-test\/\">tromperie<\/a>.<\/p>\r\n<\/div>\r\n<div class=\"dimension\"><h2>Comportement agressif (Agression)<\/h2>\r\n<p>Si vous adoptez toujours un comportement dangereux ou violent parce que cela vous fait du bien, on vous qualifiera de personne agressive, mais la plupart du temps, l'agressivit\u00e9 est consid\u00e9r\u00e9e comme un trait caract\u00e9ristique de la psychopathie. <sup id=\"ref-link-6\"><a href=\"#ref-6\">[6]<\/a><\/sup> <\/p>\r\n<\/div>\r\n<div class=\"dimension\"><h2>Sentiment d'estime de soi (self-esteem)<\/h2>\r\n<p>Se sentir sup\u00e9rieur aux autres peut \u00eatre une bonne chose, mais si vous vous sentez <strong>critiquer et rabaisser les autres<\/strong> et de les percevoir comme inf\u00e9rieurs, cela peut \u00eatre le signe d'une <strong>trait psychopathique<\/strong>. Vous pouvez \u00eatre appel\u00e9(e) <strong>\"\u00e9go\u00efste <\/strong>personne. Toutefois, si vous avez obtenu un score \u00e9lev\u00e9 pour ce trait de caract\u00e8re et un score faible pour d'autres, il peut s'agir d'un aspect normal de votre personnalit\u00e9 et d'un aspect normal d'une estime de soi et d'une confiance en soi saines.<\/p>\r\n<\/div>\r\n\r\n<p><strong>Clause de non-responsabilit\u00e9:<\/strong> Des quiz et des tests en ligne, dont celui-ci <strong>Quiz sur la psychopathie<\/strong> n'est pas consid\u00e9r\u00e9 comme exact. Cet outil d'autod\u00e9pistage- est bas\u00e9 sur une \u00e9chelle valide et fiable. <strong>ce quiz est destin\u00e9 \u00e0 des fins \u00e9ducatives uniquement<\/strong>. Plusieurs facteurs influencent la pr\u00e9cision de l'auto-\u00e9valuation-assessment. Cette version interactive est fournie en tant que quiz d'auto-\u00e9valuation et les r\u00e9sultats fournis sont utilis\u00e9s \u00e0 des fins de divertissement. <\/p>\r\n\r\n<style>.baseline {\r\n    bottom: 87px;\r\n}.bar-label {\r\n    flex-direction: column;\r\n}.chart-container::before {\r\n    background-image: linear-gradient(to top, #ddd 1px, transparent 1px);\r\n    background-size: 100% 20%;\r\n    height: 154px;\r\n}.bar-container {\r\n    height: 218px;\r\n}<\/style>\r\n<style>\r\n.question-choices.watupro-choices-columns:before {\r\n    content: '';\r\n    position: relative;\r\n    top: 40px;\r\n    left: 12.5%;\r\n    display: block;\r\n    background-color: #fff;\r\n    height: 4px;\r\n    width: 78%;\r\n}\r\n.watupro-question-choice {\r\n    display: inline-block!important;\r\n    width: 19%;\r\n    text-align: center;\r\n    vertical-align: top;\r\n}\r\n.watupro-question-choice input[type=radio] {\r\n    display: block;\r\n    position: relative;\r\n    top: 0;\r\n    left: 50%;\r\n    margin-left: -6px!important;\r\n    width: 25px;\r\n    height: 25px;\r\n}\r\n.quiz-form label {\r\n    display: inline-block;\r\n    max-width: 66px!important;\r\n    text-transform: uppercase;\r\n    font-size: 14px!important;\r\n    font-weight: bold;\r\n    margin-top: 12px;\r\n    margin-left: 10px;\r\n}.question-choices.watupro-choices-columns {\r\n    list-style: none;\r\n    width: 100%;\r\n    max-width: 600px;\r\n    margin: auto;\r\n    display: block;\r\nfloat: none;\r\n}\r\n.quiz-form label {width:100%;}\r\n@media only screen and (max-width: 484px) {.quiz-form label {width:100%;font-size: 10px!important;})<\/style><div class=\"reference-list\"><h3>R\u00e9f\u00e9rences<\/h3><ol><li id=\"ref-1\">Dar, Deen Mohd, Development and Validation of the Deenz Psychopathy Spectrum Scale (DPSS-24) : A Measure of Subclinical Psychopathic Traits (14 novembre 2023). <a href=\"http:\/\/dx.doi.org\/10.2139\/ssrn.4749504\">http:\/\/dx.doi.org\/10.2139\/ssrn.4749504<\/a> <a href=\"#ref-link-1\" class=\"back-link\" aria-label=\"Retour au contenu\">\u21a9<\/a><\/li><li id=\"ref-2\">Ogloff, R. P. (2006). Psychopathy\/Antisocial Personality Disorder Conundrum (\u00e9nigme de la psychopathie et du trouble de la personnalit\u00e9 antisociale). <a href=\"https:\/\/doi.org\/10.1080\/j.1440-1614.2006.01834.x\">https:\/\/doi.org\/10.1080\/j.1440-1614.2006.01834.x<\/a> <a href=\"#ref-link-2\" class=\"back-link\" aria-label=\"Retour au contenu\">\u21a9<\/a><\/li><li id=\"ref-3\">Abdalla-Filho, E. et V\u00f6llm, B. (2020). Tous les psychopathes ont-ils un trouble de la personnalit\u00e9 antisociale ? <a href=\"https:\/\/doi.org\/10.1590\/1516-4446-2019-0762\">https:\/\/doi.org\/10.1590\/1516-4446-2019-0762<\/a> <a href=\"#ref-link-3\" class=\"back-link\" aria-label=\"Retour au contenu\">\u21a9<\/a><\/li><li id=\"ref-4\">Falkenbach \"L'exploration des sous-types psychopathiques subcliniques et la relation avec les types d'agression\". <a href=\"https:\/\/doi.org\/10.1016\/j.paid.2007.10.012\">https:\/\/doi.org\/10.1016\/j.paid.2007.10.012<\/a> <a href=\"#ref-link-4\" class=\"back-link\" aria-label=\"Retour au contenu\">\u21a9<\/a><\/li><li id=\"ref-5\">Deen Mohd Dar. Deenz \u00c9chelle de personnalit\u00e9 de la triade sombre : Development, Validation, and Reliability [<a href=\"https:\/\/doi.org\/10.21203\/rs.3.rs-3565477\/v2\">https:\/\/doi.org\/10.21203\/rs.3.rs-3565477\/v2<\/a>] <a href=\"#ref-link-5\" class=\"back-link\" aria-label=\"Retour au contenu\">\u21a9<\/a><\/li><li id=\"ref-6\">Crawley, \"Implusive-Aggression, Antisocial Behaviour and Subclinical Psychopathy\" (agression implicite, comportement antisocial et psychopathie subclinique) <a href=\"https:\/\/doi.org\/10.1375\/pplt.13.2.232\">https:\/\/doi.org\/10.1375\/pplt.13.2.232<\/a> <a href=\"#self-report-ref-5\" aria-label=\"Retour au contenu\" style=\"float: right\">\u21a9<\/a> <a href=\"#ref-link-6\" class=\"back-link\" aria-label=\"Retour au contenu\">\u21a9<\/a><\/li><\/ol><\/div>","protected":false},"excerpt":{"rendered":"Le test Psychopath est la version adapt\u00e9e num\u00e9riquement de l'\u00e9chelle Deenz Psychopathy Spectrum Scale (DPSS), con\u00e7ue pour mesurer les traits subcliniques associ\u00e9s \u00e0 la psychopathie.","protected":false},"author":1,"featured_media":4448,"parent":0,"menu_order":0,"comment_status":"closed","ping_status":"closed","template":"","meta":{"inline_featured_image":false,"footnotes":""},"categories":[5],"class_list":["post-143","page","type-page","status-publish","has-post-thumbnail","hentry","category-personality-assessments"],"lang":"en","translations":{"en":143},"_links":{"self":[{"href":"https:\/\/drdeenz.com\/fr\/wp-json\/wp\/v2\/pages\/143","targetHints":{"allow":["GET"]}}],"collection":[{"href":"https:\/\/drdeenz.com\/fr\/wp-json\/wp\/v2\/pages"}],"about":[{"href":"https:\/\/drdeenz.com\/fr\/wp-json\/wp\/v2\/types\/page"}],"author":[{"embeddable":true,"href":"https:\/\/drdeenz.com\/fr\/wp-json\/wp\/v2\/users\/1"}],"replies":[{"embeddable":true,"href":"https:\/\/drdeenz.com\/fr\/wp-json\/wp\/v2\/comments?post=143"}],"version-history":[{"count":4,"href":"https:\/\/drdeenz.com\/fr\/wp-json\/wp\/v2\/pages\/143\/revisions"}],"predecessor-version":[{"id":5867,"href":"https:\/\/drdeenz.com\/fr\/wp-json\/wp\/v2\/pages\/143\/revisions\/5867"}],"wp:featuredmedia":[{"embeddable":true,"href":"https:\/\/drdeenz.com\/fr\/wp-json\/wp\/v2\/media\/4448"}],"wp:attachment":[{"href":"https:\/\/drdeenz.com\/fr\/wp-json\/wp\/v2\/media?parent=143"}],"wp:term":[{"taxonomy":"category","embeddable":true,"href":"https:\/\/drdeenz.com\/fr\/wp-json\/wp\/v2\/categories?post=143"}],"curies":[{"name":"wp","href":"https:\/\/api.w.org\/{rel}","templated":true}]}}