{"id":1166,"date":"2023-11-05T09:52:01","date_gmt":"2023-11-05T09:52:01","guid":{"rendered":"https:\/\/drdeenz.com\/?p=1166"},"modified":"2025-11-04T06:22:51","modified_gmt":"2025-11-04T06:22:51","slug":"test-de-la-triade-noire","status":"publish","type":"page","link":"https:\/\/drdeenz.com\/fr\/test-de-la-triade-noire\/","title":{"rendered":"Test Triade Noire - \u00c9chelle de personnalit\u00e9 de la triade noire"},"content":{"rendered":"<p><strong>Ce quiz d'auto-\u00e9valuation est bas\u00e9 sur la version pr\u00e9liminaire du document de recherche - Development and Validation of Deenz Dark Triad Personality Scale (DTPS-33\u00a9). Deen Mohd Dar. \u00c9chelle de personnalit\u00e9 de la triade sombre Deenz : Development, Validation, and Reliability, 14 novembre 2023, PREPRINT (Version 2). <sup id=\"ref-link-1\"><a href=\"#ref-1\">[1]<\/a><\/sup> La participation \u00e0 ce quiz est totalement anonyme, nous ne collectons aucune information personnelle et nous ne conservons pas vos r\u00e9sultats \u00e0 des fins de recherche.<\/strong> <\/p>\r\n\r\n<p>La Triade noire est une th\u00e9orie ou un concept psychologique qui vise \u00e0 comprendre et \u00e0 \u00e9tudier l'influence de l'homme sur la soci\u00e9t\u00e9. <strong>c\u00f4t\u00e9 obscur<\/strong> de la personnalit\u00e9 des individus. Elle englobe des aspects qui se chevauchent tout en \u00e9tant distincts. <strong>les traits de personnalit\u00e9<\/strong>, y compris <strong>Machiav\u00e9lisme, psychopathie et <a href=\"https:\/\/drdeenz.com\/fr\/test-de-personnalite-narcissique\/\">narcissisme<\/a>.<\/strong> <\/p>\r\n\r\n<p>En 2002, deux psychologues <strong>Delroy L. Paulhus et Kevin M. Williams<\/strong> ont travaill\u00e9 ensemble sur un document de recherche intitul\u00e9 <strong>\"La triade noire de la personnalit\u00e9 : Le narcissisme, <a href=\"https:\/\/drdeenz.com\/machiavellianism-test\/\">Machiav\u00e9lisme<\/a>et la psychopathie\".<\/strong>  et a invent\u00e9 le terme de \"triade noire\", trio de traits de personnalit\u00e9 n\u00e9gatifs <sup id=\"ref-link-2\"><a href=\"#ref-2\">[2]<\/a><\/sup> . Dans ce document de recherche, ils d\u00e9crivent trois traits de personnalit\u00e9 diff\u00e9rents mais apparent\u00e9s, consid\u00e9r\u00e9s comme <strong>socialement ind\u00e9sirable<\/strong>. La recherche a abouti \u00e0 l'\u00e9laboration d'\u00e9chelles de la triade sombre qui permettent de mesurer l'inclination \u00e0 ces traits socialement ind\u00e9sirables.<\/p>\r\n\r\n<p>Delroy L. Paulhus et Kevin M. Williams Dans leur recherche, ils ont propos\u00e9 que chaque individu a un c\u00f4t\u00e9 sombre de sa personnalit\u00e9 et qu\u2019il a besoin d\u2019une \u00e9valuation approfondie pour d\u00e9terminer la mesure dans laquelle ces traits peuvent \u00eatre dominants.<\/p>\r\n\r\n<p><strong>Machiav\u00e9lisme :<\/strong> Le machiav\u00e9lisme est un mot c\u00e9l\u00e8bre en psychologie qui porte le nom d'un philosophe politique du XVIe- si\u00e8cle. <strong>Niccol\u00f2 Machiavelli<\/strong>c\u00e9l\u00e8bre pour son livre <em>\"Le prince<\/em>. <sup id=\"ref-link-3\"><a href=\"#ref-3\">[3]<\/a><\/sup> Le message principal du livre est que les dirigeants peuvent utiliser les <strong><a href=\"https:\/\/drdeenz.com\/fr\/quiz-de-manipulation\/\">Manipuler<\/a>La tromperie et le comportement explicite dans la recherche du pouvoir et de la position<\/strong> et c'est la n\u00e9cessit\u00e9 de maintenir le pouvoir et d'accomplir ces objectifs. <\/p>\r\n\r\n<p><strong>Le narcissisme :<\/strong> Le narcissisme est un trait de caract\u00e8re dans lequel un individu a une attitude <strong>sens extr\u00eame de soi1TP7importance et besoin constant d'administration<\/strong> qui a pour cons\u00e9quence d'ignorer les besoins des autres et d'\u00eatre <a href=\"https:\/\/drdeenz.com\/fr\/test-empathique\/\">manque d&#039;empathie<\/a>. <sup id=\"ref-link-4\"><a href=\"#ref-4\">[4]<\/a><\/sup> Le bon exemple est celui d'une personne qui se sent mal \u00e0 l'aise dans les situations o\u00f9 elle n'est pas le chef de file. <strong>au centre de l'attention<\/strong> et qui parle toujours de prestige ou de statut. Prenons l'exemple de la <a href=\"https:\/\/drdeenz.com\/fr\/narcissistic-personality-disorder-test\/\">test sur les troubles de la personnalit\u00e9 narcissique<\/a>.<\/p>\r\n\r\n<p><strong>La psychopathie :<\/strong> La psychopathie est d\u00e9crite comme une <strong><a href=\"https:\/\/drdeenz.com\/fr\/test-de-sociopathie\/\">absence de remords<\/a>Il n'y a pas de raison de s'inqui\u00e9ter de l'attitude de l'Union europ\u00e9enne, qui se montre insensible et cynique.<\/strong> <sup id=\"ref-link-5\"><a href=\"#ref-5\">[5]<\/a><\/sup> La psychopathie existe sur un spectre et toutes les personnes pr\u00e9sentant des traits psychopathiques ne r\u00e9pondent pas aux crit\u00e8res diagnostiques du trouble de la personnalit\u00e9 antisociale. Vous pouvez \u00e9galement consulter le <a href=\"https:\/\/drdeenz.com\/fr\/test-du-spectre-de-la-psychopathie\/\">\u00e9chelle du spectre de la psychopathie<\/a>.\r\n <\/p>\r\n<style>.baseline {\r\n    bottom: 87px;\r\n}.bar {\r\n    max-width: 55%;\r\n}.bar-label {\r\n    flex-direction: column;\r\n}.chart-container::before {\r\n    background-image: linear-gradient(to top, #ddd 1px, transparent 1px);\r\n    background-size: 100% 20%;\r\n    height: 154px;\r\n}.bar-container {\r\n    height: 218px;\r\n}<\/style><div class=\"reference-list\"><h3>R\u00e9f\u00e9rences<\/h3><ol><li id=\"ref-1\">Deen Mohd Dar. Deenz \u00c9chelle de personnalit\u00e9 de la triade sombre : Development, Validation, and Reliability, 14 novembre 2023, PREPRINT (Version 2) <a href=\"https:\/\/doi.org\/10.21203\/rs.3.rs-3565477\/v2\" target=\"_blank\">https:\/\/doi.org\/10.21203\/rs.3.rs-3565477\/v2<\/a> <a href=\"#ref-link-1\" class=\"back-link\" aria-label=\"Retour au contenu\">\u21a9<\/a><\/li><li id=\"ref-2\">Paulhus, D. L. et Williams, K. M. (2002). The Dark Triad of personality : Narcissisme, machiav\u00e9lisme et psychopathie. <a href=\"https:\/\/doi.org\/10.1016\/S0092-6566(02)00505-6\">https:\/\/doi.org\/10.1016\/S0092-6566(02)00505-6<\/a> <a href=\"#ref-link-2\" class=\"back-link\" aria-label=\"Retour au contenu\">\u21a9<\/a><\/li><li id=\"ref-3\">Jones, D. (2020). Le machiav\u00e9lisme. In : Zeigler-Hill, V., Shackelford, T.K. (eds) Encyclopedia of Personality and Individual Differences. Springer, Cham. <a href=\"https:\/\/doi.org\/10.1007\/978-3-319-24612-3_1245\">https:\/\/doi.org\/10.1007\/978-3-319-24612-3_1245<\/a> <a href=\"#ref-link-3\" class=\"back-link\" aria-label=\"Retour au contenu\">\u21a9<\/a><\/li><li id=\"ref-4\">Miller, J. D., Lynam, D. R., Hyatt, C. S. et Campbell, W. K. (2017). Controverses in Narcissism. <a href=\"https:\/\/doi.org\/10.1146\/annurev-clinpsy-032816-045244\">https:\/\/doi.org\/10.1146\/annurev-clinpsy-032816-045244<\/a> <a href=\"#ref-link-4\" class=\"back-link\" aria-label=\"Retour au contenu\">\u21a9<\/a><\/li><li id=\"ref-5\">De Brito, S. A. et autres. Psychopathy. Nature Reviews Disease Primers. <a href=\"https:\/\/doi.org\/10.1038\/s41572-021-00282-1\">https:\/\/doi.org\/10.1038\/s41572-021-00282-1<\/a> <a href=\"#ref-link-5\" class=\"back-link\" aria-label=\"Retour au contenu\">\u21a9<\/a><\/li><\/ol><\/div>","protected":false},"excerpt":{"rendered":"Dark triad test is the digital adaptation of Deenz Dark Triad Personality Scale (DTPS-33) and is designed to measure tendencies towards socially undesirable traits &#8211; Machiavellianism, narcissism, and psychopathy.","protected":false},"author":1,"featured_media":4431,"parent":0,"menu_order":0,"comment_status":"closed","ping_status":"closed","template":"","meta":{"inline_featured_image":false,"footnotes":""},"categories":[5],"class_list":["post-1166","page","type-page","status-publish","has-post-thumbnail","hentry","category-personality-assessments"],"lang":"en","translations":{"en":1166},"_links":{"self":[{"href":"https:\/\/drdeenz.com\/fr\/wp-json\/wp\/v2\/pages\/1166","targetHints":{"allow":["GET"]}}],"collection":[{"href":"https:\/\/drdeenz.com\/fr\/wp-json\/wp\/v2\/pages"}],"about":[{"href":"https:\/\/drdeenz.com\/fr\/wp-json\/wp\/v2\/types\/page"}],"author":[{"embeddable":true,"href":"https:\/\/drdeenz.com\/fr\/wp-json\/wp\/v2\/users\/1"}],"replies":[{"embeddable":true,"href":"https:\/\/drdeenz.com\/fr\/wp-json\/wp\/v2\/comments?post=1166"}],"version-history":[{"count":4,"href":"https:\/\/drdeenz.com\/fr\/wp-json\/wp\/v2\/pages\/1166\/revisions"}],"predecessor-version":[{"id":5880,"href":"https:\/\/drdeenz.com\/fr\/wp-json\/wp\/v2\/pages\/1166\/revisions\/5880"}],"wp:featuredmedia":[{"embeddable":true,"href":"https:\/\/drdeenz.com\/fr\/wp-json\/wp\/v2\/media\/4431"}],"wp:attachment":[{"href":"https:\/\/drdeenz.com\/fr\/wp-json\/wp\/v2\/media?parent=1166"}],"wp:term":[{"taxonomy":"category","embeddable":true,"href":"https:\/\/drdeenz.com\/fr\/wp-json\/wp\/v2\/categories?post=1166"}],"curies":[{"name":"wp","href":"https:\/\/api.w.org\/{rel}","templated":true}]}}