{"id":86,"date":"2023-02-07T08:23:18","date_gmt":"2023-02-07T08:23:18","guid":{"rendered":"https:\/\/drdeenz.com\/?p=86"},"modified":"2025-11-04T14:50:57","modified_gmt":"2025-11-04T14:50:57","slug":"prueba-de-ciclotimia","status":"publish","type":"page","link":"https:\/\/drdeenz.com\/es\/prueba-de-ciclotimia\/","title":{"rendered":"Ciclotimia Test"},"content":{"rendered":"<div id=\"description\">\r\n<p style=\" border-style: solid; border-width: 1px; border-color: #000; box-shadow: 2px 2px 0px 0px #fe025b; padding: 5px; \">Este test es s\u00f3lo para fines educativos y no proporciona asesoramiento m\u00e9dico. El test de ciclotimia es la adopci\u00f3n digital de la Escala de Ciclotimia Deenz (DSC-32).<sup id=\"ref-link-1\"><a href=\"#ref-1\">[1]<\/a><\/sup> Esta autoevaluaci\u00f3n1TP7 <strong>El cuestionario NO est\u00e1 dise\u00f1ado para<\/strong> realizar diagn\u00f3sticos cl\u00ednicos de <strong>trastorno ciclot\u00edmico<\/strong>. No recopilamos informaci\u00f3n personal ni almacenamos sus resultados con fines de investigaci\u00f3n.<\/p><p>La psicolomacia es un trastorno del estado de \u00e1nimo complejo pero poco frecuente y dif\u00edcil de diagnosticar. Un profesional de la salud mental tiene que reunir mucha informaci\u00f3n sobre los s\u00edntomas del paciente y su historial de cambios de humor para hacer un diagn\u00f3stico adecuado y preciso.<\/p>\r\n\r\n<p>Seg\u00fan los criterios establecidos por la <strong>Asociaci\u00f3n Americana de Psiquiatr\u00eda<\/strong> en el DSM-5, una persona debe haber experimentado ambos periodos de <strong>estado de \u00e1nimo elevado o irritable y periodos de depresi\u00f3n<\/strong> o tristeza durante al menos dos a\u00f1os, y estos cambios de humor deben haber constituido <strong>al menos la mitad del tiempo durante ese periodo<\/strong> para ser diagnosticado de ciclotimia. <sup id=\"ref-link-2\"><a href=\"#ref-2\">[2]<\/a><\/sup><\/p>\r\n\r\n<p>Una persona con <strong>cambios de humor<\/strong> junto con otros s\u00edntomas <strong>no debe cumplir los criterios<\/strong> para otros trastornos mentales como <strong>depresi\u00f3n, bipolar 1 o bipolar 2<\/strong>. Estos episodios de cambios de humor deben tener un deterioro significativo e interferir con la vida cotidiana-to-day. <sup id=\"ref-link-3\"><a href=\"#ref-3\">[3]<\/a><\/sup><\/p>\r\n<h2>Deenz Escala de ciclotimia - Dimensiones y significados<\/h2>\r\n<table class=\"cbs-table\" aria-describedby=\"cbs-desc\">\r\n  <thead>\r\n    <tr>\r\n      <th scope=\"col\">Dimensi\u00f3n<\/th>\r\n      <th scope=\"col\">Significado<\/th>\r\n    <\/tr>\r\n  <\/thead>\r\n\r\n  <tbody>\r\n    <tr>\r\n      <td class=\"cbs-dimension\" data-label=\"Dimension\">Hipoman\u00eda<\/td>\r\n      <td class=\"cbs-meaning\" data-label=\"Meaning\">Energ\u00eda elevada, aumento de la actividad, locuacidad y comportamiento impulsivo.<\/td>\r\n    <\/tr>\r\n\r\n    <tr>\r\n      <td class=\"cbs-dimension\" data-label=\"Dimension\">Inestable<\/td>\r\n      <td class=\"cbs-meaning\" data-label=\"Meaning\">Cambios de humor frecuentes o r\u00e1pidos y fuerte reactividad emocional.<\/td>\r\n    <\/tr>\r\n\r\n    <tr>\r\n      <td class=\"cbs-dimension\" data-label=\"Dimension\">Depresivo<\/td>\r\n      <td class=\"cbs-meaning\" data-label=\"Meaning\">Bajo estado de \u00e1nimo persistente, fatiga, retraimiento y motivaci\u00f3n reducida.<\/td>\r\n    <\/tr>\r\n\r\n    <tr>\r\n      <td class=\"cbs-dimension\" data-label=\"Dimension\">Cognitivo<\/td>\r\n      <td class=\"cbs-meaning\" data-label=\"Meaning\">Variaciones en la concentraci\u00f3n, la planificaci\u00f3n, el control de los impulsos y la rutina diaria.<\/td>\r\n    <\/tr>\r\n  <\/tbody>\r\n<\/table>\r\n<h2>\u00bfUna puntuaci\u00f3n alta significa que padezco un trastorno ciclot\u00edmico?<\/h2>\r\n<p>No, esta prueba punt\u00faa sus respuestas y proporciona una probabilidad de padecer esta enfermedad, por lo que no debe depender \u00fanicamente de los resultados. <\/p>\r\n\r\n<p>Esta prueba de detecci\u00f3n puede ser \u00fatil para quienes est\u00e9n preocupados por los s\u00edntomas y deseen obtener un diagn\u00f3stico profesional. Las autoevaluaciones1TP7 pueden ser una valiosa <strong>primer paso para obtener ayuda profesional<\/strong> pero no debe considerarse un consejo m\u00e9dico definitivo.<\/p>\r\n<h2>\u00bfC\u00f3mo se comprueba la ciclotimia?<\/h2>\r\n<p>La ciclotimia es un trastorno del estado de \u00e1nimo en el que <strong>una persona experimenta s\u00edntomas hipoman\u00edacos y s\u00edntomas depresivos<\/strong>. Para recibir un diagn\u00f3stico, los s\u00edntomas de la persona deben cumplir los siguientes requisitos <strong>criterios del DSM-IV<\/strong>que especifica las alteraciones del estado de \u00e1nimo que persisten durante al menos dos a\u00f1os. <\/p>\r\n\r\n<p>El profesional de la salud mental puede utilizar diversos procesos de diagn\u00f3stico.<\/p>\r\n\r\n<p><strong>Evaluaci\u00f3n cl\u00ednica:<\/strong> en la que el profesional puede realizar entrevistas sobre los s\u00edntomas.<\/p>  \r\n\r\n<p><strong>Seguimiento de s\u00edntomas:<\/strong> Otro m\u00e9todo que puede utilizar un profesional es el seguimiento de los s\u00edntomas, en el que se pide al individuo que lleve un registro de los cambios de humor y de la duraci\u00f3n de los mismos. <\/p>\r\n\r\n<p>No existe una auto-evaluaci\u00f3n oficial que se pueda utilizar para hacer un auto-diagn\u00f3stico de ciclotimia. Los tests y pruebas en l\u00ednea, incluido este \"Test de ciclotimia\", no se consideran precisos. La informaci\u00f3n proporcionada por esta herramienta de auto-evaluaci\u00f3n s\u00f3lo tiene fines educativos. <\/p><\/div>\r\n\r\n<style>.langs a img {\r\n    height: 48px;\r\n    width: 48px;\r\n}.langs {\r\n    background: #e7f5f7;\r\n    border-radius: 10px;\r\n    padding: 0 13px;\r\n}.langs a {\r\n    text-decoration: none;\r\n    display: inline-block;\r\n    margin-right: 10px;\r\n}.watupro-progress-bar {\r\n    border-radius: 0!important;}.entry-content form.quiz-form{padding:0px;justify-content: normal;}.question-content div {\r\n    margin: 0 auto 25px;font-size: 22px;\r\n}input#action-button {\r\n    font-size: 17px!important;\r\n}.watupro_buttons input[type=button], .watupro_buttons input[type=submit], .watupro-exam-description button{margin-left: 0px!important;}.watupro_buttons.flex div {\r\n    margin: 0.5rem 0px!important;\r\n}.watupro-question-choice input[type=radio] + label, .watupro-question-choice input[type=checkbox] + label {\r\n    margin: 0px!important;\r\n}.watupro_buttons input[type=button] {\r\n    color: #fff!important;\r\n    font-weight: 600;\r\n}<\/style>\r\n\r\n<style>.custom-featured-image img {\r\n    width: 700px;\r\n}.watupro-progress-bar {\r\n    border-radius: 0!important;}.entry-content form.quiz-form{padding:0px;justify-content: normal;}.question-content div {\r\n    margin: 0 auto 25px;font-size: 22px;\r\n}.watupro_buttons input[type=button], .watupro_buttons input[type=submit], .watupro-exam-description button{margin-left: 0px!important;}.watupro_buttons.flex div {\r\n    margin: 0.5rem 0px!important;\r\n}.watupro-question-choice input[type=radio] + label, .watupro-question-choice input[type=checkbox] + label {\r\n    margin: 0px!important;\r\n}.watupro_buttons input[type=button] {\r\n    color: #fff!important;\r\n    font-weight: 600;\r\n}<\/style>\r\n<style>div#startOutput {\r\n    display: none;\r\n}input[type=\"button\"] {\r\n    display: inline-block;\r\n    cursor: pointer;\r\n    min-height: 1em;\r\n    font-size: 17px!important;\r\n    font-family: 'Open Sans',Helvetica,Arial,sans-serif;\r\n    outline: 0;\r\n    border: none!important;\r\n    background-color: #6262f6!important;\r\n    margin: 0 1em 0 0;\r\n    padding: 0.8em 1.5em;\r\n    text-transform: uppercase;\r\n    line-height: 1;\r\n    text-decoration: none;\r\n    background-image: linear-gradient(rgba(0,0,0,0),rgba(0,0,0,.05));\r\n    border-radius: 0.25em;\r\n    box-shadow: 0 0 0 1px rgba(0,0,0,.08) inset;\r\n    user-select: none;\r\n    box-sizing: border-box;\r\n    position: relative;\r\n    tap-highlight-color: transparent;\r\n    -webkit-tap-highlight-color: transparent;\r\n    color: #fff!important;\r\n    font-weight: 700;\r\n}ul.watupro-question-paginator li, ul.watupro-answers-paginator li {\r\n    width: auto!important;\r\n}.question-content {\r\n    text-align: center;\r\n}.watu-question .question-content p {\r\n    margin-top: 12px;\r\n}.question-choices.watupro-choices-columns {\r\n    display: inline-flex;\r\n    flex-wrap: wrap;\r\n    justify-content: center;\r\n}.question-choices.watupro-choices-columns .watupro-question-choice {\r\n    line-height: 1;\r\n}.question-choices.watupro-choices-columns div:nth-child(4) .answer {\r\n    width: 30px;\r\n    height: 30px;\r\n    border-color: #346aa3;\r\n        position: relative;padding: 0px;\r\n    border-radius: 50%;\r\n    border: 4px solid;\r\n}.question-choices.watupro-choices-columns div:nth-child(5) .answer span {\r\n   display: block!important;\r\n    position: relative;\r\n    color: #316d72;\r\n    margin-left: 26px;\r\n    float: left;    font-weight: bold;\r\n}.question-choices.watupro-choices-columns div:nth-child(1) .answer span {\r\n        display: block!important;\r\n    color: #316d72;\r\n    float: right;text-align:left;\r\n    margin-right: 26px;\r\n}.question-choices.watupro-choices-columns div:nth-child(3) .answer {\r\n    width: 27px;\r\n    height: 27px;\r\n    border-top-color: #f1c40f!important;\r\n    border-left-color: #f1c40f!important;\r\n    border-right-color: #346aa3!important;\r\n    border-bottom-color: #346aa3!important;\r\npadding: 0px;\r\nposition: relative;\r\n    border-radius: 50%;\r\n    border: 4px solid;\r\n}.question-choices.watupro-choices-columns div:nth-child(2) .answer {\r\n    width: 30px;\r\n    height: 30px;\r\n    border-color: #f1c40f!important;\r\n    position: relative;\r\n    border-radius: 50%;\r\n    border: 4px solid;padding: 0px;\r\n}.question-choices.watupro-choices-columns div:nth-child(5) .answer {\r\n    width: 30px;\r\n    height: 33px;\r\n    border-color: #346aa3;\r\n    position: relative;\r\n    border-radius: 50%;\r\n    border: 4px solid;\r\npadding: 0px;\r\n}.question-choices.watupro-choices-columns div:nth-child(1) .answer {\r\n       width: 30px;\r\n    position: relative;\r\n    border-radius: 50%;\r\n    border: 4px solid;\r\n    height: 33px;text-align: right;\r\n    border-color: #f1c40f;\r\npadding: 0px;\r\n}.watupro-question-choice {\r\n    height: 47px!important;\r\n    width: 47px!important;\r\n    display: inline-block!important;\r\n    position: relative!important;\r\n    border-radius: 0.325em;\r\n    transition: background .1s linear;\r\n    border: 0px!important;\r\n}.question-choices.watupro-choices-columns .watupro-question-choice span {\r\n    display: none!important;\r\n}.question-choices.watupro-choices-columns {\r\n    text-align: center;\r\n}.watupro-question-choice input[type=radio] + label, .watupro-question-choice input[type=checkbox] + label {\r\n   height: 47px;\r\n    width: 47px;\r\n}.watupro-question-choice input[type=radio]:checked + label, .watupro-question-choice input[type=checkbox]:checked + label {\r\n    background-image: none;\r\n    outline: 0;\r\n    background-color: #005E7C!important;\r\n    color: #fff;\r\n}.question-choices.watupro-choices-columns .watupro-question-choice {\r\n    margin: 2px!important;\r\n}@media screen and (max-width: 290px) {.watupro_buttons.flex {\r\n    display: flex;\r\n    flex-flow: nowrap!important;\r\n}}\r\n@media screen and (min-width: 450px) {.question-choices.watupro-choices-columns div:nth-child(1) .answer span {\r\n        margin-right: 43px;font-weight: bold;\r\n}.question-choices.watupro-choices-columns div:nth-child(5) .answer span {\r\n    margin-left: 46px;\r\n}}\r\n@media screen and (max-width: 450px) {.question-choices.watupro-choices-columns{padding: 20px 0px;}.question-choices.watupro-choices-columns div:nth-child(1) .answer span{  padding-top: 10px; font-size: 16px;    position: absolute;\r\n    top: 28px;\r\n    font-weight: bold;width:100px;}.question-choices.watupro-choices-columns div:nth-child(5) .answer span{padding-top: 10px;font-size: 16px;position: absolute;\r\n    top: 28px;\r\n    right: -9px;width: 100px;\r\n    text-align: right;}}<\/style><div class=\"reference-list\"><h3>Referencias<\/h3><ol><li id=\"ref-1\">Dar, D. M. (2024). Desarrollo y Validaci\u00f3n de la Escala de Ciclotimia Deenz (DSC-32): Un Instrumento para Evaluar Tendencias Ciclot\u00edmicas Subcl\u00ednicas en Poblaci\u00f3n No-cl\u00ednica. PsychArchives. <a href=\"https:\/\/doi.org\/10.23668\/psycharchives.14226\">https:\/\/doi.org\/10.23668\/psycharchives.14226<\/a> <a href=\"#ref-link-1\" class=\"back-link\" aria-label=\"Volver al contenido\">\u21a9<\/a><\/li><li id=\"ref-2\">Asociaci\u00f3n Americana de Psiquiatr\u00eda. (2013). Manual diagn\u00f3stico y estad\u00edstico de los trastornos mentales. (5\u00aa edici\u00f3n). Washington, DC. <a href=\"#ref-link-2\" class=\"back-link\" aria-label=\"Volver al contenido\">\u21a9<\/a><\/li><li id=\"ref-3\">Perugi, G., Hantouche, E., &amp; Vannucchi, G. (2017). Diagn\u00f3stico y tratamiento de la ciclotimia: La \"Primac\u00eda\" del Temperamento. Neurofarmacolog\u00eda actual, 15(3), 372-379. <a href=\"https:\/\/doi.org\/10.2174\/1570159X14666160616120157\">https:\/\/doi.org\/10.2174\/1570159X14666160616120157<\/a> <a href=\"#ref-link-3\" class=\"back-link\" aria-label=\"Volver al contenido\">\u21a9<\/a><\/li><\/ol><\/div>","protected":false},"excerpt":{"rendered":"El test de ciclotimia es un cuestionario de 16 \u00edtems, dise\u00f1ado para medir la probabilidad de manifestaci\u00f3n de rasgos asociados a la ciclotimia.","protected":false},"author":1,"featured_media":4472,"parent":0,"menu_order":0,"comment_status":"closed","ping_status":"closed","template":"","meta":{"inline_featured_image":false,"footnotes":""},"categories":[3],"class_list":["post-86","page","type-page","status-publish","has-post-thumbnail","hentry","category-depression"],"lang":"en","translations":{"en":86},"_links":{"self":[{"href":"https:\/\/drdeenz.com\/es\/wp-json\/wp\/v2\/pages\/86","targetHints":{"allow":["GET"]}}],"collection":[{"href":"https:\/\/drdeenz.com\/es\/wp-json\/wp\/v2\/pages"}],"about":[{"href":"https:\/\/drdeenz.com\/es\/wp-json\/wp\/v2\/types\/page"}],"author":[{"embeddable":true,"href":"https:\/\/drdeenz.com\/es\/wp-json\/wp\/v2\/users\/1"}],"replies":[{"embeddable":true,"href":"https:\/\/drdeenz.com\/es\/wp-json\/wp\/v2\/comments?post=86"}],"version-history":[{"count":4,"href":"https:\/\/drdeenz.com\/es\/wp-json\/wp\/v2\/pages\/86\/revisions"}],"predecessor-version":[{"id":5891,"href":"https:\/\/drdeenz.com\/es\/wp-json\/wp\/v2\/pages\/86\/revisions\/5891"}],"wp:featuredmedia":[{"embeddable":true,"href":"https:\/\/drdeenz.com\/es\/wp-json\/wp\/v2\/media\/4472"}],"wp:attachment":[{"href":"https:\/\/drdeenz.com\/es\/wp-json\/wp\/v2\/media?parent=86"}],"wp:term":[{"taxonomy":"category","embeddable":true,"href":"https:\/\/drdeenz.com\/es\/wp-json\/wp\/v2\/categories?post=86"}],"curies":[{"name":"wp","href":"https:\/\/api.w.org\/{rel}","templated":true}]}}