{"id":630,"date":"2023-09-16T03:45:07","date_gmt":"2023-09-16T03:45:07","guid":{"rendered":"https:\/\/drdeenz.com\/?p=630"},"modified":"2025-11-02T16:30:31","modified_gmt":"2025-11-02T16:30:31","slug":"test-de-orientacion-sexual","status":"publish","type":"page","link":"https:\/\/drdeenz.com\/es\/test-de-orientacion-sexual\/","title":{"rendered":"Test de orientaci\u00f3n sexual \/ Test de sexualidad (Versi\u00f3n en espa\u00f1ol)"},"content":{"rendered":"<strong>El test de autoevaluaci\u00f3n de la orientaci\u00f3n sexual- es una versi\u00f3n interactiva de la Escala de Orientaci\u00f3n Sexual Deenz (DSOS-20). Esta herramienta en l\u00ednea puede proporcionar informaci\u00f3n sobre su comportamiento sexual, pero no puede proporcionar determinaciones definitivas de la orientaci\u00f3n sexual. La orientaci\u00f3n sexual es un aspecto personal de la identidad de cada uno.<\/strong>\r\n\r\n<p>Cada individuo tiene sus propias preferencias, intereses y sentimientos sexuales, y \u00e9stos no pueden medirse completamente con una simple herramienta. Comprender las fantas\u00edas y deseos sexuales de los individuos puede ser todo un reto, por lo que los expertos estudian continuamente los patrones psicol\u00f3gicos y biol\u00f3gicos relacionados con la orientaci\u00f3n sexual. <\/p>\r\n\r\n<p>Alfred Kinsey fue un sex\u00f3logo estadounidense que propuso el concepto de heterosexualidad y homosexualidad, lo que condujo al desarrollo de la escala Kinsey, tambi\u00e9n conocida como escala de calificaci\u00f3n de heterosexualidad y homosexualidad. El prop\u00f3sito de la escala era medir el comportamiento homosexual y heterosexual del individuo. <\/p>\r\n\r\n<p>Podemos decir que Alfred Kinsey aport\u00f3 muchas cosas a la investigaci\u00f3n. A\u00fan as\u00ed, muchos expertos creen que la orientaci\u00f3n sexual no se refiere s\u00f3lo a lo exclusivamente heterosexual u homosexual que se es. A\u00fan as\u00ed, hay otras orientaciones sexuales que deben abordarse, como la bisexual y la asexual.<\/p>\r\n\r\n<p>La Escala de Orientaci\u00f3n Sexual Deenz (DSOS-20) es una herramienta moderna creada en 2022 para ayudar a las personas a comprender su orientaci\u00f3n sexual. A diferencia de m\u00e9todos m\u00e1s antiguos, como la Escala Kinsey, que se centraba sobre todo en el comportamiento sexual, la DSOS-12 adopta un enfoque m\u00e1s amplio. Examina tres \u00e1reas clave: atracci\u00f3n, comportamiento e identidad. <\/p>\r\n\r\n<p>Lo que hace especial a la DSOS-20 es que entiende que la orientaci\u00f3n sexual puede ser fluida. Los sentimientos y experiencias de las personas pueden cambiar con el tiempo, y esta escala permite esa flexibilidad. Adem\u00e1s, es f\u00e1cil de usar: s\u00f3lo tienes que responder a 20 preguntas sobre ti mismo.<\/p>\r\n\r\n<p>El DSOS-20 es \u00fatil para los investigadores que estudian el amor y las relaciones, para los terapeutas que ayudan a sus clientes y para cualquiera que desee comprender mejor sus propios sentimientos. Es una herramienta que celebra la diversidad y nos recuerda que no hay una forma \"correcta\" o \"incorrecta\" de amar: se trata de ser fiel a uno mismo.<\/p>\r\n<style>.baseline {\r\n    bottom: 87px;\r\n}.bar {\r\n    max-width: 55%;\r\n}.bar-label {\r\n    flex-direction: column;\r\n}.chart-container::before {\r\n    background-image: linear-gradient(to top, #ddd 1px, transparent 1px);\r\n    background-size: 100% 20%;\r\n    height: 154px;\r\n}.bar-container {\r\n    height: 218px;\r\n}<\/style>\r\n<style>.custom-featured-image img {\r\n    width: 700px;\r\n}.watupro-progress-bar {\r\n    border-radius: 0!important;}.entry-content form.quiz-form{padding:0px;justify-content: normal;}.question-content div {\r\n    margin: 0 auto 25px;font-size: 22px;\r\n}.watupro_buttons input[type=button], .watupro_buttons input[type=submit], .watupro-exam-description button{margin-left: 0px!important;}.watupro_buttons.flex div {\r\n    margin: 0.5rem 0px!important;\r\n}.watupro-question-choice input[type=radio] + label, .watupro-question-choice input[type=checkbox] + label {\r\n    margin: 0px!important;\r\n}.watupro_buttons input[type=button] {\r\n    color: #fff!important;\r\n    font-weight: 600;\r\n}<\/style>\r\n<style>.watupro_buttons.flex {\r\n    margin-top: 20px;\r\n}div#startOutput {\r\n    display: none;\r\n}input[type=\"button\"] {\r\n    display: inline-block;\r\n    cursor: pointer;\r\n    min-height: 1em;\r\n    font-size: 17px!important;\r\n    font-family: 'Open Sans',Helvetica,Arial,sans-serif;\r\n    outline: 0;\r\n    border: none!important;\r\n    background-color: #6262f6!important;\r\n    margin: 0 1em 0 0;\r\n    padding: 0.8em 1.5em;\r\n    text-transform: uppercase;\r\n    line-height: 1;\r\n    text-decoration: none;\r\n    background-image: linear-gradient(rgba(0,0,0,0),rgba(0,0,0,.05));\r\n    border-radius: 0.25em;\r\n    box-shadow: 0 0 0 1px rgba(0,0,0,.08) inset;\r\n    user-select: none;\r\n    box-sizing: border-box;\r\n    position: relative;\r\n    tap-highlight-color: transparent;\r\n    -webkit-tap-highlight-color: transparent;\r\n    color: #fff!important;\r\n    font-weight: 700;\r\n}ul.watupro-question-paginator li, ul.watupro-answers-paginator li {\r\n    width: auto!important;\r\n}.question-content {\r\n    text-align: center;\r\n}.watu-question .question-content p {\r\n    margin-top: 12px;\r\n}.question-choices.watupro-choices-columns {\r\n    display: inline-flex;\r\n    flex-wrap: wrap;\r\n    justify-content: center;\r\n}.question-choices.watupro-choices-columns .watupro-question-choice {\r\n    line-height: 1;\r\n}.question-choices.watupro-choices-columns div:nth-child(4) .answer {\r\n    width: 30px;\r\n    height: 30px;\r\n    border-color: #346aa3;\r\n        position: relative;padding: 0px;\r\n    border-radius: 50%;\r\n    border: 4px solid;\r\n}.question-choices.watupro-choices-columns div:nth-child(5) .answer span {\r\n   display: block!important;\r\n    position: relative;\r\n    color: #316d72;\r\n    margin-left: 26px;\r\n    float: left;\r\nwidth: 104px;\r\n}.question-choices.watupro-choices-columns div:nth-child(1) .answer span {\r\n        display: block!important;\r\n    color: #316d72;\r\n    float: right;text-align:left;\r\n    margin-right: 26px;\r\n}.question-choices.watupro-choices-columns div:nth-child(3) .answer {\r\n    width: 27px;\r\n    height: 27px;\r\n    border-top-color: #f1c40f!important;\r\n    border-left-color: #f1c40f!important;\r\n    border-right-color: #346aa3!important;\r\n    border-bottom-color: #346aa3!important;\r\npadding: 0px;\r\nposition: relative;\r\n    border-radius: 50%;\r\n    border: 4px solid;\r\n}.question-choices.watupro-choices-columns div:nth-child(2) .answer {\r\n    width: 30px;\r\n    height: 30px;\r\n    border-color: #f1c40f!important;\r\n    position: relative;\r\n    border-radius: 50%;\r\n    border: 4px solid;padding: 0px;\r\n}.question-choices.watupro-choices-columns div:nth-child(5) .answer {\r\n    width: 30px;\r\n    height: 33px;\r\n    border-color: #346aa3;\r\n    position: relative;\r\n    border-radius: 50%;\r\n    border: 4px solid;\r\npadding: 0px;\r\n}.question-choices.watupro-choices-columns div:nth-child(1) .answer {\r\n       width: 30px;\r\n    position: relative;\r\n    border-radius: 50%;\r\n    border: 4px solid;\r\n    height: 33px;text-align: right;\r\n    border-color: #f1c40f;\r\npadding: 0px;\r\n}.watupro-question-choice {\r\n    height: 47px!important;\r\n    width: 47px!important;\r\n    display: inline-block!important;\r\n    position: relative!important;\r\n    border-radius: 0.325em;\r\n    transition: background .1s linear;\r\n    border: 0px!important;\r\n}.question-choices.watupro-choices-columns .watupro-question-choice span {\r\n    display: none!important;\r\n}.question-choices.watupro-choices-columns {\r\n    text-align: center;\r\n}.watupro-question-choice input[type=radio] + label, .watupro-question-choice input[type=checkbox] + label {\r\n   height: 47px;\r\n    width: 47px;\r\n}.watupro-question-choice input[type=radio]:checked + label, .watupro-question-choice input[type=checkbox]:checked + label {\r\n    background-image: none;\r\n    outline: 0;\r\n    background-color: #005E7C!important;\r\n    color: #fff;\r\n}.question-choices.watupro-choices-columns .watupro-question-choice {\r\n    margin: 2px!important;\r\n}@media screen and (max-width: 290px) {.watupro_buttons.flex {\r\n    display: flex;\r\n    flex-flow: nowrap!important;\r\n}}\r\n@media screen and (min-width: 450px) {.question-choices.watupro-choices-columns div:nth-child(1) .answer span {\r\n        margin-right: 43px;\r\n}.question-choices.watupro-choices-columns div:nth-child(5) .answer span {\r\n    margin-left: 46px;\r\n}}\r\n@media screen and (max-width: 600px) {.question-choices.watupro-choices-columns{padding: 32px 0px;}.question-choices.watupro-choices-columns div:nth-child(1) .answer span{ padding-top: 10px; font-size: 16px; position: absolute; top: 28px; width: 150px; font-weight: bold;}.question-choices.watupro-choices-columns div:nth-child(5) .answer span{padding-top: 10px; font-size: 16px; position: absolute; top: 28px; right: -9px; font-weight: bold;}}<\/style>\r\n<style>div#startOutput {\r\n    display: none;\r\n}.watupro_buttons input[type=button]{color:grey!important;}input[type=\"button\"] {\r\n    display: inline-block;\r\n    cursor: pointer;\r\n    min-height: 1em;\r\n    font-size: 17px!important;\r\n    font-family: 'Open Sans',Helvetica,Arial,sans-serif;\r\n    outline: 0;\r\n    border: none!important;\r\n    background-color: #FAFAFA!important;\r\n    margin: 0 1em 0 0;\r\n    padding: 0.8em 1.5em;\r\n    text-transform: uppercase;\r\n    line-height: 1;\r\n    text-decoration: none;\r\n    background-image: linear-gradient(rgba(0,0,0,0),rgba(0,0,0,.05));\r\n    border-radius: 0.25em;\r\n    box-shadow: 0 0 0 1px rgba(0,0,0,.08) inset;\r\n    user-select: none;\r\n    box-sizing: border-box;\r\n    position: relative;\r\n    tap-highlight-color: transparent;\r\n    -webkit-tap-highlight-color: transparent;\r\n    color: gray!important;\r\n    font-weight: 700;\r\n}ul.watupro-question-paginator li, ul.watupro-answers-paginator li {\r\n    width: auto!important;\r\n}.question-content {\r\n    text-align: center;\r\n}.watu-question .question-content p {\r\n    margin-top: 12px;\r\n}.question-choices.watupro-choices-columns {\r\n    display: inline-flex;gap: 15px;\r\n}table.watupror-pie-chart-table {\r\n    background: aqua;\r\n}table.watupror-pie-chart-table img {\r\n    border-radius: 50%;\r\n}g {\r\n    font-family: cursive;\r\n}c {\r\n    display: block;\r\n    font-weight: 600;\r\n        font-family: cursive;\r\n}.pie {\r\n    background: aliceblue;\r\n    margin: 1px;\r\n}.flex-container>* {\r\n    flex: 1 1 160px;\r\n}.flex-container {\r\n    display: flex;\r\n    flex-wrap: wrap;\r\n}.chart.easyPieChart img {\r\n    padding-top: 29px;\r\n}.pie {\r\n    display: inline-block;\r\n    text-align: center;\r\n}.chart-dis {\r\n  position: relative;\r\n  display: inline-block;\r\n  color: #999;\r\n  font-size: 14px;\r\n  text-align: center;\r\n}\r\n.chart-dis canvas {\r\n  position: absolute;\r\n  top: 0;\r\n  left: 0;\r\n}div#watupror-pie-chart-all {\r\n    height: auto!important;\r\n}<\/style>","protected":false},"excerpt":{"rendered":"El test de orientaci\u00f3n sexual es una escala de evaluaci\u00f3n psicol\u00f3gica de 12-items que ayuda a identificar la orientaci\u00f3n sexual de un individuo.","protected":false},"author":1,"featured_media":1593,"parent":0,"menu_order":0,"comment_status":"closed","ping_status":"closed","template":"","meta":{"inline_featured_image":false,"footnotes":""},"categories":[9],"class_list":["post-630","page","type-page","status-publish","has-post-thumbnail","hentry","category-gender"],"lang":"en","translations":{"en":630},"_links":{"self":[{"href":"https:\/\/drdeenz.com\/es\/wp-json\/wp\/v2\/pages\/630","targetHints":{"allow":["GET"]}}],"collection":[{"href":"https:\/\/drdeenz.com\/es\/wp-json\/wp\/v2\/pages"}],"about":[{"href":"https:\/\/drdeenz.com\/es\/wp-json\/wp\/v2\/types\/page"}],"author":[{"embeddable":true,"href":"https:\/\/drdeenz.com\/es\/wp-json\/wp\/v2\/users\/1"}],"replies":[{"embeddable":true,"href":"https:\/\/drdeenz.com\/es\/wp-json\/wp\/v2\/comments?post=630"}],"version-history":[{"count":4,"href":"https:\/\/drdeenz.com\/es\/wp-json\/wp\/v2\/pages\/630\/revisions"}],"predecessor-version":[{"id":5465,"href":"https:\/\/drdeenz.com\/es\/wp-json\/wp\/v2\/pages\/630\/revisions\/5465"}],"wp:featuredmedia":[{"embeddable":true,"href":"https:\/\/drdeenz.com\/es\/wp-json\/wp\/v2\/media\/1593"}],"wp:attachment":[{"href":"https:\/\/drdeenz.com\/es\/wp-json\/wp\/v2\/media?parent=630"}],"wp:term":[{"taxonomy":"category","embeddable":true,"href":"https:\/\/drdeenz.com\/es\/wp-json\/wp\/v2\/categories?post=630"}],"curies":[{"name":"wp","href":"https:\/\/api.w.org\/{rel}","templated":true}]}}