{"id":5707,"date":"2025-10-17T15:52:37","date_gmt":"2025-10-17T15:52:37","guid":{"rendered":"https:\/\/drdeenz.com\/?page_id=5707"},"modified":"2025-10-18T06:08:42","modified_gmt":"2025-10-18T06:08:42","slug":"test-de-dependencia-emocional","status":"publish","type":"page","link":"https:\/\/drdeenz.com\/es\/test-de-dependencia-emocional\/","title":{"rendered":"Test Dependencia Emocional"},"content":{"rendered":"<p>Este cuestionario de dependencia emocional se basa en una versi\u00f3n preliminar de <em>Desarrollo y validez de la Escala de Personalidad Dependiente Deenz (DDPS-20) que mide rasgos subcl\u00ednicos entre estudiantes universitarios<\/em>. La escala mide los rasgos subcl\u00ednicos que no se consideran suficientes para el diagn\u00f3stico cl\u00ednico del trastorno de personalidad dependiente. El objetivo de la escala no es hacer un diagn\u00f3stico del trastorno, sino tratar de evaluar las tendencias de personalidad que existen en un espectro. Los \u00e1mbitos clave que este cuestionario intenta evaluar son: <a href=\"https:\/\/drdeenz.com\/codependency-test\/\">Dependencia de las decisiones<\/a>, Miedo al abandono, sumisi\u00f3n y necesidad de apego. (DDPS-20) ha demostrado ser una medida fiable para evaluar las tendencias hacia la personalidad dependiente en la poblaci\u00f3n general.<\/p>\r\n<h2>Desarrollo del Test dependencia emocional<\/h2>\r\n<p>Este cuestionario no est\u00e1 asociado a la investigaci\u00f3n y tampoco recoge ni almacena datos de los participantes con fines de investigaci\u00f3n.<\/p>\r\n<p>La psicolog\u00eda moderna, especialmente la infantil, hace hincapi\u00e9 en la detecci\u00f3n precoz de las tendencias de la personalidad dependiente. <sup id=\"ref-link-1\"><a href=\"#ref-1\">[1]<\/a><\/sup> (DDPS-20) ha demostrado ser una herramienta valiosa para la detecci\u00f3n precoz de tendencias, y el objetivo es evaluar los rasgos que pueden ser se\u00f1ales tempranas para el desarrollo de rasgos que m\u00e1s tarde pueden ser considerados cl\u00ednicamente significativos para un trastorno. En resumen, todo el mundo muestra algunos rasgos de dependencia, pero (DDPS-20) s\u00f3lo mide cu\u00e1nto y c\u00f3mo afectan al funcionamiento y, en el futuro, si estas tendencias pueden afectar o no a la vida social y personal.<\/p>\r\n\r\nTest dependencia emocional est\u00e1 dise\u00f1ado para proporcionar puntuaciones e interpretaciones de los resultados. Este test tambi\u00e9n proporciona resultados visuales en gr\u00e1ficos para una mejor interpretaci\u00f3n de los resultados y comprensi\u00f3n de las tendencias.\r\n\r\n<div class=\"deenz-extra-fields-separate\"><div class=\"extra-field\"><h2>A qui\u00e9n va dirigido el test<\/h2><p>La investigaci\u00f3n original sugiere que la Escala de dependencia emocional puede administrarse a ni\u00f1os mayores de 12 a\u00f1os, ya que el cuestionario est\u00e1 redactado en un lenguaje sencillo y f\u00e1cil de entender. No obstante, se recomienda realizar la prueba bajo la supervisi\u00f3n de un profesor o un profesional. Los adultos (mayores de 16 a\u00f1os) pueden realizar la prueba por s\u00ed mismos e interpretar los resultados de forma independiente. El estudio que se llev\u00f3 a cabo para establecer la validez y fiabilidad del (DDPS-20) se administr\u00f3 a estudiantes universitarios de 18 a\u00f1os o m\u00e1s y no se consider\u00f3 necesaria la supervisi\u00f3n de un profesional. <\/p><\/div><div class=\"extra-field\"><h2>Subescala<\/h2><p><table>\r\n  <thead>\r\n    <tr>\r\n      <th>Dominio<\/th>\r\n      <th>Elementos<\/th>\r\n      <th>Concepto clave<\/th>\r\n      <th>Rango de puntuaci\u00f3n<\/th>\r\n    <\/tr>\r\n  <\/thead>\r\n  <tbody>\r\n    <tr>\r\n      <td data-label=\"Domain\">Dependencia de las decisiones<\/td>\r\n      <td data-label=\"Items\">1-5<\/td>\r\n      <td data-label=\"Key Concept\">Dependencia de otros para elegir<\/td>\r\n      <td data-label=\"Score Range\">5-25<\/td>\r\n    <\/tr>\r\n    <tr>\r\n      <td data-label=\"Domain\">Miedo al abandono<\/td>\r\n      <td data-label=\"Items\">6-10<\/td>\r\n      <td data-label=\"Key Concept\">Ansiedad de sentirse solo \/ rechazado<\/td>\r\n      <td data-label=\"Score Range\">5-25<\/td>\r\n    <\/tr>\r\n    <tr>\r\n      <td data-label=\"Domain\">Sumisi\u00f3n<\/td>\r\n      <td data-label=\"Items\">11-15<\/td>\r\n      <td data-label=\"Key Concept\">Evitaci\u00f3n del conflicto \/ baja asertividad<\/td>\r\n      <td data-label=\"Score Range\">5-25<\/td>\r\n    <\/tr>\r\n    <tr>\r\n      <td data-label=\"Domain\">Anexo Necesidad<\/td>\r\n      <td data-label=\"Items\">16-20<\/td>\r\n      <td data-label=\"Key Concept\">Deseo de cercan\u00eda \/ apoyo emocional<\/td>\r\n      <td data-label=\"Score Range\">5-25<\/td>\r\n    <\/tr>\r\n  <\/tbody>\r\n<\/table><\/p><\/div><div class=\"extra-field\"><h2>Validez<\/h2><p>La escala de personalidad dependiente de Deenz (DDPS-20) ha demostrado un buen contenido y validez del constructo. El cuestionario se desarroll\u00f3 en base a cuatro dominios: dependencia de la decisi\u00f3n, miedo al abandono, sumisi\u00f3n y necesidad de apego. La validez convergente se llev\u00f3 a cabo a trav\u00e9s de correlaciones positivas con ansiedad por el apego a la medida y baja autoestima y validez discriminante por correlaciones d\u00e9biles y constructos no relacionados como apertura y extraversi\u00f3n. La escala tambi\u00e9n demostr\u00f3 buena consistencia interna con el alfa de Cronbach de 0,87, lo que indica alta confiabilidad. La subescala alfa vari\u00f3 de 0,78 a 0,84 sugiere que cada dominio mide consistentemente su constructo previsto. Estos hallazgos confirman que la escala es una medida v\u00e1lida y confiable para evaluar las tendencias de personalidad dependiente subcl\u00ednica en poblaciones adolescentes y adultas. La escala tambi\u00e9n se ha comparado con otras escalas bien establecidas como el Dependent Personality Inventory (DPI) <sup id=\"ref-link-2\"><a href=\"#ref-2\">[2]<\/a><\/sup>y la escala demostr\u00f3 validez convergente con las medidas existentes.<\/p><\/div><\/div>\r\n<h2>Deenz Escala de Personalidad Dependiente (DDPS-20) Gu\u00eda de Puntuaci\u00f3n<\/h2>\r\n\r\n<table border=\"1\" cellpadding=\"6\" cellspacing=\"0\">\r\n  <thead>\r\n    <tr>\r\n      <th>Respuesta<\/th>\r\n      <th>Puntuaci\u00f3n (Normal)<\/th>\r\n      <th>Puntuaci\u00f3n (Reverso)<\/th>\r\n    <\/tr>\r\n  <\/thead>\r\n  <tbody>\r\n    <tr>\r\n      <td>Totalmente en desacuerdo<\/td>\r\n      <td>0<\/td>\r\n      <td>4<\/td>\r\n    <\/tr>\r\n    <tr>\r\n      <td>En desacuerdo<\/td>\r\n      <td>1<\/td>\r\n      <td>3<\/td>\r\n    <\/tr>\r\n    <tr>\r\n      <td>Neutral \/ A veces<\/td>\r\n      <td>2<\/td>\r\n      <td>2<\/td>\r\n    <\/tr>\r\n    <tr>\r\n      <td>De acuerdo<\/td>\r\n      <td>3<\/td>\r\n      <td>1<\/td>\r\n    <\/tr>\r\n    <tr>\r\n      <td>Totalmente de acuerdo<\/td>\r\n      <td>4<\/td>\r\n      <td>0<\/td>\r\n    <\/tr>\r\n  <\/tbody>\r\n<\/table>\r\n\r\n<h3>Subescala inversa-S Items puntuados<\/h3>\r\n<table border=\"1\" cellpadding=\"6\" cellspacing=\"0\">\r\n  <thead>\r\n    <tr>\r\n      <th>Subescala<\/th>\r\n      <th>Reverse-Sart\u00edculos valorados<\/th>\r\n    <\/tr>\r\n  <\/thead>\r\n  <tbody>\r\n    <tr>\r\n      <td>Dependencia de las decisiones<\/td>\r\n      <td>4, 5<\/td>\r\n    <\/tr>\r\n    <tr>\r\n      <td>Miedo al abandono<\/td>\r\n      <td>9, 10<\/td>\r\n    <\/tr>\r\n    <tr>\r\n      <td>Sumisi\u00f3n<\/td>\r\n      <td>14, 15<\/td>\r\n    <\/tr>\r\n    <tr>\r\n      <td>Anexo Necesidad<\/td>\r\n      <td>19, 20<\/td>\r\n    <\/tr>\r\n  <\/tbody>\r\n<\/table>\r\n\r\n<h3>Interpretaci\u00f3n de la puntuaci\u00f3n total<\/h3>\r\n<table border=\"1\" cellpadding=\"6\" cellspacing=\"0\">\r\n  <thead>\r\n    <tr>\r\n      <th>Puntuaci\u00f3n total<\/th>\r\n      <th>Interpretaci\u00f3n<\/th>\r\n    <\/tr>\r\n  <\/thead>\r\n  <tbody>\r\n    <tr>\r\n      <td>0\u201320<\/td>\r\n      <td>Bajo - generalmente independiente<\/td>\r\n    <\/tr>\r\n    <tr>\r\n      <td>21-40<\/td>\r\n      <td>Leve - rasgos dependientes ocasionales<\/td>\r\n    <\/tr>\r\n    <tr>\r\n      <td>41-60<\/td>\r\n      <td>Moderado - comportamientos dependientes frecuentes, puede necesitar supervisi\u00f3n<\/td>\r\n    <\/tr>\r\n    <tr>\r\n      <td>61-80<\/td>\r\n      <td>Alta - fuertes rasgos de dependencia, puede beneficiarse del apoyo<\/td>\r\n    <\/tr>\r\n  <\/tbody>\r\n<\/table>\r\n\r\n<style><\/style><style>\r\n  table {\r\n    width: 100%;\r\n    border-collapse: collapse;\r\n  }\r\n  th, td {\r\n    border: 1px solid #ccc;\r\n    padding: 12px 8px;\r\n    text-align: left;\r\n    word-wrap: break-word;       \/* Ensure long text wraps *\/\r\n    overflow-wrap: break-word;\r\n  }\r\n  th {\r\n    background-color: #f2f2f2;\r\n  }\r\n\r\n  \/* Responsive: stack rows on small screens *\/\r\n  @media screen and (max-width: 600px) {\r\n    table, thead, tbody, th, td, tr {\r\n      display: block;\r\n    }\r\n    thead tr {\r\n      display: none; \/* hide header row *\/\r\n    }\r\n    tr {\r\n      margin-bottom: 15px;\r\n      border-bottom: 2px solid #ddd;\r\n    }\r\n    td {\r\n      padding: 8px;\r\n      position: relative;\r\n    }\r\n     td::before {\r\n      content: attr(data-label);\r\n      display: block;      \/* stack label above content *\/\r\n      font-weight: bold;\r\n      margin-bottom: 5px;\r\n    }\r\n  }\r\n<\/style><div class=\"reference-list\"><h3>Referencias<\/h3><ol><li id=\"ref-1\">Bornstein R. F. (1992). La personalidad dependiente: perspectivas evolutivas, sociales y cl\u00ednicas. Psychological bulletin, 112(1), 3-23. <a href=\"https:\/\/doi.org\/10.1037\/0033-2909.112.1.3\">https:\/\/doi.org\/10.1037\/0033-2909.112.1.3<\/a> <a href=\"#ref-link-1\" class=\"back-link\" aria-label=\"Volver al contenido\">\u21a9<\/a><\/li><li id=\"ref-2\">Huber, N. M. (2007). Inventario de Personalidad Dependiente (DPI): Una escala para evaluar los subtipos de personalidad dependiente basada en los criterios del DSM-IV-TR. Cleveland State University. <a href=\"#ref-link-2\" class=\"back-link\" aria-label=\"Volver al contenido\">\u21a9<\/a><\/li><\/ol><\/div>","protected":false},"excerpt":{"rendered":"Este cuestionario de personalidad dependiente se basa en una versi\u00f3n preliminar de la Escala de Desarrollo y Validez de la Personalidad Dependiente Deenz (DDPS-20) que mide rasgos subcl\u00ednicos entre estudiantes universitarios. La escala mide rasgos subcl\u00ednicos que no se consideran suficientes para el diagn\u00f3stico cl\u00ednico del Trastorno de Personalidad Dependiente. El objetivo de la escala no es realizar un diagn\u00f3stico de [...]","protected":false},"author":1,"featured_media":5726,"parent":0,"menu_order":0,"comment_status":"closed","ping_status":"closed","template":"","meta":{"inline_featured_image":false,"footnotes":""},"categories":[5],"class_list":["post-5707","page","type-page","status-publish","has-post-thumbnail","hentry","category-personality-assessments"],"lang":"en","translations":{"en":5707},"_links":{"self":[{"href":"https:\/\/drdeenz.com\/es\/wp-json\/wp\/v2\/pages\/5707","targetHints":{"allow":["GET"]}}],"collection":[{"href":"https:\/\/drdeenz.com\/es\/wp-json\/wp\/v2\/pages"}],"about":[{"href":"https:\/\/drdeenz.com\/es\/wp-json\/wp\/v2\/types\/page"}],"author":[{"embeddable":true,"href":"https:\/\/drdeenz.com\/es\/wp-json\/wp\/v2\/users\/1"}],"replies":[{"embeddable":true,"href":"https:\/\/drdeenz.com\/es\/wp-json\/wp\/v2\/comments?post=5707"}],"version-history":[{"count":4,"href":"https:\/\/drdeenz.com\/es\/wp-json\/wp\/v2\/pages\/5707\/revisions"}],"predecessor-version":[{"id":5715,"href":"https:\/\/drdeenz.com\/es\/wp-json\/wp\/v2\/pages\/5707\/revisions\/5715"}],"wp:featuredmedia":[{"embeddable":true,"href":"https:\/\/drdeenz.com\/es\/wp-json\/wp\/v2\/media\/5726"}],"wp:attachment":[{"href":"https:\/\/drdeenz.com\/es\/wp-json\/wp\/v2\/media?parent=5707"}],"wp:term":[{"taxonomy":"category","embeddable":true,"href":"https:\/\/drdeenz.com\/es\/wp-json\/wp\/v2\/categories?post=5707"}],"curies":[{"name":"wp","href":"https:\/\/api.w.org\/{rel}","templated":true}]}}