{"id":550,"date":"2023-08-22T02:16:10","date_gmt":"2023-08-22T02:16:10","guid":{"rendered":"https:\/\/drdeenz.com\/?p=550"},"modified":"2025-11-05T12:47:40","modified_gmt":"2025-11-05T12:47:40","slug":"test-de-talasofobia","status":"publish","type":"page","link":"https:\/\/drdeenz.com\/es\/test-de-talasofobia\/","title":{"rendered":"Test de talasofobia - \u00bfTengo talasofobia?"},"content":{"rendered":"<p><strong>Thalassophobia Test\/Quiz est\u00e1 dise\u00f1ado para averiguar si usted podr\u00eda mostrar o no tendencias hacia rasgos cl\u00ednicos de talasofobia. Esta auto-evaluaci\u00f3n no pretende proporcionar un diagn\u00f3stico definitivo de talasofobia y no puede sustituir a una evaluaci\u00f3n profesional, que s\u00f3lo es posible a trav\u00e9s de una entrevista cl\u00ednica realizada por un profesional de la salud mental cualificado.<\/strong><\/p>\r\n<p>La talasofobia es una enfermedad irracional <strong>miedo al mar o a las grandes masas de agua<\/strong> y se considera un subtipo de fobia espec\u00edfica. Mientras que algunos individuos experimentan miedo y ansiedad ante las masas de agua profundas sin que ello afecte a su funcionamiento diario, otros pueden tener reacciones m\u00e1s intensas en las que los desencadenantes causan angustia o deterioro. El objetivo del cuestionario es <strong>determinar si puede presentar s\u00edntomas<\/strong> que podr\u00edan considerarse significativos para el diagn\u00f3stico cl\u00ednico.<\/p>\r\n<h2>\u00bfQu\u00e9 es la talasofobia?<\/h2>\r\n<p>Si una persona tiene un miedo intenso o irracional a los oc\u00e9anos, lagos y profundidades, los psiquiatras lo describen como trastorno por talasofobia, que es un tipo de fobia. Hay varios tipos de fobias, como la acrofobia, la claustrofobia y la enochlofobia, que se clasifican como trastornos de ansiedad, y la talasofobia es uno de ellos, que tiene criterios de diagn\u00f3stico en el manual diagn\u00f3stico y estad\u00edstico DSM. Una persona con talasofobia <strong>a menudo siente ansiedad y p\u00e1nico cuando se enfrenta a pensamientos o experiencias relacionados con cualquier masa de agua<\/strong>incluidas las criaturas que contiene.<\/p>\r\n<h2>\u00bfY si tengo un miedo prolongado al agua?<\/h2>\r\n<p>A veces, el miedo al agua puede ser normal y racional porque puedes estar pensando en evitar cualquier peligro en ella, pero <strong>si tienes un miedo prolongado e intenso al agua y te causa angustia, interfiere en tu vida personal y social o limita tus actividades- relacionadas con el agua, entonces podr\u00eda tratarse de Talasofobia.<\/strong> Por ejemplo, si te niegas a ir a la playa con tus amigos porque tienes miedo a los oc\u00e9anos, entonces tu vida social se est\u00e1 viendo afectada, y te est\u00e1s limitando a ti mismo para disfrutar de la calidad de tu vida.<\/p>\r\n\r\n<p>Sabes que tu miedo es irracional, pero sientes p\u00e1nico y ansiedad <strong>cuando piensas en ir a grandes masas de agua<\/strong>y tienes pensamientos ansiosos sobre las grandes criaturas que hay en ellos. En este caso, es aconsejable consultar a un profesional de la salud mental para el diagn\u00f3stico y el tratamiento. <\/p>\r\n<style>.baseline {\r\n    bottom: 87px;\r\n}.bar {\r\n    max-width: 55%;\r\n}.bar-label {\r\n    flex-direction: column;\r\n}.chart-container::before {\r\n    background-image: linear-gradient(to top, #ddd 1px, transparent 1px);\r\n    background-size: 100% 20%;\r\n    height: 154px;\r\n}.bar-container {\r\n    height: 218px;\r\n}<\/style>","protected":false},"excerpt":{"rendered":"El test de talasofobia puede ayudarle a medir el impacto y la gravedad de los s\u00edntomas que se consideran significativos en el diagn\u00f3stico cl\u00ednico.","protected":false},"author":1,"featured_media":4627,"parent":0,"menu_order":0,"comment_status":"closed","ping_status":"closed","template":"","meta":{"inline_featured_image":false,"footnotes":""},"categories":[7],"class_list":["post-550","page","type-page","status-publish","has-post-thumbnail","hentry","category-anxiety-disorder"],"lang":"en","translations":{"en":550},"_links":{"self":[{"href":"https:\/\/drdeenz.com\/es\/wp-json\/wp\/v2\/pages\/550","targetHints":{"allow":["GET"]}}],"collection":[{"href":"https:\/\/drdeenz.com\/es\/wp-json\/wp\/v2\/pages"}],"about":[{"href":"https:\/\/drdeenz.com\/es\/wp-json\/wp\/v2\/types\/page"}],"author":[{"embeddable":true,"href":"https:\/\/drdeenz.com\/es\/wp-json\/wp\/v2\/users\/1"}],"replies":[{"embeddable":true,"href":"https:\/\/drdeenz.com\/es\/wp-json\/wp\/v2\/comments?post=550"}],"version-history":[{"count":4,"href":"https:\/\/drdeenz.com\/es\/wp-json\/wp\/v2\/pages\/550\/revisions"}],"predecessor-version":[{"id":5901,"href":"https:\/\/drdeenz.com\/es\/wp-json\/wp\/v2\/pages\/550\/revisions\/5901"}],"wp:featuredmedia":[{"embeddable":true,"href":"https:\/\/drdeenz.com\/es\/wp-json\/wp\/v2\/media\/4627"}],"wp:attachment":[{"href":"https:\/\/drdeenz.com\/es\/wp-json\/wp\/v2\/media?parent=550"}],"wp:term":[{"taxonomy":"category","embeddable":true,"href":"https:\/\/drdeenz.com\/es\/wp-json\/wp\/v2\/categories?post=550"}],"curies":[{"name":"wp","href":"https:\/\/api.w.org\/{rel}","templated":true}]}}