{"id":4276,"date":"2024-02-16T06:55:54","date_gmt":"2024-02-16T06:55:54","guid":{"rendered":"https:\/\/drdeenz.com\/block-content-examples\/"},"modified":"2025-10-21T07:32:23","modified_gmt":"2025-10-21T07:32:23","slug":"cuestionario-manipulativo","status":"publish","type":"page","link":"https:\/\/drdeenz.com\/es\/cuestionario-manipulativo\/","title":{"rendered":"Prueba de manipulaci\u00f3n"},"content":{"rendered":"<p>Este cuestionario est\u00e1 dise\u00f1ado \u00fanicamente para proporcionar una puntuaci\u00f3n autom\u00e1tica y proporcionar resultados en gr\u00e1ficos f\u00e1ciles de leer para una mejor interpretaci\u00f3n de los resultados. La informaci\u00f3n proporcionada est\u00e1 destinada \u00fanicamente a fines educativos y de autorreflexi\u00f3n<\/p>\r\n<h2>Desarrollo de la escala de personalidad manipuladora<\/h2>\r\n<p>En la psicolog\u00eda moderna el concepto de comportamiento manipulativo se utiliza a menudo de forma intercambiable con <a href=\"https:\/\/drdeenz.com\/machiavellianism-test\/\">Maquiavelismo<\/a> y otros rasgos oscuros. La manipulaci\u00f3n tambi\u00e9n es un rasgo importante de <a href=\"https:\/\/drdeenz.com\/es\/test-del-espectro-psicopatico\/\">psicopat\u00eda<\/a>, <a href=\"https:\/\/drdeenz.com\/es\/test-del-sociopata\/\">personalidad antisocial<\/a> y  <a href=\"https:\/\/drdeenz.com\/es\/test-de-personalidad-narcisista\/\">narcisismo<\/a>. Sin embargo, en la investigaci\u00f3n psicol\u00f3gica reciente, la manipulaci\u00f3n se estudia como una tendencia de personalidad distinta y el t\u00e9rmino maquiavelismo gan\u00f3 tracci\u00f3n.<sup id=\"ref-link-1\"><a href=\"#ref-1\">[1]<\/a><\/sup> El t\u00e9rmino maquiavelismo procede del libro de Nicol\u00e1s Maquiavelo (El Pr\u00edncipe) en el que hace hincapi\u00e9 en el uso del enga\u00f1o, la manipulaci\u00f3n y otros comportamientos estrat\u00e9gicos para mantener el poder y la influencia.<\/p>\r\n<p>La autoevaluaci\u00f3n de la personalidad manipuladora (MPSA) se desarroll\u00f3 para evaluar las tendencias conductuales a menudo asociadas con rasgos maquiav\u00e9licos. En la revisi\u00f3n de la conferencia, se se\u00f1al\u00f3 que para medir <a href=\"https:\/\/drdeenz.com\/es\/prueba-de-mutismo-selectivo\/\">comportamiento manipulador<\/a> es necesario estudiar las principales caracter\u00edsticas de la manipulaci\u00f3n del espectro. El modelo de cinco dimensiones fue construido para capturar los dominios centrales: calculativo, explotador, enga\u00f1oso, amoral, <a href=\"https:\/\/drdeenz.com\/es\/test-de-psicosis\/\">Auto-Justificaci\u00f3n<\/a>. Estas cinco dimensiones proporcionan un marco fiable para evaluar los comportamientos individuales que a menudo est\u00e1n asociados con tendencias enga\u00f1osas, estrat\u00e9gicas y manipuladoras. <sup id=\"ref-link-2\"><a href=\"#ref-2\">[2]<\/a><\/sup><\/p>\r\n<p>La MPSA se basa en un estudio preliminar y ha sido objeto de una prueba piloto en forma de cuestionario. No est\u00e1 concebida para proporcionar asesoramiento profesional. Prueba de manipulaci\u00f3n se proporciona en forma de cuestionario que le permite la pantalla de rasgos manipulativos, nos hemos esforzado para hacer el examen lo m\u00e1s preciso posible. Sin embargo, los cuestionarios y pruebas en l\u00ednea no se consideran exactos y la informaci\u00f3n proporcionada no debe considerarse como asesoramiento y recomendaciones.<\/p><div class=\"reference-list\"><h3>Referencias<\/h3><ol><li id=\"ref-1\">Desarrollo y validaci\u00f3n de\nNueva escala maquiav\u00e9lica - Jason J. Dahling, Brian G. Whitaker, Paul E. Levy <a href=\"https:\/\/libres.uncg.edu\/ir\/asu\/f\/Whitaker_Brian_2008_Devolopment_validation_machiavellianism.scale.pdf\">https:\/\/libres.uncg.edu\/ir\/asu\/f\/Whitaker_Brian_2008_Devolopment_validation_machiavellianism.scale.pdf <\/a><a href=\"https:\/\/www.jcsdcb.com\/index.php\/JCSDCB\/article\/view\/908\/639\">https:\/\/www.jcsdcb.com\/index.php\/JCSDCB\/article\/view\/908\/639<\/a> <a href=\"#ref-link-1\" class=\"back-link\" aria-label=\"Volver al contenido\">\u21a9<\/a><\/li><li id=\"ref-2\">PERCEPCI\u00d3N MULTIDIMENSIONAL DE\nESCALA DE MANIPULACI\u00d3N - Bilitis Berthiaume, Institut Sup\u00e9rieur du Tourisme, France | Journal of Consumer Satisfaction, Dissatisfaction and Complaining Behavior, Vol. 37 (1), 2024 <a href=\"https:\/\/www.jcsdcb.com\/index.php\/JCSDCB\/article\/view\/908\/639\">https:\/\/www.jcsdcb.com\/index.php\/JCSDCB\/article\/view\/908\/639<\/a> <a href=\"#ref-link-2\" class=\"back-link\" aria-label=\"Volver al contenido\">\u21a9<\/a><\/li><\/ol><\/div>","protected":false},"excerpt":{"rendered":"Este cuestionario s\u00f3lo est\u00e1 dise\u00f1ado para proporcionar una puntuaci\u00f3n autom\u00e1tica y proporcionar los resultados en gr\u00e1ficos f\u00e1ciles de leer para una mejor interpretaci\u00f3n de los resultados. La informaci\u00f3n proporcionada est\u00e1 destinada \u00fanicamente a fines educativos y de autoreflexi\u00f3n1TP7 Desarrollo de la Escala de Personalidad Manipuladora En la psicolog\u00eda moderna, el concepto de comportamiento manipulador se utiliza a menudo de forma intercambiable con el maquiavelismo y otros [...].","protected":false},"author":1,"featured_media":5754,"parent":0,"menu_order":0,"comment_status":"closed","ping_status":"closed","template":"","meta":{"inline_featured_image":false,"footnotes":""},"categories":[14],"class_list":["post-4276","page","type-page","status-publish","has-post-thumbnail","hentry","category-anger-management"],"lang":"en","translations":{"en":4276},"_links":{"self":[{"href":"https:\/\/drdeenz.com\/es\/wp-json\/wp\/v2\/pages\/4276","targetHints":{"allow":["GET"]}}],"collection":[{"href":"https:\/\/drdeenz.com\/es\/wp-json\/wp\/v2\/pages"}],"about":[{"href":"https:\/\/drdeenz.com\/es\/wp-json\/wp\/v2\/types\/page"}],"author":[{"embeddable":true,"href":"https:\/\/drdeenz.com\/es\/wp-json\/wp\/v2\/users\/1"}],"replies":[{"embeddable":true,"href":"https:\/\/drdeenz.com\/es\/wp-json\/wp\/v2\/comments?post=4276"}],"version-history":[{"count":4,"href":"https:\/\/drdeenz.com\/es\/wp-json\/wp\/v2\/pages\/4276\/revisions"}],"predecessor-version":[{"id":5761,"href":"https:\/\/drdeenz.com\/es\/wp-json\/wp\/v2\/pages\/4276\/revisions\/5761"}],"wp:featuredmedia":[{"embeddable":true,"href":"https:\/\/drdeenz.com\/es\/wp-json\/wp\/v2\/media\/5754"}],"wp:attachment":[{"href":"https:\/\/drdeenz.com\/es\/wp-json\/wp\/v2\/media?parent=4276"}],"wp:term":[{"taxonomy":"category","embeddable":true,"href":"https:\/\/drdeenz.com\/es\/wp-json\/wp\/v2\/categories?post=4276"}],"curies":[{"name":"wp","href":"https:\/\/api.w.org\/{rel}","templated":true}]}}