{"id":4177,"date":"2024-02-09T16:34:50","date_gmt":"2024-02-09T16:34:50","guid":{"rendered":"https:\/\/drdeenz.com\/?p=4177"},"modified":"2025-10-28T17:02:53","modified_gmt":"2025-10-28T17:02:53","slug":"test-de-personalidad-narcisista","status":"publish","type":"page","link":"https:\/\/drdeenz.com\/es\/test-de-personalidad-narcisista\/","title":{"rendered":"Test de narcisismo - Personalidad narcisista test"},"content":{"rendered":"<p style=\" border-style: solid; border-width: 1px; border-color: #000; box-shadow: 2px 2px 0px 0px #fe025b; padding: 5px; \">El test de Narcisismo es la versi\u00f3n interactiva de (DNPS-32) que se basa en la versi\u00f3n preliminar de la investigaci\u00f3n sobre Desarrollo y validaci\u00f3n de la Escala de Personalidad Narcisista Deenz. <sup id=\"ref-link-1\"><a href=\"#ref-1\">[1]<\/a><\/sup>. La participaci\u00f3n en esta escala es totalmente an\u00f3nima y no se recoge ni almacena ning\u00fan dato con fines de investigaci\u00f3n. Los resultados y gr\u00e1ficos proporcionados por este cuestionario est\u00e1n destinados \u00fanicamente a fines educativos. Para m\u00e1s informaci\u00f3n, lea nuestro <a href=\"https:\/\/drdeenz.com\/privacy\/\">Protecci\u00f3n de datos<\/a>.  <\/p>\r\n<h2>Cuestionario sobre el desarrollo del narcisismo<\/h2>\r\n<p>El narcisismo describe a una persona que puede mostrar un conjunto de tendencias de personalidad asociadas con un excesivo amor propio-, una necesidad de admiraci\u00f3n y una falta de empat\u00eda. Desde una perspectiva subcl\u00ednica, el narcisismo puede considerarse un aspecto normal y saludable de la personalidad cuando los rasgos se exhiben a un nivel moderado y no causan un deterioro significativo en <a href=\"https:\/\/drdeenz.com\/codependency-test\/\">relaciones interpersonales<\/a>. <sup id=\"ref-link-2\"><a href=\"#ref-2\">[2]<\/a><\/sup><\/p>\r\n<p>Con el tiempo, la comprensi\u00f3n del narcisismo ha evolucionado. Los investigadores hacen hincapi\u00e9 en la comprensi\u00f3n del narcisismo en un <strong>modelo de espectro<\/strong>. <sup id=\"ref-link-3\"><a href=\"#ref-3\">[3]<\/a><\/sup> Evaluando los rasgos en niveles dimensionales resulta muy f\u00e1cil averiguar si un individuo puede mostrar inclinaci\u00f3n hacia el narcisismo. El desarrollo de la <strong>Deenz Escala de Personalidad Narcisista<\/strong>comenz\u00f3 centr\u00e1ndose en el acceso a ocho rasgos subcl\u00ednicos distintos pero correlacionados- <strong>Grandiosidad, fantas\u00eda, especialismo, derecho, explotaci\u00f3n, falta de empat\u00eda, envidia y arrogancia.<\/strong><\/p>\r\n<p>Los rasgos subcl\u00ednicos de la personalidad narcisista se sit\u00faan por debajo del umbral de ser <strong>cl\u00ednicamente significativo<\/strong> o indicativos de una personalidad narcisista. Al acceder a los rasgos subcl\u00ednicos, la escala puede medir las tendencias o la probabilidad de desarrollar <strong>rasgos de personalidad narcisista<\/strong> que pueden considerarse cl\u00ednicamente significativos para el diagn\u00f3stico de <strong>trastorno narcisista de la personalidad<\/strong> .<\/p>\r\n<h2>Facetas de la personalidad narcisista<\/h2>\r\n<p><strong>Grandiosidad:<\/strong> La grandiosidad se refiere a un sentido exagerado de las propias capacidades, talento, importancia y poder. Las personas con grandiosidad tienen una creencia irrealista de superioridad sobre los dem\u00e1s, y tienen un sentido inflado de <a href=\"https:\/\/drdeenz.com\/es\/test-de-empatia\/\">autoestima-esteem<\/a>y buscan la atenci\u00f3n de los dem\u00e1s. A menudo esperan que los dem\u00e1s les den un trato especial y privilegios sin ninguna raz\u00f3n de peso. La grandiosidad se considera un rasgo importante del trastorno narcisista de la personalidad. <sup id=\"ref-link-4\"><a href=\"#ref-4\">[4]<\/a><\/sup> La grandiosidad puede provocar conflictos interpersonales y perjudicar la vida personal y profesional.<\/p>\r\n<p><strong>Fantas\u00eda<\/strong>: Disfrutar o dedicarse a la fantas\u00eda o <a href=\"https:\/\/drdeenz.com\/es\/prueba-de-ensonacion-desadaptativa\/\">so\u00f1ando despierto<\/a> es un aspecto normal y saludable de la imaginaci\u00f3n y la creatividad humanas. Puede ayudar a explorar nuevas ideas, emociones y experiencias, pero las personas con personalidad narcisista suelen tener fantas\u00edas grandiosas sobre su poder, sus relaciones y sus habilidades. <sup id=\"ref-link-5\"><a href=\"#ref-5\">[5]<\/a><\/sup> Las personas con personalidad narcisista suelen crear escenarios en su mente en los que se ven a s\u00ed mismas con \u00e9xito, poderosas y atractivas. Estas fantas\u00edas les proporcionan un alivio temporal de las inseguridades subyacentes.\r\n<\/p>\r\n<p><strong>Especialidad:<\/strong> Sentirse especial con uno mismo y tener un sentido de la singularidad es un rasgo positivo. Las personas con personalidades narcisistas tienen un sentido exagerado de lo especial. Creen que son intr\u00ednsecamente superiores a los dem\u00e1s en varios aspectos y tienen un gran deseo de reconocimiento y validaci\u00f3n.  Se involucran en comportamientos dirigidos a mantener esta percepci\u00f3n de ser especiales, como tener un fuerte deseo de ser el mejor. <a href=\"https:\/\/drdeenz.com\/opr-test\/\">centro de atenci\u00f3n<\/a>. Las personas diagnosticadas de trastorno narcisista de la personalidad tienen una sensaci\u00f3n de inseguridad y una necesidad de validaci\u00f3n por parte de los dem\u00e1s, en relaci\u00f3n con sus creencias poco realistas. Estos comportamientos y actitudes dan lugar a <strong>dificultades en las relaciones y conflictos interpersonales<\/strong>.<\/p>\r\n<p><strong>Derecho:<\/strong> <a href=\"https:\/\/drdeenz.com\/es\/test-del-sociopata\/\">Derechos<\/a> se refiere al sentimiento de merecer un trato especial. Es como creer que siempre debes ser el primero de la fila porque te crees mejor que los dem\u00e1s. Todo el mundo merece respeto y oportunidades, pero hay que gan\u00e1rselos. Las personas con personalidad narcisista creen en conseguir todo lo que quieren y esperan que se les den las cosas sin hacer ning\u00fan esfuerzo. Creen firmemente que merecen recibir admiraci\u00f3n, atenci\u00f3n y respeto de los dem\u00e1s, aunque no lo merezcan.\r\n<\/p>\r\n<p><strong>Explotaci\u00f3n:<\/strong> Las personas con personalidad narcisista se aprovechan de los dem\u00e1s para su propio beneficio sin importarles ni tener en cuenta el da\u00f1o. Es como utilizar los recursos, talentos o vulnerabilidades de otra persona para obtener una ventaja, aunque cause <a href=\"https:\/\/drdeenz.com\/es\/test-de-abuso-emocional\/\">sufrimiento a los dem\u00e1s<\/a>. \r\n<\/p>\r\n<p><strong>Falta de empat\u00eda:<\/strong> Las personas con trastorno narcisista de la personalidad muestran signos de <a href=\"https:\/\/drdeenz.com\/es\/cuestionario-manipulativo\/\">falta de empat\u00eda<\/a> y muestran emociones superficiales y no pueden sentir los sufrimientos de otras personas a su alrededor.\r\n<\/p>\r\n<p>Envidia: Sentir un poco de envidia cuando alguien tiene \u00e9xito es una respuesta natural y normal. <sup id=\"ref-link-6\"><a href=\"#ref-6\">[6]<\/a><\/sup> Sin embargo, las personas con rasgos narcisistas experimentan envidia cuando ven que otros amenazan su derecho al \u00e9xito y al poder.\r\n<\/p>\r\n<p><strong>Arrogancia:<\/strong> La arrogancia es el sentido de darse importancia a uno mismo y menospreciar a los dem\u00e1s. Una persona arrogante es aquella que se cree mejor que los dem\u00e1s sin ninguna raz\u00f3n aparente.  Desestimar\u00e1 opiniones y menospreciar\u00e1 a los dem\u00e1s para sentirse superior.\r\n<\/p>\r\n<style>.langs a img {\r\n    height: 48px;\r\n    width: 48px;\r\n}.langs {\r\n    background: #e7f5f7;\r\n    border-radius: 10px;\r\n    padding: 0 13px;\r\n}.langs a {\r\n    text-decoration: none;\r\n    display: inline-block;\r\n    margin-right: 10px;\r\n}td {\r\n    padding: 0.3rem;\r\n}.dimension {\r\n    background: #f3f4f5;\r\n    padding: 0.7rem 1.2rem 0.7rem;\r\n    margin-bottom: 14px;\r\n    font-family: 'Open Sans',sans-serif;\r\n    font-size: 17px;\r\n}.dimension h2 {\r\n    font-size: 21px;\r\n    font-family: 'Open Sans',sans-serif;\r\n}.dimension p {\r\n    margin: 0px;\r\n}table.watupro-barchart p {\r\n    font-size: 12px;\r\n}.tooltip {\r\n  position: relative;\r\n}\r\n.tooltip:hover .tip {\r\n  opacity: 1;\r\n  visibility: visible;\r\n  margin-left: 0.5rem;\r\n  transition: all 0.35s;\r\n}\r\n.tip {\r\n  opacity: 0;\r\n  visibility: hidden;\r\n  display: block;\r\n  white-space: nowrap;\r\n  position: absolute;\r\n  z-index: 1;\r\n  left: 100%;\r\n  bottom: 50%;\r\n  padding: 1em;\r\n  margin-left: 0;\r\n  margin-top: 0.5rem;\r\n  font-size: 0.8em;\r\n  font-weight: normal;\r\n  background: #34495e;\r\n  border-radius: 1em;\r\n  color: #fff;\r\n  transition: all 0.35s;\r\n}\r\n.tip::before {\r\n  content: '';\r\n  border-style: solid;\r\n  border-width: 0.5rem 0.625rem 0.5rem 0;\r\n  border-color: transparent #34495e transparent transparent;\r\n  position: absolute;\r\n  right: 100%;\r\n  bottom: calc(50% - 0.5rem);\r\n  width: 0;\r\n  height: 0;\r\n}\r\nsup {\r\n  position: relative;\r\n  cursor: pointer;\r\n}\r\nsup span {\r\n  cursor: default;\r\n  background: #ecf0f1;\r\n  border: 0.125rem solid #3498db;\r\n  position: absolute;\r\n  left: -120px;\r\n  right: 0;\r\n  bottom: 100%;\r\n  margin: 0 0 0.7em -1em;\r\n  width: 300px;\r\n  padding: 1em;\r\n  line-height: 1.618em;\r\n  opacity: 0;\r\n  visibility: hidden;\r\n  transition: all 0.35s;\r\n}\r\nsup span::before {\r\n  content: '';\r\n  border-style: solid;\r\n  border-width: 0.7em 0.7em 0 0.7em;\r\n  border-color: #3498db transparent transparent transparent;\r\n  position: absolute;\r\n  left: 129px;\r\n  bottom: -0.7em;\r\n  width: 0;\r\n  height: 0;\r\n}\r\nsup:hover span {\r\n  opacity: 1;\r\n  visibility: visible;\r\n  transition: all 0.35s;\r\n}\r\n.footnotes {\r\n  margin: auto;\r\n}\r\n#footnote:target {\r\n  background: #ecf0f1;\r\n}[role~=listitem] {\r\n    border-top: 0.063rem solid #ccc;\r\n    margin: 20px 0px;\r\n    padding-top: 10px;\r\n}footer ol {\r\n  padding-left: 20px;\r\n}\r\narticle {\r\n  counter-reset: footnotes;\r\n}\r\n[aria-describedby=\"footnote-label\"] {\r\n  counter-increment: footnotes; \/* 1 *\/\r\n  text-decoration: none; \/* 2 *\/\r\n  color: inherit; \/* 2 *\/\r\n  cursor: default; \/* 2 *\/\r\n  outline: none; \/* 2 *\/\r\n}\r\n[aria-describedby=\"footnote-label\"]::after {\r\n  content: '[' counter(footnotes) ']'; \/* 1 *\/\r\n  vertical-align: super; \/* 2 *\/\r\n  font-size: 0.5em; \/* 3 *\/\r\n  margin-left: 2px; \/* 4 *\/\r\n  color: blue; \/* 5 *\/\r\n  text-decoration: underline; \/* 5 *\/\r\n  cursor: pointer; \/* 5 *\/\r\n}\r\n[aria-describedby=\"footnote-label\"]:focus::after {\r\n  outline: thin dotted;\r\n  outline-offset: 2px;\r\n}\r\n[aria-label=\"Back to content\"] {\r\n  font-size: 0.8em;\r\n}\r\nfooter :target {\r\n  background: yellow;\r\n}\r\n.visually-hidden {\r\n  position: absolute;\r\n  clip: rect(0 0 0 0);\r\n  visibility: hidden;\r\n  opacity: 0;\r\n}\r\n<\/style><div class=\"reference-list\"><h3>Referencias<\/h3><ol><li id=\"ref-1\">(DNPS-32)- Medici\u00f3n de Rasgos Subcl\u00ednicos de Personalidad Narcisista: <a href=\"https:\/\/doi.org\/10.31234\/osf.io\/mfcvp\">https:\/\/doi.org\/10.31234\/osf.io\/mfcvp<\/a> <a href=\"#ref-link-1\" class=\"back-link\" aria-label=\"Volver al contenido\">\u21a9<\/a><\/li><li id=\"ref-2\">Womick, J., Atherton, B., &amp; King, L. A. (2020). Vidas de significado (y prop\u00f3sito y coherencia): Subclinical narcissism, meaning in life, and subjective well-being. Heliyon, 6(5), e03982. <a href=\"https:\/\/doi.org\/10.1016\/j.heliyon.2020.e03982\">https:\/\/doi.org\/10.1016\/j.heliyon.2020.e03982<\/a> <a href=\"#ref-link-2\" class=\"back-link\" aria-label=\"Volver al contenido\">\u21a9<\/a><\/li><li id=\"ref-3\">Krizan, Z., y Herlache, A. D. (2017). El Modelo del Espectro del Narcisismo: Una visi\u00f3n sint\u00e9tica de la personalidad narcisista. Revista de Personalidad y Psicolog\u00eda Social. <a href=\"https:\/\/doi.org\/10.1177\/1088868316685018\">https:\/\/doi.org\/10.1177\/1088868316685018<\/a> <a href=\"#ref-link-3\" class=\"back-link\" aria-label=\"Volver al contenido\">\u21a9<\/a><\/li><li id=\"ref-4\">Brown, R. P., Budzek, K., &amp; Tamborski, M. (2009). Sobre el significado y la medida del narcisismo. Bolet\u00edn de Personalidad y Psicolog\u00eda Social. <a href=\"https:\/\/doi.org\/10.1177\/0146167209335461\">https:\/\/doi.org\/10.1177\/0146167209335461 <\/a> <a href=\"#ref-link-4\" class=\"back-link\" aria-label=\"Volver al contenido\">\u21a9<\/a><\/li><li id=\"ref-5\">Raskin, R., y Novacek, J. (1991). Narcisismo y el uso de la fantas\u00eda. Journal of Clinical Psychology, 47(4), 490-499. <a href=\"https:\/\/psycnet.apa.org\/record\/1991-33202-001\" target=\"_blank\" rel=\"noopener\">https:\/\/psycnet.apa.org\/record\/1991-33202-001<\/a> <a href=\"#ref-link-5\" class=\"back-link\" aria-label=\"Volver al contenido\">\u21a9<\/a><\/li><li id=\"ref-6\">Krizan, Z., y Johar, O. (2012). La envidia divide las dos caras del narcisismo. Journal of Personality, 80(5), 1415-1451. <a href=\"https:\/\/doi.org\/10.1111\/j.1467-6494.2012.00767.x\" target=\"_blank\" rel=\"noopener\">https:\/\/doi.org\/10.1111\/j.1467-6494.2012.00767.x<\/a> <a href=\"#ref-link-6\" class=\"back-link\" aria-label=\"Volver al contenido\">\u21a9<\/a><\/li><\/ol><\/div>","protected":false},"excerpt":{"rendered":"El Test de Personalidad Narcisista es una adaptaci\u00f3n digital de la Escala de Personalidad Narcisista Deenz (DNPS-32) utilizada para medir 8 rasgos subcl\u00ednicos de la Personalidad Narcisista - Grandiosidad, Fantas\u00eda, Especialidad, Derecho, Explotaci\u00f3n, Falta de Empat\u00eda, Envidia y Arrogancia. Al evaluar estos rasgos subcl\u00ednicos, la escala tambi\u00e9n intenta determinar si una persona puede inclinarse hacia el Trastorno Narcisista de la Personalidad.","protected":false},"author":1,"featured_media":5835,"parent":0,"menu_order":0,"comment_status":"closed","ping_status":"closed","template":"","meta":{"inline_featured_image":false,"footnotes":""},"categories":[5],"class_list":["post-4177","page","type-page","status-publish","has-post-thumbnail","hentry","category-personality-assessments"],"lang":"en","translations":{"en":4177},"_links":{"self":[{"href":"https:\/\/drdeenz.com\/es\/wp-json\/wp\/v2\/pages\/4177","targetHints":{"allow":["GET"]}}],"collection":[{"href":"https:\/\/drdeenz.com\/es\/wp-json\/wp\/v2\/pages"}],"about":[{"href":"https:\/\/drdeenz.com\/es\/wp-json\/wp\/v2\/types\/page"}],"author":[{"embeddable":true,"href":"https:\/\/drdeenz.com\/es\/wp-json\/wp\/v2\/users\/1"}],"replies":[{"embeddable":true,"href":"https:\/\/drdeenz.com\/es\/wp-json\/wp\/v2\/comments?post=4177"}],"version-history":[{"count":4,"href":"https:\/\/drdeenz.com\/es\/wp-json\/wp\/v2\/pages\/4177\/revisions"}],"predecessor-version":[{"id":5840,"href":"https:\/\/drdeenz.com\/es\/wp-json\/wp\/v2\/pages\/4177\/revisions\/5840"}],"wp:featuredmedia":[{"embeddable":true,"href":"https:\/\/drdeenz.com\/es\/wp-json\/wp\/v2\/media\/5835"}],"wp:attachment":[{"href":"https:\/\/drdeenz.com\/es\/wp-json\/wp\/v2\/media?parent=4177"}],"wp:term":[{"taxonomy":"category","embeddable":true,"href":"https:\/\/drdeenz.com\/es\/wp-json\/wp\/v2\/categories?post=4177"}],"curies":[{"name":"wp","href":"https:\/\/api.w.org\/{rel}","templated":true}]}}