{"id":4147,"date":"2024-02-08T03:45:33","date_gmt":"2024-02-08T03:45:33","guid":{"rendered":"https:\/\/drdeenz.com\/?p=4147"},"modified":"2025-10-25T12:37:10","modified_gmt":"2025-10-25T12:37:10","slug":"test-de-ira","status":"publish","type":"page","link":"https:\/\/drdeenz.com\/es\/test-de-ira\/","title":{"rendered":"Test de problemas de ira"},"content":{"rendered":"<p>Este cuestionario es una versi\u00f3n interactiva de la escala de respuesta a la ira de Deenz (DARS-24) utilizada para evaluar diversas dimensiones de la ira mediante la evaluaci\u00f3n de comportamientos y actitudes. El cuestionario se desarrolla con referencia a (DAR-5), <sup id=\"ref-link-1\"><a href=\"#ref-1\">[1]<\/a><\/sup> que es una breve medida para la ira multidimensional y es obra de Alessandra C. Goulart y otros. (DARS-24) Est\u00e1 desarrollado por Drdeenz y no est\u00e1 asociado con ninguna investigaci\u00f3n ni con (DAR-5).  La ira es una respuesta natural a una amenaza, dolor o provocaci\u00f3n, y juega un papel importante en nuestras vidas. Con los a\u00f1os, nuestra comprensi\u00f3n de c\u00f3mo las personas suelen responder y manejar su ira ha evolucionado. Todo el mundo es diferente; las personas se expresan y reaccionan en una situaci\u00f3n que desencadena la ira de manera diferente. Alguien puede expresar un comportamiento pasivo-agresivo para expresar ira indirectamente o internalizar, mientras que otros pueden volverse agresivos y perder el control durante las discusiones. <sup id=\"ref-link-2\"><a href=\"#ref-2\">[2]<\/a><\/sup> Medir estos patrones nos ayuda a entender c\u00f3mo reacciona un individuo ante situaciones que pueden desencadenar la ira.<\/p>\r\n\r\n<p>El objetivo principal de la escala de respuesta a la ira de Deenz (DARS-24) es medir la inclinaci\u00f3n hacia los problemas de ira evaluando los comportamientos y las actitudes. A continuaci\u00f3n se presentan los principales rasgos o facetas de los problemas de ira que este cuestionario intenta evaluar. Despu\u00e9s de completar el cuestionario, se le presentar\u00e1n las puntuaciones relacionadas con estos dominios en un gr\u00e1fico.<\/p>\r\n<p style=\"background: #ffc6ba;padding: 5px;\"><strong>La culpa:<\/strong> Culpar a otros es el rasgo principal de los problemas de ira, y tambi\u00e9n es la causa principal de la ira del tigre. Una persona con problemas de ira siempre culpa a otros por sus malas acciones. Si tu puntuaci\u00f3n es alta en este rasgo, entonces significa que culpas a otros por evitar la responsabilidad, y es una respuesta natural cuando te sientes amenazado en una situaci\u00f3n donde te sientes inseguro y vulnerable. <\/p>\r\n<p style=\"background: #00bcd4;padding: 5px;\"><strong>Impaciencia:<\/strong> Es normal sentirse frustrado cuando las cosas no funcionan. Una persona que carece de paciencia sentir\u00e1 frustraci\u00f3n como es natural, y depende de si la va a internalizar o externalizar. Una persona que se siente frustrada cuando las cosas no funcionan como se espera puede tomar decisiones impulsivas como mecanismo de afrontamiento.  <\/p>\r\n<p style=\"background: #a3b0d7;padding: 5px;\"><strong>Defensividad:<\/strong> Nos sentimos a la defensiva en situaciones cuando nos sentimos amenazados, y es normal. Una persona con problemas de manejo de la ira tiende a volverse agresiva y defensiva en conflictos o cuando no est\u00e1 de acuerdo con cosas que no son favorables. Puede reaccionar agresiva y r\u00e1pidamente sin pensar en las consecuencias para protegerse de las amenazas o cr\u00edticas percibidas.<sup id=\"ref-link-3\"><a href=\"#ref-3\">[3]<\/a><\/sup> <\/p>\r\n<p style=\"background: #80cac7;padding: 5px;\"><strong>Agresi\u00f3n pasiva:<\/strong> Algunas personas interiorizan la frustraci\u00f3n y la expresan m\u00e1s tarde de maneras sutiles. Una persona que evita el conflicto inmediato tiende a internalizar y usar t\u00e1cticas pasivo-agresivas como el silencio y el sarcasmo. Estos comportamientos pasivo-agresivos a menudo est\u00e1n relacionados con problemas de manejo de la ira. <\/p>\r\n<p style=\"background: #FF9900;padding: 5px;\"><strong>Escalada:<\/strong> Algunas personas evitan la acci\u00f3n inmediata o reacci\u00f3n a la ira cuando ocurren conflictos, pero si la misma situaci\u00f3n ocurre en otro momento, puede volverse muy intensa y acalorada. Una persona que lucha para regular la ira tiende a escalar r\u00e1pidamente. Para algunas personas, un peque\u00f1o argumento puede convertirse en una gran pelea, lo que indica que puede haber problemas con el manejo de la ira. <\/p>\r\n<p style=\"background: #bce889;padding: 5px;\"><strong>Venganza:<\/strong> Pensar en la venganza es algo natural que suele ocurrir cuando alguien hace algo malo. El deseo de venganza puede ser da\u00f1ino, pero una persona normal puede olvidarlo con el tiempo. Las personas con problemas de ira no pueden perdonar y no pueden olvidar los eventos pasados. <\/p>\r\n<p style=\"background: #00ff10;padding: 5px;\"><strong>Intimidaci\u00f3n:<\/strong> Las personas con problemas de manejo de la ira a menudo los usan para controlar o manipular a otros.  Pueden usar comportamientos agresivos para afirmar el poder sobre los dem\u00e1s. Desde una perspectiva psicol\u00f3gica, es un mecanismo de afrontamiento mal adaptado. <\/p>\r\n<style>[role~=listitem] {\r\n    border-top: 0.063rem solid #ccc;\r\n    margin: 20px 0px;\r\n    padding-top: 10px;\r\n}\r\n.scale-label {\r\n    margin: 0px 10px;\r\n    font-weight: bold;\r\n}.slider-container {\r\n    display: inline-flex;\r\n}\r\n    .watupro-slider {\r\n      position: relative;\r\n      width: 80%;\r\n      margin: 20px auto;\r\n    }\r\n.question-content p {\r\n    margin-bottom: 30px!important;\r\nfont-size: 22px;\r\n}\r\n .watupro-slider::before,\r\n    .watupro-slider::after {\r\n      content: '';\r\n      position: absolute;\r\n      top: 0;\r\n      bottom: 0;\r\n      width: 1px;\r\n      background-color: black;\r\n    }\r\n    .watupro-slider::before {\r\n      left: 25%;\r\n    }\r\n\r\n    .watupro-slider::after {\r\n      left: 75%;\r\n    }\r\n    .watupro-slider::after {\r\n      right: 0;\r\n    }\r\n    .watupro-slider {\r\n      width: 100%;\r\n      height: 10px;\r\n      background: linear-gradient(to right, #ff7675 50%, #55efc4 50%)!important; \r\n      border-radius: 5px!important;\r\n      position: relative;\r\nwidth: 300px;\r\n    margin: auto;\r\n    }\r\n    .ui-slider-handle {\r\n      position: absolute;\r\n      width: 20px;\r\n      height: 20px;\r\n      background-color: white;\r\n      border: 2px solid #3498db; \/* Set the color of the handle border *\/\r\n      border-radius: 50%;\r\n      top: 50%!important;\r\n      transform: translateY(-50%);\r\n      cursor: grab;\r\nheight: 1em!important;\r\n    }\r\n    .ui-slider-handle:hover {\r\n      cursor: grabbing;\r\n    }\r\nfooter {\r\n  margin-top: 50px;\r\n  border-top: 1px solid silver;\r\n  font-size: 0.8em;\r\n}\r\nfooter ol {\r\n  padding-left: 20px;\r\n}\r\narticle {\r\n  counter-reset: footnotes;\r\n}\r\n[aria-describedby=\"footnote-label\"] {\r\n  counter-increment: footnotes; \/* 1 *\/\r\n  text-decoration: none; \/* 2 *\/\r\n  color: inherit; \/* 2 *\/\r\n  cursor: default; \/* 2 *\/\r\n  outline: none; \/* 2 *\/\r\n}\r\n[aria-describedby=\"footnote-label\"]::after {\r\n  content: '[' counter(footnotes) ']'; \/* 1 *\/\r\n  vertical-align: super; \/* 2 *\/\r\n  font-size: 0.5em; \/* 3 *\/\r\n  margin-left: 2px; \/* 4 *\/\r\n  color: blue; \/* 5 *\/\r\n  text-decoration: underline; \/* 5 *\/\r\n  cursor: pointer; \/* 5 *\/\r\n}\r\n[aria-describedby=\"footnote-label\"]:focus::after {\r\n  outline: thin dotted;\r\n  outline-offset: 2px;\r\n}\r\n[aria-label=\"Back to content\"] {\r\n  font-size: 0.8em;\r\n}\r\nfooter :target {\r\n  background: yellow;\r\n}\r\n.visually-hidden {\r\n  position: absolute;\r\n  clip: rect(0 0 0 0);\r\n  visibility: hidden;\r\n  opacity: 0;\r\n}\r\n @media (max-width: 500px) {\r\n.watu-question .question-content {\r\n    margin: 0 auto 1.75em 0;\r\n}.slider-container {\r\n    position: relative;\r\n}.scale-label {\r\nmargin: 0px;\r\n    font-weight: 700;\r\n    font-family: 'Open Sans',Helvetica,Arial,sans-serif;\r\n    position: absolute;\r\n    bottom: -36px;\r\n}.scale-label.disagree {\r\n    left: 0;\r\n}.scale-label.agree {\r\n    right: 0;\r\n}}\r\n  .langs a img {\r\n    height: 48px;\r\n    width: 48px;\r\n}.langs {\r\n    background: #e7f5f7;\r\n    border-radius: 10px;\r\n    padding: 0 13px;\r\n}.langs a {\r\n    text-decoration: none;\r\n    display: inline-block;\r\n    margin-right: 10px;\r\n}td {\r\n    padding: 0.3rem;\r\n}<\/style><div class=\"reference-list\"><h3>Referencias<\/h3><ol><li id=\"ref-1\">Goulart, A. C., Bismarchi, D., Rienzo, M., Syllos, D. H., &amp; Wang, Y. P. (2020). Dimensiones de las reacciones de ira (DAR-5): una herramienta \u00fatil para la detecci\u00f3n de la ira en la poblaci\u00f3n general. International Journal of Psychiatry in Clinical Practice, 25(4), 421-429. <a href=\"https:\/\/doi.org\/10.1080\/13651501.2020.1821893\">https:\/\/doi.org\/10.1080\/13651501.2020.1821893<\/a> <a href=\"#ref-link-1\" class=\"back-link\" aria-label=\"Volver al contenido\">\u21a9<\/a><\/li><li id=\"ref-2\">Fettich, K. C., McCloskey, M. S., Look, A. E., &amp; Coccaro, E. F. (2014). d\u00e9ficits de regulaci\u00f3n de la emoci\u00f3n en el trastorno explosivo intermitente. Comportamiento agresivo, 41(1), 25-33. <a href=\"https:\/\/doi.org\/10.1002\/ab.21566\">https:\/\/doi.org\/10.1002\/ab.21566<\/a> <a href=\"#ref-link-2\" class=\"back-link\" aria-label=\"Volver al contenido\">\u21a9<\/a><\/li><li id=\"ref-3\">Deffenbacher, J. L., Oetting, E. R., Lynch, R. S. y Morris, C. D. (1996). La expresi\u00f3n de la ira y sus consecuencias. Behaviour Research and Therapy, 34(7), 575-590. <a href=\"https:\/\/doi.org\/10.1016\/0005-7967(96)00018-6\">https:\/\/doi.org\/10.1016\/0005-7967(96)00018-6<\/a> <a href=\"#ref-link-3\" class=\"back-link\" aria-label=\"Volver al contenido\">\u21a9<\/a><\/li><\/ol><\/div>","protected":false},"excerpt":{"rendered":"El test de la ira, adaptado de la Escala de Respuesta a la Ira Deenz (DARI-24), ayuda a comprender las actitudes y los comportamientos relacionados con la ira. Se centra en ocho \u00e1reas clave asociadas a menudo con problemas de control de la ira: culpabilizaci\u00f3n, impaciencia, actitud defensiva, conductas pasivo-agresivas, escalada, venganza e intimidaci\u00f3n.","protected":false},"author":1,"featured_media":5799,"parent":0,"menu_order":0,"comment_status":"closed","ping_status":"closed","template":"","meta":{"inline_featured_image":false,"footnotes":""},"categories":[14],"class_list":["post-4147","page","type-page","status-publish","has-post-thumbnail","hentry","category-anger-management"],"lang":"en","translations":{"en":4147},"_links":{"self":[{"href":"https:\/\/drdeenz.com\/es\/wp-json\/wp\/v2\/pages\/4147","targetHints":{"allow":["GET"]}}],"collection":[{"href":"https:\/\/drdeenz.com\/es\/wp-json\/wp\/v2\/pages"}],"about":[{"href":"https:\/\/drdeenz.com\/es\/wp-json\/wp\/v2\/types\/page"}],"author":[{"embeddable":true,"href":"https:\/\/drdeenz.com\/es\/wp-json\/wp\/v2\/users\/1"}],"replies":[{"embeddable":true,"href":"https:\/\/drdeenz.com\/es\/wp-json\/wp\/v2\/comments?post=4147"}],"version-history":[{"count":4,"href":"https:\/\/drdeenz.com\/es\/wp-json\/wp\/v2\/pages\/4147\/revisions"}],"predecessor-version":[{"id":5790,"href":"https:\/\/drdeenz.com\/es\/wp-json\/wp\/v2\/pages\/4147\/revisions\/5790"}],"wp:featuredmedia":[{"embeddable":true,"href":"https:\/\/drdeenz.com\/es\/wp-json\/wp\/v2\/media\/5799"}],"wp:attachment":[{"href":"https:\/\/drdeenz.com\/es\/wp-json\/wp\/v2\/media?parent=4147"}],"wp:term":[{"taxonomy":"category","embeddable":true,"href":"https:\/\/drdeenz.com\/es\/wp-json\/wp\/v2\/categories?post=4147"}],"curies":[{"name":"wp","href":"https:\/\/api.w.org\/{rel}","templated":true}]}}