{"id":400,"date":"2023-07-04T02:50:29","date_gmt":"2023-07-04T02:50:29","guid":{"rendered":"https:\/\/drdeenz.com\/?p=400"},"modified":"2025-11-05T15:56:20","modified_gmt":"2025-11-05T15:56:20","slug":"test-de-disforia-de-genero","status":"publish","type":"page","link":"https:\/\/drdeenz.com\/es\/test-de-disforia-de-genero\/","title":{"rendered":"Test de disforia de g\u00e9nero"},"content":{"rendered":"<p><em>Escala de disforia de g\u00e9nero Deenz (DGDS-25) <sup id=\"ref-link-1\"><a href=\"#ref-1\">[1]<\/a><\/sup> est\u00e1 dise\u00f1ado para medir tendencias hacia rasgos subcl\u00ednicos de disforia de g\u00e9nero. Esta herramienta no est\u00e1 dise\u00f1ada para auto-diagnosticar la disforia de g\u00e9nero. La participaci\u00f3n en este cuestionario es totalmente an\u00f3nima, y los resultados proporcionados tienen \u00fanicamente fines educativos. No los almacenamos ni utilizamos con fines de investigaci\u00f3n. <\/em><\/p>\r\n<p>El t\u00e9rmino <strong>trastorno de identidad de g\u00e9nero<\/strong> se sustituye ahora por <strong>disforia de g\u00e9nero<\/strong> en la quinta edici\u00f3n (DSM-5) publicada por la Asociaci\u00f3n Americana de Psiquiatr\u00eda. La disforia de g\u00e9nero es la experiencia de <strong>angustia causada por la identidad de g\u00e9nero emocional o psicol\u00f3gica<\/strong> que no coincide con el sexo asignado al nacer. La disforia de g\u00e9nero puede afectar significativamente a varios aspectos de la vida. <sup id=\"ref-link-2\"><a href=\"#ref-2\">[2]<\/a><\/sup> Una persona con disforia de g\u00e9nero puede tener problemas emocionales, sociales y de relaciones interpersonales que afectan profundamente a su bienestar mental y general.<\/p>\r\n\r\n<p>Deenz Escala de disforia de g\u00e9nero (DGDS-25) se utiliza para acceder a <strong>insatisfacci\u00f3n con la identidad de g\u00e9nero, expresiones y angustia<\/strong>. Tambi\u00e9n eval\u00faa su comportamiento para medir el impacto de la angustia y el malestar en diversos \u00e1mbitos de la vida.<\/p>\r\n\r\n<h2>Escala de disforia de g\u00e9nero Deenz (DGDS-26)<\/h2>\r\n\r\n<p>A lo largo de los a\u00f1os, se produjeron numerosos debates y cr\u00edticas que condujeron a un cambio en las clasificaciones, perspectivas y comprensi\u00f3n de las angustias y molestias relacionadas con el g\u00e9nero. <strong>Debido a la falta de concienciaci\u00f3n, las personas que experimentan angustia y malestar debido a identidades de g\u00e9nero alineadas no buscan ayuda profesional.<\/strong> <sup id=\"ref-link-3\"><a href=\"#ref-3\">[3]<\/a><\/sup><\/p>\r\n\r\n<p>El desarrollo inicial del cuestionario de 25 \u00edtems se vio influido por una investigaci\u00f3n en curso y cambi\u00f3 el enfoque del trastorno de identidad de g\u00e9nero para comprender la angustia y el bienestar relacionados con el g\u00e9nero. <sup id=\"ref-link-4\"><a href=\"#ref-4\">[4]<\/a><\/sup> <\/p>\r\n\r\n<p>Los \u00edtems de la escala se generaron utilizando las revisiones de las conferencias y consultando los criterios DSM-IV para realizar el diagn\u00f3stico. <strong>El desarrollo inicial se bas\u00f3 en 54 \u00edtems, que se redujeron a 25 en la fase de pruebas piloto.<\/strong> Actualmente no es posible realizar un estudio de casos sobre la validaci\u00f3n de la escala porque realizar el estudio en la poblaci\u00f3n general no sirve al prop\u00f3sito de la escala. Para que el estudio de casos sea eficaz, es necesario contar con un grupo numeroso de personas que ya hayan experimentado los s\u00edntomas relacionados con la angustia de g\u00e9nero en las relaciones sociales e interpersonales. <strong>Los resultados de la prueba piloto sugieren resultados prometedores de consistencia interna y fiabilidad de la escala.<\/strong> Las investigaciones futuras deber\u00edan centrarse en la validaci\u00f3n de la escala en un grupo amplio de personas de distintas identidades de g\u00e9nero y or\u00edgenes culturales. <\/p>\r\n<style>.baseline {\r\n    bottom: 87px;\r\n}.bar {\r\n    max-width: 55%;\r\n}.bar-label {\r\n    flex-direction: column;\r\n}.chart-container::before {\r\n    background-image: linear-gradient(to top, #ddd 1px, transparent 1px);\r\n    background-size: 100% 20%;\r\n    height: 154px;\r\n}.bar-container {\r\n    height: 218px;\r\n}<\/style><div class=\"reference-list\"><h3>Referencias<\/h3><ol><li id=\"ref-1\">Deen Mohd Dar. Validaci\u00f3n y propiedades psicom\u00e9tricas de la escala de disforia de g\u00e9nero Deenz (DGDS-25): Un instrumento de evaluaci\u00f3n integral de las tendencias a la disforia de g\u00e9nero. Preprint: <a href=\"https:\/\/doi.org\/10.22541\/au.170870547.77564839\/v1\">https:\/\/doi.org\/10.22541\/au.170870547.77564839\/v1<\/a> <a href=\"#ref-link-1\" class=\"back-link\" aria-label=\"Volver al contenido\">\u21a9<\/a><\/li><li id=\"ref-2\">Atkinson, Sean R., y Darren Russell. \"Disforia de g\u00e9nero\". M\u00e9dico de familia australiano 44.11 (2015): 792-796. <a href=\"https:\/\/www.researchgate.net\/profile\/Sean-Atkinson-5\/publication\/284435354_Gender_dysphoria\/links\/5e0d3aeda6fdcc28374feb9b\/Gender-dysphoria.pdf\">Researchgate<\/a> <a href=\"#ref-link-2\" class=\"back-link\" aria-label=\"Volver al contenido\">\u21a9<\/a><\/li><li id=\"ref-3\">Steensma, T. D., Biemond, R., &amp; Cohen-Kettenis, P. T. (2011). Desistencia y persistencia de la disforia de g\u00e9nero despu\u00e9s de la infancia: Un estudio cualitativo de seguimiento-up. Psicolog\u00eda y Psiquiatr\u00eda Cl\u00ednica Infantil. <a href=\"https:\/\/doi.org\/10.1177\/1359104510378303\">https:\/\/doi.org\/10.1177\/1359104510378303<\/a> <a href=\"#ref-link-3\" class=\"back-link\" aria-label=\"Volver al contenido\">\u21a9<\/a><\/li><li id=\"ref-4\">Cohen-Kettenis, P.T., Pf\u00e4fflin, F. Los criterios diagn\u00f3sticos del DSM para el trastorno de identidad de g\u00e9nero en adolescentes y adultos. Arch Sex Behav 39, 499-513 (2010). <a href=\"https:\/\/doi.org\/10.1007\/s10508-009-9562-y\">https:\/\/doi.org\/10.1007\/s10508-009-9562-y<\/a> <a href=\"#ref-link-4\" class=\"back-link\" aria-label=\"Volver al contenido\">\u21a9<\/a><\/li><\/ol><\/div>","protected":false},"excerpt":{"rendered":"El Test de Disforia de G\u00e9nero es la adopci\u00f3n digital de la Escala de Disforia de G\u00e9nero Deenz (DGDS-25), dise\u00f1ada para medir la probabilidad o inclinaci\u00f3n hacia la Disforia de G\u00e9nero.","protected":false},"author":1,"featured_media":4370,"parent":0,"menu_order":0,"comment_status":"closed","ping_status":"closed","template":"","meta":{"inline_featured_image":false,"footnotes":""},"categories":[9],"class_list":["post-400","page","type-page","status-publish","has-post-thumbnail","hentry","category-gender"],"lang":"en","translations":{"en":400},"_links":{"self":[{"href":"https:\/\/drdeenz.com\/es\/wp-json\/wp\/v2\/pages\/400","targetHints":{"allow":["GET"]}}],"collection":[{"href":"https:\/\/drdeenz.com\/es\/wp-json\/wp\/v2\/pages"}],"about":[{"href":"https:\/\/drdeenz.com\/es\/wp-json\/wp\/v2\/types\/page"}],"author":[{"embeddable":true,"href":"https:\/\/drdeenz.com\/es\/wp-json\/wp\/v2\/users\/1"}],"replies":[{"embeddable":true,"href":"https:\/\/drdeenz.com\/es\/wp-json\/wp\/v2\/comments?post=400"}],"version-history":[{"count":4,"href":"https:\/\/drdeenz.com\/es\/wp-json\/wp\/v2\/pages\/400\/revisions"}],"predecessor-version":[{"id":5905,"href":"https:\/\/drdeenz.com\/es\/wp-json\/wp\/v2\/pages\/400\/revisions\/5905"}],"wp:featuredmedia":[{"embeddable":true,"href":"https:\/\/drdeenz.com\/es\/wp-json\/wp\/v2\/media\/4370"}],"wp:attachment":[{"href":"https:\/\/drdeenz.com\/es\/wp-json\/wp\/v2\/media?parent=400"}],"wp:term":[{"taxonomy":"category","embeddable":true,"href":"https:\/\/drdeenz.com\/es\/wp-json\/wp\/v2\/categories?post=400"}],"curies":[{"name":"wp","href":"https:\/\/api.w.org\/{rel}","templated":true}]}}