{"id":3960,"date":"2024-01-18T15:22:40","date_gmt":"2024-01-18T15:22:40","guid":{"rendered":"https:\/\/drdeenz.com\/?p=3960"},"modified":"2025-10-20T11:07:57","modified_gmt":"2025-10-20T11:07:57","slug":"test-de-abuso-emocional","status":"publish","type":"page","link":"https:\/\/drdeenz.com\/es\/test-de-abuso-emocional\/","title":{"rendered":"Maltrato Psicol\u00f3gico Test - \u00bfEst\u00e1s Emocionalmente Abusado?"},"content":{"rendered":"<table class=\"quiz-information\">\r\n<tbody>\r\n<tr>\r\n<th colspan=\"2\">\r\n<h3 style=\"text-align: center; margin-bottom: 10px;\">Informaci\u00f3n b\u00e1sica<\/h3>\r\n<\/th>\r\n<\/tr>\r\n<tr>\r\n<td class=\"column1\" style=\"text-align: right;\">Declaraciones:<\/td>\r\n<td><strong>48<\/strong><\/td>\r\n<\/tr>\r\n<tr>\r\n<td style=\"text-align: right;\">Duraci\u00f3n:<\/td>\r\n<td><strong>3-4 minutos<\/strong><\/td>\r\n<\/tr>\r\n<tr>\r\n<td style=\"text-align: right;\">Tipo:<\/td>\r\n<td><strong>Autoevaluaci\u00f3n1TP7<\/strong><\/td>\r\n<\/tr>\r\n<tr><td style=\"text-align: right;\">Obra seminal:<\/td><td>Deenz Escala de abuso emocional (DEAS-18)<\/td><\/tr>\r\n<td style=\"text-align: right;\">A\u00f1o de publicaci\u00f3n:<\/td>\r\n<td><strong>2024<\/strong><\/td>\r\n\r\n<\/tbody>\r\n<\/table>\r\n<p style=\" border-style: solid; border-width: 1px; border-color: #000; box-shadow: 2px 2px 0px 0px #fe025b; padding: 5px; \">La prueba de abuso emocional es la adaptaci\u00f3n digital de la versi\u00f3n preliminar de la escala de abuso emocional de Deenz (DEAS-18) <sup><a href=\"#footnote\" id=\"self-report-ref-0\">[1]<\/a> <span><cite>Deen Mohd. Desarrollo y Validez de la Escala de Abuso Emocional Deenz (DEAS-18). 2025. \u27e8hal-04908873\u27e9<\/cite><\/span><\/sup>. Los resultados se proporcionan solo con fines educativos y no deben considerarse como asesoramiento profesional. La participaci\u00f3n en este concurso es completamente an\u00f3nima; no se recogen datos personales y los resultados no se almacenan con fines de investigaci\u00f3n. Drdeenz se adhiere a las consideraciones \u00e9ticas propuestas por la Junta de Revisi\u00f3n Institucional (IRB).<\/p>El abuso emocional deja cicatrices en el alma que no son visibles pero se sienten profundamente. <a href=\"https:\/\/drdeenz.com\/es\/test-del-sociopata\/\">abusadores<\/a> intencionalmente lastimar profundamente para que puedan manipular, avergonzar, aislar y humillar . <sup><a href=\"#footnote\" id=\"self-report-ref-1\">[2]<\/a> <span><cite>Goldsmith, ... \"Conciencia para el abuso emocional\".<\/cite><\/span><\/sup> La psicolog\u00eda moderna hace hincapi\u00e9 en comprender, identificar y abordar el abuso emocional como una grave preocupaci\u00f3n psicol\u00f3gica que puede afectar al bienestar interpersonal, social y psicol\u00f3gico de un individuo.  <sup><a href=\"#footnote-2\" id=\"self-report-ref-2\">[3]<\/a> <span><cite>Thompson, ... \"Abuso emocional infantil\".<\/cite><\/span><\/sup> \r\n<p>El abuso emocional no se limita a las relaciones rom\u00e1nticas o interpersonales, <a href=\"https:\/\/drdeenz.com\/lost-inner-child-test\/\">abuso emocional<\/a> pueden producirse en diversas formas, como relaciones familiares, lugares de trabajo, entornos educativos y comunitarios.  <\/p>\r\n<h2>Aspectos clave o indicadores del maltrato emocional.<\/h2>\r\n<p>Durante la revisi\u00f3n de la conferencia y la comprensi\u00f3n de las dimensiones clave del abuso psicol\u00f3gico, se encontr\u00f3 que el abuso emocional es un tema multidimensional y complejo.  La investigaci\u00f3n sobre el desarrollo y validaci\u00f3n de la escala de abuso emocional, se centra en la comprensi\u00f3n e identificaci\u00f3n de las tendencias emocionales de los individuos mediante la medici\u00f3n de 6 facetas clave que est\u00e1n interconectadas y se solapan entre s\u00ed. <\/p>\r\n<p><strong>Sensaci\u00f3n de insuficiencia:<\/strong> La insuficiencia es el rasgo principal del abuso psicol\u00f3gico. Los abusadores emplean t\u00e1cticas que hacen que una persona se sienta insuficiente, incapaz e indigna. En la infancia o en sabios posteriores de la vida una persona han recibido torcher emocional que a su vez hace que una persona se sienta inadecuada.<\/p>\r\n<p><strong>Dependencia:<\/strong> En una relaci\u00f3n, el respeto mutuo es la clave para un v\u00ednculo emocional saludable. En algunos casos, un amor o afecto unilateral juega un papel clave donde una persona puede sentirse enojada, creando una sensaci\u00f3n de dependencia. Las personas que punt\u00faan alto en este rasgo no necesariamente significan que est\u00e1n emocionalmente maltratados, pero los sentimientos de estar atrapados y la dependencia excesiva en una relaci\u00f3n pueden ser un signo de abuso emocional.<\/p>\r\n<p><strong>Desconfiado:<\/strong> Desconfianza significa falta de fe, o creencia en alguien.  La sospecha de las intenciones de una persona y la veracidad de otras sin ninguna raz\u00f3n aparente pueden indicar que puede haber experiencias pasadas que hayan impactado el estado emocional de los individuos.  <\/p>\r\n<p><strong>Restringido:<\/strong> La restricci\u00f3n se refiere a una situaci\u00f3n en la que una persona puede sentirse limitada, controlada o retenida.  La sensaci\u00f3n de estar sujeto puede ser un signo de otras condiciones psicol\u00f3gicas, pero el hecho de estar sujeto puede tener un profundo impacto en las relaciones interpersonales. <\/p>\r\n<p><strong>Sumisa:<\/strong> El comportamiento sumiso puede ser una estrategia de supervivencia adoptada por individuos que podr\u00edan ser v\u00edctimas de abuso emocional.  La sumisi\u00f3n de deseos, demandas o expresiones por parte de la v\u00edctima erosiona el sentido de autonom\u00eda. Las personas con este tipo de comportamiento pueden disculparse frecuentemente incluso si sus acciones son leg\u00edtimas. <\/p>\r\n<p><strong>Vulnerable:<\/strong> Las personas que est\u00e1n siendo abusadas emocionalmente pueden sentirse expuestas, indefensas y sospechosas de sufrir m\u00e1s da\u00f1o emocional. Tambi\u00e9n se sienten inseguros, inquietos o amenazados al expresar sus verdaderas emociones, ya sea alegr\u00eda o tristeza. El miedo a las consecuencias negativas, al juicio o al rechazo es un fuerte signo de abuso emocional. <\/p>\r\n<h2 class=\"visually\" id=\"footnote-label\">Referencias<\/h2>\r\n<ol>\r\n<li id=\"self-report-0\"><div role=\"listitem\"><div class=\"footnotes\">\r\n    <p id=\"footnote\">Deen Mohd. Desarrollo y Validez de la Escala de Abuso Emocional Deenz (DEAS-18). 2025. <a href=\"https:\/\/hal.science\/hal-04908873v1\/document\" target=\"_blank\" rel=\"noopener\">\u27e8hal-04908873\u27e9<\/a> <a href=\"#self-report-ref-0\" aria-label=\"Volver al contenido\" style=\"float: right;\">\u21a9<\/a><\/p>\r\n  <\/div> <\/div><\/li>\r\n<li id=\"self-report-1\"><div role=\"listitem\"><div class=\"footnotes\">\r\n    <p id=\"footnote\">Goldsmith, Rachel E., y Jennifer J. Freyd. \"Concienciaci\u00f3n para el abuso emocional\". Journal of Emotional Abuse 5.1 (2005): 95-123. <a href=\"https:\/\/doi.org\/10.1300\/J135v05n01_04\" target=\"_blank\" rel=\"noopener\">https:\/\/doi.org\/10.1300\/J135v05n01_04<\/a> <a href=\"#self-report-ref-1\" aria-label=\"Volver al contenido\" style=\"float: right;\">\u21a9<\/a><\/p>\r\n  <\/div> <\/div><\/li>\r\n<li id=\"self-report-2\"><div role=\"listitem\"><div class=\"footnotes\">\r\n    <p id=\"footnote-2\">Thompson, Anne E., y Carole A. Kaplan. \"Abuso emocional en la infancia.\" The British Journal of Psychiatry 168.2 (1996): 143-148. <a href=\"https:\/\/doi.org\/10.1192\/bjp.168.2.143\" target=\"_blank\" rel=\"noopener\">https:\/\/doi.org\/10.1192\/bjp.168.2.143<\/a> <a href=\"#self-report-ref-2\" aria-label=\"Volver al contenido\" style=\"float: right;\">\u21a9<\/a><\/p>\r\n  <\/div> <\/div><\/li>\r\n<li id=\"self-report-33\"><div role=\"listitem\"><div class=\"footnotes\">\r\n    <p id=\"footnote-33\">Dar, Deen Mohd, 2025, \"Comprender el abuso emocional: perspectivas de la escala de abuso emocional de Deenz (DEAS-18)\", <a href=\"https:\/\/doi.org\/10.60863\/SF\/CCJQPM\" target=\"_blank\" rel=\"noopener\">https:\/\/doi.org\/10.60863\/SF\/CCJQPM<\/a><\/p>\r\n  <\/div> <\/div><\/li>\r\n<\/ol>\r\n<style>[role~=listitem] {\r\n    border-top: 0.063rem solid #ccc;\r\n    margin: 20px 0px;\r\n    padding-top: 10px;\r\n}\r\nsup {\r\n  cursor: pointer;\r\n}\r\nsup span {\r\n  cursor: default;\r\n  background: #ecf0f1;\r\n  border: 0.125rem solid #3498db;\r\n  position: absolute;\r\n  left: -120px;\r\n  right: 0;\r\n  bottom: 100%;\r\n  margin: 0 0 0.7em -1em;\r\n  width: 300px;\r\n  padding: 1em;\r\n  line-height: 1.618em;\r\n  opacity: 0;\r\n  visibility: hidden;\r\n  transition: all 0.35s;\r\n}\r\nsup span::before {\r\n  content: '';\r\n  border-style: solid;\r\n  border-width: 0.7em 0.7em 0 0.7em;\r\n  border-color: #3498db transparent transparent transparent;\r\n  position: absolute;\r\n  bottom: -0.7em;\r\n  width: 0;\r\n  height: 0;\r\n}\r\nsup:hover span {\r\n  opacity: 1;\r\n  visibility: visible;\r\n  transition: all 0.35s;\r\n} .langs a img {\r\n    height: 48px;\r\n    width: 48px;\r\n}.langs {\r\n    background: #e7f5f7;\r\n    border-radius: 10px;\r\n    padding: 0 13px;\r\n}.langs a {\r\n    text-decoration: none;\r\n    display: inline-block;\r\n    margin-right: 10px;\r\n}<\/style>\r\n<style>\r\n.scale-label {\r\n    margin: 0px 10px;\r\n    font-weight: bold;\r\n}.slider-container {\r\n    display: inline-flex;\r\n}\r\n    .watupro-slider {\r\n      position: relative;\r\n      width: 80%;\r\n      margin: 20px auto;\r\n    }\r\n.question-content p {\r\n    margin-bottom: 30px!important;\r\nfont-size: 22px;\r\n}\r\n .watupro-slider::before,\r\n    .watupro-slider::after {\r\n      content: '';\r\n      position: absolute;\r\n      top: 0;\r\n      bottom: 0;\r\n      width: 1px;\r\n      background-color: black;\r\n    }\r\n    .watupro-slider::before {\r\n      left: 25%;\r\n    }\r\n\r\n    .watupro-slider::after {\r\n      left: 75%;\r\n    }\r\n    .watupro-slider::after {\r\n      right: 0;\r\n    }\r\n    .watupro-slider {\r\n      width: 100%;\r\n      height: 10px;\r\n      background: linear-gradient(to right, #ff7675 50%, #55efc4 50%)!important; \r\n      border-radius: 5px!important;\r\n      position: relative;\r\nwidth: 300px;\r\n    margin: auto;\r\n    }\r\n    .ui-slider-handle {\r\n      position: absolute;\r\n      width: 20px;\r\n      height: 20px;\r\n      background-color: white;\r\n      border: 2px solid #3498db; \/* Set the color of the handle border *\/\r\n      border-radius: 50%;\r\n      top: 50%!important;\r\n      transform: translateY(-50%);\r\n      cursor: grab;\r\nheight: 1em!important;\r\n    }\r\n    .ui-slider-handle:hover {\r\n      cursor: grabbing;\r\n    }\r\n @media (max-width: 500px) {\r\n.watu-question .question-content {\r\n    margin: 0 auto 1.75em 0;\r\n}.slider-container {\r\n    position: relative;\r\n}.scale-label {\r\nmargin: 0px;\r\n    font-weight: 700;\r\n    font-family: 'Open Sans',Helvetica,Arial,sans-serif;\r\n    position: absolute;\r\n    bottom: -36px;\r\n}.scale-label.disagree {\r\n    left: 0;\r\n}.scale-label.agree {\r\n    right: 0;\r\n}}\r\n  <\/style>","protected":false},"excerpt":{"rendered":"El test de abuso emocional es la adaptaci\u00f3n digital de la Escala de Abuso Emocional Deenz dise\u00f1ada para medir el abuso emocional evaluando aspectos multidimensionales y ayuda a determinar su impacto en el bienestar- general.","protected":false},"author":1,"featured_media":5746,"parent":0,"menu_order":0,"comment_status":"closed","ping_status":"closed","template":"","meta":{"inline_featured_image":false,"footnotes":""},"categories":[4],"class_list":["post-3960","page","type-page","status-publish","has-post-thumbnail","hentry","category-stress"],"lang":"en","translations":{"en":3960},"_links":{"self":[{"href":"https:\/\/drdeenz.com\/es\/wp-json\/wp\/v2\/pages\/3960","targetHints":{"allow":["GET"]}}],"collection":[{"href":"https:\/\/drdeenz.com\/es\/wp-json\/wp\/v2\/pages"}],"about":[{"href":"https:\/\/drdeenz.com\/es\/wp-json\/wp\/v2\/types\/page"}],"author":[{"embeddable":true,"href":"https:\/\/drdeenz.com\/es\/wp-json\/wp\/v2\/users\/1"}],"replies":[{"embeddable":true,"href":"https:\/\/drdeenz.com\/es\/wp-json\/wp\/v2\/comments?post=3960"}],"version-history":[{"count":4,"href":"https:\/\/drdeenz.com\/es\/wp-json\/wp\/v2\/pages\/3960\/revisions"}],"predecessor-version":[{"id":5733,"href":"https:\/\/drdeenz.com\/es\/wp-json\/wp\/v2\/pages\/3960\/revisions\/5733"}],"wp:featuredmedia":[{"embeddable":true,"href":"https:\/\/drdeenz.com\/es\/wp-json\/wp\/v2\/media\/5746"}],"wp:attachment":[{"href":"https:\/\/drdeenz.com\/es\/wp-json\/wp\/v2\/media?parent=3960"}],"wp:term":[{"taxonomy":"category","embeddable":true,"href":"https:\/\/drdeenz.com\/es\/wp-json\/wp\/v2\/categories?post=3960"}],"curies":[{"name":"wp","href":"https:\/\/api.w.org\/{rel}","templated":true}]}}